{"id":267,"date":"2019-01-24T15:33:51","date_gmt":"2019-01-24T17:33:51","guid":{"rendered":"https:\/\/wp.ufpel.edu.br\/criticamusical\/?page_id=267"},"modified":"2022-12-05T18:57:04","modified_gmt":"2022-12-05T21:57:04","slug":"i-simposio-internacional-musica-e-critica","status":"publish","type":"page","link":"https:\/\/wp.ufpel.edu.br\/criticamusical\/anais\/i-simposio-internacional-musica-e-critica\/","title":{"rendered":"I Simp\u00f3sio Internacional M\u00fasica e Cr\u00edtica"},"content":{"rendered":"<p><strong>Anais do\u00a0I Simp\u00f3sio Internacional M\u00fasica e Cr\u00edtica<br \/>\n<\/strong>volume 1, 2017<br \/>\nISSN: 2596-0628<\/p>\n<p><strong>Completo<\/strong>:\u00a0<a href=\"https:\/\/wp.ufpel.edu.br\/criticamusical\/files\/2019\/02\/Anais-I-SIMC.pdf\">Anais I SIMC<\/a><\/p>\n<p><strong>Artigos:<br \/>\n<\/strong>A cr\u00edtica musical como objecto de estudo: algumas reflex\u00f5es e pontos de refer\u00eancia no contexto portugu\u00eas &#8211;\u00a0<a href=\"https:\/\/wp.ufpel.edu.br\/criticamusical\/files\/2019\/02\/Paulo-Ferreira-de-Castro.pdf\">Paulo Ferreira de Castro<\/a><\/p>\n<p>Periodismo, prensa y m\u00fasica: Recetas para una ensalada musicol\u00f3gica contempor\u00e1nea &#8211;\u00a0<a href=\"https:\/\/wp.ufpel.edu.br\/criticamusical\/files\/2019\/02\/Teresa-Cascudo.pdf\">Teresa Cascudo<\/a><\/p>\n<p>Cr\u00edtica musical em tempos de guerra: a atua\u00e7\u00e3o de Oscar Guanabarino na imprensa carioca entre 1916 e 1919 &#8211;\u00a0<a href=\"https:\/\/wp.ufpel.edu.br\/criticamusical\/files\/2019\/02\/Luciana-Pessanha-Fagundes.pdf\">Luciana Pessanha Fagundes<\/a><\/p>\n<p>A m\u00fasica na imprensa brasileira no longo s\u00e9culo XIX: interdisciplinaridade e metodologia para um mapeamento editorial e constru\u00e7\u00e3o de base de dados &#8211;\u00a0<a href=\"https:\/\/wp.ufpel.edu.br\/criticamusical\/files\/2019\/02\/Maria-Alice-Volpe.pdf\">Maria Alice Volpe<\/a><\/p>\n<p><strong>Comunica\u00e7\u00f5es:<\/strong><br \/>\nO feminino na cr\u00edtica musical de Oscar Guanabarino: an\u00e1lise das cr\u00edticas aos concertos de Gemma Luziani &#8211;\u00a0<a href=\"https:\/\/wp.ufpel.edu.br\/criticamusical\/files\/2019\/02\/Amanda-Oliveira.pdf\">Amanda Oliveira<\/a><\/p>\n<p>Oscar Guanabarino e a \u00f3pera no Rio de Janeiro (1889-1914): a cr\u00edtica musical como fonte hist\u00f3rica &#8211;\u00a0<a href=\"https:\/\/wp.ufpel.edu.br\/criticamusical\/files\/2019\/02\/Liliane-Carneiro-dos-Santos-Ferreira.pdf\">Liliane Carneiro dos Santos Ferreira<\/a><\/p>\n<p>Cacilda Ortig\u00e3o e a cr\u00edtica musical pelotense &#8211;\u00a0<a href=\"https:\/\/wp.ufpel.edu.br\/criticamusical\/files\/2019\/02\/Ruthe-Zoboli-Pocebon.pdf\">Ruthe Zoboli Pocebon<\/a><\/p>\n<p>Bar\u00edtono Ernesto de Marco: vis\u00f5es sobre a performance do artista a partir das cr\u00edticas do jornal Correio da Manh\u00e3 (RJ) &#8211;\u00a0<a href=\"https:\/\/wp.ufpel.edu.br\/criticamusical\/files\/2019\/02\/Daniela-da-Silva-Moreira-Luiz-Guilherme-Goldberg.pdf\">Daniela da Silva Moreira, Luiz Guilherme Goldberg<\/a><\/p>\n<p>Francisco Curt Lange e o Bolet\u00edn Latino Americano de M\u00fasica VI: publica\u00e7\u00f5es da cr\u00edtica musical brasileira &#8211;\u00a0<a href=\"https:\/\/wp.ufpel.edu.br\/criticamusical\/files\/2019\/02\/Nat\u00e1lia-Braga-Edite-Rocha.pdf\">Nat\u00e1lia Braga, Edite Rocha<\/a><\/p>\n<p>Institucionaliza\u00e7\u00e3o da m\u00fasica contempor\u00e2nea brasileira: a cr\u00edtica musical como \u00edndice do processo de racionaliza\u00e7\u00e3o (1975-1980) &#8211;\u00a0<a href=\"https:\/\/wp.ufpel.edu.br\/criticamusical\/files\/2019\/02\/Danilo-Pinheiro-de-\u00c1vila.pdf\">Danilo Pinheiro de \u00c1vila<\/a><\/p>\n<p>Cr\u00edtica e controle normativo: as comiss\u00f5es de m\u00fasica sacra no catolicismo pr\u00e9-conciliar e as pr\u00e1ticas musicais religiosas do presente &#8211;\u00a0<a href=\"https:\/\/wp.ufpel.edu.br\/criticamusical\/files\/2019\/02\/Fernando-Lacerda-Sim\u00f5es-Duarte.pdf\">Fernando Lacerda Sim\u00f5es Duarte<\/a><\/p>\n<p>Compositoras no Acervo Hermelindo Castello Branco: resgate e divulga\u00e7\u00e3o da biografia e produ\u00e7\u00e3o cancional de Let\u00edcia de Figueiredo e N\u00eania de Carvalho Fernandes &#8211;\u00a0<a href=\"https:\/\/wp.ufpel.edu.br\/criticamusical\/files\/2019\/02\/Gisele-Pires-Mota.pdf\">Gisele Pires Mota<\/a><\/p>\n","protected":false},"excerpt":{"rendered":"<p>Anais do\u00a0I Simp\u00f3sio Internacional M\u00fasica e Cr\u00edtica volume 1, 2017 ISSN: 2596-0628 Completo:\u00a0Anais I SIMC Artigos: A cr\u00edtica musical como objecto de estudo: algumas reflex\u00f5es e pontos de refer\u00eancia no contexto portugu\u00eas &#8211;\u00a0Paulo Ferreira de Castro Periodismo, prensa y m\u00fasica: Recetas para una ensalada musicol\u00f3gica contempor\u00e1nea &#8211;\u00a0Teresa Cascudo Cr\u00edtica musical em tempos de guerra: a [&hellip;]<\/p>\n","protected":false},"author":893,"featured_media":0,"parent":154,"menu_order":0,"comment_status":"closed","ping_status":"closed","template":"","meta":{"footnotes":""},"class_list":["post-267","page","type-page","status-publish","hentry"],"jetpack_likes_enabled":true,"jetpack_sharing_enabled":true,"_links":{"self":[{"href":"https:\/\/wp.ufpel.edu.br\/criticamusical\/wp-json\/wp\/v2\/pages\/267","targetHints":{"allow":["GET"]}}],"collection":[{"href":"https:\/\/wp.ufpel.edu.br\/criticamusical\/wp-json\/wp\/v2\/pages"}],"about":[{"href":"https:\/\/wp.ufpel.edu.br\/criticamusical\/wp-json\/wp\/v2\/types\/page"}],"author":[{"embeddable":true,"href":"https:\/\/wp.ufpel.edu.br\/criticamusical\/wp-json\/wp\/v2\/users\/893"}],"replies":[{"embeddable":true,"href":"https:\/\/wp.ufpel.edu.br\/criticamusical\/wp-json\/wp\/v2\/comments?post=267"}],"version-history":[{"count":8,"href":"https:\/\/wp.ufpel.edu.br\/criticamusical\/wp-json\/wp\/v2\/pages\/267\/revisions"}],"predecessor-version":[{"id":1217,"href":"https:\/\/wp.ufpel.edu.br\/criticamusical\/wp-json\/wp\/v2\/pages\/267\/revisions\/1217"}],"up":[{"embeddable":true,"href":"https:\/\/wp.ufpel.edu.br\/criticamusical\/wp-json\/wp\/v2\/pages\/154"}],"wp:attachment":[{"href":"https:\/\/wp.ufpel.edu.br\/criticamusical\/wp-json\/wp\/v2\/media?parent=267"}],"curies":[{"name":"wp","href":"https:\/\/api.w.org\/{rel}","templated":true}]}}