{"id":124,"date":"2019-01-13T21:26:32","date_gmt":"2019-01-13T23:26:32","guid":{"rendered":"https:\/\/wp.ufpel.edu.br\/criticamusical\/?page_id=124"},"modified":"2019-01-15T17:17:59","modified_gmt":"2019-01-15T19:17:59","slug":"zelia-chueke","status":"publish","type":"page","link":"https:\/\/wp.ufpel.edu.br\/criticamusical\/simposios\/ii-simposio-internacional-musica-e-critica\/convidadas\/zelia-chueke\/","title":{"rendered":"Zelia Chueke"},"content":{"rendered":"<p><img class=\"wp-image-223 alignleft\" src=\"https:\/\/wp.ufpel.edu.br\/criticamusical\/files\/2019\/01\/Zelia-Chueke-recorte-400x354.jpg\" alt=\"\" width=\"158\" height=\"139\" srcset=\"https:\/\/wp.ufpel.edu.br\/criticamusical\/files\/2019\/01\/Zelia-Chueke-recorte-400x354.jpg 400w, https:\/\/wp.ufpel.edu.br\/criticamusical\/files\/2019\/01\/Zelia-Chueke-recorte.jpg 509w\" sizes=\"(max-width: 158px) 100vw, 158px\" \/><\/p>\n<p>Zelia Chueke consagra sua carreira de pianista e pesquisadora entre a Europa e as\u00a0 Am\u00e9ricas. Apresentando-se em festivais, s\u00e9ries de concertos e grava\u00e7\u00f5es para Radio e TV, como solista e camerista, com CDs gravados, divulga um repert\u00f3rio diverso, com \u00eanfase na m\u00fasica dos s\u00e9culos XX e XXI, tendo realizado in\u00fameras estr\u00e9ias e primeiras audi\u00e7\u00f5es, adotando regularmente desde muito jovem, o formato de recital comentado.\u00a0 Seus principais tutores foram Dulce Leal de Souza, S\u00f4nia Maria Vieira, Homero Magalh\u00e3es, Hans Graf, Grant Johannesen e J.B. Floyd. Recebeu ainda orienta\u00e7\u00e3o, em Master Classes,\u00a0 de Caio Pagano, Fany Solter, Werner Genuit, Sergiu Celibidache, Leonid Brumberg, Luiz de Moura Castro e Grant Johannesen.<\/p>\n<p>Bacharel <em>Summa cum Laude<\/em> em piano pela\u00a0 Universidade Federal do Rio de Janeiro, <em>Master of Music<\/em> pelo <em>The Mannes College of Music NY,<\/em>\u00a0 <em>Doctor of Musical Arts<\/em> pela <em>University of Miami<\/em> onde estudou com bolsa integral oferecida pela universidade, atuando igualmente como <em>Teaching Assistant<\/em>. Recebeu o <em>Academic Merit<\/em>, a mais alta dignidade acad\u00eamica nos US sendo eleita membro da Pi Kappa Lambda Honor Society. <em>\u00a0<\/em>\u00a0<em>Adjunct Faculty<\/em> na <em>New World School of the Arts<\/em>, <em>University of Florida<\/em> entre 2000 e 2002, Z\u00e9lia Chueke \u00a0radicou-se em Paris a partir de 2002 estagiando como p\u00f3s-doutoranda na <em>Universit\u00e9 Paris-Sorbonne <\/em>junto ao <em>Observatoire Musical Fran\u00e7ais<\/em>, onde passou a atuar como pesquisadora permanente at\u00e9 2014 quando esta unidade de pesquisa foi englobada ao IreMus <em>Institut de recherche en musicologie<\/em> (IReMus, UMR 8223\/CNRS, Paris-Sorbonne, BnF, MCC).\u00a0 Continuando a exercer as mesmas atribui\u00e7\u00f5es nesta que \u00e9 a maior unidade mista de pesquisa da Europa, dirige o\u00a0 <em>Groupe de recherche des musiques br\u00e9siliennes<\/em> (GRMB) e o projeto <em>International Exchanges on Music Theory and<\/em> <em>Performance<\/em> (IEMTP) em parceria com universidades de tr\u00eas continentes. Professora Associada\u00a0 da Universidade Federal do Paran\u00e1, dirige o <em>Grupo de Estudos e Pr\u00e1tica da M\u00fasica dos s\u00e9culos XX e XXI <\/em>(CNPq\/UFPR) e participa do Grupo <em>Smart Cities <\/em>da UFPR.<\/p>\n","protected":false},"excerpt":{"rendered":"<p>Zelia Chueke consagra sua carreira de pianista e pesquisadora entre a Europa e as\u00a0 Am\u00e9ricas. Apresentando-se em festivais, s\u00e9ries de concertos e grava\u00e7\u00f5es para Radio e TV, como solista e camerista, com CDs gravados, divulga um repert\u00f3rio diverso, com \u00eanfase na m\u00fasica dos s\u00e9culos XX e XXI, tendo realizado in\u00fameras estr\u00e9ias e primeiras audi\u00e7\u00f5es, adotando [&hellip;]<\/p>\n","protected":false},"author":893,"featured_media":0,"parent":100,"menu_order":5,"comment_status":"closed","ping_status":"closed","template":"","meta":{"footnotes":""},"class_list":["post-124","page","type-page","status-publish","hentry"],"jetpack_likes_enabled":true,"jetpack_sharing_enabled":true,"_links":{"self":[{"href":"https:\/\/wp.ufpel.edu.br\/criticamusical\/wp-json\/wp\/v2\/pages\/124","targetHints":{"allow":["GET"]}}],"collection":[{"href":"https:\/\/wp.ufpel.edu.br\/criticamusical\/wp-json\/wp\/v2\/pages"}],"about":[{"href":"https:\/\/wp.ufpel.edu.br\/criticamusical\/wp-json\/wp\/v2\/types\/page"}],"author":[{"embeddable":true,"href":"https:\/\/wp.ufpel.edu.br\/criticamusical\/wp-json\/wp\/v2\/users\/893"}],"replies":[{"embeddable":true,"href":"https:\/\/wp.ufpel.edu.br\/criticamusical\/wp-json\/wp\/v2\/comments?post=124"}],"version-history":[{"count":3,"href":"https:\/\/wp.ufpel.edu.br\/criticamusical\/wp-json\/wp\/v2\/pages\/124\/revisions"}],"predecessor-version":[{"id":225,"href":"https:\/\/wp.ufpel.edu.br\/criticamusical\/wp-json\/wp\/v2\/pages\/124\/revisions\/225"}],"up":[{"embeddable":true,"href":"https:\/\/wp.ufpel.edu.br\/criticamusical\/wp-json\/wp\/v2\/pages\/100"}],"wp:attachment":[{"href":"https:\/\/wp.ufpel.edu.br\/criticamusical\/wp-json\/wp\/v2\/media?parent=124"}],"curies":[{"name":"wp","href":"https:\/\/api.w.org\/{rel}","templated":true}]}}