{"id":120,"date":"2019-01-13T21:21:09","date_gmt":"2019-01-13T23:21:09","guid":{"rendered":"https:\/\/wp.ufpel.edu.br\/criticamusical\/?page_id=120"},"modified":"2019-01-15T17:15:17","modified_gmt":"2019-01-15T19:15:17","slug":"silvia-glocer","status":"publish","type":"page","link":"https:\/\/wp.ufpel.edu.br\/criticamusical\/simposios\/ii-simposio-internacional-musica-e-critica\/convidadas\/silvia-glocer\/","title":{"rendered":"Silvia Glocer"},"content":{"rendered":"<p><img class=\"wp-image-122 alignleft\" src=\"https:\/\/wp.ufpel.edu.br\/criticamusical\/files\/2019\/01\/Silvia-Glocer-Foto-389x400.jpg\" alt=\"\" width=\"157\" height=\"162\" srcset=\"https:\/\/wp.ufpel.edu.br\/criticamusical\/files\/2019\/01\/Silvia-Glocer-Foto-389x400.jpg 389w, https:\/\/wp.ufpel.edu.br\/criticamusical\/files\/2019\/01\/Silvia-Glocer-Foto.jpg 760w\" sizes=\"(max-width: 157px) 100vw, 157px\" \/><\/p>\n<p>Silvia Glocer es Doctora en Historia y Teor\u00eda de las Artes por la Universidad de Buenos Aires. Es Profesora de M\u00fasica, en la especialidad de Guitarra egresada del Conservatorio Provincial \u201cAlberto Ginastera\u201d de Mor\u00f3n, donde ejerci\u00f3 la docencia en diversas c\u00e1tedras durante 25 a\u00f1os. Desde 1985 es profesora en la carrera de Artes de la Facultad de Filosof\u00eda y Letras de la UBA, en las c\u00e1tedras de Introducci\u00f3n al Lenguaje Musical y Evoluci\u00f3n de los Estilos II. Coordina el segmento de m\u00fasica, del \u00c1rea \u201cArtes del Espect\u00e1culo y Judeidad\u201d, en el Instituto de Investigaci\u00f3n en Artes del Espect\u00e1culo de esa Facultad. Desde el a\u00f1o 2005 se desempe\u00f1a como music\u00f3loga en la Biblioteca Nacional. Desde 1990, canta en el Coral Femenino de San Justo, dirigido por Roberto Saccente, de quien es adem\u00e1s su asistente. Es miembro de la Asociaci\u00f3n Argentina de Musicolog\u00eda. Publica en forma local e internacional, art\u00edculos de m\u00fasica y musicolog\u00eda para diversas revistas. Es autora de los libros: <em>Apreciaci\u00f3n Musical II<\/em>, <em>Diccionario de t\u00e9rminos musicales. Gu\u00eda b\u00e1sica para la catalogaci\u00f3n de materiales bibliogr\u00e1ficos de m\u00fasica<\/em>, <em>Melod\u00edas del destierro. M\u00fasicos jud\u00edos exiliados en Argentina durante el nazismo (1933-1945)<\/em>, <em>M\u00fasica en <\/em>La Prensa. <em>Partituras de compositores argentinos publicadas en el peri\u00f3dico entre 1937 y 1938<\/em>; ha escrito en co-autor\u00eda: <em>Apreciaci\u00f3n Musical I<\/em>, <em>Paul Walter Jacob y las m\u00fasicas prohibidas por el nazismo<\/em>, <em>Cartas de La Brasa. Patrimonio bibliogr\u00e1fico (1926-1937) <\/em>y <em>Teatro \u00eddish argentino (1930-1950)<\/em>. Adem\u00e1s de cap\u00edtulos en diversos libros como <em>Tangos cultos<\/em> (compilado por Esteban Buch) o <em>Antifascismo en Argentina y Brasil en el siglo XX. Estado de la cuesti\u00f3n y perspectivas <\/em>(compilado por Daniel Guzm\u00e1n).<\/p>\n","protected":false},"excerpt":{"rendered":"<p>Silvia Glocer es Doctora en Historia y Teor\u00eda de las Artes por la Universidad de Buenos Aires. Es Profesora de M\u00fasica, en la especialidad de Guitarra egresada del Conservatorio Provincial \u201cAlberto Ginastera\u201d de Mor\u00f3n, donde ejerci\u00f3 la docencia en diversas c\u00e1tedras durante 25 a\u00f1os. Desde 1985 es profesora en la carrera de Artes de la [&hellip;]<\/p>\n","protected":false},"author":893,"featured_media":0,"parent":100,"menu_order":4,"comment_status":"closed","ping_status":"closed","template":"","meta":{"footnotes":""},"class_list":["post-120","page","type-page","status-publish","hentry"],"jetpack_likes_enabled":true,"jetpack_sharing_enabled":true,"_links":{"self":[{"href":"https:\/\/wp.ufpel.edu.br\/criticamusical\/wp-json\/wp\/v2\/pages\/120","targetHints":{"allow":["GET"]}}],"collection":[{"href":"https:\/\/wp.ufpel.edu.br\/criticamusical\/wp-json\/wp\/v2\/pages"}],"about":[{"href":"https:\/\/wp.ufpel.edu.br\/criticamusical\/wp-json\/wp\/v2\/types\/page"}],"author":[{"embeddable":true,"href":"https:\/\/wp.ufpel.edu.br\/criticamusical\/wp-json\/wp\/v2\/users\/893"}],"replies":[{"embeddable":true,"href":"https:\/\/wp.ufpel.edu.br\/criticamusical\/wp-json\/wp\/v2\/comments?post=120"}],"version-history":[{"count":2,"href":"https:\/\/wp.ufpel.edu.br\/criticamusical\/wp-json\/wp\/v2\/pages\/120\/revisions"}],"predecessor-version":[{"id":222,"href":"https:\/\/wp.ufpel.edu.br\/criticamusical\/wp-json\/wp\/v2\/pages\/120\/revisions\/222"}],"up":[{"embeddable":true,"href":"https:\/\/wp.ufpel.edu.br\/criticamusical\/wp-json\/wp\/v2\/pages\/100"}],"wp:attachment":[{"href":"https:\/\/wp.ufpel.edu.br\/criticamusical\/wp-json\/wp\/v2\/media?parent=120"}],"curies":[{"name":"wp","href":"https:\/\/api.w.org\/{rel}","templated":true}]}}