{"id":108,"date":"2019-01-13T21:13:40","date_gmt":"2019-01-13T23:13:40","guid":{"rendered":"https:\/\/wp.ufpel.edu.br\/criticamusical\/?page_id=108"},"modified":"2019-01-15T17:12:32","modified_gmt":"2019-01-15T19:12:32","slug":"vera-wolkowicz","status":"publish","type":"page","link":"https:\/\/wp.ufpel.edu.br\/criticamusical\/simposios\/ii-simposio-internacional-musica-e-critica\/convidadas\/vera-wolkowicz\/","title":{"rendered":"Vera Wolkowicz"},"content":{"rendered":"<p><img class=\"wp-image-214 alignleft\" src=\"https:\/\/wp.ufpel.edu.br\/criticamusical\/files\/2019\/01\/Vera-Wolkowicz-Foto-recorte-400x400.jpg\" alt=\"\" width=\"157\" height=\"157\" srcset=\"https:\/\/wp.ufpel.edu.br\/criticamusical\/files\/2019\/01\/Vera-Wolkowicz-Foto-recorte-400x400.jpg 400w, https:\/\/wp.ufpel.edu.br\/criticamusical\/files\/2019\/01\/Vera-Wolkowicz-Foto-recorte-200x200.jpg 200w, https:\/\/wp.ufpel.edu.br\/criticamusical\/files\/2019\/01\/Vera-Wolkowicz-Foto-recorte.jpg 625w\" sizes=\"(max-width: 157px) 100vw, 157px\" \/><\/p>\n<p>Vera Wolkowicz es Doctora y Magister en M\u00fasica (PhD and Mphil in Music) por la Universidad de Cambridge (Inglaterra) y \u00a0licenciada en Artes por la Universidad de Buenos Aires (Argentina). Trabaj\u00f3 en grupos de investigaci\u00f3n de la Universidad de Buenos Aires (Ubacyt 2006-2009, 2011-2012) sobre recepci\u00f3n de la \u00f3pera italiana en Buenos Aires a mediados del siglo XIX y nacionalismo musical argentino en la d\u00e9cada de 1920. Recibi\u00f3 en 2009 una beca de la Biblioteca Nacional para realizar una edici\u00f3n de partituras con estudio preliminar de las obras contenidas en la revista\u00a0<em>M\u00fasica de Am\u00e9rica\u00a0<\/em>(1920-1922) publicado en 2012. Trabaj\u00f3 entre 2011 y 2012 en el Instituto Nacional de Musicolog\u00eda \u201cCarlos Vega\u201d en el proyecto dirigido por Silvina Mansilla en la edici\u00f3n de obra in\u00e9dita del compositor Carlos Guastavino publicado en el centenario de su nacimiento (2012). En los \u00faltimos a\u00f1os ha realizado presentaciones en diversos congresos internacionales sobre el desarrollo de los nacionalismos musicales en Latinoam\u00e9rica a comienzos del siglo XX.<\/p>\n","protected":false},"excerpt":{"rendered":"<p>Vera Wolkowicz es Doctora y Magister en M\u00fasica (PhD and Mphil in Music) por la Universidad de Cambridge (Inglaterra) y \u00a0licenciada en Artes por la Universidad de Buenos Aires (Argentina). Trabaj\u00f3 en grupos de investigaci\u00f3n de la Universidad de Buenos Aires (Ubacyt 2006-2009, 2011-2012) sobre recepci\u00f3n de la \u00f3pera italiana en Buenos Aires a mediados [&hellip;]<\/p>\n","protected":false},"author":893,"featured_media":0,"parent":100,"menu_order":1,"comment_status":"closed","ping_status":"closed","template":"","meta":{"footnotes":""},"class_list":["post-108","page","type-page","status-publish","hentry"],"jetpack_likes_enabled":true,"jetpack_sharing_enabled":true,"_links":{"self":[{"href":"https:\/\/wp.ufpel.edu.br\/criticamusical\/wp-json\/wp\/v2\/pages\/108","targetHints":{"allow":["GET"]}}],"collection":[{"href":"https:\/\/wp.ufpel.edu.br\/criticamusical\/wp-json\/wp\/v2\/pages"}],"about":[{"href":"https:\/\/wp.ufpel.edu.br\/criticamusical\/wp-json\/wp\/v2\/types\/page"}],"author":[{"embeddable":true,"href":"https:\/\/wp.ufpel.edu.br\/criticamusical\/wp-json\/wp\/v2\/users\/893"}],"replies":[{"embeddable":true,"href":"https:\/\/wp.ufpel.edu.br\/criticamusical\/wp-json\/wp\/v2\/comments?post=108"}],"version-history":[{"count":5,"href":"https:\/\/wp.ufpel.edu.br\/criticamusical\/wp-json\/wp\/v2\/pages\/108\/revisions"}],"predecessor-version":[{"id":219,"href":"https:\/\/wp.ufpel.edu.br\/criticamusical\/wp-json\/wp\/v2\/pages\/108\/revisions\/219"}],"up":[{"embeddable":true,"href":"https:\/\/wp.ufpel.edu.br\/criticamusical\/wp-json\/wp\/v2\/pages\/100"}],"wp:attachment":[{"href":"https:\/\/wp.ufpel.edu.br\/criticamusical\/wp-json\/wp\/v2\/media?parent=108"}],"curies":[{"name":"wp","href":"https:\/\/api.w.org\/{rel}","templated":true}]}}