{"id":1068,"date":"2022-11-03T15:27:03","date_gmt":"2022-11-03T18:27:03","guid":{"rendered":"https:\/\/wp.ufpel.edu.br\/criticamusical\/?page_id=1068"},"modified":"2022-12-05T18:58:21","modified_gmt":"2022-12-05T21:58:21","slug":"v-simposio-internacional-musica-e-critica","status":"publish","type":"page","link":"https:\/\/wp.ufpel.edu.br\/criticamusical\/anais\/v-simposio-internacional-musica-e-critica\/","title":{"rendered":"V Simp\u00f3sio Internacional M\u00fasica e Cr\u00edtica"},"content":{"rendered":"<p><strong>Anais do V Simp\u00f3sio Internacional M\u00fasica e Cr\u00edtica<br \/>\n<\/strong>volume 5, 2021<br \/>\nISSN: 2596-0628<br \/>\nISBN: 978-65-00-57082-3<\/p>\n<p><strong>Completo<\/strong>:<\/p>\n<p><strong>Artigos:<br \/>\n<\/strong>&#8211; Por uma periodiza\u00e7\u00e3o da cr\u00edtica musical no Brasil &#8211; <a href=\"https:\/\/wp.ufpel.edu.br\/criticamusical\/files\/2022\/11\/Andre-Egg-1.pdf\">Andr\u00e9 Egg<\/a><\/p>\n<p>&#8211; A recupera\u00e7\u00e3o de \u00f3peras setecentistas portuguesas atrav\u00e9s da cr\u00edtica: aspectos hist\u00f3ricos, interpretativos e ideol\u00f3gicos &#8211; <a href=\"https:\/\/wp.ufpel.edu.br\/criticamusical\/files\/2022\/11\/Cristina-Fernandes-1.pdf\">Cristina Fernandes<\/a><\/p>\n<p>&#8211; O injusto esquecimento de um personagem enigm\u00e1tico &#8211; <a href=\"https:\/\/wp.ufpel.edu.br\/criticamusical\/files\/2022\/11\/Lutero-Rodrigues-1.pdf\">Lutero Rodrigues<\/a><\/p>\n<p><strong>Comunica\u00e7\u00f5es:<\/strong><br \/>\n&#8211; A repress\u00e3o ao Samba em jornais cariocas do in\u00edcio do s\u00e9culo XX &#8211; <a href=\"https:\/\/wp.ufpel.edu.br\/criticamusical\/files\/2022\/11\/Alexei-Alves-Queiroz-1.pdf\">Alexei Alves Queiroz<\/a>; S\u00e9rgio Paulo Ribeiro de Freitas<\/p>\n<p>&#8211; A constru\u00e7\u00e3o da imagem do artista atrav\u00e9s da cr\u00edtica jornal\u00edstica: o caso Vera Janacopulos &#8211; <a href=\"https:\/\/wp.ufpel.edu.br\/criticamusical\/files\/2022\/11\/Anne-Meyer-1.pdf\">Anne Meyer<\/a><\/p>\n<p>&#8211; Arnulpho Mattos: atua\u00e7\u00e3o e inser\u00e7\u00e3o social de um compositor capixaba a partir da an\u00e1lise de not\u00edcias da imprensa peri\u00f3dica local &#8211; <a href=\"https:\/\/wp.ufpel.edu.br\/criticamusical\/files\/2022\/11\/Carlos-Fernando-Secomandi.pdf\">Carlos Fernando Secomandi<\/a>; Edilson Assun\u00e7\u00e3o Rocha<\/p>\n<p>&#8211; Luiz Heitor nas p\u00e1ginas da Revista Cultura Pol\u00edtica &#8211; <a href=\"https:\/\/wp.ufpel.edu.br\/criticamusical\/files\/2022\/11\/Diego-Wandal-dos-Santos-1.pdf\">Diego Wandal dos Santos<\/a><\/p>\n<p>&#8211; Educa\u00e7\u00e3o pela arte e a valoriza\u00e7\u00e3o do trabalho dos professores na cr\u00edtica de M\u00e1rio de Andrade para o Di\u00e1rio Nacional &#8211; <a href=\"https:\/\/wp.ufpel.edu.br\/criticamusical\/files\/2022\/11\/Erica-Santana-dos-Passos-1.pdf\">Erica Santana dos Passos<\/a><\/p>\n<p>&#8211; Lo dice la prensa. Las experiencias de m\u00fasica electroac\u00fastica y la escena en Uruguay, en las d\u00e9cadas de 1960 y 1970 &#8211; <a href=\"https:\/\/wp.ufpel.edu.br\/criticamusical\/files\/2022\/11\/Fabricia-Malan-Carrera.pdf\">Fabricia Mal\u00e1n Carrera<\/a><\/p>\n<p>&#8211; As cr\u00edticas ao elenco radiof\u00f4nico pela Coluna No DIAL do Jornal A Cr\u00edtica, Manaus-AM (1949 a 1950) &#8211; <a href=\"https:\/\/wp.ufpel.edu.br\/criticamusical\/files\/2022\/11\/Lucyanne-de-Melo-Afonso-1.pdf\">Lucyanne de Melo Afonso<\/a>; Rosemara Staub de Barros<\/p>\n<p>&#8211; A cr\u00edtica de Alexandre Levy: quest\u00f5es metodol\u00f3gicas &#8211; <a href=\"https:\/\/wp.ufpel.edu.br\/criticamusical\/files\/2022\/11\/Marcele-Pedrotti-Dutra-Meneses-1.pdf\">Marcele Pedrotti Dutra Meneses<\/a>; Luiz Guilherme Goldberg<\/p>\n<p>&#8211; Ainda o Maxixe: pequenos flagrante das performances musicais afro-diasp\u00f3ricas &#8211; <a href=\"https:\/\/wp.ufpel.edu.br\/criticamusical\/files\/2022\/11\/Marcus-Mota-.pdf\">Marcus Mota<\/a><\/p>\n<p>&#8211; Folclorismo na cr\u00edtica musical de Eunice Catunda &#8211; <a href=\"https:\/\/wp.ufpel.edu.br\/criticamusical\/files\/2022\/11\/Millena-Rossi-Melchioretto.pdf\">Millena-Rossi-Melchioretto<\/a>; Andr\u00e9 Acastro Egg<\/p>\n<p>&#8211; Oscar Guanabarino Pelo Mundo das Artes: m\u00e9todos e processos em pesquisa hemerogr\u00e1fica &#8211; <a href=\"https:\/\/wp.ufpel.edu.br\/criticamusical\/files\/2022\/11\/Rebeca-Klippel-Brehm.pdf\">Rebeca Klippel Brehm<\/a>; Rafaela Canez Camargo; Jonas Silva de Almeida; Valmiro Pereira Machado Junior; Luiz Guilherme Goldberg<\/p>\n<p>&#8211; A cr\u00edtica musical de L\u00facio Rangel ou a M\u00fasica Brasileira como tradi\u00e7\u00e3o inventada &#8211; <a href=\"https:\/\/wp.ufpel.edu.br\/criticamusical\/files\/2022\/11\/Renata-Leticia-Marques-1.pdf\">Renata Leticia Marques<\/a><\/p>\n<p><strong>Resumos:<\/strong><br \/>\n&#8211; O circuito \u201cZona Sul\u201d da M\u00fasica Popular: aspectos e considera\u00e7\u00f5es sobre o trabalho l\u00edtero-musical e jornal\u00edstico de Ruy Castro &#8211; <a href=\"https:\/\/wp.ufpel.edu.br\/criticamusical\/files\/2022\/11\/Manoel-Messias-Alves-de-Oliveira-1.pdf\">Manoel Messias Alves de Oliveira<\/a><\/p>\n<p>&#8211; Um tropicalismo end\u00f3geno: a dez anos da Guanabara e a um s\u00e9culo de Londres hemerogr\u00e1fica &#8211; <a href=\"https:\/\/wp.ufpel.edu.br\/criticamusical\/files\/2022\/11\/Matteo-Ciacchi-1.pdf\">Matteo Ciacchi<\/a><\/p>\n","protected":false},"excerpt":{"rendered":"<p>Anais do V Simp\u00f3sio Internacional M\u00fasica e Cr\u00edtica volume 5, 2021 ISSN: 2596-0628 ISBN: 978-65-00-57082-3 Completo: Artigos: &#8211; Por uma periodiza\u00e7\u00e3o da cr\u00edtica musical no Brasil &#8211; Andr\u00e9 Egg &#8211; A recupera\u00e7\u00e3o de \u00f3peras setecentistas portuguesas atrav\u00e9s da cr\u00edtica: aspectos hist\u00f3ricos, interpretativos e ideol\u00f3gicos &#8211; Cristina Fernandes &#8211; O injusto esquecimento de um personagem enigm\u00e1tico [&hellip;]<\/p>\n","protected":false},"author":893,"featured_media":0,"parent":154,"menu_order":5,"comment_status":"closed","ping_status":"closed","template":"","meta":{"footnotes":""},"class_list":["post-1068","page","type-page","status-publish","hentry"],"jetpack_likes_enabled":true,"jetpack_sharing_enabled":true,"_links":{"self":[{"href":"https:\/\/wp.ufpel.edu.br\/criticamusical\/wp-json\/wp\/v2\/pages\/1068","targetHints":{"allow":["GET"]}}],"collection":[{"href":"https:\/\/wp.ufpel.edu.br\/criticamusical\/wp-json\/wp\/v2\/pages"}],"about":[{"href":"https:\/\/wp.ufpel.edu.br\/criticamusical\/wp-json\/wp\/v2\/types\/page"}],"author":[{"embeddable":true,"href":"https:\/\/wp.ufpel.edu.br\/criticamusical\/wp-json\/wp\/v2\/users\/893"}],"replies":[{"embeddable":true,"href":"https:\/\/wp.ufpel.edu.br\/criticamusical\/wp-json\/wp\/v2\/comments?post=1068"}],"version-history":[{"count":23,"href":"https:\/\/wp.ufpel.edu.br\/criticamusical\/wp-json\/wp\/v2\/pages\/1068\/revisions"}],"predecessor-version":[{"id":1220,"href":"https:\/\/wp.ufpel.edu.br\/criticamusical\/wp-json\/wp\/v2\/pages\/1068\/revisions\/1220"}],"up":[{"embeddable":true,"href":"https:\/\/wp.ufpel.edu.br\/criticamusical\/wp-json\/wp\/v2\/pages\/154"}],"wp:attachment":[{"href":"https:\/\/wp.ufpel.edu.br\/criticamusical\/wp-json\/wp\/v2\/media?parent=1068"}],"curies":[{"name":"wp","href":"https:\/\/api.w.org\/{rel}","templated":true}]}}