{"id":1065,"date":"2022-11-03T15:23:29","date_gmt":"2022-11-03T18:23:29","guid":{"rendered":"https:\/\/wp.ufpel.edu.br\/criticamusical\/?page_id=1065"},"modified":"2022-11-03T15:23:29","modified_gmt":"2022-11-03T18:23:29","slug":"silvina-mansilla","status":"publish","type":"page","link":"https:\/\/wp.ufpel.edu.br\/criticamusical\/simposios\/vi-simposio-internacional-musica-e-critica\/convidados\/silvina-mansilla\/","title":{"rendered":"Silvina Mansilla"},"content":{"rendered":"<p><img class=\"alignleft wp-image-1018\" src=\"https:\/\/wp.ufpel.edu.br\/criticamusical\/files\/2022\/10\/Silvina-Mansilla-336x400.jpg\" alt=\"\" width=\"235\" height=\"280\" srcset=\"https:\/\/wp.ufpel.edu.br\/criticamusical\/files\/2022\/10\/Silvina-Mansilla-336x400.jpg 336w, https:\/\/wp.ufpel.edu.br\/criticamusical\/files\/2022\/10\/Silvina-Mansilla-859x1024.jpg 859w, https:\/\/wp.ufpel.edu.br\/criticamusical\/files\/2022\/10\/Silvina-Mansilla-768x915.jpg 768w, https:\/\/wp.ufpel.edu.br\/criticamusical\/files\/2022\/10\/Silvina-Mansilla-1289x1536.jpg 1289w, https:\/\/wp.ufpel.edu.br\/criticamusical\/files\/2022\/10\/Silvina-Mansilla-1719x2048.jpg 1719w\" sizes=\"(max-width: 235px) 100vw, 235px\" \/><\/p>\n<p>Silvina Luz Mansilla. Profesora y music\u00f3loga argentina. Doctora en Historia y Teor\u00eda de las Artes por la Universidad de Buenos Aires; Licenciada y Profesora Superior\u00a0en Musicolog\u00eda, graduada de la Pontificia Universidad Cat\u00f3lica Argentina; Profesora Nacional de Piano, por el Conservatorio Nacional. Actualmente es investigadora del Instituto de Artes del Espect\u00e1culo \u201cRa\u00fal H. Castagnino\u201d de la Universidad de Buenos Aires \u2013donde coordina el \u00e1rea de Investigaci\u00f3n en Artes Musicales\u2013 y Profesora Adjunta en la asignatura Historia de la M\u00fasica Latinoamericana y Argentina, de la Facultad de Filosof\u00eda y Letras (UBA). Directora y docente del \u00c1rea Musicolog\u00eda del Doctorado en M\u00fasica de la Universidad Cat\u00f3lica Argentina, es tambi\u00e9n Profesora Titular Regular en la Universidad Nacional de las Artes y docente de posgrado en la Universidad Nacional de Cuyo.<\/p>\n<p>Autora de varios textos (tres de ellos dedicados al compositor Carlos Guastavino), m\u00e1s de treinta art\u00edculos con referato y un centenar de colaboraciones entre cap\u00edtulos de libros, rese\u00f1as y entradas l\u00e9xicas en diccionario. Directora de proyectos de investigaci\u00f3n en UBA y UNA, es docente-investigadora (categor\u00eda 1) dentro del Sistema Nacional de Incentivos de la Secretar\u00eda de Pol\u00edticas Universitarias del Ministerio de Educaci\u00f3n. Convocada regularmente como evaluadora, integra desde 2021 el\u00a0<em>Advisory Board<\/em>\u00a0de la\u00a0<em>International SONUS Foundation<\/em>. Miembro fundador de la Asociaci\u00f3n Argentina de Musicolog\u00eda, se desempe\u00f1\u00f3 en su Comisi\u00f3n Directiva \u2013en distintos per\u00edodos\u2013 como secretaria, fiscalizadora y presidente. Fue investigadora del Instituto Nacional de Musicolog\u00eda \u201cCarlos Vega\u201d entre 2010 y 2016. Es miembro de IASPM-AL y ARLAC-IMS, integrando en esta \u00faltima instituci\u00f3n el Grupo de Trabajo \u201cM\u00fasica y Peri\u00f3dicos\u201d de la Rama para Latinoam\u00e9rica y El Caribe.<\/p>\n","protected":false},"excerpt":{"rendered":"<p>Silvina Luz Mansilla. Profesora y music\u00f3loga argentina. Doctora en Historia y Teor\u00eda de las Artes por la Universidad de Buenos Aires; Licenciada y Profesora Superior\u00a0en Musicolog\u00eda, graduada de la Pontificia Universidad Cat\u00f3lica Argentina; Profesora Nacional de Piano, por el Conservatorio Nacional. Actualmente es investigadora del Instituto de Artes del Espect\u00e1culo \u201cRa\u00fal H. Castagnino\u201d de la [&hellip;]<\/p>\n","protected":false},"author":893,"featured_media":0,"parent":1042,"menu_order":5,"comment_status":"closed","ping_status":"closed","template":"","meta":{"footnotes":""},"class_list":["post-1065","page","type-page","status-publish","hentry"],"jetpack_likes_enabled":true,"jetpack_sharing_enabled":true,"_links":{"self":[{"href":"https:\/\/wp.ufpel.edu.br\/criticamusical\/wp-json\/wp\/v2\/pages\/1065","targetHints":{"allow":["GET"]}}],"collection":[{"href":"https:\/\/wp.ufpel.edu.br\/criticamusical\/wp-json\/wp\/v2\/pages"}],"about":[{"href":"https:\/\/wp.ufpel.edu.br\/criticamusical\/wp-json\/wp\/v2\/types\/page"}],"author":[{"embeddable":true,"href":"https:\/\/wp.ufpel.edu.br\/criticamusical\/wp-json\/wp\/v2\/users\/893"}],"replies":[{"embeddable":true,"href":"https:\/\/wp.ufpel.edu.br\/criticamusical\/wp-json\/wp\/v2\/comments?post=1065"}],"version-history":[{"count":1,"href":"https:\/\/wp.ufpel.edu.br\/criticamusical\/wp-json\/wp\/v2\/pages\/1065\/revisions"}],"predecessor-version":[{"id":1067,"href":"https:\/\/wp.ufpel.edu.br\/criticamusical\/wp-json\/wp\/v2\/pages\/1065\/revisions\/1067"}],"up":[{"embeddable":true,"href":"https:\/\/wp.ufpel.edu.br\/criticamusical\/wp-json\/wp\/v2\/pages\/1042"}],"wp:attachment":[{"href":"https:\/\/wp.ufpel.edu.br\/criticamusical\/wp-json\/wp\/v2\/media?parent=1065"}],"curies":[{"name":"wp","href":"https:\/\/api.w.org\/{rel}","templated":true}]}}