{"id":1055,"date":"2022-11-03T15:16:32","date_gmt":"2022-11-03T18:16:32","guid":{"rendered":"https:\/\/wp.ufpel.edu.br\/criticamusical\/?page_id=1055"},"modified":"2022-11-14T20:49:55","modified_gmt":"2022-11-14T23:49:55","slug":"juarez-fonseca","status":"publish","type":"page","link":"https:\/\/wp.ufpel.edu.br\/criticamusical\/simposios\/vi-simposio-internacional-musica-e-critica\/convidados\/juarez-fonseca\/","title":{"rendered":"Juarez Fonseca"},"content":{"rendered":"<p><img class=\"alignleft wp-image-1016\" src=\"https:\/\/wp.ufpel.edu.br\/criticamusical\/files\/2022\/10\/Juarez-Fonseca-2-374x400.jpg\" alt=\"\" width=\"262\" height=\"280\" srcset=\"https:\/\/wp.ufpel.edu.br\/criticamusical\/files\/2022\/10\/Juarez-Fonseca-2-374x400.jpg 374w, https:\/\/wp.ufpel.edu.br\/criticamusical\/files\/2022\/10\/Juarez-Fonseca-2-958x1024.jpg 958w, https:\/\/wp.ufpel.edu.br\/criticamusical\/files\/2022\/10\/Juarez-Fonseca-2-768x821.jpg 768w, https:\/\/wp.ufpel.edu.br\/criticamusical\/files\/2022\/10\/Juarez-Fonseca-2.jpg 960w\" sizes=\"(max-width: 262px) 100vw, 262px\" \/><\/p>\n<p>Juarez Fonseca atua h\u00e1 mais de 40 anos no jornalismo cultural do Rio Grande do Sul. Come\u00e7ou a escrever profissionalmente sobre m\u00fasica em 1972, em Zero Hora, onde atuou at\u00e9 1996. No mesmo per\u00edodo, em \u00e9pocas distintas, foi comentarista de m\u00fasica da TV Bandeirantes RS, da R\u00e1dio Ga\u00facha, da TVE RS e da RBS TV, al\u00e9m da participa\u00e7\u00e3o como free-lance em revistas e jornais do Centro do Pa\u00eds e de colabora\u00e7\u00f5es na imprensa alternativa ga\u00facha e de outras capitais. De 1996 a 2012, manteve coluna de m\u00fasica no jornal ABC Domingo, de Novo Hamburgo, e na revista Aplauso, de Porto Alegre. A partir de 1997, foi editor de Cultura do Jornal da Universidade\/UFRGS (at\u00e9 2004) e colaborador da revista Sucesso, de S\u00e3o Paulo (at\u00e9 2013). Em mar\u00e7o de 2013 retornou a Zero Hora, onde publica a coluna de m\u00fasica \u201cParalelo 30\u201d. Produziu v\u00e1rios discos e shows, foi jurado em dezenas de festivais, da Calif\u00f3rnia da Can\u00e7\u00e3o Nativa do RGS ao Festival dos Festivais, da Rede Globo.<\/p>\n<p>Em sua palestra, abordar\u00e1 da cr\u00edtica musical e seus crit\u00e9rios de avalia\u00e7\u00e3o.<\/p>\n","protected":false},"excerpt":{"rendered":"<p>Juarez Fonseca atua h\u00e1 mais de 40 anos no jornalismo cultural do Rio Grande do Sul. Come\u00e7ou a escrever profissionalmente sobre m\u00fasica em 1972, em Zero Hora, onde atuou at\u00e9 1996. No mesmo per\u00edodo, em \u00e9pocas distintas, foi comentarista de m\u00fasica da TV Bandeirantes RS, da R\u00e1dio Ga\u00facha, da TVE RS e da RBS TV, [&hellip;]<\/p>\n","protected":false},"author":893,"featured_media":0,"parent":1042,"menu_order":2,"comment_status":"closed","ping_status":"closed","template":"","meta":{"footnotes":""},"class_list":["post-1055","page","type-page","status-publish","hentry"],"jetpack_likes_enabled":true,"jetpack_sharing_enabled":true,"_links":{"self":[{"href":"https:\/\/wp.ufpel.edu.br\/criticamusical\/wp-json\/wp\/v2\/pages\/1055","targetHints":{"allow":["GET"]}}],"collection":[{"href":"https:\/\/wp.ufpel.edu.br\/criticamusical\/wp-json\/wp\/v2\/pages"}],"about":[{"href":"https:\/\/wp.ufpel.edu.br\/criticamusical\/wp-json\/wp\/v2\/types\/page"}],"author":[{"embeddable":true,"href":"https:\/\/wp.ufpel.edu.br\/criticamusical\/wp-json\/wp\/v2\/users\/893"}],"replies":[{"embeddable":true,"href":"https:\/\/wp.ufpel.edu.br\/criticamusical\/wp-json\/wp\/v2\/comments?post=1055"}],"version-history":[{"count":2,"href":"https:\/\/wp.ufpel.edu.br\/criticamusical\/wp-json\/wp\/v2\/pages\/1055\/revisions"}],"predecessor-version":[{"id":1172,"href":"https:\/\/wp.ufpel.edu.br\/criticamusical\/wp-json\/wp\/v2\/pages\/1055\/revisions\/1172"}],"up":[{"embeddable":true,"href":"https:\/\/wp.ufpel.edu.br\/criticamusical\/wp-json\/wp\/v2\/pages\/1042"}],"wp:attachment":[{"href":"https:\/\/wp.ufpel.edu.br\/criticamusical\/wp-json\/wp\/v2\/media?parent=1055"}],"curies":[{"name":"wp","href":"https:\/\/api.w.org\/{rel}","templated":true}]}}