{"id":103,"date":"2019-01-13T21:07:15","date_gmt":"2019-01-13T23:07:15","guid":{"rendered":"https:\/\/wp.ufpel.edu.br\/criticamusical\/?page_id=103"},"modified":"2020-11-02T20:44:13","modified_gmt":"2020-11-02T23:44:13","slug":"programacao","status":"publish","type":"page","link":"https:\/\/wp.ufpel.edu.br\/criticamusical\/simposios\/ii-simposio-internacional-musica-e-critica\/programacao\/","title":{"rendered":"Programa\u00e7\u00e3o"},"content":{"rendered":"<p style=\"text-align: center\">II Simp\u00f3sio Internacional M\u00fasica e Cr\u00edtica<\/p>\n<p><img class=\"aligncenter wp-image-128 \" src=\"https:\/\/wp.ufpel.edu.br\/criticamusical\/files\/2019\/01\/Programa\u00e7\u00e3o-II-Simp\u00f3sio-Internacional-M\u00fasica-e-Cr\u00edtica-1-870x1024.png\" alt=\"\" width=\"698\" height=\"821\" srcset=\"https:\/\/wp.ufpel.edu.br\/criticamusical\/files\/2019\/01\/Programa\u00e7\u00e3o-II-Simp\u00f3sio-Internacional-M\u00fasica-e-Cr\u00edtica-1-870x1024.png 870w, https:\/\/wp.ufpel.edu.br\/criticamusical\/files\/2019\/01\/Programa\u00e7\u00e3o-II-Simp\u00f3sio-Internacional-M\u00fasica-e-Cr\u00edtica-1-340x400.png 340w, https:\/\/wp.ufpel.edu.br\/criticamusical\/files\/2019\/01\/Programa\u00e7\u00e3o-II-Simp\u00f3sio-Internacional-M\u00fasica-e-Cr\u00edtica-1-768x904.png 768w, https:\/\/wp.ufpel.edu.br\/criticamusical\/files\/2019\/01\/Programa\u00e7\u00e3o-II-Simp\u00f3sio-Internacional-M\u00fasica-e-Cr\u00edtica-1.png 1785w\" sizes=\"(max-width: 698px) 100vw, 698px\" \/><\/p>\n","protected":false},"excerpt":{"rendered":"<p>II Simp\u00f3sio Internacional M\u00fasica e Cr\u00edtica<\/p>\n","protected":false},"author":893,"featured_media":0,"parent":37,"menu_order":3,"comment_status":"closed","ping_status":"closed","template":"","meta":{"footnotes":""},"class_list":["post-103","page","type-page","status-publish","hentry"],"jetpack_likes_enabled":true,"jetpack_sharing_enabled":true,"_links":{"self":[{"href":"https:\/\/wp.ufpel.edu.br\/criticamusical\/wp-json\/wp\/v2\/pages\/103","targetHints":{"allow":["GET"]}}],"collection":[{"href":"https:\/\/wp.ufpel.edu.br\/criticamusical\/wp-json\/wp\/v2\/pages"}],"about":[{"href":"https:\/\/wp.ufpel.edu.br\/criticamusical\/wp-json\/wp\/v2\/types\/page"}],"author":[{"embeddable":true,"href":"https:\/\/wp.ufpel.edu.br\/criticamusical\/wp-json\/wp\/v2\/users\/893"}],"replies":[{"embeddable":true,"href":"https:\/\/wp.ufpel.edu.br\/criticamusical\/wp-json\/wp\/v2\/comments?post=103"}],"version-history":[{"count":5,"href":"https:\/\/wp.ufpel.edu.br\/criticamusical\/wp-json\/wp\/v2\/pages\/103\/revisions"}],"predecessor-version":[{"id":745,"href":"https:\/\/wp.ufpel.edu.br\/criticamusical\/wp-json\/wp\/v2\/pages\/103\/revisions\/745"}],"up":[{"embeddable":true,"href":"https:\/\/wp.ufpel.edu.br\/criticamusical\/wp-json\/wp\/v2\/pages\/37"}],"wp:attachment":[{"href":"https:\/\/wp.ufpel.edu.br\/criticamusical\/wp-json\/wp\/v2\/media?parent=103"}],"curies":[{"name":"wp","href":"https:\/\/api.w.org\/{rel}","templated":true}]}}