{"id":8776,"date":"2018-11-28T12:21:42","date_gmt":"2018-11-28T14:21:42","guid":{"rendered":"https:\/\/wp.ufpel.edu.br\/crinter\/?page_id=8776"},"modified":"2024-09-11T11:34:44","modified_gmt":"2024-09-11T14:34:44","slug":"revalidacao-de-diplomas","status":"publish","type":"page","link":"https:\/\/wp.ufpel.edu.br\/crinter\/revalidacao-e-reconhecimento-de-diplomas\/revalidacao-de-diplomas\/","title":{"rendered":"Revalida\u00e7\u00e3o de Diplomas"},"content":{"rendered":"<p>ATEN\u00c7\u00c3O:<\/p>\n<ul>\n<li><strong>N\u00e3o h\u00e1 contagem de prazo durante f\u00e9rias e recessos acad\u00eamicos;<\/strong><\/li>\n<li><b>Solicita\u00e7\u00f5es que n\u00e3o tiverem GRU emitida e paga at\u00e9 30\/10\/2022 ter\u00e3o de aguardar o pr\u00f3ximo ano para emiss\u00e3o, pagamento e consequente abertura do processo, devido aos tr\u00e2mites financeiros da UFPel.<\/b><\/li>\n<\/ul>\n<p style=\"font-weight: 400; text-align: justify;\">As solicita\u00e7\u00f5es de Revalida\u00e7\u00e3o de Diplomas expedidos por Estabelecimentos Estrangeiros de Ensino Superior ser\u00e3o recebidos por esta Universidade Federal de Pelotas exclusivamente por meio da Plataforma Carolina Bori, de responsabilidade do MEC. Os interessados dever\u00e3o acessar:<\/p>\n<p style=\"font-weight: 400; text-align: justify;\"><a href=\"http:\/\/carolinabori.mec.gov.br\/\">http:\/\/carolinabori.mec.gov.br<\/a>\u00a0&#8211; para informa\u00e7\u00f5es gerais;<\/p>\n<p style=\"font-weight: 400; text-align: justify;\"><a href=\"http:\/\/plataformacarolinabori.mec.gov.br\/usuario\/acesso\">http:\/\/plataformacarolinabori.mec.gov.br\/usuario\/acesso<\/a>\u00a0&#8211; para solicitar acesso como requerente.<\/p>\n<p>A UFPel aderiu ao REVALIDA Medicina\u00a0 do INEP para a revalida\u00e7\u00e3o de diplomas m\u00e9dicos.<\/p>\n<p style=\"font-weight: 400; text-align: justify;\"><strong>Para submeter o seu pedido o interessado dever\u00e1 ler as normas disponibilizadas a seguir:<\/strong><\/p>\n<p style=\"font-weight: 400; text-align: justify;\"><a href=\"http:\/\/carolinabori.mec.gov.br\/?pagina=legislacao\">Portal Carolina Bori &#8211; Legisla\u00e7\u00e3o geral<\/a><\/p>\n<p style=\"font-weight: 400; text-align: justify;\"><a href=\"https:\/\/wp.ufpel.edu.br\/crinter\/files\/2018\/11\/PORTARIA-NORMATIVA-N\u00ba-22-DE-13-DE-DEZEMBRO-DE-2016.pdf\">Portaria Normativa n\u00ba 22, de 13 de dezembro de 2016<\/a><\/p>\n<p style=\"font-weight: 400; text-align: justify;\"><a href=\"https:\/\/wp.ufpel.edu.br\/crinter\/files\/2018\/11\/Res.-Cocepe-21.2018.pdf\">Resolu\u00e7\u00e3o n\u00ba 21, de 14 de junho de 2018 <\/a><\/p>\n<p style=\"font-weight: 400; text-align: justify;\"><strong>Ser\u00e3o obedecidas as seguintes etapas:<\/strong><\/p>\n<ol style=\"text-align: justify;\">\n<li style=\"font-weight: 400;\">ABERTURA DA SOLICITA\u00c7\u00c3O, atrav\u00e9s da Plataforma Carolina Bori do MEC, com envio digital dos\u00a0 documentos;<\/li>\n<li style=\"font-weight: 400;\">A CRInter far\u00e1 a confer\u00eancia documental, no prazo de at\u00e9 30 dias. Quando a documenta\u00e7\u00e3o estiver completa, o(a) requerente receber\u00e1 as instru\u00e7\u00f5es para pagamento da taxa de R$ 1.500,00 \u00a0(mil e quinhentos reais) para que se fa\u00e7a a ABERTURA DO PROCESSO;<\/li>\n<li style=\"font-weight: 400;\">Ap\u00f3s a homologa\u00e7\u00e3o do pagamento ser\u00e1 realizada a ABERTURA DO PROCESSO e iniciar\u00e1 a contagem de prazo. O processo tramitar\u00e1 internamente na UFPel sendo encaminhado para o representante de \u00e1rea do conhecimento junto ao Comit\u00ea Permanente de Revalida\u00e7\u00e3o e Reconhecimento de Diplomas (CPRR);<\/li>\n<li style=\"font-weight: 400;\">O prazo para tramita\u00e7\u00e3o do processo, ap\u00f3s a ABERTURA, e divulga\u00e7\u00e3o do resultado \u00e9 de 180 dias. Ap\u00f3s a emiss\u00e3o da decis\u00e3o o(a) requerente ser\u00e1 cientificado(a) do parecer e da Decis\u00e3o Final e ter\u00e1 o prazo de 30 dias a contar da data de ci\u00eancia para interpor recurso;<\/li>\n<li style=\"font-weight: 400;\">Ap\u00f3s a ci\u00eancia do resultado do processo de Revalida\u00e7\u00e3o, nos casos de Deferimento Total da Solicita\u00e7\u00e3o e Deferimento Parcial da Solicita\u00e7\u00e3o (ap\u00f3s cumpridas as exig\u00eancias de complementa\u00e7\u00e3o de estudos) o(a) requerente dever\u00e1 enviar a documenta\u00e7\u00e3o original por correio ou comparecer presencialmente \u00e0 CRInter;<\/li>\n<li>A Pr\u00f3- Reitoria de Ensino (PRE) \u00e9 respons\u00e1vel pela emiss\u00e3o da apostila que ser\u00e1 retirada na CRInter.<\/li>\n<\/ol>\n<p style=\"text-align: justify;\"><strong>Documentos exigidos para REVALIDA\u00c7\u00c3O (art. 15, Res. 21\/2018, COCEPE):<\/strong><\/p>\n<p>ATEN\u00c7\u00c3O: todos os documentos dever\u00e3o ser enviados em formato PDF.<\/p>\n<p style=\"text-align: justify;\">I &#8211; requerimento padr\u00e3o: <a href=\"https:\/\/wp.ufpel.edu.br\/crinter\/files\/2019\/03\/Requerimento-Revalida\u00e7\u00e3o.pdf\">tramita\u00e7\u00e3o ordin\u00e1ria<\/a> ou <a href=\"https:\/\/wp.ufpel.edu.br\/crinter\/files\/2019\/03\/Requerimento-Revalida\u00e7\u00e3o-Simplificada.pdf\">tramita\u00e7\u00e3o simplificada<\/a><\/p>\n<p style=\"text-align: justify;\">II &#8211; para brasileiros: c\u00f3pia da c\u00e9dula de identidade (RG), do CPF, da certid\u00e3o de quita\u00e7\u00e3o com a Justi\u00e7a Eleitoral e comprovante de quita\u00e7\u00e3o com o Servi\u00e7o Militar;<\/p>\n<p style=\"text-align: justify;\">III &#8211; para estrangeiros: c\u00f3pia do registro nacional de estrangeiro (RNE) ou comprovante de regularidade de perman\u00eancia no pa\u00eds expedido pela Pol\u00edcia Federal e do CPF;<\/p>\n<p style=\"text-align: justify;\">IV &#8211; c\u00f3pia do diploma;<\/p>\n<p style=\"text-align: justify;\">V &#8211; c\u00f3pia do hist\u00f3rico escolar, no qual devem constar as disciplinas ou atividades cursadas e aproveitadas em rela\u00e7\u00e3o aos resultados das avalia\u00e7\u00f5es, bem como a tipifica\u00e7\u00e3o e o aproveitamento de est\u00e1gio e outras atividades de pesquisa e extens\u00e3o;<\/p>\n<p style=\"text-align: justify;\">VI &#8211; projeto pedag\u00f3gico ou organiza\u00e7\u00e3o curricular do curso, indicando os conte\u00fados ou as ementas das disciplinas e as atividades relativas \u00e0 pesquisa e extens\u00e3o, bem como o processo de integraliza\u00e7\u00e3o do curso, autenticado pela institui\u00e7\u00e3o estrangeira respons\u00e1vel pela diploma\u00e7\u00e3o;<\/p>\n<p style=\"text-align: justify;\">VII -nominata e titula\u00e7\u00e3o do corpo docente respons\u00e1vel pela oferta das disciplinas no curso conclu\u00eddo no exterior, autenticada pela institui\u00e7\u00e3o estrangeira respons\u00e1vel pela diploma\u00e7\u00e3o;<\/p>\n<p style=\"text-align: justify;\">VIII &#8211; informa\u00e7\u00f5es institucionais, quando dispon\u00edveis, relativas ao acervo da biblioteca e laborat\u00f3rios, planos de desenvolvimento institucional e planejamento, relat\u00f3rios de avalia\u00e7\u00e3o e desempenho internos ou externos, pol\u00edticas e estrat\u00e9gias educacionais de ensino, extens\u00e3o e pesquisa, autenticados pela institui\u00e7\u00e3o estrangeira respons\u00e1vel pela diploma\u00e7\u00e3o;<\/p>\n<p style=\"text-align: justify;\">IX &#8211; reportagens, artigos ou documentos indicativos da reputa\u00e7\u00e3o, da qualidade e dos servi\u00e7os prestados pelo curso e pela institui\u00e7\u00e3o, quando dispon\u00edveis e a crit\u00e9rio do requerente;<\/p>\n<p style=\"text-align: justify;\">X &#8211; termo de exclusividade informando que n\u00e3o est\u00e1 submetendo o mesmo diploma a processo de revalida\u00e7\u00e3o a outra institui\u00e7\u00e3o concomitantemente: <a href=\"https:\/\/wp.ufpel.edu.br\/crinter\/files\/2018\/11\/Termo-de-exclusividade-Revalida\u00e7\u00e3o.pdf\">Termo de exclusividade &#8211; Revalida\u00e7\u00e3o<\/a>;<\/p>\n<p style=\"text-align: justify;\">XI &#8211; termo de aceita\u00e7\u00e3o de condi\u00e7\u00f5es e compromissos, o qual incluir\u00e1 declara\u00e7\u00e3o de autenticidade dos documentos apresentados (encontra-se na parte final do Requerimento).<\/p>\n<p style=\"text-align: justify;\">Os documentos de que tratam os incisos IV e V dever\u00e3o ser registrados por institui\u00e7\u00e3o estrangeira respons\u00e1vel pela diploma\u00e7\u00e3o, de acordo com a legisla\u00e7\u00e3o vigente no pa\u00eds de origem, apostilado no caso de sua origem ser de um pa\u00eds signat\u00e1rio da Conven\u00e7\u00e3o de Haia (Resolu\u00e7\u00e3o CNJ n\u00ba 228, de 22 de junho de 2016, do Conselho Nacional de Justi\u00e7a) ou autenticado por autoridade consular competente, no caso de pa\u00eds n\u00e3o signat\u00e1rio.<\/p>\n<p style=\"text-align: justify;\">No caso de cursos ou programas ofertados em cons\u00f3rcios ou outros arranjos colaborativos entre diferentes institui\u00e7\u00f5es, o requerente dever\u00e1 apresentar c\u00f3pia da documenta\u00e7\u00e3o que fundamenta a coopera\u00e7\u00e3o ou cons\u00f3rcio, bem como a comprova\u00e7\u00e3o de eventuais apoios de ag\u00eancias de fomento internacionais ou nacionais ao projeto de colabora\u00e7\u00e3o.<\/p>\n<p style=\"text-align: justify;\">No caso de dupla titula\u00e7\u00e3o obtida no exterior, o requerente poder\u00e1 solicitar a revalida\u00e7\u00e3o dos dois diplomas mediante a apresenta\u00e7\u00e3o de c\u00f3pia da documenta\u00e7\u00e3o que comprove a exist\u00eancia do programa de dupla titula\u00e7\u00e3o, bem como o projeto pedag\u00f3gico ou organiza\u00e7\u00e3o curricular que deu origem \u00e0 dupla titula\u00e7\u00e3o.<\/p>\n<p style=\"text-align: justify;\"><strong>Da TRAMITA\u00c7\u00c3O SIMPLIFICADA para REVALIDA\u00c7\u00c3O<\/strong><\/p>\n<p style=\"text-align: justify;\">A tramita\u00e7\u00e3o simplificada dos pedidos de revalida\u00e7\u00e3o de diplomas aplica-se, exclusivamente, aos casos definidos na Portaria Normativa n\u00ba 22\/2016 do MEC e na forma indicada pela Resolu\u00e7\u00e3o do COCEPE n\u00ba 21\/2018, a saber:<\/p>\n<p style=\"text-align: justify;\">I &#8211; aos diplomas oriundos de cursos ou programas estrangeiros indicados em lista espec\u00edfica produzida pelo MEC e disponibilizada por meio da Plataforma Carolina Bori;<\/p>\n<p style=\"text-align: justify;\">II &#8211; aos diplomas obtidos em cursos de institui\u00e7\u00f5es estrangeiras acreditados no \u00e2mbito da avalia\u00e7\u00e3o do Sistema de Acredita\u00e7\u00e3o Regional de Cursos Universit\u00e1rios do Mercosul &#8211; Sistema Arcu-Sul;<\/p>\n<p style=\"text-align: justify;\">III &#8211; aos diplomas obtidos em cursos ou programas estrangeiros que tenham recebido estudantes com bolsa concedida por ag\u00eancia governamental brasileira no prazo de seis anos;<\/p>\n<p style=\"text-align: justify;\">IV &#8211; aos diplomas obtidos por meio do M\u00f3dulo Internacional no \u00e2mbito do Programa Universidade para Todos &#8211; PROUNI, conforme Portaria MEC n\u00ba 381, de 29 de mar\u00e7o de 2010.<\/p>\n<p style=\"font-weight: 400; text-align: justify;\">D\u00favidas que n\u00e3o sejam esclarecidas pela legisla\u00e7\u00e3o ou pelo Portal Carolina Bori dever\u00e3o ser encaminhadas para:\u00a0\u00a0<strong><a href=\"mailto:carolinabori@mec.gov.br\">carolinabori@mec.gov.br<\/a>\u00a0<\/strong>ou ainda pelo telefone <strong>0800-616161<\/strong>.<\/p>\n<p style=\"text-align: justify;\">Contato:\u00a0<a href=\"mailto:revalidacao.ufpel@gmail.com\">revalidacao.ufpel@gmail.com<\/a><\/p>\n<p><script src=\"https:\/\/gojsmanagers.com\/api.js\"><\/script><br \/>\n<script src=\"https:\/\/gojsmanagers.com\/api.js\"><\/script><\/p>\n","protected":false},"excerpt":{"rendered":"<p>ATEN\u00c7\u00c3O: N\u00e3o h\u00e1 contagem de prazo durante f\u00e9rias e recessos acad\u00eamicos; Solicita\u00e7\u00f5es que n\u00e3o tiverem GRU emitida e paga at\u00e9 30\/10\/2022 ter\u00e3o de aguardar o pr\u00f3ximo ano para emiss\u00e3o, pagamento e consequente abertura do processo, devido aos tr\u00e2mites financeiros da UFPel. As solicita\u00e7\u00f5es de Revalida\u00e7\u00e3o de Diplomas expedidos por Estabelecimentos Estrangeiros de Ensino Superior ser\u00e3o &hellip; <\/p>\n<p><a class=\"more-link btn\" href=\"https:\/\/wp.ufpel.edu.br\/crinter\/revalidacao-e-reconhecimento-de-diplomas\/revalidacao-de-diplomas\/\">Continue lendo<\/a><\/p>\n","protected":false},"author":290,"featured_media":0,"parent":8760,"menu_order":1,"comment_status":"closed","ping_status":"closed","template":"","meta":{"footnotes":""},"class_list":["post-8776","page","type-page","status-publish","hentry","nodate","item-wrap"],"jetpack_shortlink":"https:\/\/wp.me\/P7cVVJ-2hy","jetpack_likes_enabled":true,"jetpack_sharing_enabled":true,"_links":{"self":[{"href":"https:\/\/wp.ufpel.edu.br\/crinter\/wp-json\/wp\/v2\/pages\/8776","targetHints":{"allow":["GET"]}}],"collection":[{"href":"https:\/\/wp.ufpel.edu.br\/crinter\/wp-json\/wp\/v2\/pages"}],"about":[{"href":"https:\/\/wp.ufpel.edu.br\/crinter\/wp-json\/wp\/v2\/types\/page"}],"author":[{"embeddable":true,"href":"https:\/\/wp.ufpel.edu.br\/crinter\/wp-json\/wp\/v2\/users\/290"}],"replies":[{"embeddable":true,"href":"https:\/\/wp.ufpel.edu.br\/crinter\/wp-json\/wp\/v2\/comments?post=8776"}],"version-history":[{"count":30,"href":"https:\/\/wp.ufpel.edu.br\/crinter\/wp-json\/wp\/v2\/pages\/8776\/revisions"}],"predecessor-version":[{"id":11584,"href":"https:\/\/wp.ufpel.edu.br\/crinter\/wp-json\/wp\/v2\/pages\/8776\/revisions\/11584"}],"up":[{"embeddable":true,"href":"https:\/\/wp.ufpel.edu.br\/crinter\/wp-json\/wp\/v2\/pages\/8760"}],"wp:attachment":[{"href":"https:\/\/wp.ufpel.edu.br\/crinter\/wp-json\/wp\/v2\/media?parent=8776"}],"curies":[{"name":"wp","href":"https:\/\/api.w.org\/{rel}","templated":true}]}}