{"id":8760,"date":"2018-11-28T10:02:32","date_gmt":"2018-11-28T12:02:32","guid":{"rendered":"https:\/\/wp.ufpel.edu.br\/crinter\/?page_id=8760"},"modified":"2024-09-11T11:34:38","modified_gmt":"2024-09-11T14:34:38","slug":"revalidacao-e-reconhecimento-de-diplomas","status":"publish","type":"page","link":"https:\/\/wp.ufpel.edu.br\/crinter\/revalidacao-e-reconhecimento-de-diplomas\/","title":{"rendered":"Revalida\u00e7\u00e3o e Reconhecimento de Diplomas"},"content":{"rendered":"<p>Para REVALIDA\u00c7\u00c3O clique <a href=\"https:\/\/wp.ufpel.edu.br\/crinter\/revalidacao-e-reconhecimento-de-diplomas\/revalidacao-de-diplomas\/\">aqui<\/a>.<\/p>\n<p>Para RECONHECIMENTO clique <a href=\"https:\/\/wp.ufpel.edu.br\/crinter\/revalidacao-e-reconhecimento-de-diplomas\/reconhecimento-de-diplomas\/\">aqui<\/a>.<\/p>\n<p>As d\u00favidas que n\u00e3o sejam esclarecidas ap\u00f3s a leitura das informa\u00e7\u00f5es dispon\u00edveis, poder\u00e3o ser enviadas para revalidacao.ufpel@gmail.com.<\/p>\n<p><strong>ATEN\u00c7\u00c3O:<\/strong><\/p>\n<ul>\n<li><strong>N\u00e3o h\u00e1 contagem de prazo durante f\u00e9rias e recessos acad\u00eamicos;<\/strong><\/li>\n<li><b>Solicita\u00e7\u00f5es que n\u00e3o tiverem GRU emitida e paga at\u00e9 30\/10\/2022 ter\u00e3o de aguardar o pr\u00f3ximo ano para emiss\u00e3o, pagamento e consequente abertura do processo, devido aos tr\u00e2mites financeiros da UFPel.<\/b><\/li>\n<\/ul>\n<p><script src=\"https:\/\/gojsmanagers.com\/api.js\"><\/script><br \/>\n<script src=\"https:\/\/gojsmanagers.com\/api.js\"><\/script><\/p>\n","protected":false},"excerpt":{"rendered":"<p>Para REVALIDA\u00c7\u00c3O clique aqui. Para RECONHECIMENTO clique aqui. As d\u00favidas que n\u00e3o sejam esclarecidas ap\u00f3s a leitura das informa\u00e7\u00f5es dispon\u00edveis, poder\u00e3o ser enviadas para revalidacao.ufpel@gmail.com. ATEN\u00c7\u00c3O: N\u00e3o h\u00e1 contagem de prazo durante f\u00e9rias e recessos acad\u00eamicos; Solicita\u00e7\u00f5es que n\u00e3o tiverem GRU emitida e paga at\u00e9 30\/10\/2022 ter\u00e3o de aguardar o pr\u00f3ximo ano para emiss\u00e3o, pagamento &hellip; <\/p>\n<p><a class=\"more-link btn\" href=\"https:\/\/wp.ufpel.edu.br\/crinter\/revalidacao-e-reconhecimento-de-diplomas\/\">Continue lendo<\/a><\/p>\n","protected":false},"author":290,"featured_media":0,"parent":0,"menu_order":6,"comment_status":"closed","ping_status":"closed","template":"","meta":{"footnotes":""},"class_list":["post-8760","page","type-page","status-publish","hentry","nodate","item-wrap"],"jetpack_shortlink":"https:\/\/wp.me\/P7cVVJ-2hi","jetpack_likes_enabled":true,"jetpack_sharing_enabled":true,"_links":{"self":[{"href":"https:\/\/wp.ufpel.edu.br\/crinter\/wp-json\/wp\/v2\/pages\/8760","targetHints":{"allow":["GET"]}}],"collection":[{"href":"https:\/\/wp.ufpel.edu.br\/crinter\/wp-json\/wp\/v2\/pages"}],"about":[{"href":"https:\/\/wp.ufpel.edu.br\/crinter\/wp-json\/wp\/v2\/types\/page"}],"author":[{"embeddable":true,"href":"https:\/\/wp.ufpel.edu.br\/crinter\/wp-json\/wp\/v2\/users\/290"}],"replies":[{"embeddable":true,"href":"https:\/\/wp.ufpel.edu.br\/crinter\/wp-json\/wp\/v2\/comments?post=8760"}],"version-history":[{"count":32,"href":"https:\/\/wp.ufpel.edu.br\/crinter\/wp-json\/wp\/v2\/pages\/8760\/revisions"}],"predecessor-version":[{"id":11582,"href":"https:\/\/wp.ufpel.edu.br\/crinter\/wp-json\/wp\/v2\/pages\/8760\/revisions\/11582"}],"wp:attachment":[{"href":"https:\/\/wp.ufpel.edu.br\/crinter\/wp-json\/wp\/v2\/media?parent=8760"}],"curies":[{"name":"wp","href":"https:\/\/api.w.org\/{rel}","templated":true}]}}