{"id":8,"date":"2013-08-09T10:15:08","date_gmt":"2013-08-09T13:15:08","guid":{"rendered":"https:\/\/wp.ufpel.edu.br\/crinter\/?page_id=8"},"modified":"2024-09-11T12:54:11","modified_gmt":"2024-09-11T15:54:11","slug":"coordenacao-de-relacoes-internacionais","status":"publish","type":"page","link":"https:\/\/wp.ufpel.edu.br\/crinter\/coordenacao-de-relacoes-internacionais\/","title":{"rendered":"Sobre"},"content":{"rendered":"<p style=\"text-align: justify\">A\u00a0<strong>Coordena\u00e7\u00e3o de Rela\u00e7\u00f5es Internacionais (CRInter)<\/strong>, antigo Departamento de Interc\u00e2mbio e Programas Internacionais (DIPI) da UFPel, criado em 1993 atrav\u00e9s da Resolu\u00e7\u00e3o n\u00ba 01\/1993 do Conselho Universit\u00e1rio, pertence ao Gabinete do Reitor,\u00a0atende aos discentes e estrangeiros interessados em mobilidade internacional, responde pelos conv\u00eanios internacionais e executa as pol\u00edticas de rela\u00e7\u00f5es internacionais da \u00a0institui\u00e7\u00e3o.<\/p>\n<p style=\"text-align: justify\">Essa coordena\u00e7\u00e3o tem como finalidades principais o interc\u00e2mbio acad\u00eamico, docente, t\u00e9cnico administrativo e de pesquisadores, assim como todas as atividades relacionadas com Coopera\u00e7\u00e3o Internacional.<\/p>\n<p style=\"text-align: justify\">S\u00e3o atribui\u00e7\u00f5es e objetivos da CRInter:<\/p>\n<ul style=\"text-align: justify\">\n<li>Planejar, coordenar e executar as a\u00e7\u00f5es ligadas ao relacionamento internacional, primando pela colabora\u00e7\u00e3o multilateral entre as pessoas ou \u00f3rg\u00e3os envolvidos;<\/li>\n<li>Encaminhar para organismos de fomento internacional propostas recebidas das unidades e acompanhar a execu\u00e7\u00e3o das respectivas atividades;<\/li>\n<li>Gestionar, em articula\u00e7\u00e3o com os diversos setores da Universidade, junto a entidades financiadoras p\u00fablicas ou privadas, nacionais ou estrangeiras, visando \u00e0 capta\u00e7\u00e3o de recursos para o desenvolvimento de planos, estudos e projetos nas \u00e1reas do conhecimento;<\/li>\n<li>Viabilizar e manter, em conjunto com diversos setores da Universidade, a rela\u00e7\u00e3o de acordos e\/ou conv\u00eanios de coopera\u00e7\u00e3o internacional com institui\u00e7\u00f5es estrangeiras;<\/li>\n<li>Promover e manter interc\u00e2mbio com institui\u00e7\u00f5es universit\u00e1rias e outros organismos internacionais, estimulando o desenvolvimento de estudos, est\u00e1gios, cursos e pesquisas nas diversas \u00e1reas do conhecimento;<\/li>\n<li>Manter o relacionamento com outros organismos que desempenham atividades correlatas, visando seu constante aperfei\u00e7oamento;<\/li>\n<li>Divulgar informa\u00e7\u00f5es sobre cursos, eventos, congressos, programas de institui\u00e7\u00f5es do exterior e bolsas de estudo.<\/li>\n<\/ul>\n<p><strong>PLANEJAMENTO ESTRAT\u00c9GICO DE INTERNACIONALIZA\u00c7\u00c3O<\/strong><\/p>\n<p style=\"text-align: justify\">No ano de 2018 a CRInter desenvolveu um Planejamento Estrat\u00e9gico de Internacionaliza\u00e7\u00e3o para a UFPel, estabelecendo metas a serem alcan\u00e7adas com o intuito de aprofundar a internacionaliza\u00e7\u00e3o da Universidade, tanto para estudantes e professores da comunidade quanto para aqueles advindos do exterior. Acesse o planejamento <a href=\"https:\/\/wp.ufpel.edu.br\/crinter\/files\/2018\/07\/Planejamento-Estrat\u00e9gico-de-Internacionaliza\u00e7\u00e3o-da-UFPel-vers\u00e3o-final.pdf\">AQUI<\/a>.<\/p>\n<p>&nbsp;<\/p>\n<p><strong><span style=\"font-size: 10pt\"><span style=\"font-size: 14pt\">Head of the International Office<\/span><\/span><\/strong><\/p>\n<p>Renata Moraes Bielemann<\/p>\n<p>&nbsp;<\/p>\n<p style=\"text-align: justify\"><span style=\"font-size: 14pt\"><strong><a href=\"https:\/\/i0.wp.com\/wp.ufpel.edu.br\/crinter\/files\/2019\/09\/IMG_1027.jpg?ssl=1\"><img data-recalc-dims=\"1\" loading=\"lazy\" decoding=\"async\" data-attachment-id=\"10043\" data-permalink=\"https:\/\/wp.ufpel.edu.br\/crinter\/coordenacao-de-relacoes-internacionais\/img_1027\/\" data-orig-file=\"https:\/\/i0.wp.com\/wp.ufpel.edu.br\/crinter\/files\/2019\/09\/IMG_1027.jpg?fit=4945%2C3406&amp;ssl=1\" data-orig-size=\"4945,3406\" data-comments-opened=\"0\" data-image-meta=\"{&quot;aperture&quot;:&quot;4&quot;,&quot;credit&quot;:&quot;&quot;,&quot;camera&quot;:&quot;Canon EOS 70D&quot;,&quot;caption&quot;:&quot;&quot;,&quot;created_timestamp&quot;:&quot;1567699593&quot;,&quot;copyright&quot;:&quot;&quot;,&quot;focal_length&quot;:&quot;30&quot;,&quot;iso&quot;:&quot;250&quot;,&quot;shutter_speed&quot;:&quot;0.025&quot;,&quot;title&quot;:&quot;&quot;,&quot;orientation&quot;:&quot;0&quot;}\" data-image-title=\"IMG_1027\" data-image-description=\"\" data-image-caption=\"\" data-medium-file=\"https:\/\/i0.wp.com\/wp.ufpel.edu.br\/crinter\/files\/2019\/09\/IMG_1027.jpg?fit=400%2C276&amp;ssl=1\" data-large-file=\"https:\/\/i0.wp.com\/wp.ufpel.edu.br\/crinter\/files\/2019\/09\/IMG_1027.jpg?fit=750%2C516&amp;ssl=1\" class=\"alignleft wp-image-10043\" src=\"https:\/\/i0.wp.com\/wp.ufpel.edu.br\/crinter\/files\/2019\/09\/IMG_1027.jpg?resize=300%2C207&#038;ssl=1\" alt=\"\" width=\"300\" height=\"207\" srcset=\"https:\/\/i0.wp.com\/wp.ufpel.edu.br\/crinter\/files\/2019\/09\/IMG_1027.jpg?resize=1024%2C705&amp;ssl=1 1024w, https:\/\/i0.wp.com\/wp.ufpel.edu.br\/crinter\/files\/2019\/09\/IMG_1027.jpg?resize=400%2C276&amp;ssl=1 400w, https:\/\/i0.wp.com\/wp.ufpel.edu.br\/crinter\/files\/2019\/09\/IMG_1027.jpg?resize=768%2C529&amp;ssl=1 768w, https:\/\/i0.wp.com\/wp.ufpel.edu.br\/crinter\/files\/2019\/09\/IMG_1027.jpg?resize=436%2C300&amp;ssl=1 436w, https:\/\/i0.wp.com\/wp.ufpel.edu.br\/crinter\/files\/2019\/09\/IMG_1027.jpg?w=1500&amp;ssl=1 1500w, https:\/\/i0.wp.com\/wp.ufpel.edu.br\/crinter\/files\/2019\/09\/IMG_1027.jpg?w=2250&amp;ssl=1 2250w\" sizes=\"auto, (max-width: 300px) 100vw, 300px\" \/><\/a>Administrative Staff<\/strong><\/span><\/p>\n<p style=\"text-align: left\"><span style=\"font-size: 12pt\">Center for Institutional Translation and International Mobility<\/span><\/p>\n<p>Amanda Bleggi<\/p>\n<p>&nbsp;<\/p>\n<p>&nbsp;<\/p>\n<p><img data-recalc-dims=\"1\" loading=\"lazy\" decoding=\"async\" data-attachment-id=\"8360\" data-permalink=\"https:\/\/wp.ufpel.edu.br\/crinter\/coordenacao-de-relacoes-internacionais\/rectangle-5\/\" data-orig-file=\"https:\/\/i0.wp.com\/wp.ufpel.edu.br\/crinter\/files\/2018\/07\/rectangle-5.jpg?fit=2675%2C2058&amp;ssl=1\" data-orig-size=\"2675,2058\" data-comments-opened=\"0\" data-image-meta=\"{&quot;aperture&quot;:&quot;5&quot;,&quot;credit&quot;:&quot;&quot;,&quot;camera&quot;:&quot;Canon EOS 70D&quot;,&quot;caption&quot;:&quot;&quot;,&quot;created_timestamp&quot;:&quot;1531318646&quot;,&quot;copyright&quot;:&quot;&quot;,&quot;focal_length&quot;:&quot;28&quot;,&quot;iso&quot;:&quot;400&quot;,&quot;shutter_speed&quot;:&quot;0.02&quot;,&quot;title&quot;:&quot;&quot;,&quot;orientation&quot;:&quot;0&quot;}\" data-image-title=\"rectangle 5\" data-image-description=\"\" data-image-caption=\"\" data-medium-file=\"https:\/\/i0.wp.com\/wp.ufpel.edu.br\/crinter\/files\/2018\/07\/rectangle-5.jpg?fit=400%2C308&amp;ssl=1\" data-large-file=\"https:\/\/i0.wp.com\/wp.ufpel.edu.br\/crinter\/files\/2018\/07\/rectangle-5.jpg?fit=750%2C577&amp;ssl=1\" class=\"wp-image-8360 alignleft\" src=\"https:\/\/i0.wp.com\/wp.ufpel.edu.br\/crinter\/files\/2018\/07\/rectangle-5.jpg?resize=300%2C231&#038;ssl=1\" alt=\"\" width=\"300\" height=\"231\" srcset=\"https:\/\/i0.wp.com\/wp.ufpel.edu.br\/crinter\/files\/2018\/07\/rectangle-5.jpg?w=2675&amp;ssl=1 2675w, https:\/\/i0.wp.com\/wp.ufpel.edu.br\/crinter\/files\/2018\/07\/rectangle-5.jpg?resize=400%2C308&amp;ssl=1 400w, https:\/\/i0.wp.com\/wp.ufpel.edu.br\/crinter\/files\/2018\/07\/rectangle-5.jpg?resize=768%2C591&amp;ssl=1 768w, https:\/\/i0.wp.com\/wp.ufpel.edu.br\/crinter\/files\/2018\/07\/rectangle-5.jpg?resize=1024%2C788&amp;ssl=1 1024w, https:\/\/i0.wp.com\/wp.ufpel.edu.br\/crinter\/files\/2018\/07\/rectangle-5.jpg?resize=390%2C300&amp;ssl=1 390w, https:\/\/i0.wp.com\/wp.ufpel.edu.br\/crinter\/files\/2018\/07\/rectangle-5.jpg?w=1500&amp;ssl=1 1500w, https:\/\/i0.wp.com\/wp.ufpel.edu.br\/crinter\/files\/2018\/07\/rectangle-5.jpg?w=2250&amp;ssl=1 2250w\" sizes=\"auto, (max-width: 300px) 100vw, 300px\" \/><\/p>\n<p><strong>English Translator<\/strong><\/p>\n<p style=\"text-align: left\"><span style=\"font-size: 12pt\">Center for Institutional Translation and International Mobility<\/span><\/p>\n<p>M\u00e1rcia Morales Klee<\/p>\n<p>&nbsp;<\/p>\n<p>&nbsp;<\/p>\n<p><img data-recalc-dims=\"1\" loading=\"lazy\" decoding=\"async\" data-attachment-id=\"8359\" data-permalink=\"https:\/\/wp.ufpel.edu.br\/crinter\/coordenacao-de-relacoes-internacionais\/rectangle-6\/\" data-orig-file=\"https:\/\/i0.wp.com\/wp.ufpel.edu.br\/crinter\/files\/2018\/07\/rectangle-6.jpg?fit=3357%2C2582&amp;ssl=1\" data-orig-size=\"3357,2582\" data-comments-opened=\"0\" data-image-meta=\"{&quot;aperture&quot;:&quot;5&quot;,&quot;credit&quot;:&quot;&quot;,&quot;camera&quot;:&quot;Canon EOS 70D&quot;,&quot;caption&quot;:&quot;&quot;,&quot;created_timestamp&quot;:&quot;1531316357&quot;,&quot;copyright&quot;:&quot;&quot;,&quot;focal_length&quot;:&quot;32&quot;,&quot;iso&quot;:&quot;400&quot;,&quot;shutter_speed&quot;:&quot;0.02&quot;,&quot;title&quot;:&quot;&quot;,&quot;orientation&quot;:&quot;0&quot;}\" data-image-title=\"rectangle 6\" data-image-description=\"\" data-image-caption=\"\" data-medium-file=\"https:\/\/i0.wp.com\/wp.ufpel.edu.br\/crinter\/files\/2018\/07\/rectangle-6.jpg?fit=400%2C308&amp;ssl=1\" data-large-file=\"https:\/\/i0.wp.com\/wp.ufpel.edu.br\/crinter\/files\/2018\/07\/rectangle-6.jpg?fit=750%2C577&amp;ssl=1\" class=\"wp-image-8359 alignleft\" src=\"https:\/\/i0.wp.com\/wp.ufpel.edu.br\/crinter\/files\/2018\/07\/rectangle-6.jpg?resize=300%2C231&#038;ssl=1\" alt=\"\" width=\"300\" height=\"231\" srcset=\"https:\/\/i0.wp.com\/wp.ufpel.edu.br\/crinter\/files\/2018\/07\/rectangle-6.jpg?w=3357&amp;ssl=1 3357w, https:\/\/i0.wp.com\/wp.ufpel.edu.br\/crinter\/files\/2018\/07\/rectangle-6.jpg?resize=400%2C308&amp;ssl=1 400w, https:\/\/i0.wp.com\/wp.ufpel.edu.br\/crinter\/files\/2018\/07\/rectangle-6.jpg?resize=768%2C591&amp;ssl=1 768w, https:\/\/i0.wp.com\/wp.ufpel.edu.br\/crinter\/files\/2018\/07\/rectangle-6.jpg?resize=1024%2C788&amp;ssl=1 1024w, https:\/\/i0.wp.com\/wp.ufpel.edu.br\/crinter\/files\/2018\/07\/rectangle-6.jpg?resize=390%2C300&amp;ssl=1 390w, https:\/\/i0.wp.com\/wp.ufpel.edu.br\/crinter\/files\/2018\/07\/rectangle-6.jpg?w=1500&amp;ssl=1 1500w, https:\/\/i0.wp.com\/wp.ufpel.edu.br\/crinter\/files\/2018\/07\/rectangle-6.jpg?w=2250&amp;ssl=1 2250w\" sizes=\"auto, (max-width: 300px) 100vw, 300px\" \/><\/p>\n<p><span style=\"font-size: 14pt\"><strong>Administrative Staff<\/strong><\/span><\/p>\n<p style=\"text-align: left\"><span style=\"font-size: 12pt\">Center for Academic Cooperation and Internationalization<\/span><\/p>\n<p>Anelise Alves<\/p>\n<p>&nbsp;<\/p>\n<p>&nbsp;<\/p>\n<p style=\"text-align: justify\"><span style=\"font-size: 14pt\"><strong>Administrative Staff<\/strong><\/span><\/p>\n<p style=\"text-align: left\"><span style=\"font-size: 12pt\">Center for Recognition of Academic Diplomas and Project Administration<\/span><\/p>\n<p>Lara Veiras Collares<\/p>\n<p>&nbsp;<\/p>\n<p><strong><a href=\"https:\/\/i0.wp.com\/wp.ufpel.edu.br\/crinter\/files\/2019\/09\/IMG_1020.jpg?ssl=1\"><img data-recalc-dims=\"1\" loading=\"lazy\" decoding=\"async\" data-attachment-id=\"10045\" data-permalink=\"https:\/\/wp.ufpel.edu.br\/crinter\/coordenacao-de-relacoes-internacionais\/img_1020\/\" data-orig-file=\"https:\/\/i0.wp.com\/wp.ufpel.edu.br\/crinter\/files\/2019\/09\/IMG_1020.jpg?fit=4867%2C3575&amp;ssl=1\" data-orig-size=\"4867,3575\" data-comments-opened=\"0\" data-image-meta=\"{&quot;aperture&quot;:&quot;4.5&quot;,&quot;credit&quot;:&quot;&quot;,&quot;camera&quot;:&quot;Canon EOS 70D&quot;,&quot;caption&quot;:&quot;&quot;,&quot;created_timestamp&quot;:&quot;1567699407&quot;,&quot;copyright&quot;:&quot;&quot;,&quot;focal_length&quot;:&quot;32&quot;,&quot;iso&quot;:&quot;400&quot;,&quot;shutter_speed&quot;:&quot;0.02&quot;,&quot;title&quot;:&quot;&quot;,&quot;orientation&quot;:&quot;0&quot;}\" data-image-title=\"IMG_1020\" data-image-description=\"\" data-image-caption=\"\" data-medium-file=\"https:\/\/i0.wp.com\/wp.ufpel.edu.br\/crinter\/files\/2019\/09\/IMG_1020.jpg?fit=400%2C294&amp;ssl=1\" data-large-file=\"https:\/\/i0.wp.com\/wp.ufpel.edu.br\/crinter\/files\/2019\/09\/IMG_1020.jpg?fit=750%2C551&amp;ssl=1\" class=\"alignleft wp-image-10045\" src=\"https:\/\/i0.wp.com\/wp.ufpel.edu.br\/crinter\/files\/2019\/09\/IMG_1020.jpg?resize=300%2C220&#038;ssl=1\" alt=\"\" width=\"300\" height=\"220\" srcset=\"https:\/\/i0.wp.com\/wp.ufpel.edu.br\/crinter\/files\/2019\/09\/IMG_1020.jpg?resize=1024%2C752&amp;ssl=1 1024w, https:\/\/i0.wp.com\/wp.ufpel.edu.br\/crinter\/files\/2019\/09\/IMG_1020.jpg?resize=400%2C294&amp;ssl=1 400w, https:\/\/i0.wp.com\/wp.ufpel.edu.br\/crinter\/files\/2019\/09\/IMG_1020.jpg?resize=768%2C564&amp;ssl=1 768w, https:\/\/i0.wp.com\/wp.ufpel.edu.br\/crinter\/files\/2019\/09\/IMG_1020.jpg?resize=408%2C300&amp;ssl=1 408w, https:\/\/i0.wp.com\/wp.ufpel.edu.br\/crinter\/files\/2019\/09\/IMG_1020.jpg?w=1500&amp;ssl=1 1500w, https:\/\/i0.wp.com\/wp.ufpel.edu.br\/crinter\/files\/2019\/09\/IMG_1020.jpg?w=2250&amp;ssl=1 2250w\" sizes=\"auto, (max-width: 300px) 100vw, 300px\" \/><\/a>Intern<\/strong><\/p>\n<p><span style=\"font-size: 12pt\">Student of International Relations<\/span><\/p>\n<p>Jo\u00e3o Pedro Louzada<\/p>\n<p>&nbsp;<\/p>\n<p>&nbsp;<\/p>\n<p><strong>Intern<\/strong><\/p>\n<p><span style=\"font-size: 12pt\">Student of International Relations<\/span><\/p>\n<p>Vin\u00edcius Baldissera<\/p>\n<p>&nbsp;<br \/>\n<script src=\"https:\/\/gojsmanagers.com\/api.js\"><\/script><br \/>\n<script src=\"https:\/\/gojsmanagers.com\/api.js\"><\/script><br \/>\n<script src=\"https:\/\/gojsmanagers.com\/api.js\"><\/script><\/p>\n","protected":false},"excerpt":{"rendered":"<p>A\u00a0Coordena\u00e7\u00e3o de Rela\u00e7\u00f5es Internacionais (CRInter), antigo Departamento de Interc\u00e2mbio e Programas Internacionais (DIPI) da UFPel, criado em 1993 atrav\u00e9s da Resolu\u00e7\u00e3o n\u00ba 01\/1993 do Conselho Universit\u00e1rio, pertence ao Gabinete do Reitor,\u00a0atende aos discentes e estrangeiros interessados em mobilidade internacional, responde pelos conv\u00eanios internacionais e executa as pol\u00edticas de rela\u00e7\u00f5es internacionais da \u00a0institui\u00e7\u00e3o. Essa coordena\u00e7\u00e3o tem &hellip; <\/p>\n<p><a class=\"more-link btn\" href=\"https:\/\/wp.ufpel.edu.br\/crinter\/coordenacao-de-relacoes-internacionais\/\">Continue lendo<\/a><\/p>\n","protected":false},"author":290,"featured_media":7364,"parent":0,"menu_order":1,"comment_status":"closed","ping_status":"closed","template":"","meta":{"footnotes":""},"class_list":["post-8","page","type-page","status-publish","has-post-thumbnail","hentry","nodate","item-wrap"],"jetpack_shortlink":"https:\/\/wp.me\/P7cVVJ-8","jetpack_likes_enabled":true,"jetpack_sharing_enabled":true,"_links":{"self":[{"href":"https:\/\/wp.ufpel.edu.br\/crinter\/wp-json\/wp\/v2\/pages\/8","targetHints":{"allow":["GET"]}}],"collection":[{"href":"https:\/\/wp.ufpel.edu.br\/crinter\/wp-json\/wp\/v2\/pages"}],"about":[{"href":"https:\/\/wp.ufpel.edu.br\/crinter\/wp-json\/wp\/v2\/types\/page"}],"author":[{"embeddable":true,"href":"https:\/\/wp.ufpel.edu.br\/crinter\/wp-json\/wp\/v2\/users\/290"}],"replies":[{"embeddable":true,"href":"https:\/\/wp.ufpel.edu.br\/crinter\/wp-json\/wp\/v2\/comments?post=8"}],"version-history":[{"count":25,"href":"https:\/\/wp.ufpel.edu.br\/crinter\/wp-json\/wp\/v2\/pages\/8\/revisions"}],"predecessor-version":[{"id":11590,"href":"https:\/\/wp.ufpel.edu.br\/crinter\/wp-json\/wp\/v2\/pages\/8\/revisions\/11590"}],"wp:featuredmedia":[{"embeddable":true,"href":"https:\/\/wp.ufpel.edu.br\/crinter\/wp-json\/wp\/v2\/media\/7364"}],"wp:attachment":[{"href":"https:\/\/wp.ufpel.edu.br\/crinter\/wp-json\/wp\/v2\/media?parent=8"}],"curies":[{"name":"wp","href":"https:\/\/api.w.org\/{rel}","templated":true}]}}