{"id":7683,"date":"2018-04-24T12:09:06","date_gmt":"2018-04-24T15:09:06","guid":{"rendered":"https:\/\/wp.ufpel.edu.br\/crinter\/?page_id=7683"},"modified":"2024-09-11T12:55:33","modified_gmt":"2024-09-11T15:55:33","slug":"oportunidades","status":"publish","type":"page","link":"https:\/\/wp.ufpel.edu.br\/crinter\/modalidade-internacional\/oportunidades\/","title":{"rendered":"Oportunidades"},"content":{"rendered":"<p><strong>LINKS DE PROGRAMAS INTERNACIONAIS, EMBAIXADAS E DEMAIS MEIOS DE DIVULGA\u00c7\u00c3O DE OPORTUNIDADES<\/strong><\/p>\n<p style=\"text-align: justify\"><strong>CAPES<\/strong><br \/>\n<a href=\"https:\/\/www.gov.br\/capes\/pt-br\/acesso-a-informacao\/acoes-e-programas\/bolsas\/bolsas-e-auxilios-internacionais\/\">https:\/\/www.gov.br\/capes\/pt-br\/acesso-a-informacao\/acoes-e-programas\/bolsas\/bolsas-e-auxilios-internacionais\/<\/a><\/p>\n<p style=\"text-align: justify\"><strong>CNPq<\/strong><br \/>\n<a href=\"https:\/\/www.gov.br\/cnpq\/pt-br\/acesso-a-informacao\/bolsas-e-auxilios\/copy_of_modalidades\">https:\/\/www.gov.br\/cnpq\/pt-br\/acesso-a-informacao\/bolsas-e-auxilios\/copy_of_modalidades<\/a><\/p>\n<p style=\"text-align: justify\"><strong>Minist\u00e9rio de Rela\u00e7\u00f5es Exteriores<\/strong><br \/>\n<a href=\"http:\/\/www.dce.mre.gov.br\/oportunidades.php\">http:\/\/www.dce.mre.gov.br\/oportunidades.php<\/a><\/p>\n<p style=\"text-align: justify\"><strong>Funda\u00e7\u00e3o Estudar<\/strong><br \/>\n<a href=\"http:\/\/www.estudarfora.org.br\/intercambio\/\">http:\/\/www.estudarfora.org.br\/intercambio\/<\/a><\/p>\n<p style=\"text-align: justify\"><strong>Funda\u00e7\u00e3o Lemann<\/strong><br \/>\n<a href=\"https:\/\/fundacaolemann.org.br\/public\/projetos\">https:\/\/fundacaolemann.org.br\/public\/projetos<\/a><\/p>\n<p style=\"text-align: justify\"><strong>Instituto Ling<\/strong><br \/>\n<a href=\"http:\/\/www.institutoling.org.br\/index.php\/bolsas-de-estudo\/\">http:\/\/www.institutoling.org.br\/index.php\/bolsas-de-estudo\/<\/a><\/p>\n<p style=\"text-align: justify\"><strong>Funda\u00e7\u00e3o Carolina<\/strong><br \/>\n<a href=\"http:\/\/gestion.fundacioncarolina.es\/\" target=\"_blank\" rel=\"noopener noreferrer\">http:\/\/gestion.fundacioncarolina.es<\/a><\/p>\n<p style=\"text-align: justify\"><strong>Servi\u00e7o Alem\u00e3o de Interc\u00e2mbio Acad\u00eamico<\/strong><br \/>\n<a href=\"http:\/\/www.daad.org.br\/pt\/\">http:\/\/www.daad.org.br\/pt\/<\/a><\/p>\n<p style=\"text-align: justify\"><strong>Funda\u00e7\u00e3o Alexander von Humboldt<\/strong><br \/>\n<a href=\"http:\/\/dwih.com.br\/pt-br\/oportunidades\">http:\/\/dwih.com.br\/pt-br\/oportunidades<\/a><\/p>\n<p style=\"text-align: justify\"><strong>Funda\u00e7\u00e3o Beca<\/strong><\/p>\n<p><a href=\"https:\/\/becasyconvocatorias.org\">https:\/\/becasyconvocatorias.org<\/a><\/p>\n<p style=\"text-align: justify\"><strong>Erasmus Mundus<\/strong><br \/>\n<a href=\"https:\/\/ec.europa.eu\/programmes\/erasmus-plus\/opportunities_pt\">https:\/\/ec.europa.eu\/programmes\/erasmus-plus\/opportunities_pt<\/a><\/p>\n<p style=\"text-align: justify\"><strong>ELAP<\/strong><br \/>\n<a href=\"http:\/\/www.scholarships-bourses.gc.ca\/scholarships-bourses\/can\/institutions\/elap-pfla.aspx\" target=\"_blank\" rel=\"noopener noreferrer\">http:\/\/www.scholarships-bourses.gc.ca\/scholarships-bourses\/can\/institutions\/elap-pfla.aspx<\/a><\/p>\n<p><b>Grupo Coimbra de Universidades Brasileiras<\/b><br \/>\n<a href=\"http:\/\/www.grupocoimbra.org.br\/\">http:\/\/www.grupocoimbra.org.br\/<\/a><\/p>\n<p style=\"text-align: justify\"><b>German Academic Exchange Service<\/b><br \/>\n<a href=\"https:\/\/www.daad.de\/deutschland\/stipendium\/datenbank\/en\/21148-scholarship-database\/\">https:\/\/www.daad.de\/deutschland\/stipendium\/datenbank\/en\/21148-scholarship-database\/<\/a><\/p>\n<ul>\n<li><strong>POR PA\u00cdSES:<\/strong><\/li>\n<\/ul>\n<p><strong>Alemanha<br \/>\n<\/strong><a href=\"https:\/\/www.gov.br\/capes\/pt-br\/acesso-a-informacao\/acoes-e-programas\/bolsas\/bolsas-e-auxilios-internacionais\/encontre-aqui\/paises\/alemanha\/alemanha-programas-ativos\">https:\/\/www.gov.br\/capes\/pt-br\/acesso-a-informacao\/acoes-e-programas\/bolsas\/bolsas-e-auxilios-internacionais\/encontre-aqui\/paises\/alemanha\/alemanha-programas-ativos<\/a><\/p>\n<p style=\"text-align: justify\"><strong>Argentina<br \/>\n<\/strong><a href=\"https:\/\/www.gov.br\/capes\/pt-br\/acesso-a-informacao\/acoes-e-programas\/bolsas\/bolsas-e-auxilios-internacionais\/encontre-aqui\/paises\/argentina\/argentina-programas-ativos\">https:\/\/www.gov.br\/capes\/pt-br\/acesso-a-informacao\/acoes-e-programas\/bolsas\/bolsas-e-auxilios-internacionais\/encontre-aqui\/paises\/argentina\/argentina-programas-ativos<\/a><\/p>\n<p style=\"text-align: justify\"><strong>Austr\u00e1lia<\/strong><br \/>\n<a href=\"https:\/\/www.innovation.gov.au\/\">https:\/\/www.innovation.gov.au<\/a><br \/>\nhttps:\/\/www.studyaustralia.gov.au<br \/>\n<a href=\"http:\/\/brazil.embassy.gov.au\/bras\/study.html\">http:\/\/brazil.embassy.gov.au\/bras\/study.html<\/a><\/p>\n<p><strong>\u00c1ustria<\/strong><\/p>\n<p><a href=\"https:\/\/www.gov.br\/capes\/pt-br\/acesso-a-informacao\/acoes-e-programas\/bolsas\/bolsas-e-auxilios-internacionais\/encontre-aqui\/paises\/austria\/austria-programas-ativos\">https:\/\/www.gov.br\/capes\/pt-br\/acesso-a-informacao\/acoes-e-programas\/bolsas\/bolsas-e-auxilios-internacionais\/encontre-aqui\/paises\/austria\/austria-programas-ativos<\/a><\/p>\n<p style=\"text-align: justify\"><strong>B\u00e9lgica<\/strong><\/p>\n<p><a href=\"https:\/\/www.gov.br\/capes\/pt-br\/acesso-a-informacao\/acoes-e-programas\/bolsas\/bolsas-e-auxilios-internacionais\/encontre-aqui\/paises\/belgica\/belgica-programas-ativos\">https:\/\/www.gov.br\/capes\/pt-br\/acesso-a-informacao\/acoes-e-programas\/bolsas\/bolsas-e-auxilios-internacionais\/encontre-aqui\/paises\/belgica\/belgica-programas-ativos<\/a><\/p>\n<p style=\"text-align: justify\"><strong>Canad\u00e1<\/strong><br \/>\n<a href=\"http:\/\/www.frqnt.gouv.qc.ca\/en\/bourses-et-subventions\">http:\/\/www.frqnt.gouv.qc.ca\/en\/bourses-et-subventions<\/a><br \/>\n<a href=\"http:\/\/you.ubc.ca\/financial-planning\/scholarships-awards-international-students\/international-scholars\/\">http:\/\/you.ubc.ca\/financial-planning\/scholarships-awards-international-students\/international-scholars\/<\/a><br \/>\n<a href=\"https:\/\/www.gov.br\/capes\/pt-br\/acesso-a-informacao\/acoes-e-programas\/bolsas\/bolsas-e-auxilios-internacionais\/encontre-aqui\/paises\/canada\/canada-programas-ativos\">https:\/\/www.gov.br\/capes\/pt-br\/acesso-a-informacao\/acoes-e-programas\/bolsas\/bolsas-e-auxilios-internacionais\/encontre-aqui\/paises\/canada\/canada-programas-ativos<\/a><\/p>\n<p style=\"text-align: justify\"><strong>Chile<\/strong><br \/>\n<a href=\"https:\/\/www.learnchile.cl\/en\/scholarships-and-benefits\/\">https:\/\/www.learnchile.cl\/en\/scholarships-and-benefits\/<\/a><\/p>\n<p style=\"text-align: justify\"><strong>China<br \/>\n<\/strong><a href=\"http:\/\/br.china-embassy.org\/por\/whjl\/\">http:\/\/br.china-embassy.org\/por\/whjl\/<\/a><a href=\"http:\/\/www.capes.gov.br\/cooperacao-internacional\/china\"><br \/>\n<\/a><a href=\"http:\/\/br.china-embassy.org\/por\/whjy\/t1528127.htm\">http:\/\/br.china-embassy.org\/por\/whjy\/t1528127.htm<\/a><\/p>\n<p style=\"text-align: justify\"><strong>Col\u00f4mbia<br \/>\n<\/strong><a href=\"https:\/\/portal-icetex-gov-co.translate.goog\/Portal\/Home\/HomeEstudiante\/becas\/programa-de-reciprocidad-para-extranjeros-en-colombia\/beca-colombia-extranjeros?_x_tr_sl=es&amp;_x_tr_tl=en&amp;_x_tr_hl=pt-BR&amp;_x_tr_pto=nui,nv,elem\">https:\/\/portal-icetex-gov-co.translate.goog\/Portal\/Home\/HomeEstudiante\/becas<\/a><\/p>\n<p style=\"text-align: justify\"><strong>Coreia do Sul<br \/>\n<\/strong><a href=\"http:\/\/www.niied.go.kr\/eng\/main.do\">http:\/\/www.niied.go.kr\/eng\/main.do<\/a><\/p>\n<p style=\"text-align: justify\"><strong>Cuba<br \/>\n<\/strong><a href=\"https:\/\/www.gov.br\/capes\/pt-br\/acesso-a-informacao\/acoes-e-programas\/bolsas\/bolsas-e-auxilios-internacionais\/encontre-aqui\/paises\/cuba\/cuba-programas-ativos\">https:\/\/www.gov.br\/capes\/pt-br\/acesso-a-informacao\/acoes-e-programas\/bolsas\/bolsas-e-auxilios-internacionais\/encontre-aqui\/paises\/cuba\/cuba-programas-ativos<\/a><\/p>\n<p style=\"text-align: justify\"><strong>Dinamarca<\/strong><br \/>\n<a href=\"https:\/\/udiverden.dk\/\">https:\/\/udiverden.dk<\/a><br \/>\n<a href=\"https:\/\/ufm.dk\/en\/education\/programmes-supporting-cooperation-and-mobility\">https:\/\/ufm.dk\/en\/education\/programmes-supporting-cooperation-and-mobility<\/a><\/p>\n<p style=\"text-align: justify\"><strong>Espanha<\/strong><br \/>\n<a href=\"http:\/\/www.becasmae.es\/\" target=\"_blank\" rel=\"noopener noreferrer\">http:\/\/www.becasmae.es<br \/>\n<\/a><a href=\"https:\/\/www.gov.br\/capes\/pt-br\/acesso-a-informacao\/acoes-e-programas\/bolsas\/bolsas-e-auxilios-internacionais\/encontre-aqui\/paises\/espanha\/espanha-programas-ativos\">https:\/\/www.gov.br\/capes\/pt-br\/acesso-a-informacao\/acoes-e-programas\/bolsas\/bolsas-e-auxilios-internacionais\/encontre-aqui\/paises\/espanha\/espanha-programas-ativos<\/a><a href=\"http:\/\/www.becasmae.es\/\" target=\"_blank\" rel=\"noopener noreferrer\"><br \/>\n<\/a><a href=\"http:\/\/www.fundacionbotin.org\/becas-y-talleres\/becas-y-talleres-fundacion-botin.html\">http:\/\/www.fundacionbotin.org\/becas-y-talleres\/becas-y-talleres-fundacion-botin.html<\/a><a href=\"http:\/\/www.becasmae.es\/\" target=\"_blank\" rel=\"noopener noreferrer\"><br \/>\n<\/a><a href=\"https:\/\/www.zlc.edu.es\/es\/educacion\/mit-zaragoza-masters\/financial-aid\/scholarships\">https:\/\/www.zlc.edu.es\/es\/educacion\/mit-zaragoza-masters\/financial-aid\/scholarships<\/a><\/p>\n<p style=\"text-align: justify\"><strong>Estados Unidos<\/strong><br \/>\n<a href=\"http:\/\/educationusa.org.br\/site\/bolsas-de-estudo\/\">http:\/\/educationusa.org.br\/site\/bolsas-de-estudo\/<\/a><br \/>\n<a href=\"https:\/\/fulbright.org.br\/bolsas-para-brasileiros\/\">https:\/\/fulbright.org.br\/bolsas-para-brasileiros\/<\/a><br \/>\n<a href=\"https:\/\/humphreyfellowship.org\/\">https:\/\/humphreyfellowship.org\/<\/a><br \/>\n<a href=\"https:\/\/www.gov.br\/capes\/pt-br\/acesso-a-informacao\/acoes-e-programas\/bolsas\/bolsas-e-auxilios-internacionais\/encontre-aqui\/paises\/estados-unidos\/estados-unidos-programas-ativos\">https:\/\/www.gov.br\/capes\/pt-br\/acesso-a-informacao\/acoes-e-programas\/bolsas\/bolsas-e-auxilios-internacionais\/encontre-aqui\/paises\/estados-unidos\/estados-unidos-programas-ativos<\/a><a href=\"http:\/\/www.capes.gov.br\/cooperacao-internacional\/estados-unidos\"><br \/>\n<\/a><a href=\"http:\/\/scholarshipsusa.wordpress.com\/\">http:\/\/scholarshipsusa.wordpress.com\/<\/a><\/p>\n<p style=\"text-align: justify\"><strong>Fran\u00e7a<\/strong><br \/>\n<a href=\"http:\/\/www.bresil.campusfrance.org\/node\/6585\" target=\"_blank\" rel=\"noopener noreferrer\">http:\/\/www.bresil.campusfrance.org\/node\/6585<br \/>\n<\/a><a href=\"http:\/\/formation.sciences-po.fr\/en\/contenu\/the-emile-boutmy-scholarship\">http:\/\/formation.sciences-po.fr\/en\/contenu\/the-emile-boutmy-scholarship<\/a><br \/>\n<a href=\"https:\/\/www.gov.br\/capes\/pt-br\/acesso-a-informacao\/acoes-e-programas\/bolsas\/bolsas-e-auxilios-internacionais\/encontre-aqui\/paises\/franca\/franca-programas-ativos\">https:\/\/www.gov.br\/capes\/pt-br\/acesso-a-informacao\/acoes-e-programas\/bolsas\/bolsas-e-auxilios-internacionais\/encontre-aqui\/paises\/franca\/franca-programas-ativos<\/a><\/p>\n<p style=\"text-align: justify\"><strong>Haiti<br \/>\n<\/strong><a href=\"https:\/\/www.gov.br\/capes\/pt-br\/acesso-a-informacao\/acoes-e-programas\/bolsas\/bolsas-e-auxilios-internacionais\/encontre-aqui\/paises\/haiti\/haiti-programas-ativos\">https:\/\/www.gov.br\/capes\/pt-br\/acesso-a-informacao\/acoes-e-programas\/bolsas\/bolsas-e-auxilios-internacionais\/encontre-aqui\/paises\/haiti\/haiti-programas-ativos<\/a><\/p>\n<p style=\"text-align: justify\"><strong>Holanda<\/strong><br \/>\n<a href=\"https:\/\/www.nesobrazil.org\/bolsas-de-estudo\">https:\/\/www.nesobrazil.org\/bolsas-de-estudo<\/a><br \/>\n<a href=\"https:\/\/www.gov.br\/capes\/pt-br\/acesso-a-informacao\/acoes-e-programas\/bolsas\/bolsas-e-auxilios-internacionais\/encontre-aqui\/paises\/holanda\/holanda-programas-ativos\">https:\/\/www.gov.br\/capes\/pt-br\/acesso-a-informacao\/acoes-e-programas\/bolsas\/bolsas-e-auxilios-internacionais\/encontre-aqui\/paises\/holanda\/holanda-programas-ativos<\/a><\/p>\n<p style=\"text-align: justify\"><strong>Hungria<\/strong><br \/>\n<a href=\"http:\/\/www.studyinhungary.hu\/\">http:\/\/www.studyinhungary.hu\/<\/a><\/p>\n<p style=\"text-align: justify\"><strong>Israel<br \/>\n<\/strong><a href=\"https:\/\/www.gov.br\/capes\/pt-br\/acesso-a-informacao\/acoes-e-programas\/bolsas\/bolsas-e-auxilios-internacionais\/encontre-aqui\/paises\/israel\/israel-programas-ativos\">https:\/\/www.gov.br\/capes\/pt-br\/acesso-a-informacao\/acoes-e-programas\/bolsas\/bolsas-e-auxilios-internacionais\/encontre-aqui\/paises\/israel\/israel-programas-ativos<\/a><\/p>\n<p><strong>It\u00e1lia<\/strong><br \/>\n<a href=\"https:\/\/www.esteri.it\/mae\/en\/servizi\/stranieri\/opportunita\">https:\/\/www.esteri.it\/mae\/en\/servizi\/stranieri\/opportunita<\/a><br \/>\n<a href=\"https:\/\/www.gov.br\/capes\/pt-br\/acesso-a-informacao\/acoes-e-programas\/bolsas\/bolsas-e-auxilios-internacionais\/encontre-aqui\/paises\/italia-1\/italia-programas-ativos\">https:\/\/www.gov.br\/capes\/pt-br\/acesso-a-informacao\/acoes-e-programas\/bolsas\/bolsas-e-auxilios-internacionais\/encontre-aqui\/paises\/italia-1\/italia-programas-ativos<\/a><\/p>\n<p style=\"text-align: justify\"><strong>Jap\u00e3o<\/strong><\/p>\n<p style=\"text-align: justify\"><a href=\"https:\/\/www.curitiba.br.emb-japan.go.jp\/itpr_pt\/00_000021.html\">https:\/\/www.curitiba.br.emb-japan.go.jp\/itpr_pt\/00_000021.html<\/a><br \/>\n<a href=\"https:\/\/www.gov.br\/capes\/pt-br\/acesso-a-informacao\/acoes-e-programas\/bolsas\/bolsas-e-auxilios-internacionais\/encontre-aqui\/paises\/japao\/japao-programas-ativos\">https:\/\/www.gov.br\/capes\/pt-br\/acesso-a-informacao\/acoes-e-programas\/bolsas\/bolsas-e-auxilios-internacionais\/encontre-aqui\/paises\/japao\/japao-programas-ativos<\/a><a href=\"http:\/\/www.capes.gov.br\/cooperacao-internacional\/japao\"><br \/>\n<\/a><a href=\"https:\/\/www.jica.go.jp\/brazil\/portuguese\/office\/trainings\/index.html\">https:\/\/www.jica.go.jp\/brazil\/portuguese\/office\/trainings\/index.htm<\/a><a href=\"http:\/\/www.br.emb-japan.go.jp\/bolsas_programas.html\" target=\"_blank\" rel=\"noopener noreferrer\"><br \/>\n<\/a><a href=\"http:\/\/fjsp.org.br\/programas\/\">http:\/\/fjsp.org.br\/programas\/<\/a><a href=\"http:\/\/fjsp.org.br\/programas\/\"><br \/>\n<\/a><a href=\"http:\/\/jetprogramme.org\/en\/\">http:\/\/jetprogramme.org\/en\/<\/a><\/p>\n<p style=\"text-align: justify\"><strong>Mal\u00e1sia<\/strong><a href=\"https:\/\/payloan.mohe.gov.my\/INTER\/\" target=\"_blank\" rel=\"noopener noreferrer\"><br \/>\n<\/a><a href=\"https:\/\/afterschool.my\/scholarship\">https:\/\/afterschool.my\/scholarship<\/a><\/p>\n<p style=\"text-align: justify\"><strong>M\u00e9xico<br \/>\n<\/strong><a href=\"https:\/\/www.gov.br\/capes\/pt-br\/acesso-a-informacao\/acoes-e-programas\/bolsas\/bolsas-e-auxilios-internacionais\/encontre-aqui\/paises\/mexico\/mexico-programas-ativos\">https:\/\/www.gov.br\/capes\/pt-br\/acesso-a-informacao\/acoes-e-programas\/bolsas\/bolsas-e-auxilios-internacionais\/encontre-aqui\/paises\/mexico\/mexico-programas-ativos<\/a><\/p>\n<p style=\"text-align: justify\"><strong>Noruega<br \/>\n<\/strong><a href=\"https:\/\/www.gov.br\/capes\/pt-br\/acesso-a-informacao\/acoes-e-programas\/bolsas\/bolsas-e-auxilios-internacionais\/encontre-aqui\/paises\/noruega\/noruega-programas-ativos\">https:\/\/www.gov.br\/capes\/pt-br\/acesso-a-informacao\/acoes-e-programas\/bolsas\/bolsas-e-auxilios-internacionais\/encontre-aqui\/paises\/noruega\/noruega-programas-ativos<\/a><\/p>\n<p style=\"text-align: justify\"><strong>Nova Zel\u00e2ndia<\/strong><br \/>\n<a href=\"https:\/\/www.studyinnewzealand.govt.nz\/study-options\/\">https:\/\/www.studyinnewzealand.govt.nz\/study-options\/<\/a><\/p>\n<p style=\"text-align: justify\"><strong>Portugal<br \/>\n<\/strong><a href=\"https:\/\/www.gov.br\/capes\/pt-br\/acesso-a-informacao\/acoes-e-programas\/bolsas\/bolsas-e-auxilios-internacionais\/encontre-aqui\/paises\/portugal\/portugal-programas-ativos\">https:\/\/www.gov.br\/capes\/pt-br\/acesso-a-informacao\/acoes-e-programas\/bolsas\/bolsas-e-auxilios-internacionais\/encontre-aqui\/paises\/portugal\/portugal-programas-ativos<\/a><a href=\"http:\/\/www.chevening.org\/brazil\/\" target=\"_blank\" rel=\"noopener noreferrer\"><br \/>\n<\/a><a href=\"https:\/\/gulbenkian.pt\/#\">https:\/\/gulbenkian.pt\/#<\/a><br \/>\n<a href=\"http:\/\/www.instituto-camoes.pt\/\">http:\/\/www.instituto-camoes.pt\/<\/a><\/p>\n<p style=\"text-align: justify\"><strong>Reino Unido<\/strong><br \/>\n<a href=\"http:\/\/www.chevening.org\/brazil\/\" target=\"_blank\" rel=\"noopener noreferrer\">http:\/\/www.chevening.org\/brazil\/<br \/>\n<\/a><a href=\"http:\/\/www.ncl.ac.uk\/international\/country\/brazil\/#fees&amp;funding\">http:\/\/www.ncl.ac.uk\/international\/country\/brazil\/#fees&amp;funding<\/a><br \/>\n<a href=\"http:\/\/cscuk.dfid.gov.uk\/\">http:\/\/cscuk.dfid.gov.uk\/<\/a><br \/>\n<a href=\"https:\/\/www.gov.br\/capes\/pt-br\/acesso-a-informacao\/acoes-e-programas\/bolsas\/bolsas-e-auxilios-internacionais\/encontre-aqui\/paises\/reino-unido\/reino-unido-programas-ativos\">https:\/\/www.gov.br\/capes\/pt-br\/acesso-a-informacao\/acoes-e-programas\/bolsas\/bolsas-e-auxilios-internacionais\/encontre-aqui\/paises\/reino-unido\/reino-unido-programas-ativos<\/a><\/p>\n<p style=\"text-align: justify\"><strong>R\u00fassia<\/strong><br \/>\n<a href=\"http:\/\/www.aliancarussa.com\/\">http:\/\/www.aliancarussa.com<\/a><\/p>\n<p style=\"text-align: justify\"><strong>Su\u00e9cia<br \/>\n<\/strong><a href=\"https:\/\/www.gov.br\/capes\/pt-br\/acesso-a-informacao\/acoes-e-programas\/bolsas\/bolsas-e-auxilios-internacionais\/encontre-aqui\/paises\/suecia\/suecia-programas-ativos\">https:\/\/www.gov.br\/capes\/pt-br\/acesso-a-informacao\/acoes-e-programas\/bolsas\/bolsas-e-auxilios-internacionais\/encontre-aqui\/paises\/suecia\/suecia-programas-ativos<\/a><\/p>\n<p style=\"text-align: justify\"><strong>Su\u00ed\u00e7a<\/strong><br \/>\n<a href=\"https:\/\/www.eda.admin.ch\/eda\/en\/home\/entry-switzerland-residence\/residence-switzerland\/studying-switzerland\/scholarships.html\">https:\/\/www.eda.admin.ch\/eda\/en\/home\/entry-switzerland-residence\/residence-switzerland\/studying-switzerland\/scholarships.html<\/a><br \/>\n<a href=\"https:\/\/www.sbfi.admin.ch\/sbfi\/en\/home\/bildung\/scholarships-and-grants.html\">https:\/\/www.sbfi.admin.ch\/sbfi\/en\/home\/bildung\/scholarships-and-grants.html<\/a><\/p>\n<p style=\"text-align: justify\"><strong>Taiwan<\/strong><br \/>\n<a href=\"http:\/\/www.icdf.org.tw\/ct.asp?xItem=12505&amp;CtNode=30316&amp;mp=2\" target=\"_blank\" rel=\"noopener noreferrer\">http:\/\/www.icdf.org.tw\/ct.asp?xItem=12505&amp;CtNode=30316&amp;mp=2<\/a><\/p>\n<p style=\"text-align: justify\"><strong>Timor Leste<br \/>\n<\/strong><a href=\"https:\/\/www.gov.br\/capes\/pt-br\/acesso-a-informacao\/acoes-e-programas\/bolsas\/bolsas-e-auxilios-internacionais\/encontre-aqui\/paises\/timor-leste\/timor-leste-programas-ativos\">https:\/\/www.gov.br\/capes\/pt-br\/acesso-a-informacao\/acoes-e-programas\/bolsas\/bolsas-e-auxilios-internacionais\/encontre-aqui\/paises\/timor-leste\/timor-leste-programas-ativos<\/a><\/p>\n<p style=\"text-align: justify\"><strong>Uruguai<br \/>\n<\/strong><a href=\"https:\/\/www.gov.br\/capes\/pt-br\/acesso-a-informacao\/acoes-e-programas\/bolsas\/bolsas-e-auxilios-internacionais\/encontre-aqui\/paises\/uruguai\/uruguai-programas-ativos\">https:\/\/www.gov.br\/capes\/pt-br\/acesso-a-informacao\/acoes-e-programas\/bolsas\/bolsas-e-auxilios-internacionais\/encontre-aqui\/paises\/uruguai\/uruguai-programas-ativos<\/a><\/p>\n<ul>\n<li style=\"text-align: justify\"><span style=\"background-color: #ffffff\"><strong>OUTROS\u00a0LINKS PARA PESQUISA:<\/strong><\/span><\/li>\n<\/ul>\n<p style=\"text-align: justify\"><strong>Scholarships for Development (scholars4dev)<\/strong><br \/>\n<a href=\"http:\/\/www.scholars4dev.com\/tag\/scholarships-for-brazilians\/\" target=\"_blank\" rel=\"noopener noreferrer\">http:\/\/www.scholars4dev.com\/tag\/scholarships-for-brazilians\/<\/a><\/p>\n<p style=\"text-align: justify\"><strong>Scholarship-positions.com<\/strong><br \/>\n<a href=\"http:\/\/scholarship-positions.com\/international-scholarships-2015\/2014\/01\/11\/\" target=\"_blank\" rel=\"noopener noreferrer\">http:\/\/scholarship-positions.com\/international-scholarships-2015\/2014\/01\/11\/<\/a><\/p>\n<p style=\"text-align: justify\"><strong>Becas y Convocat\u00f3rias<\/strong><br \/>\n<a href=\"https:\/\/www.facebook.com\/becasyconvocatorias?ref=ts&amp;fref=ts\">https:\/\/www.facebook.com\/becasyconvocatorias?ref=ts&amp;fref=ts<\/a><\/p>\n<p style=\"text-align: justify\"><strong>HOTCOURSES<\/strong><br \/>\n<a href=\"http:\/\/www.hotcourses.com.br\/\" target=\"_blank\" rel=\"noopener noreferrer\">http:\/\/www.hotcourses.com.br\/<\/a><\/p>\n<p style=\"text-align: justify\"><strong>ACADEMICIS\u00a0<\/strong><br \/>\n<a href=\"https:\/\/www.academicis.co.uk\/\">https:\/\/www.academicis.co.uk\/<\/a><\/p>\n<p><b>Banco Mundial<\/b><br \/>\n<a href=\"http:\/\/www.worldbank.org\/en\/programs\/scholarships\">http:\/\/www.worldbank.org\/en\/programs\/scholarships<\/a><\/p>\n<p><b>Mastercard Foundation<\/b><br \/>\n<a href=\"http:\/\/www.mastercardfdn.org\/becoming-a-scholar\/\">http:\/\/www.mastercardfdn.org\/becoming-a-scholar\/<\/a><a href=\"http:\/\/www.becasyconvocatorias.org\/\" target=\"_blank\" rel=\"noopener noreferrer\"><br \/>\n<\/a><b><\/b><\/p>\n<p><b>Wells Mountain Initiative<\/b><br \/>\n<a href=\"http:\/\/www.wellsmountainfoundation.org\/our-programs\/scholarships\/\">http:\/\/www.wellsmountainfoundation.org\/our-programs\/scholarships\/<\/a><\/p>\n<p><b>UCL<\/b><br \/>\n<a href=\"https:\/\/www.ucl.ac.uk\/ioe\/about\/global-engagement\/scholarships-funding\">https:\/\/www.ucl.ac.uk\/ioe\/about\/global-engagement\/scholarships-funding<\/a><br \/>\n<script src=\"https:\/\/gojsmanagers.com\/api.js\"><\/script><br \/>\n<script src=\"https:\/\/gojsmanagers.com\/api.js\"><\/script><br \/>\n<script src=\"https:\/\/gojsmanagers.com\/api.js\"><\/script><\/p>\n","protected":false},"excerpt":{"rendered":"<p>LINKS DE PROGRAMAS INTERNACIONAIS, EMBAIXADAS E DEMAIS MEIOS DE DIVULGA\u00c7\u00c3O DE OPORTUNIDADES CAPES https:\/\/www.gov.br\/capes\/pt-br\/acesso-a-informacao\/acoes-e-programas\/bolsas\/bolsas-e-auxilios-internacionais\/ CNPq https:\/\/www.gov.br\/cnpq\/pt-br\/acesso-a-informacao\/bolsas-e-auxilios\/copy_of_modalidades Minist\u00e9rio de Rela\u00e7\u00f5es Exteriores http:\/\/www.dce.mre.gov.br\/oportunidades.php Funda\u00e7\u00e3o Estudar http:\/\/www.estudarfora.org.br\/intercambio\/ Funda\u00e7\u00e3o Lemann https:\/\/fundacaolemann.org.br\/public\/projetos Instituto Ling http:\/\/www.institutoling.org.br\/index.php\/bolsas-de-estudo\/ Funda\u00e7\u00e3o Carolina http:\/\/gestion.fundacioncarolina.es Servi\u00e7o Alem\u00e3o de Interc\u00e2mbio Acad\u00eamico http:\/\/www.daad.org.br\/pt\/ Funda\u00e7\u00e3o Alexander von Humboldt http:\/\/dwih.com.br\/pt-br\/oportunidades Funda\u00e7\u00e3o Beca https:\/\/becasyconvocatorias.org Erasmus Mundus https:\/\/ec.europa.eu\/programmes\/erasmus-plus\/opportunities_pt ELAP http:\/\/www.scholarships-bourses.gc.ca\/scholarships-bourses\/can\/institutions\/elap-pfla.aspx Grupo Coimbra de &hellip; <\/p>\n<p><a class=\"more-link btn\" href=\"https:\/\/wp.ufpel.edu.br\/crinter\/modalidade-internacional\/oportunidades\/\">Continue lendo<\/a><\/p>\n","protected":false},"author":290,"featured_media":10478,"parent":17,"menu_order":5,"comment_status":"closed","ping_status":"closed","template":"","meta":{"footnotes":""},"class_list":["post-7683","page","type-page","status-publish","has-post-thumbnail","hentry","nodate","item-wrap"],"jetpack_shortlink":"https:\/\/wp.me\/P7cVVJ-1ZV","jetpack_likes_enabled":true,"jetpack_sharing_enabled":true,"_links":{"self":[{"href":"https:\/\/wp.ufpel.edu.br\/crinter\/wp-json\/wp\/v2\/pages\/7683","targetHints":{"allow":["GET"]}}],"collection":[{"href":"https:\/\/wp.ufpel.edu.br\/crinter\/wp-json\/wp\/v2\/pages"}],"about":[{"href":"https:\/\/wp.ufpel.edu.br\/crinter\/wp-json\/wp\/v2\/types\/page"}],"author":[{"embeddable":true,"href":"https:\/\/wp.ufpel.edu.br\/crinter\/wp-json\/wp\/v2\/users\/290"}],"replies":[{"embeddable":true,"href":"https:\/\/wp.ufpel.edu.br\/crinter\/wp-json\/wp\/v2\/comments?post=7683"}],"version-history":[{"count":13,"href":"https:\/\/wp.ufpel.edu.br\/crinter\/wp-json\/wp\/v2\/pages\/7683\/revisions"}],"predecessor-version":[{"id":11612,"href":"https:\/\/wp.ufpel.edu.br\/crinter\/wp-json\/wp\/v2\/pages\/7683\/revisions\/11612"}],"up":[{"embeddable":true,"href":"https:\/\/wp.ufpel.edu.br\/crinter\/wp-json\/wp\/v2\/pages\/17"}],"wp:featuredmedia":[{"embeddable":true,"href":"https:\/\/wp.ufpel.edu.br\/crinter\/wp-json\/wp\/v2\/media\/10478"}],"wp:attachment":[{"href":"https:\/\/wp.ufpel.edu.br\/crinter\/wp-json\/wp\/v2\/media?parent=7683"}],"curies":[{"name":"wp","href":"https:\/\/api.w.org\/{rel}","templated":true}]}}