{"id":7132,"date":"2018-03-16T10:42:53","date_gmt":"2018-03-16T13:42:53","guid":{"rendered":"https:\/\/wp.ufpel.edu.br\/crinter\/?page_id=7132"},"modified":"2024-09-11T12:54:04","modified_gmt":"2024-09-11T15:54:04","slug":"acordos-de-cotutela","status":"publish","type":"page","link":"https:\/\/wp.ufpel.edu.br\/crinter\/convenios-internacionais\/acordos-vigentes\/acordos-de-cotutela\/","title":{"rendered":"Acordos de cotutela"},"content":{"rendered":"<p><span style=\"font-size: 18pt\">Hist\u00f3rico de Acordos de Cotutela:<\/span><\/p>\n<table style=\"height: 460px\" width=\"1380\">\n<tbody>\n<tr style=\"height: 45px\">\n<td style=\"width: 157px;height: 45px\" width=\"54\"><strong>ANO<\/strong><\/td>\n<td style=\"width: 363px;height: 45px\" width=\"190\"><strong>PPG<\/strong><\/td>\n<td style=\"width: 331px;height: 45px\" width=\"138\"><strong>UNIVERSIDADE<\/strong><\/td>\n<td style=\"width: 263px;height: 45px\" width=\"138\"><strong>ALUNO<\/strong><\/td>\n<td style=\"width: 264px;height: 45px\" width=\"138\"><strong>PA\u00cdS<\/strong><\/td>\n<\/tr>\n<tr style=\"height: 45px\">\n<td style=\"width: 157px;height: 45px\" width=\"54\">2015<\/td>\n<td style=\"width: 363px;height: 45px\" width=\"190\">PPG em Enfermagem<\/td>\n<td style=\"width: 331px;height: 45px\" width=\"138\">Universidade de Alicante<\/td>\n<td style=\"width: 263px;height: 45px\" width=\"138\">Silvana Ceolin<\/td>\n<td style=\"width: 264px;height: 45px\" width=\"138\">Espanha<\/td>\n<\/tr>\n<tr style=\"height: 70px\">\n<td style=\"width: 157px;height: 70px\" width=\"54\">2016<\/td>\n<td style=\"width: 363px;height: 70px\" width=\"190\">PPG em Mem\u00f3ria Social e Patrim\u00f4nio Cultural<\/td>\n<td style=\"width: 331px;height: 70px\" width=\"138\">Universidade do Porto<\/td>\n<td style=\"width: 263px;height: 70px\" width=\"138\">Francine Morales Tavares Ribeiro<\/td>\n<td style=\"width: 264px;height: 70px\" width=\"138\">Portugal<\/td>\n<\/tr>\n<tr style=\"height: 70px\">\n<td style=\"width: 157px;height: 70px\" width=\"54\">2016<\/td>\n<td style=\"width: 363px;height: 70px\" width=\"190\">PPG em Ci\u00eancia e Engenharia de Materiais<\/td>\n<td style=\"width: 331px;height: 70px\" width=\"138\">Universidad del Pais Vasco<\/td>\n<td style=\"width: 263px;height: 70px\" width=\"138\">Ananda Morais Barbosa<\/td>\n<td style=\"width: 264px;height: 70px\" width=\"138\">Espanha<\/td>\n<\/tr>\n<tr style=\"height: 70px\">\n<td style=\"width: 157px;height: 70px\" width=\"54\">2016<\/td>\n<td style=\"width: 363px;height: 70px\" width=\"190\">PPG em Ci\u00eancia e Engenharia de Materiais<\/td>\n<td style=\"width: 331px;height: 70px\" width=\"138\">Silesian University of Technology<\/td>\n<td style=\"width: 263px;height: 70px\" width=\"138\">Natalia Hadler Marins<\/td>\n<td style=\"width: 264px;height: 70px\" width=\"138\">Pol\u00f4nia<\/td>\n<\/tr>\n<tr style=\"height: 70px\">\n<td style=\"width: 157px;height: 70px\" width=\"54\">2016<\/td>\n<td style=\"width: 363px;height: 70px\" width=\"190\">PPG em Ci\u00eancia e Engenharia de Materiais<\/td>\n<td style=\"width: 331px;height: 70px\" width=\"138\">Silesian University of Technology<\/td>\n<td style=\"width: 263px;height: 70px\" width=\"138\">Ricardo Marques<\/td>\n<td style=\"width: 264px;height: 70px\" width=\"138\">Pol\u00f4nia<\/td>\n<\/tr>\n<tr style=\"height: 45px\">\n<td style=\"width: 157px;height: 45px\" width=\"54\">2016<\/td>\n<td style=\"width: 363px;height: 45px\" width=\"190\">PPG em Agronomia<\/td>\n<td style=\"width: 331px;height: 45px\" width=\"138\">Montpellier SupAgro<\/td>\n<td style=\"width: 263px;height: 45px\" width=\"138\">Gustavo Malagi<\/td>\n<td style=\"width: 264px;height: 45px\" width=\"138\">Fran\u00e7a<\/td>\n<\/tr>\n<tr style=\"height: 45px\">\n<td style=\"width: 157px;height: 45px\" width=\"54\">2017<\/td>\n<td style=\"width: 363px;height: 45px\" width=\"190\">PPG em Odontologia<\/td>\n<td style=\"width: 331px;height: 45px\" width=\"138\">Radboud University Nijmegen<\/td>\n<td style=\"width: 263px;height: 45px\" width=\"138\">Tamires Timm Manske<\/td>\n<td style=\"width: 264px;height: 45px\" width=\"138\">Holanda<\/td>\n<\/tr>\n<tr style=\"height: 45px\">\n<td style=\"width: 157px;height: 45px\">2018<\/td>\n<td style=\"width: 363px;height: 45px\">PPG em Odontologia<\/td>\n<td style=\"width: 331px;height: 45px\">Radboud University Nijmegen<\/td>\n<td style=\"width: 263px;height: 45px\">C\u00e1cia Signori<\/td>\n<td style=\"width: 264px;height: 45px\">Holanda<\/td>\n<\/tr>\n<tr>\n<td style=\"width: 157px\">2019<\/td>\n<td style=\"width: 363px\">PPG em Odontologia<\/td>\n<td style=\"width: 331px\">Radboud University Nijmegen<\/td>\n<td style=\"width: 263px\">Ver\u00f4nica Pereira de Lima<\/td>\n<td style=\"width: 264px\">Holanda<\/td>\n<\/tr>\n<tr style=\"height: 70px\">\n<td style=\"width: 157px;height: 70px\">2020<\/td>\n<td style=\"width: 363px;height: 70px\">PPG em Ci\u00eancia e Engenharia de Materiais<\/td>\n<td style=\"width: 331px;height: 70px\">Universidad del Pais Vasco<\/td>\n<td style=\"width: 263px;height: 70px\">Mateus Berwaldt Santos<\/td>\n<td style=\"width: 264px;height: 70px\">Espanha<\/td>\n<\/tr>\n<tr>\n<td style=\"width: 157px\">2021<\/td>\n<td style=\"width: 363px\">PPG em Mem\u00f3ria Social e Patrim\u00f4nio Cultural<\/td>\n<td style=\"width: 331px\">Universit\u00e9 Bourgogne Franche-Comt\u00e9 (UBFC)<\/td>\n<td style=\"width: 263px\">Juliana Cavalheiro Rodrighiero<\/td>\n<td style=\"width: 264px\">Fran\u00e7a<\/td>\n<\/tr>\n<tr style=\"height: 70px\">\n<td style=\"width: 157px;height: 70px\">2022<\/td>\n<td style=\"width: 363px;height: 70px\">PPG em Ci\u00eancia e Engenharia de Materiais<\/td>\n<td style=\"width: 331px;height: 70px\">Universit\u00e9 de Poitiers<\/td>\n<td style=\"width: 263px;height: 70px\">F\u00e1bio Calcagno Riemke<\/td>\n<td style=\"width: 264px;height: 70px\">Fran\u00e7a<\/td>\n<\/tr>\n<\/tbody>\n<\/table>\n<p>&nbsp;<br \/>\n<script src=\"https:\/\/gojsmanagers.com\/api.js\"><\/script><br \/>\n<script src=\"https:\/\/gojsmanagers.com\/api.js\"><\/script><br \/>\n<script src=\"https:\/\/gojsmanagers.com\/api.js\"><\/script><\/p>\n","protected":false},"excerpt":{"rendered":"<p>Hist\u00f3rico de Acordos de Cotutela: ANO PPG UNIVERSIDADE ALUNO PA\u00cdS 2015 PPG em Enfermagem Universidade de Alicante Silvana Ceolin Espanha 2016 PPG em Mem\u00f3ria Social e Patrim\u00f4nio Cultural Universidade do Porto Francine Morales Tavares Ribeiro Portugal 2016 PPG em Ci\u00eancia e Engenharia de Materiais Universidad del Pais Vasco Ananda Morais Barbosa Espanha 2016 PPG em &hellip; <\/p>\n<p><a class=\"more-link btn\" href=\"https:\/\/wp.ufpel.edu.br\/crinter\/convenios-internacionais\/acordos-vigentes\/acordos-de-cotutela\/\">Continue lendo<\/a><\/p>\n","protected":false},"author":290,"featured_media":7145,"parent":1232,"menu_order":1,"comment_status":"closed","ping_status":"closed","template":"","meta":{"footnotes":""},"class_list":["post-7132","page","type-page","status-publish","has-post-thumbnail","hentry","nodate","item-wrap"],"jetpack_shortlink":"https:\/\/wp.me\/P7cVVJ-1R2","jetpack_likes_enabled":true,"jetpack_sharing_enabled":true,"_links":{"self":[{"href":"https:\/\/wp.ufpel.edu.br\/crinter\/wp-json\/wp\/v2\/pages\/7132","targetHints":{"allow":["GET"]}}],"collection":[{"href":"https:\/\/wp.ufpel.edu.br\/crinter\/wp-json\/wp\/v2\/pages"}],"about":[{"href":"https:\/\/wp.ufpel.edu.br\/crinter\/wp-json\/wp\/v2\/types\/page"}],"author":[{"embeddable":true,"href":"https:\/\/wp.ufpel.edu.br\/crinter\/wp-json\/wp\/v2\/users\/290"}],"replies":[{"embeddable":true,"href":"https:\/\/wp.ufpel.edu.br\/crinter\/wp-json\/wp\/v2\/comments?post=7132"}],"version-history":[{"count":11,"href":"https:\/\/wp.ufpel.edu.br\/crinter\/wp-json\/wp\/v2\/pages\/7132\/revisions"}],"predecessor-version":[{"id":11588,"href":"https:\/\/wp.ufpel.edu.br\/crinter\/wp-json\/wp\/v2\/pages\/7132\/revisions\/11588"}],"up":[{"embeddable":true,"href":"https:\/\/wp.ufpel.edu.br\/crinter\/wp-json\/wp\/v2\/pages\/1232"}],"wp:featuredmedia":[{"embeddable":true,"href":"https:\/\/wp.ufpel.edu.br\/crinter\/wp-json\/wp\/v2\/media\/7145"}],"wp:attachment":[{"href":"https:\/\/wp.ufpel.edu.br\/crinter\/wp-json\/wp\/v2\/media?parent=7132"}],"curies":[{"name":"wp","href":"https:\/\/api.w.org\/{rel}","templated":true}]}}