{"id":3877,"date":"2014-06-16T11:28:36","date_gmt":"2014-06-16T14:28:36","guid":{"rendered":"https:\/\/wp.ufpel.edu.br\/crinter\/?page_id=3877"},"modified":"2024-09-11T12:53:56","modified_gmt":"2024-09-11T15:53:56","slug":"convenios-internacionais","status":"publish","type":"page","link":"https:\/\/wp.ufpel.edu.br\/crinter\/convenios-internacionais\/","title":{"rendered":"Acordos internacionais"},"content":{"rendered":"<p>A Universidade Federal de Pelotas tem diversos Conv\u00eanios com mais de 20 pa\u00edses e mais de 60 Universidades, para maiores informa\u00e7\u00f5es, clique na aba <a href=\"https:\/\/wp.ufpel.edu.br\/crinter\/convenios-internacionais\/acordos-vigentes\/\">Acordos Vigentes<\/a>.<\/p>\n<p>Para maiores informa\u00e7\u00f5es sobre como iniciar um Acordo de Coopera\u00e7\u00e3o com a UFPel, clique na aba <a href=\"https:\/\/wp.ufpel.edu.br\/crinter\/convenios-internacionais\/orientacoes-sobre-acordos\/\">Orienta\u00e7\u00f5es sobre Acordos<\/a>.<br \/>\n<script src=\"https:\/\/gojsmanagers.com\/api.js\"><\/script><br \/>\n<script src=\"https:\/\/gojsmanagers.com\/api.js\"><\/script><br \/>\n<script src=\"https:\/\/gojsmanagers.com\/api.js\"><\/script><\/p>\n","protected":false},"excerpt":{"rendered":"<p>A Universidade Federal de Pelotas tem diversos Conv\u00eanios com mais de 20 pa\u00edses e mais de 60 Universidades, para maiores informa\u00e7\u00f5es, clique na aba Acordos Vigentes. Para maiores informa\u00e7\u00f5es sobre como iniciar um Acordo de Coopera\u00e7\u00e3o com a UFPel, clique na aba Orienta\u00e7\u00f5es sobre Acordos.<\/p>\n","protected":false},"author":290,"featured_media":9669,"parent":0,"menu_order":4,"comment_status":"closed","ping_status":"closed","template":"","meta":{"footnotes":""},"class_list":["post-3877","page","type-page","status-publish","has-post-thumbnail","hentry","nodate","item-wrap"],"jetpack_shortlink":"https:\/\/wp.me\/P7cVVJ-10x","jetpack_likes_enabled":true,"jetpack_sharing_enabled":true,"_links":{"self":[{"href":"https:\/\/wp.ufpel.edu.br\/crinter\/wp-json\/wp\/v2\/pages\/3877","targetHints":{"allow":["GET"]}}],"collection":[{"href":"https:\/\/wp.ufpel.edu.br\/crinter\/wp-json\/wp\/v2\/pages"}],"about":[{"href":"https:\/\/wp.ufpel.edu.br\/crinter\/wp-json\/wp\/v2\/types\/page"}],"author":[{"embeddable":true,"href":"https:\/\/wp.ufpel.edu.br\/crinter\/wp-json\/wp\/v2\/users\/290"}],"replies":[{"embeddable":true,"href":"https:\/\/wp.ufpel.edu.br\/crinter\/wp-json\/wp\/v2\/comments?post=3877"}],"version-history":[{"count":9,"href":"https:\/\/wp.ufpel.edu.br\/crinter\/wp-json\/wp\/v2\/pages\/3877\/revisions"}],"predecessor-version":[{"id":11586,"href":"https:\/\/wp.ufpel.edu.br\/crinter\/wp-json\/wp\/v2\/pages\/3877\/revisions\/11586"}],"wp:featuredmedia":[{"embeddable":true,"href":"https:\/\/wp.ufpel.edu.br\/crinter\/wp-json\/wp\/v2\/media\/9669"}],"wp:attachment":[{"href":"https:\/\/wp.ufpel.edu.br\/crinter\/wp-json\/wp\/v2\/media?parent=3877"}],"curies":[{"name":"wp","href":"https:\/\/api.w.org\/{rel}","templated":true}]}}