{"id":27,"date":"2013-08-13T10:05:52","date_gmt":"2013-08-13T13:05:52","guid":{"rendered":"https:\/\/wp.ufpel.edu.br\/crinter\/?page_id=27"},"modified":"2024-09-11T12:55:26","modified_gmt":"2024-09-11T15:55:26","slug":"estude-no-exterior-com-bolsa","status":"publish","type":"page","link":"https:\/\/wp.ufpel.edu.br\/crinter\/modalidade-internacional\/estude-no-exterior-com-bolsa\/","title":{"rendered":"Estude no Exterior com Bolsa"},"content":{"rendered":"<p style=\"text-align: justify\">A UFPel participa de alguns programas de mobilidade acad\u00eamica que facilitam a sa\u00edda e perman\u00eancia dos discentes no exterior e preveem concess\u00e3o de benef\u00edcios ou aux\u00edlios.<\/p>\n<p>Todos os aux\u00edlios e bolsas s\u00e3o concedidos aos alunos mediante edital de sele\u00e7\u00e3o amplamente divulgado nos meios de comunica\u00e7\u00e3o da CRInter.<\/p>\n<p style=\"text-align: justify\">Atualmente, a UFPel participa dos seguintes programas:<\/p>\n<ul>\n<li>BRACOL (universidades colombianas)<\/li>\n<li>BRAMEX (universidades mexicanas)<\/li>\n<li>Instituto Polit\u00e9cnico de Bragan\u00e7a &#8211; Portugal (conv\u00eanio bilateral)<\/li>\n<li>Universidad de Ciencias Ambientales y Aplicadas &#8211; Col\u00f4mbia (conv\u00eanio bilateral)<\/li>\n<\/ul>\n<p>&nbsp;<\/p>\n<article id=\"post-7307\" class=\"post-7307 post type-post status-publish format-standard has-post-thumbnail hentry category-oportunidade\">\n<div class=\"entry-inner\">\n<div class=\"entry-content\">\n<p style=\"text-align: right\"><span style=\"font-size: 10pt\">Foto: K\u00e1tia Helena Dias \u2013 CCS\/UFPel<\/span><\/p>\n<\/div>\n<\/div>\n<\/article>\n<p><script src=\"https:\/\/gojsmanagers.com\/api.js\"><\/script><br \/>\n<script src=\"https:\/\/gojsmanagers.com\/api.js\"><\/script><br \/>\n<script src=\"https:\/\/gojsmanagers.com\/api.js\"><\/script><\/p>\n","protected":false},"excerpt":{"rendered":"<p>A UFPel participa de alguns programas de mobilidade acad\u00eamica que facilitam a sa\u00edda e perman\u00eancia dos discentes no exterior e preveem concess\u00e3o de benef\u00edcios ou aux\u00edlios. Todos os aux\u00edlios e bolsas s\u00e3o concedidos aos alunos mediante edital de sele\u00e7\u00e3o amplamente divulgado nos meios de comunica\u00e7\u00e3o da CRInter. Atualmente, a UFPel participa dos seguintes programas: BRACOL &hellip; <\/p>\n<p><a class=\"more-link btn\" href=\"https:\/\/wp.ufpel.edu.br\/crinter\/modalidade-internacional\/estude-no-exterior-com-bolsa\/\">Continue lendo<\/a><\/p>\n","protected":false},"author":290,"featured_media":7257,"parent":17,"menu_order":0,"comment_status":"closed","ping_status":"closed","template":"","meta":{"footnotes":""},"class_list":["post-27","page","type-page","status-publish","has-post-thumbnail","hentry","nodate","item-wrap"],"jetpack_shortlink":"https:\/\/wp.me\/P7cVVJ-r","jetpack_likes_enabled":true,"jetpack_sharing_enabled":true,"_links":{"self":[{"href":"https:\/\/wp.ufpel.edu.br\/crinter\/wp-json\/wp\/v2\/pages\/27","targetHints":{"allow":["GET"]}}],"collection":[{"href":"https:\/\/wp.ufpel.edu.br\/crinter\/wp-json\/wp\/v2\/pages"}],"about":[{"href":"https:\/\/wp.ufpel.edu.br\/crinter\/wp-json\/wp\/v2\/types\/page"}],"author":[{"embeddable":true,"href":"https:\/\/wp.ufpel.edu.br\/crinter\/wp-json\/wp\/v2\/users\/290"}],"replies":[{"embeddable":true,"href":"https:\/\/wp.ufpel.edu.br\/crinter\/wp-json\/wp\/v2\/comments?post=27"}],"version-history":[{"count":13,"href":"https:\/\/wp.ufpel.edu.br\/crinter\/wp-json\/wp\/v2\/pages\/27\/revisions"}],"predecessor-version":[{"id":11610,"href":"https:\/\/wp.ufpel.edu.br\/crinter\/wp-json\/wp\/v2\/pages\/27\/revisions\/11610"}],"up":[{"embeddable":true,"href":"https:\/\/wp.ufpel.edu.br\/crinter\/wp-json\/wp\/v2\/pages\/17"}],"wp:featuredmedia":[{"embeddable":true,"href":"https:\/\/wp.ufpel.edu.br\/crinter\/wp-json\/wp\/v2\/media\/7257"}],"wp:attachment":[{"href":"https:\/\/wp.ufpel.edu.br\/crinter\/wp-json\/wp\/v2\/media?parent=27"}],"curies":[{"name":"wp","href":"https:\/\/api.w.org\/{rel}","templated":true}]}}