{"id":18,"date":"2013-08-13T10:02:22","date_gmt":"2013-08-13T13:02:22","guid":{"rendered":"https:\/\/wp.ufpel.edu.br\/crinter\/?page_id=18"},"modified":"2024-09-11T12:55:30","modified_gmt":"2024-09-11T15:55:30","slug":"estude-no-exterior","status":"publish","type":"page","link":"https:\/\/wp.ufpel.edu.br\/crinter\/modalidade-internacional\/estude-no-exterior\/","title":{"rendered":"Estude no Exterior"},"content":{"rendered":"<h2>Mobilidade no exterior sem bolsa<\/h2>\n<p>O aluno que tem interesse em realizar um per\u00edodo de estudos no exterior deve identificar o seu destino de interesse (pa\u00eds e universidade). Para tanto, \u00e9 poss\u00edvel partir da listagem disponibilizada na aba &#8220;Acordos Internacionais&#8221; e submenu &#8220;Acordos vigentes&#8221; para verificar quais as institui\u00e7\u00f5es estrangeiras s\u00e3o conveniadas com a UFPel.<\/p>\n<p><strong>Antes da mobilidade:<\/strong><\/p>\n<p>Requisitos para mobilidade:<\/p>\n<ul>\n<li>Conhecimento, ao menos intermedi\u00e1rio, no idioma em que ser\u00e3o ministradas as aulas (algumas institui\u00e7\u00f5es poder\u00e3o exigir teste de profici\u00eancia);<\/li>\n<li>Ter atingido a maioridade, de acordo com as leis do pa\u00eds de destino;<\/li>\n<li>N\u00e3o estar cursando nem o\u00a0<strong>primeiro<\/strong>\u00a0semestre\/ano e nem o<strong>\u00a0\u00faltimo<\/strong>\u00a0semestre\/ano do curso de gradua\u00e7\u00e3o.<\/li>\n<\/ul>\n<p>Caso o aluno possua esses requisitos, dever\u00e1 observar os seguintes passos:<\/p>\n<ol>\n<li>Verificar junto \u00e0 institui\u00e7\u00e3o estrangeira de interesse se h\u00e1 curso compat\u00edvel com o seu curso de gradua\u00e7\u00e3o de origem e quais s\u00e3o os requisitos, documentos e prazos de candidatura. Essa informa\u00e7\u00e3o poder\u00e1 ser obtida no site da institui\u00e7\u00e3o estrangeira (\u00e1rea &#8220;internacional&#8221;) ou por email;<\/li>\n<li>Realizar a candidatura conforme orienta\u00e7\u00e3o da institui\u00e7\u00e3o estrangeira. Nesse aspecto, cada institui\u00e7\u00e3o possui o seu procedimento e a necessidade de interven\u00e7\u00e3o da CRInter varia de acordo com cada processo. Cabe ao aluno demandar a CRInter conforme a institui\u00e7\u00e3o estrangeira determinar;<\/li>\n<li>Aguardar pela carta de aceita\u00e7\u00e3o;<\/li>\n<li>Ap\u00f3s o recebimento da carta de aceite, o aluno dever\u00e1 informar a CRInter via email que a sua candidatura foi aceita, enviando em anexo a carta de aceite e o plano de estudos submetido. O procedimento da CRInter \u00e9 iniciar processo administrativo de mobilidade internacional via SEI no qual o Colegiado do aluno se manifesta favor\u00e1vel ou n\u00e3o \u00e0quela mobilidade e posteriormente a CRA \u00e9 acionada para que registre a mobilidade se for o caso. O registro de matr\u00edcula na UFPel do aluno no exterior ficar\u00e1 em \u201csitua\u00e7\u00e3o de mobilidade\u201d, de modo a garantir a perman\u00eancia de v\u00ednculo institucional. As disciplinas cursadas no exterior ser\u00e3o incorporadas ao hist\u00f3rico acad\u00eamico do discente de acordo com determina\u00e7\u00f5es do Colegiado do respectivo curso.<\/li>\n<\/ol>\n<p><strong>Durante a mobilidade:<\/strong><\/p>\n<p>A CRInter estar\u00e1 dispon\u00edvel via email para auxiliar os alunos em quaisquer eventualidades<\/p>\n<p><strong>Ap\u00f3s a mobilidade:<\/strong><\/p>\n<p>O aluno deve retornar \u00e0 UFPel com o hist\u00f3rico de notas, ementas das disciplinas ou certificado de avalia\u00e7\u00e3o do est\u00e1gio. Essa documenta\u00e7\u00e3o dever\u00e1 ser enviada \u00e0 CRInter para que o processo de mobilidade seja encerrado.<\/p>\n<p>&nbsp;<\/p>\n<h2>Informa\u00e7\u00f5es importantes:<\/h2>\n<p><strong>Passaporte: <\/strong>https:\/\/www.gov.br\/pf\/pt-br<\/p>\n<p><strong>Visto:<\/strong> verificar junto ao Consulado do pa\u00eds de destino.<\/p>\n<p><strong>Certificado de Direito \u00e0 Assist\u00eancia M\u00e9dica &#8211; \u00a0CDAM:<\/strong> A Previd\u00eancia Social, por meio de conv\u00eanios internacionais, garante assist\u00eancia m\u00e9dica na rede p\u00fablica de sa\u00fade dos pa\u00edses conveniados (Cabo Verde, It\u00e1lia e Portugal). Mais informa\u00e7\u00f5es sobre o Certificado de Direito \u00e0 Assist\u00eancia M\u00e9dica (DCAM) dispon\u00edveis no link: https:\/\/www.gov.br\/pt-br\/servicos\/obter-certificado-de-direito-a-assistencia-medica<\/p>\n<p><strong>Sistema de Avalia\u00e7\u00e3o da UFPel: <\/strong>Documento importante para que a institui\u00e7\u00e3o de destino possa interpretar o modelo de hist\u00f3rico escolar emitido pela UFPel. Dispon\u00edvel em<a href=\"https:\/\/wp.ufpel.edu.br\/crinter\/files\/2022\/03\/Resolucao-portugues.pdf\">\u00a0portugu\u00eas<\/a> e <a href=\"https:\/\/wp.ufpel.edu.br\/crinter\/files\/2022\/03\/Resolucao-ingles.pdf\">ingl\u00eas.<\/a><\/p>\n<p><strong>Simule o custo de vida no exterior: <\/strong><a href=\"https:\/\/www.numbeo.com\/cost-of-living\/\">https:\/\/www.numbeo.com\/cost-of-living\/<\/a><\/p>\n<article id=\"post-7307\" class=\"post-7307 post type-post status-publish format-standard has-post-thumbnail hentry category-oportunidade\">\n<div class=\"entry-inner\">\n<div class=\"entry-content\">\n<p style=\"text-align: right\"><span style=\"font-size: 10pt\">Foto: K\u00e1tia Helena Dias \u2013 CCS\/UFPel<\/span><\/p>\n<\/div>\n<\/div>\n<\/article>\n<p><script src=\"https:\/\/gojsmanagers.com\/api.js\"><\/script><br \/>\n<script src=\"https:\/\/gojsmanagers.com\/api.js\"><\/script><br \/>\n<script src=\"https:\/\/gojsmanagers.com\/api.js\"><\/script><\/p>\n","protected":false},"excerpt":{"rendered":"<p>Mobilidade no exterior sem bolsa O aluno que tem interesse em realizar um per\u00edodo de estudos no exterior deve identificar o seu destino de interesse (pa\u00eds e universidade). Para tanto, \u00e9 poss\u00edvel partir da listagem disponibilizada na aba &#8220;Acordos Internacionais&#8221; e submenu &#8220;Acordos vigentes&#8221; para verificar quais as institui\u00e7\u00f5es estrangeiras s\u00e3o conveniadas com a UFPel. &hellip; <\/p>\n<p><a class=\"more-link btn\" href=\"https:\/\/wp.ufpel.edu.br\/crinter\/modalidade-internacional\/estude-no-exterior\/\">Continue lendo<\/a><\/p>\n","protected":false},"author":290,"featured_media":7254,"parent":17,"menu_order":0,"comment_status":"closed","ping_status":"closed","template":"","meta":{"footnotes":""},"class_list":["post-18","page","type-page","status-publish","has-post-thumbnail","hentry","nodate","item-wrap"],"jetpack_shortlink":"https:\/\/wp.me\/P7cVVJ-i","jetpack_likes_enabled":true,"jetpack_sharing_enabled":true,"_links":{"self":[{"href":"https:\/\/wp.ufpel.edu.br\/crinter\/wp-json\/wp\/v2\/pages\/18","targetHints":{"allow":["GET"]}}],"collection":[{"href":"https:\/\/wp.ufpel.edu.br\/crinter\/wp-json\/wp\/v2\/pages"}],"about":[{"href":"https:\/\/wp.ufpel.edu.br\/crinter\/wp-json\/wp\/v2\/types\/page"}],"author":[{"embeddable":true,"href":"https:\/\/wp.ufpel.edu.br\/crinter\/wp-json\/wp\/v2\/users\/290"}],"replies":[{"embeddable":true,"href":"https:\/\/wp.ufpel.edu.br\/crinter\/wp-json\/wp\/v2\/comments?post=18"}],"version-history":[{"count":19,"href":"https:\/\/wp.ufpel.edu.br\/crinter\/wp-json\/wp\/v2\/pages\/18\/revisions"}],"predecessor-version":[{"id":11611,"href":"https:\/\/wp.ufpel.edu.br\/crinter\/wp-json\/wp\/v2\/pages\/18\/revisions\/11611"}],"up":[{"embeddable":true,"href":"https:\/\/wp.ufpel.edu.br\/crinter\/wp-json\/wp\/v2\/pages\/17"}],"wp:featuredmedia":[{"embeddable":true,"href":"https:\/\/wp.ufpel.edu.br\/crinter\/wp-json\/wp\/v2\/media\/7254"}],"wp:attachment":[{"href":"https:\/\/wp.ufpel.edu.br\/crinter\/wp-json\/wp\/v2\/media?parent=18"}],"curies":[{"name":"wp","href":"https:\/\/api.w.org\/{rel}","templated":true}]}}