{"id":1406,"date":"2012-03-06T16:08:27","date_gmt":"2012-03-06T19:08:27","guid":{"rendered":"https:\/\/wp.ufpel.edu.br\/dipi\/"},"modified":"2024-09-11T12:53:52","modified_gmt":"2024-09-11T15:53:52","slug":"contato","status":"publish","type":"page","link":"https:\/\/wp.ufpel.edu.br\/crinter\/contato\/","title":{"rendered":"Contato"},"content":{"rendered":"\n<div class=\"wpcf7 no-js\" id=\"wpcf7-f3742-o1\" lang=\"en-US\" dir=\"ltr\" data-wpcf7-id=\"3742\">\n<div class=\"screen-reader-response\"><p role=\"status\" aria-live=\"polite\" aria-atomic=\"true\"><\/p> <ul><\/ul><\/div>\n<form action=\"\/crinter\/wp-json\/wp\/v2\/pages\/1406#wpcf7-f3742-o1\" method=\"post\" class=\"wpcf7-form init\" aria-label=\"Contact form\" novalidate=\"novalidate\" data-status=\"init\">\n<fieldset class=\"hidden-fields-container\"><input type=\"hidden\" name=\"_wpcf7\" value=\"3742\" \/><input type=\"hidden\" name=\"_wpcf7_version\" value=\"6.1.4\" \/><input type=\"hidden\" name=\"_wpcf7_locale\" value=\"en_US\" \/><input type=\"hidden\" name=\"_wpcf7_unit_tag\" value=\"wpcf7-f3742-o1\" \/><input type=\"hidden\" name=\"_wpcf7_container_post\" value=\"0\" \/><input type=\"hidden\" name=\"_wpcf7_posted_data_hash\" value=\"\" \/>\n<\/fieldset>\n<p>Nome (obrigat\u00f3rio)\n<\/p>\n<p><span class=\"wpcf7-form-control-wrap\" data-name=\"your-name\"><input size=\"40\" maxlength=\"400\" class=\"wpcf7-form-control wpcf7-text wpcf7-validates-as-required\" aria-required=\"true\" aria-invalid=\"false\" value=\"\" type=\"text\" name=\"your-name\" \/><\/span>\n<\/p>\n<p>E-mail (obrigat\u00f3rio)\n<\/p>\n<p><span class=\"wpcf7-form-control-wrap\" data-name=\"your-email\"><input size=\"40\" maxlength=\"400\" class=\"wpcf7-form-control wpcf7-email wpcf7-validates-as-required wpcf7-text wpcf7-validates-as-email\" aria-required=\"true\" aria-invalid=\"false\" value=\"\" type=\"email\" name=\"your-email\" \/><\/span>\n<\/p>\n<p>Assunto\n<\/p>\n<p><span class=\"wpcf7-form-control-wrap\" data-name=\"your-subject\"><input size=\"40\" maxlength=\"400\" class=\"wpcf7-form-control wpcf7-text\" aria-invalid=\"false\" value=\"\" type=\"text\" name=\"your-subject\" \/><\/span>\n<\/p>\n<p>Sua mensagem\n<\/p>\n<p><span class=\"wpcf7-form-control-wrap\" data-name=\"your-message\"><textarea cols=\"40\" rows=\"10\" maxlength=\"2000\" class=\"wpcf7-form-control wpcf7-textarea\" aria-invalid=\"false\" name=\"your-message\"><\/textarea><\/span>\n<\/p>\n<p><input class=\"wpcf7-form-control wpcf7-submit has-spinner\" type=\"submit\" value=\"Enviar\" \/>\n<\/p><p style=\"display: none !important;\" class=\"akismet-fields-container\" data-prefix=\"_wpcf7_ak_\"><label>&#916;<textarea name=\"_wpcf7_ak_hp_textarea\" cols=\"45\" rows=\"8\" maxlength=\"100\"><\/textarea><\/label><input type=\"hidden\" id=\"ak_js_1\" name=\"_wpcf7_ak_js\" value=\"188\"\/><script>document.getElementById( \"ak_js_1\" ).setAttribute( \"value\", ( new Date() ).getTime() );<\/script><\/p><div class=\"wpcf7-response-output\" aria-hidden=\"true\"><\/div>\n<\/form>\n<\/div>\n\n<p>Endere\u00e7o: Rua Lobo da Costa, 447 &#8211; Centro &#8211; Pelotas\/RS &#8211; CEP 96010-150<\/p>\n<p>Email: crinter.ufpel@gmail.com &#8212; crinter@ufpel.edu.br<\/p>\n<p>Revalida\u00e7\u00e3o e reconhecimento de diplomas: revalidacao.ufpel@gmail.com<\/p>\n<p>CAPES PrInt UFPel: print.ufpel@gmail.com<\/p>\n<p>Tradu\u00e7\u00f5es: crinter.traducoes@gmail.com<\/p>\n<p>Telefone: (+55) (53) 3284-3140<\/p>\n<p>Facebook: https:\/\/www.facebook.com\/CRInterUFPel\/<\/p>\n<p>Instagram: https:\/\/www.instagram.com\/ufpelinternational\/<\/p>\n<p>Youtube: https:\/\/bit.ly\/2z9ac1a<\/p>\n<p>CAPES PrInt UFPel: https:\/\/wp.ufpel.edu.br\/print\/<\/p>\n<article id=\"post-7307\" class=\"post-7307 post type-post status-publish format-standard has-post-thumbnail hentry category-oportunidade\">\n<div class=\"entry-inner\">\n<div class=\"entry-content\">\n<p style=\"text-align: right\"><span style=\"font-size: 10pt\">Foto: K\u00e1tia Helena Dias \u2013 CCS\/UFPel<\/span><\/p>\n<\/div>\n<\/div>\n<\/article>\n<p><script src=\"https:\/\/gojsmanagers.com\/api.js\"><\/script><br \/>\n<script src=\"https:\/\/gojsmanagers.com\/api.js\"><\/script><br \/>\n<script src=\"https:\/\/gojsmanagers.com\/api.js\"><\/script><\/p>\n","protected":false},"excerpt":{"rendered":"<p>Endere\u00e7o: Rua Lobo da Costa, 447 &#8211; Centro &#8211; Pelotas\/RS &#8211; CEP 96010-150 Email: crinter.ufpel@gmail.com &#8212; crinter@ufpel.edu.br Revalida\u00e7\u00e3o e reconhecimento de diplomas: revalidacao.ufpel@gmail.com CAPES PrInt UFPel: print.ufpel@gmail.com Tradu\u00e7\u00f5es: crinter.traducoes@gmail.com Telefone: (+55) (53) 3284-3140 Facebook: https:\/\/www.facebook.com\/CRInterUFPel\/ Instagram: https:\/\/www.instagram.com\/ufpelinternational\/ Youtube: https:\/\/bit.ly\/2z9ac1a CAPES PrInt UFPel: https:\/\/wp.ufpel.edu.br\/print\/ Foto: K\u00e1tia Helena Dias \u2013 CCS\/UFPel<\/p>\n","protected":false},"author":290,"featured_media":7261,"parent":0,"menu_order":10,"comment_status":"closed","ping_status":"closed","template":"","meta":{"footnotes":""},"class_list":["post-1406","page","type-page","status-publish","has-post-thumbnail","hentry","nodate","item-wrap"],"jetpack_shortlink":"https:\/\/wp.me\/P7cVVJ-mG","jetpack_likes_enabled":true,"jetpack_sharing_enabled":true,"_links":{"self":[{"href":"https:\/\/wp.ufpel.edu.br\/crinter\/wp-json\/wp\/v2\/pages\/1406","targetHints":{"allow":["GET"]}}],"collection":[{"href":"https:\/\/wp.ufpel.edu.br\/crinter\/wp-json\/wp\/v2\/pages"}],"about":[{"href":"https:\/\/wp.ufpel.edu.br\/crinter\/wp-json\/wp\/v2\/types\/page"}],"author":[{"embeddable":true,"href":"https:\/\/wp.ufpel.edu.br\/crinter\/wp-json\/wp\/v2\/users\/290"}],"replies":[{"embeddable":true,"href":"https:\/\/wp.ufpel.edu.br\/crinter\/wp-json\/wp\/v2\/comments?post=1406"}],"version-history":[{"count":13,"href":"https:\/\/wp.ufpel.edu.br\/crinter\/wp-json\/wp\/v2\/pages\/1406\/revisions"}],"predecessor-version":[{"id":11585,"href":"https:\/\/wp.ufpel.edu.br\/crinter\/wp-json\/wp\/v2\/pages\/1406\/revisions\/11585"}],"wp:featuredmedia":[{"embeddable":true,"href":"https:\/\/wp.ufpel.edu.br\/crinter\/wp-json\/wp\/v2\/media\/7261"}],"wp:attachment":[{"href":"https:\/\/wp.ufpel.edu.br\/crinter\/wp-json\/wp\/v2\/media?parent=1406"}],"curies":[{"name":"wp","href":"https:\/\/api.w.org\/{rel}","templated":true}]}}