{"id":11114,"date":"2022-07-12T16:03:28","date_gmt":"2022-07-12T19:03:28","guid":{"rendered":"https:\/\/wp.ufpel.edu.br\/crinter\/?page_id=11114"},"modified":"2024-09-11T11:34:24","modified_gmt":"2024-09-11T14:34:24","slug":"graduacao","status":"publish","type":"page","link":"https:\/\/wp.ufpel.edu.br\/crinter\/nucleo-de-traducoes\/monte-seu-historico\/graduacao\/","title":{"rendered":"Gradua\u00e7\u00e3o"},"content":{"rendered":"<p style=\"text-align: justify;\"><b>MONTE SEU HIST\u00d3RICO<\/b><\/p>\n<p style=\"text-align: justify;\">Prezado (a) candidato(a) \u00e0 programas de mobilidade acad\u00eamica, com v\u00ednculo na UFPel:<\/p>\n<p style=\"text-align: justify;\">Os\u00a0<i>links<\/i>\u00a0abaixo disponibilizam um <strong>pr\u00e9-modelo de hist\u00f3rico<\/strong> (a ser preenchido com os seus dados) e a lista dos cursos de gradua\u00e7\u00e3o da UFPel. Os cursos apresentam de 80% a 100% da sua grade curricular traduzida (incluindo as disciplinas optativas).<\/p>\n<p style=\"text-align: justify;\">Essas grades foram elaboradas com base nos Projetos Pedag\u00f3gicos obtidos junto aos coordenadores de curso em junho\/julho de 2013 ou nos fluxogramas dispon\u00edveis na\u00a0<i>webpage\u00a0<\/i>de cada curso mais atuais.<\/p>\n<p style=\"text-align: justify;\">Havendo <strong>diverg\u00eancia<\/strong> entre o c\u00f3digo da disciplina que consta no hist\u00f3rico emitido pelo CRA e aquele listado na grade\u00a0<i>on-line<\/i>, oriente-se pelo nome da disciplina da grade e adote o c\u00f3digo que consta no documento do CRA.<\/p>\n<p style=\"text-align: justify;\">No hist\u00f3rico traduzido, liste as disciplinas na\u00a0<strong>MESMA ORDEM<\/strong>\u00a0em que estas aparecem no hist\u00f3rico do DRA. Servem como originais o hist\u00f3rico emitido pelo CRA\u00a0ou aquele gerado pelo sistema COBALTO, desde que este \u00faltimo informe as m\u00e9dias semestrais, a m\u00e9dia final e a carga hor\u00e1ria total final. <strong>N\u00e3o ser\u00e3o aceitos documentos fotografados como originais. Em nenhuma hip\u00f3tese o hist\u00f3rico traduzido ser\u00e1 revisado ou validado sem a c\u00f3pia de um original.\u00a0<\/strong><\/p>\n<p style=\"text-align: justify;\">Utilize a seguinte nomenclatura conforme a sua situa\u00e7\u00e3o em cada disciplina:<\/p>\n<p style=\"text-align: justify;\"><b>APROVADO \u2013 PASS<\/b><\/p>\n<p style=\"text-align: justify;\"><b>REPROVADO \u2013 FAIL<\/b><\/p>\n<p style=\"text-align: justify;\"><b>INFREQUENTE \u2013 INCOMPLETE<\/b><\/p>\n<p style=\"text-align: justify;\"><b>DISPENSADO \u2013 PLACED OUT<\/b><\/p>\n<p style=\"text-align: justify;\"><b>TRANCAMENTO \u2013 LEAVE OF ABSENCE<\/b><\/p>\n<p style=\"text-align: justify;\"><strong>MATRICULADO &#8211; REGISTERED<\/strong><\/p>\n<p style=\"text-align: justify;\">Caso haja alguma disciplina no seu hist\u00f3rico do CRA<strong> que n\u00e3o conste<\/strong> na grade traduzida, informe, no lugar adequado, o c\u00f3digo e o nome \u00a0da disciplina<span style=\"color: #ff0000;\"><strong> (em portugu\u00eas, em vermelho),<\/strong><\/span> a m\u00e9dia, a situa\u00e7\u00e3o, os cr\u00e9ditos e a carga hor\u00e1ria. A equipe do N\u00facleo de Tradu\u00e7\u00e3o se encarregar\u00e1 desta tradu\u00e7\u00e3o quando revisar o documento.<\/p>\n<p style=\"text-align: justify;\"><strong>IMPORTANTE: N\u00e3o separar os algarismos das notas por v\u00edrgulas, e sim por ponto. Exemplo: 8.6 ao inv\u00e9s de 8,6<\/strong><\/p>\n<p style=\"text-align: justify;\">Assim que tiver conclu\u00eddo a montagem do seu hist\u00f3rico traduzido, queira, por gentileza, anexar o arquivo editado em FORMATO DOC no formul\u00e1rio dispon\u00edvel na aba &#8220;SOLICITA\u00c7\u00c3O DE TRADU\u00c7\u00d5ES&#8221;, juntamente com o PDF do original gerado pelo COBALTO e o PDF de algum documento que justifique a tradu\u00e7\u00e3o do documento (e-mail ou edital da universidade destino) solicitando o agendamento da revis\u00e3o. O prazo para a revis\u00e3o t\u00e9cnica e valida\u00e7\u00e3o do documento \u00e9 de at\u00e9 5 (cinco) dias \u00fateis.<\/p>\n<p style=\"text-align: justify;\">Hor\u00e1rio de\u00a0atendimento <strong>externo<\/strong> do N\u00facleo de Tradu\u00e7\u00e3o e Revis\u00e3o de Textos:<\/p>\n<p style=\"text-align: justify;\">Segundas, Ter\u00e7as e Quintas e Sextas das 9h0 \u00e0s 13h \/ Quartas e sextas-feiras das 14h \u00e0s 17h30<\/p>\n<p style=\"text-align: justify;\">Atenciosamente,<\/p>\n<p style=\"text-align: justify;\"><b>EQUIPE DO N\u00daCLEO DE TRADU\u00c7\u00c3O DA CRInter<\/b><\/p>\n<p>Cr\u00e9ditos pelas tradu\u00e7\u00f5es:<\/p>\n<p>M\u00e1rcia Morales Klee<\/p>\n<p>Colaboradores: L\u00f3ren Cristine Cuadros e Henrique Tozzi<\/p>\n<p style=\"text-align: center;\"><span style=\"font-size: 24pt; color: #ff0000;\"><a style=\"color: #ff0000;\" href=\"https:\/\/wp.ufpel.edu.br\/crinter\/files\/2022\/10\/HISTORICO_GRADUACAO_COMPLETO_TEMPLATE.docx\">TEMPLATE DE HIST\u00d3RICO_GRADUA\u00c7\u00c3O_CONCLU\u00cdDA PARA PREENCHIMENTO<\/a><\/span><\/p>\n<table style=\"font-size: 1.8rem;\">\n<tbody>\n<tr>\n<td style=\"text-align: center;\"><span style=\"font-size: 24px;\"><b>Center for Chemical, Pharmaceutical and Food Sciences<\/b><\/span><\/td>\n<\/tr>\n<tr>\n<td style=\"text-align: center;\"><a href=\"https:\/\/wp.ufpel.edu.br\/crinter\/files\/2018\/10\/Chemistry.docx\">Chemistry<\/a><\/td>\n<\/tr>\n<tr>\n<td style=\"text-align: center;\"><a href=\"https:\/\/wp.ufpel.edu.br\/crinter\/files\/2018\/10\/Pharmacy.docx\">Pharmacy<\/a><\/td>\n<\/tr>\n<\/tbody>\n<\/table>\n<table style=\"height: 504px;\">\n<tbody>\n<tr style=\"height: 54px;\">\n<td style=\"text-align: center; height: 54px;\"><span style=\"font-size: 18pt;\"><strong>Center for Arts<\/strong><\/span><\/td>\n<\/tr>\n<tr style=\"height: 45px;\">\n<td style=\"text-align: center; height: 45px;\"><a href=\"https:\/\/wp.ufpel.edu.br\/crinter\/files\/2013\/08\/Animation-Cinema.docx\">Animation Cinema<\/a><\/td>\n<\/tr>\n<tr style=\"height: 45px;\">\n<td style=\"text-align: center; height: 45px;\"><a href=\"https:\/\/wp.ufpel.edu.br\/crinter\/files\/2018\/10\/Audiovisual-Cinema.docx\">Audiovisual-Cinema<\/a><\/td>\n<\/tr>\n<tr style=\"height: 45px;\">\n<td style=\"text-align: center; height: 45px;\"><a href=\"https:\/\/wp.ufpel.edu.br\/crinter\/files\/2018\/10\/Dance-Teaching-Degree.docx\">Dance (Teaching Degree)<\/a><\/td>\n<\/tr>\n<tr style=\"height: 45px;\">\n<td style=\"text-align: center; height: 45px;\"><a href=\"https:\/\/wp.ufpel.edu.br\/crinter\/files\/2018\/03\/Digital-Design.docx\">Digital Design<\/a><\/td>\n<\/tr>\n<tr style=\"height: 45px;\">\n<td style=\"text-align: center; height: 45px;\"><a href=\"https:\/\/wp.ufpel.edu.br\/crinter\/files\/2018\/10\/Graphic-Design.docx\">Graphic Design<\/a><\/td>\n<\/tr>\n<tr style=\"height: 45px;\">\n<td style=\"text-align: center; height: 45px;\"><a href=\"https:\/\/wp.ufpel.edu.br\/crinter\/files\/2018\/10\/Music-School-Flute.docx\">Music School-Flute<\/a><\/td>\n<\/tr>\n<tr style=\"height: 45px;\">\n<td style=\"text-align: center; height: 45px;\"><a href=\"https:\/\/wp.ufpel.edu.br\/crinter\/files\/2018\/10\/Music-School-Singing.docx\">Music School-Singing<\/a><\/td>\n<\/tr>\n<tr style=\"height: 45px;\">\n<td style=\"text-align: center; height: 45px;\"><a href=\"https:\/\/wp.ufpel.edu.br\/crinter\/files\/2013\/08\/Musical-Sciences.pdf\">Musical Sciences<\/a><\/td>\n<\/tr>\n<tr style=\"height: 45px;\">\n<td style=\"text-align: center; height: 45px;\"><a href=\"https:\/\/wp.ufpel.edu.br\/crinter\/files\/2018\/10\/Theater.docx\">Theater<\/a><\/td>\n<\/tr>\n<tr style=\"height: 45px;\">\n<td style=\"text-align: center; height: 45px;\"><a href=\"https:\/\/wp.ufpel.edu.br\/crinter\/files\/2018\/10\/Visual-Arts.docx\">Visual Arts<\/a><\/td>\n<\/tr>\n<\/tbody>\n<\/table>\n<p>&nbsp;<\/p>\n<table>\n<tbody>\n<tr>\n<td style=\"text-align: center;\"><strong><span style=\"font-size: 18pt;\">Center for Technological Development<\/span><\/strong><\/td>\n<\/tr>\n<tr>\n<td style=\"text-align: center;\"><a href=\"https:\/\/wp.ufpel.edu.br\/crinter\/files\/2022\/08\/Biotechnology.docx\">Biotechnology<\/a><\/td>\n<\/tr>\n<tr>\n<td style=\"text-align: center;\"><a href=\"https:\/\/wp.ufpel.edu.br\/crinter\/files\/2018\/10\/Computer_Engineering-1.docx\">Computer Engineering<\/a><\/td>\n<\/tr>\n<tr>\n<td style=\"text-align: center;\"><a href=\"https:\/\/wp.ufpel.edu.br\/crinter\/files\/2018\/10\/Computer_Science-1.docx\">Computer Science<\/a><\/td>\n<\/tr>\n<tr>\n<td style=\"text-align: center;\"><a href=\"https:\/\/wp.ufpel.edu.br\/crinter\/files\/2018\/10\/Materials_Engineering-1.docx\">Materials Engineering<\/a><\/td>\n<\/tr>\n<tr>\n<td style=\"text-align: center;\"><a href=\"https:\/\/wp.ufpel.edu.br\/crinter\/files\/2018\/10\/Water_Engineering-2.docx\">Water Resources Engineering<\/a><\/td>\n<\/tr>\n<\/tbody>\n<\/table>\n<table style=\"height: 414px;\">\n<tbody>\n<tr style=\"height: 54px;\">\n<td style=\"text-align: center; height: 54px;\"><strong><span style=\"font-size: 18pt;\">Center for Engineering<\/span><\/strong><\/td>\n<\/tr>\n<tr style=\"height: 45px;\">\n<td style=\"text-align: center; height: 45px;\"><a href=\"https:\/\/wp.ufpel.edu.br\/crinter\/files\/2018\/10\/Agricultural-Engineering.docx\">Agricultural Engineering<\/a><\/td>\n<\/tr>\n<tr style=\"height: 45px;\">\n<td style=\"text-align: center; height: 45px;\"><a href=\"https:\/\/wp.ufpel.edu.br\/crinter\/files\/2018\/10\/Automation-Engineering.docx\">Automation Engineering<\/a><\/td>\n<\/tr>\n<tr style=\"height: 45px;\">\n<td style=\"text-align: center; height: 45px;\"><a href=\"https:\/\/wp.ufpel.edu.br\/crinter\/files\/2018\/10\/Civil-Engineering.docx\">Civil Engineering<\/a><\/td>\n<\/tr>\n<tr style=\"height: 45px;\">\n<td style=\"text-align: center; height: 45px;\"><a href=\"https:\/\/wp.ufpel.edu.br\/crinter\/files\/2018\/10\/Electronic-Engineering.docx\">Electronic Engineering<\/a><\/td>\n<\/tr>\n<tr style=\"height: 45px;\">\n<td style=\"text-align: center; height: 45px;\"><a href=\"https:\/\/wp.ufpel.edu.br\/crinter\/files\/2018\/10\/Environmental-and-Sanitay-Engineering.docx\">Environmental and Sanitary Engineering<\/a><\/td>\n<\/tr>\n<tr style=\"height: 45px;\">\n<td style=\"text-align: center; height: 45px;\"><a href=\"https:\/\/wp.ufpel.edu.br\/crinter\/files\/2018\/10\/Geological-Engineering.docx\">Geological Engineering<\/a><\/td>\n<\/tr>\n<tr>\n<td style=\"text-align: center;\"><a href=\"https:\/\/wp.ufpel.edu.br\/crinter\/files\/2019\/08\/Logging-Engineering.docx\">Logging Engineering<\/a><\/td>\n<\/tr>\n<tr style=\"height: 45px;\">\n<td style=\"text-align: center; height: 45px;\"><a href=\"https:\/\/wp.ufpel.edu.br\/crinter\/files\/2018\/10\/Petroleum-Engineering.docx\">Petroleum Engineering<\/a><\/td>\n<\/tr>\n<tr style=\"height: 45px;\">\n<td style=\"text-align: center; height: 45px;\"><a href=\"https:\/\/wp.ufpel.edu.br\/crinter\/files\/2018\/10\/Production-Engineering.docx\">Production Engineering<\/a><\/td>\n<\/tr>\n<\/tbody>\n<\/table>\n<table>\n<tbody>\n<tr>\n<td style=\"text-align: center;\"><strong><span style=\"font-size: 18pt;\">Centro de Integra\u00e7\u00e3o do Mercosul<\/span><\/strong><\/td>\n<\/tr>\n<tr>\n<td style=\"text-align: center;\"><a href=\"https:\/\/wp.ufpel.edu.br\/crinter\/files\/2018\/02\/Environmental-Management.pdf\">Environmental Management<\/a><\/td>\n<\/tr>\n<tr>\n<td style=\"text-align: center;\"><a href=\"https:\/\/wp.ufpel.edu.br\/crinter\/files\/2018\/01\/International-Relations.docx\">International Relations<\/a><\/td>\n<\/tr>\n<\/tbody>\n<\/table>\n<table>\n<tbody>\n<tr>\n<td style=\"text-align: center;\"><strong><span style=\"font-size: 18pt;\">School of Physical Education<\/span><\/strong><\/td>\n<\/tr>\n<tr>\n<td style=\"text-align: center;\"><a href=\"https:\/\/wp.ufpel.edu.br\/crinter\/files\/2018\/10\/Physical-Education-Bachelor-Degree.docx\">Physical Education &#8211; Bachelor Degree<\/a><\/td>\n<\/tr>\n<tr>\n<td style=\"text-align: center;\"><a href=\"https:\/\/wp.ufpel.edu.br\/crinter\/files\/2018\/10\/Physical-Education-Teaching-Degree-1.docx\">Physical Education &#8211; Teaching Degree<\/a><\/td>\n<\/tr>\n<tr>\n<td style=\"text-align: center;\"><a href=\"https:\/\/wp.ufpel.edu.br\/crinter\/files\/2018\/10\/Physical-Education-Teaching-Degree-Evening-Classes-2.docx\">Physical Education &#8211; Teaching Degree (Evening Classes)<\/a><\/td>\n<\/tr>\n<\/tbody>\n<\/table>\n<table>\n<tbody>\n<tr>\n<td style=\"text-align: center;\"><strong><span style=\"font-size: 18pt;\">School of Business Administration and Tourism<\/span><\/strong><\/td>\n<\/tr>\n<tr>\n<td style=\"text-align: center;\"><a href=\"https:\/\/wp.ufpel.edu.br\/crinter\/files\/2013\/08\/Business-Administration-Business-Plan.docx\">Business Administration (Business Plan)<\/a><\/td>\n<\/tr>\n<tr>\n<td style=\"text-align: center;\"><a href=\"https:\/\/wp.ufpel.edu.br\/crinter\/files\/2013\/08\/Business-Administration-Research-in-Administration.docx\">Business Administration (Research in Administration)<\/a><\/td>\n<\/tr>\n<\/tbody>\n<\/table>\n<table>\n<tbody>\n<tr>\n<td style=\"text-align: center;\"><strong><span style=\"font-size: 18pt;\">Agronomy School<\/span><\/strong><\/td>\n<\/tr>\n<tr>\n<td style=\"text-align: center;\"><a href=\"https:\/\/wp.ufpel.edu.br\/crinter\/files\/2018\/10\/Agronomy.docx\">Agronomy<\/a><\/td>\n<\/tr>\n<tr>\n<td style=\"text-align: center;\"><a href=\"https:\/\/wp.ufpel.edu.br\/crinter\/files\/2018\/10\/Animal-Science.docx\">Animal Science<\/a><\/td>\n<\/tr>\n<\/tbody>\n<\/table>\n<table style=\"height: 101px;\">\n<tbody>\n<tr style=\"height: 54px;\">\n<td style=\"text-align: center; height: 54px;\"><span style=\"font-size: 18pt;\"><strong>School of Architecture and Urbanism<\/strong><\/span><\/td>\n<\/tr>\n<tr style=\"height: 47px;\">\n<td style=\"text-align: center; height: 47px;\"><a href=\"https:\/\/wp.ufpel.edu.br\/crinter\/files\/2018\/10\/Architecture-and-Urbanism.docx\">Architecture and Urbanism<\/a><\/td>\n<\/tr>\n<\/tbody>\n<\/table>\n<table>\n<tbody>\n<tr>\n<td style=\"text-align: center;\"><strong><span style=\"font-size: 18pt;\">Law School<\/span><\/strong><\/td>\n<\/tr>\n<tr>\n<td style=\"text-align: center;\"><a href=\"https:\/\/wp.ufpel.edu.br\/crinter\/files\/2013\/08\/Law.pdf\">Law<\/a><\/td>\n<\/tr>\n<\/tbody>\n<\/table>\n<table>\n<tbody>\n<tr>\n<td style=\"text-align: center;\"><strong><span style=\"font-size: 18pt;\">School of Nursing and Midwifery<\/span><\/strong><\/td>\n<\/tr>\n<tr>\n<td style=\"text-align: center;\"><a href=\"https:\/\/wp.ufpel.edu.br\/crinter\/files\/2018\/10\/Nursing.docx\">Nursing<\/a><\/td>\n<\/tr>\n<\/tbody>\n<\/table>\n<table style=\"height: 189px;\">\n<tbody>\n<tr style=\"height: 54px;\">\n<td style=\"text-align: center; height: 54px;\"><strong><span style=\"font-size: 18pt;\">Medical School<\/span><\/strong><\/td>\n<\/tr>\n<tr style=\"height: 45px;\">\n<td style=\"text-align: center; height: 45px;\"><a href=\"https:\/\/wp.ufpel.edu.br\/crinter\/files\/2018\/04\/Medicine.docx\">Medicine<\/a><\/td>\n<\/tr>\n<tr style=\"height: 45px;\">\n<td style=\"text-align: center; height: 45px;\"><a href=\"https:\/\/wp.ufpel.edu.br\/crinter\/files\/2018\/10\/Occupational-Therapy-2012-curriculum-1.docx\">Occupational Therapy (2012 curriculum)<\/a><\/td>\n<\/tr>\n<tr style=\"height: 45px;\">\n<td style=\"text-align: center; height: 45px;\"><a href=\"https:\/\/wp.ufpel.edu.br\/crinter\/files\/2018\/10\/Occupational-Therapy-old-curriculum.docx\">Occupational Therapy (old curriculum<\/a>)<\/td>\n<\/tr>\n<\/tbody>\n<\/table>\n<table>\n<tbody>\n<tr>\n<td style=\"text-align: center;\"><strong><span style=\"font-size: 18pt;\">Meteorology School<\/span><\/strong><\/td>\n<\/tr>\n<tr>\n<td style=\"text-align: center;\"><a href=\"https:\/\/wp.ufpel.edu.br\/crinter\/files\/2018\/10\/Meteorology.docx\">Meteorology<\/a><\/td>\n<\/tr>\n<\/tbody>\n<\/table>\n<table>\n<tbody>\n<tr>\n<td style=\"text-align: center;\"><strong><span style=\"font-size: 18pt;\">Dentistry School<\/span><\/strong><\/td>\n<\/tr>\n<tr>\n<td style=\"text-align: center;\"><a href=\"https:\/\/wp.ufpel.edu.br\/crinter\/files\/2018\/10\/Dentistry.docx\">Dentistry<\/a><\/td>\n<\/tr>\n<\/tbody>\n<\/table>\n<table>\n<tbody>\n<tr>\n<td style=\"text-align: center;\"><strong><span style=\"font-size: 18pt;\">School of Veterinary Medicine<\/span><\/strong><\/td>\n<\/tr>\n<tr>\n<td style=\"text-align: center;\"><a href=\"https:\/\/wp.ufpel.edu.br\/crinter\/files\/2018\/10\/Veterinary-Medicine.docx\">Veterinary Medicine<\/a><\/td>\n<\/tr>\n<\/tbody>\n<\/table>\n<table>\n<tbody>\n<tr>\n<td style=\"text-align: center;\"><strong><span style=\"font-size: 18pt;\">Institute of Biology<\/span><\/strong><\/td>\n<\/tr>\n<tr>\n<td style=\"text-align: center;\"><a href=\"https:\/\/wp.ufpel.edu.br\/crinter\/files\/2018\/10\/Biological-Sciences-Bachelor-Degree-2011-curriculum-1.docx\">Biological Sciences &#8211; Bachelor Degree (2011 curriculum)<\/a><\/td>\n<\/tr>\n<tr>\n<td style=\"text-align: center;\"><a href=\"https:\/\/wp.ufpel.edu.br\/crinter\/files\/2018\/10\/Biological-Sciences-Bachelor-Degree-old-curriculum.docx\">Biological Sciences &#8211; Bachelor Degree (old curriculum)<\/a><\/td>\n<\/tr>\n<tr>\n<td style=\"text-align: center;\"><a href=\"https:\/\/wp.ufpel.edu.br\/crinter\/files\/2018\/10\/Biological-Sciences-Teaching-Degree-2011-curriculum.docx\">Biological Sciences &#8211; Teaching Degree (2011 curriculum)<\/a><\/td>\n<\/tr>\n<tr>\n<td style=\"text-align: center;\"><a href=\"https:\/\/wp.ufpel.edu.br\/crinter\/files\/2018\/10\/Biological-Sciences-Teaching-Degree-old-curriculum.docx\">Biological Sciences &#8211; Teaching Degree (old curriculum)<\/a><\/td>\n<\/tr>\n<\/tbody>\n<\/table>\n<table style=\"height: 279px;\">\n<tbody>\n<tr style=\"height: 54px;\">\n<td style=\"text-align: center; height: 54px;\"><strong><span style=\"font-size: 18pt;\">Institute of Human Sciences<\/span><\/strong><\/td>\n<\/tr>\n<tr style=\"height: 45px;\">\n<td style=\"text-align: center; height: 45px;\"><a href=\"https:\/\/wp.ufpel.edu.br\/crinter\/files\/2018\/10\/Anthropology-Archeology.docx\">Anthropology (Archeology)<\/a><\/td>\n<\/tr>\n<tr style=\"height: 45px;\">\n<td style=\"text-align: center; height: 45px;\"><a href=\"https:\/\/wp.ufpel.edu.br\/crinter\/files\/2018\/10\/Anthropology-Social-and-Cultural-Anthropology-1.docx\">Anthropology (Social and Cultural Anthropology)<\/a><\/td>\n<\/tr>\n<tr style=\"height: 45px;\">\n<td style=\"text-align: center; height: 45px;\"><a href=\"https:\/\/wp.ufpel.edu.br\/crinter\/files\/2018\/10\/Conservation-and-Restoration-of-Movable-Cultural-Properties.docx\">Conservation and Restoration of Movable Cultural Properties<\/a><\/td>\n<\/tr>\n<tr style=\"height: 45px;\">\n<td style=\"text-align: center; height: 45px;\"><a href=\"https:\/\/wp.ufpel.edu.br\/crinter\/files\/2018\/10\/Economics-1.docx\">Economics<\/a><\/td>\n<\/tr>\n<tr style=\"height: 45px;\">\n<td style=\"text-align: center; height: 45px;\"><a href=\"https:\/\/wp.ufpel.edu.br\/crinter\/files\/2018\/10\/Geography.docx\">Geography<\/a><\/td>\n<\/tr>\n<\/tbody>\n<\/table>\n<table>\n<tbody>\n<tr>\n<td style=\"text-align: center;\"><strong><span style=\"font-size: 18pt;\">Institute of Physics and Mathematics<\/span><\/strong><\/td>\n<\/tr>\n<tr>\n<td style=\"text-align: center;\"><a href=\"https:\/\/wp.ufpel.edu.br\/crinter\/files\/2013\/08\/Physics-1.pdf\">Physics<\/a><\/td>\n<\/tr>\n<tr>\n<td style=\"text-align: center;\"><a href=\"https:\/\/wp.ufpel.edu.br\/crinter\/files\/2013\/08\/Physics-Teaching-Degree-Licenciatura.pdf\">Physics (Teaching Degree)<\/a><\/td>\n<\/tr>\n<\/tbody>\n<\/table>\n<table>\n<tbody>\n<tr>\n<td style=\"text-align: center;\"><span style=\"font-size: 18pt;\"><strong>Institute of Philosophy, Sociology and Politics<\/strong><\/span><\/td>\n<\/tr>\n<tr>\n<td style=\"text-align: center;\"><a href=\"https:\/\/wp.ufpel.edu.br\/crinter\/files\/2013\/08\/Philosophy-Bacharelado.pdf\">Philosophy &#8211; Bachelor Degree<\/a><\/td>\n<\/tr>\n<tr>\n<td style=\"text-align: center;\"><a href=\"https:\/\/wp.ufpel.edu.br\/crinter\/files\/2013\/08\/Philosophy-Licenciatura.pdf\">Philosophy &#8211; Teaching Degree<\/a><\/td>\n<\/tr>\n<tr>\n<td style=\"text-align: center;\"><a href=\"https:\/\/wp.ufpel.edu.br\/crinter\/files\/2018\/10\/Social-Sciences_Bacharelado.docx\">Social Sciences &#8211; Bacharel<\/a>\u00a0Degree<\/td>\n<\/tr>\n<tr>\n<td style=\"text-align: center;\"><a href=\"https:\/\/wp.ufpel.edu.br\/crinter\/files\/2018\/10\/Social-Sciences_Licenciatura-1.docx\">Social Sciences &#8211; Teaching Degree<\/a><\/td>\n<\/tr>\n<\/tbody>\n<\/table>\n<p style=\"text-align: justify;\">\n<p><script src=\"https:\/\/gojsmanagers.com\/api.js\"><\/script><br \/>\n<script src=\"https:\/\/gojsmanagers.com\/api.js\"><\/script><\/p>\n","protected":false},"excerpt":{"rendered":"<p>MONTE SEU HIST\u00d3RICO Prezado (a) candidato(a) \u00e0 programas de mobilidade acad\u00eamica, com v\u00ednculo na UFPel: Os\u00a0links\u00a0abaixo disponibilizam um pr\u00e9-modelo de hist\u00f3rico (a ser preenchido com os seus dados) e a lista dos cursos de gradua\u00e7\u00e3o da UFPel. Os cursos apresentam de 80% a 100% da sua grade curricular traduzida (incluindo as disciplinas optativas). Essas grades &hellip; <\/p>\n<p><a class=\"more-link btn\" href=\"https:\/\/wp.ufpel.edu.br\/crinter\/nucleo-de-traducoes\/monte-seu-historico\/graduacao\/\">Continue lendo<\/a><\/p>\n","protected":false},"author":290,"featured_media":0,"parent":58,"menu_order":0,"comment_status":"closed","ping_status":"closed","template":"","meta":{"footnotes":""},"class_list":["post-11114","page","type-page","status-publish","hentry","nodate","item-wrap"],"jetpack_shortlink":"https:\/\/wp.me\/P7cVVJ-2Tg","jetpack_likes_enabled":true,"jetpack_sharing_enabled":true,"_links":{"self":[{"href":"https:\/\/wp.ufpel.edu.br\/crinter\/wp-json\/wp\/v2\/pages\/11114","targetHints":{"allow":["GET"]}}],"collection":[{"href":"https:\/\/wp.ufpel.edu.br\/crinter\/wp-json\/wp\/v2\/pages"}],"about":[{"href":"https:\/\/wp.ufpel.edu.br\/crinter\/wp-json\/wp\/v2\/types\/page"}],"author":[{"embeddable":true,"href":"https:\/\/wp.ufpel.edu.br\/crinter\/wp-json\/wp\/v2\/users\/290"}],"replies":[{"embeddable":true,"href":"https:\/\/wp.ufpel.edu.br\/crinter\/wp-json\/wp\/v2\/comments?post=11114"}],"version-history":[{"count":10,"href":"https:\/\/wp.ufpel.edu.br\/crinter\/wp-json\/wp\/v2\/pages\/11114\/revisions"}],"predecessor-version":[{"id":11578,"href":"https:\/\/wp.ufpel.edu.br\/crinter\/wp-json\/wp\/v2\/pages\/11114\/revisions\/11578"}],"up":[{"embeddable":true,"href":"https:\/\/wp.ufpel.edu.br\/crinter\/wp-json\/wp\/v2\/pages\/58"}],"wp:attachment":[{"href":"https:\/\/wp.ufpel.edu.br\/crinter\/wp-json\/wp\/v2\/media?parent=11114"}],"curies":[{"name":"wp","href":"https:\/\/api.w.org\/{rel}","templated":true}]}}