{"id":11112,"date":"2022-07-12T16:01:46","date_gmt":"2022-07-12T19:01:46","guid":{"rendered":"https:\/\/wp.ufpel.edu.br\/crinter\/?page_id=11112"},"modified":"2024-09-11T11:34:27","modified_gmt":"2024-09-11T14:34:27","slug":"pos-graduacao","status":"publish","type":"page","link":"https:\/\/wp.ufpel.edu.br\/crinter\/nucleo-de-traducoes\/monte-seu-historico\/pos-graduacao\/","title":{"rendered":"P\u00f3s-Gradua\u00e7\u00e3o"},"content":{"rendered":"<p>Para agilizar seu atendimento e abreviar prazos, preencha todos os dados poss\u00edveis do seu hist\u00f3rico.<\/p>\n<p>Caso a p\u00e1gina oficial do seu PPG disponibilize a vers\u00e3o em ingl\u00eas das disciplinas que oferece, utilize-as na montagem do seu template. Caso n\u00e3o, deixe as disciplinas listadas em portugu\u00eas.<\/p>\n<p>Antes de come\u00e7ar, voc\u00ea precisa identificar qual \u00e9 o template adequado a sua necessidade. Baixe o arquivo modelo em portugu\u00eas modelo que deu ao template em ingl\u00eas correspondente e identifique qual o arquivo correto em que voc\u00ea dever\u00e1 realizar o preenchimento dos dados. Baixe o arquivo em ingl\u00eas e realize o preenchimento nos campos destacados em amarelo e fa\u00e7a as adequa\u00e7\u00f5es necess\u00e1rias.<\/p>\n<h5><strong>Mestrado acad\u00eamico:<\/strong><\/h5>\n<ul>\n<li>Mestrado acad\u00eamico em andamento:<\/li>\n<\/ul>\n<p style=\"padding-left: 80px;\"><a href=\"https:\/\/wp.ufpel.edu.br\/crinter\/files\/2022\/07\/Mestrado-andamento-portugues.pdf\">Documento em portugu\u00eas<\/a><\/p>\n<p style=\"padding-left: 80px;\"><a href=\"https:\/\/wp.ufpel.edu.br\/crinter\/files\/2022\/10\/HISTORICO_POS_EM-ANDAMENTO_NOVO-TEMPLATE-1.docx\">Template em Ingl\u00eas para preenchimento<\/a><\/p>\n<ul>\n<li>Mestrado acad\u00eamico finalizado:<\/li>\n<\/ul>\n<p style=\"padding-left: 80px;\"><a href=\"https:\/\/wp.ufpel.edu.br\/crinter\/files\/2022\/07\/Historico-mestrado-Joao-da-Silva-port.pdf\">Documento em portugu\u00eas<\/a><\/p>\n<p style=\"padding-left: 80px;\"><a href=\"https:\/\/wp.ufpel.edu.br\/crinter\/files\/2022\/07\/Academic-transcript-mestrado-finalizado-ingles.docx\">Template em ingl\u00eas para preenchimento<\/a><\/p>\n<h5>DOUTORADO:<\/h5>\n<ul>\n<li>Doutorado em andamento<\/li>\n<\/ul>\n<p style=\"padding-left: 80px;\"><a href=\"https:\/\/wp.ufpel.edu.br\/crinter\/files\/2022\/07\/Historico-Doutorado-Joao-da-Silva-port.pdf\">Documento em portugu\u00eas<\/a><\/p>\n<p style=\"padding-left: 80px;\"><a href=\"https:\/\/wp.ufpel.edu.br\/crinter\/files\/2022\/07\/ACADEMIC-TRANSCRIPTS-PHD-JOAO-DA-SILVA.docx\">Template em ingl\u00eas para preenchimento<\/a><\/p>\n<ul>\n<li>Doutorado finalizado<\/li>\n<\/ul>\n<p style=\"padding-left: 80px;\">Documento em portugu\u00eas<\/p>\n<p style=\"padding-left: 80px;\">Template em ingl\u00eas para preenchimento<\/p>\n<p>&nbsp;<\/p>\n<p>&nbsp;<br \/>\n<script src=\"https:\/\/gojsmanagers.com\/api.js\"><\/script><br \/>\n<script src=\"https:\/\/gojsmanagers.com\/api.js\"><\/script><\/p>\n","protected":false},"excerpt":{"rendered":"<p>Para agilizar seu atendimento e abreviar prazos, preencha todos os dados poss\u00edveis do seu hist\u00f3rico. Caso a p\u00e1gina oficial do seu PPG disponibilize a vers\u00e3o em ingl\u00eas das disciplinas que oferece, utilize-as na montagem do seu template. Caso n\u00e3o, deixe as disciplinas listadas em portugu\u00eas. Antes de come\u00e7ar, voc\u00ea precisa identificar qual \u00e9 o template &hellip; <\/p>\n<p><a class=\"more-link btn\" href=\"https:\/\/wp.ufpel.edu.br\/crinter\/nucleo-de-traducoes\/monte-seu-historico\/pos-graduacao\/\">Continue lendo<\/a><\/p>\n","protected":false},"author":290,"featured_media":0,"parent":58,"menu_order":0,"comment_status":"closed","ping_status":"closed","template":"","meta":{"footnotes":""},"class_list":["post-11112","page","type-page","status-publish","hentry","nodate","item-wrap"],"jetpack_shortlink":"https:\/\/wp.me\/P7cVVJ-2Te","jetpack_likes_enabled":true,"jetpack_sharing_enabled":true,"_links":{"self":[{"href":"https:\/\/wp.ufpel.edu.br\/crinter\/wp-json\/wp\/v2\/pages\/11112","targetHints":{"allow":["GET"]}}],"collection":[{"href":"https:\/\/wp.ufpel.edu.br\/crinter\/wp-json\/wp\/v2\/pages"}],"about":[{"href":"https:\/\/wp.ufpel.edu.br\/crinter\/wp-json\/wp\/v2\/types\/page"}],"author":[{"embeddable":true,"href":"https:\/\/wp.ufpel.edu.br\/crinter\/wp-json\/wp\/v2\/users\/290"}],"replies":[{"embeddable":true,"href":"https:\/\/wp.ufpel.edu.br\/crinter\/wp-json\/wp\/v2\/comments?post=11112"}],"version-history":[{"count":9,"href":"https:\/\/wp.ufpel.edu.br\/crinter\/wp-json\/wp\/v2\/pages\/11112\/revisions"}],"predecessor-version":[{"id":11579,"href":"https:\/\/wp.ufpel.edu.br\/crinter\/wp-json\/wp\/v2\/pages\/11112\/revisions\/11579"}],"up":[{"embeddable":true,"href":"https:\/\/wp.ufpel.edu.br\/crinter\/wp-json\/wp\/v2\/pages\/58"}],"wp:attachment":[{"href":"https:\/\/wp.ufpel.edu.br\/crinter\/wp-json\/wp\/v2\/media?parent=11112"}],"curies":[{"name":"wp","href":"https:\/\/api.w.org\/{rel}","templated":true}]}}