{"id":105,"date":"2020-06-18T14:23:44","date_gmt":"2020-06-18T17:23:44","guid":{"rendered":"https:\/\/wp.ufpel.edu.br\/crimeacoescoletivas\/?page_id=105"},"modified":"2022-01-28T09:44:18","modified_gmt":"2022-01-28T12:44:18","slug":"projetos","status":"publish","type":"page","link":"https:\/\/wp.ufpel.edu.br\/crimeacoescoletivas\/projetos\/","title":{"rendered":"Projetos"},"content":{"rendered":"<p><strong><span dir=\"ltr\" role=\"presentation\">Configura\u00e7\u00f5es e tensionamentos das din\u00e2micas do crime e das a\u00e7\u00f5es coletivas no Brasil contempor\u00e2neo <\/span><\/strong><span dir=\"ltr\" role=\"presentation\">(2018-2023)<\/span><\/p>\n<p><strong>Coordenadora<\/strong>: Simone da Silva Ribeiro Gomes<\/p>\n<p><strong>Bolsista de Inicia\u00e7\u00e3o Cient\u00edfica: <\/strong>Mariana dos Santos Escobar<\/p>\n<p style=\"text-align: justify\">Resumo: <span dir=\"ltr\" role=\"presentation\">A influ\u00eancia das din\u00e2micas da narcopol\u00edtica nas formas contempor\u00e2neas de mobiliza\u00e7\u00e3o dos ativistas <\/span><span dir=\"ltr\" role=\"presentation\">ser\u00e1 observada, tal como ser\u00e3o apontadas algumas das caracter\u00edsticas principais de novas \u2013 e antigas &#8211; <\/span><span dir=\"ltr\" role=\"presentation\">formas de viol\u00eancia, estudadas \u00e0 luz das pr\u00e1ticas contestat\u00f3rias dos movimentos sociais e ativistas. <\/span><span dir=\"ltr\" role=\"presentation\">Deste modo, algumas das mudan\u00e7as observadas dizem respeito \u00e0 intensa criminaliza\u00e7\u00e3o de ativistas e <\/span><span dir=\"ltr\" role=\"presentation\">protestos, a equipara\u00e7\u00e3o entre ativistas a guerrilheiros e terroristas, e outras formas de supress\u00e3o da<\/span><br role=\"presentation\" \/><span dir=\"ltr\" role=\"presentation\">possibilidade de a\u00e7\u00e3o politica presentes no recurso recorrente ao Estado de exce\u00e7\u00e3o e a implanta\u00e7\u00e3o de <\/span><span dir=\"ltr\" role=\"presentation\">Estados policiais. Ademais, fen\u00f4menos como a militariza\u00e7\u00e3o da politica, a multiplica\u00e7\u00e3o das mortes e <\/span><span dir=\"ltr\" role=\"presentation\">desaparecidos em v\u00e1rios pa\u00edses, notadamente na Am\u00e9rica Latina, um sistema de justi\u00e7a percebido como <\/span><span dir=\"ltr\" role=\"presentation\">ineficiente, e a corrup\u00e7\u00e3o sist\u00eamica na politica ser\u00e3o discutidos.<\/span><\/p>\n<p>Anais do 20 Congresso Brasileiro de Sociologia, 2021. Pesquisa <a href=\"https:\/\/www.academia.edu\/69658980\/A_circula%C3%A7%C3%A3o_da_viol%C3%AAncia_nos_protestos_latinoamericanos_aportes_sobre_um_repert%C3%B3rio_do_conflito_pol%C3%ADtico\">&#8220;<span class=\"a\">A circula\u00e7\u00e3o da viol\u00eancia nos protestos latinoamericanos: aportes sobre um <\/span><span class=\"a\">repert\u00f3rio do conflito pol\u00edtico<\/span>&#8220;<\/a><\/p>\n<p>Apresenta\u00e7\u00e3o Mariana Santos Escobar, no XXX Congresso de Inicia\u00e7\u00e3o Cient\u00edfica. VII SIIEPE, UFPel, 2021.<\/p>\n<p>\u00c1rea do conhecimento: Ci\u00eancias Humanas, Sociologia.<br \/>\nT\u00edtulo do trabalho: <a href=\"https:\/\/www.youtube.com\/watch?v=CS3of6buzws\">A CIRCULA\u00c7\u00c3O DE REPERT\u00d3RIOS VIOLENTOS DE A\u00c7\u00c3O COLETIVA NA AM\u00c9RICA LATINA<\/a><\/p>\n<p><strong>Sociologia das Associa\u00e7\u00f5es Criminosas <\/strong>(2021-2023)<\/p>\n<p><strong>Coordenadora<\/strong>: Simone da Silva Ribeiro Gomes<\/p>\n<p><strong>Bolsista de Inicia\u00e7\u00e3o Cient\u00edfica:<\/strong> Roberta do Pr\u00e1 Alano<\/p>\n<p style=\"text-align: justify\"><strong>Resumo:<\/strong> <span dir=\"ltr\" role=\"presentation\">A diversidade de associa\u00e7\u00f5es entre grupos criminosos \u00e9 objeto da Sociologia desde meados do s\u00e9culo XX. O s\u00e9culo XXI \u00e9 caracterizado pelo <\/span><span dir=\"ltr\" role=\"presentation\">aumento significativo do fluxos de pessoas, trocas financeiras e repert\u00f3rios de a\u00e7\u00e3o, decorrendo na complexifica\u00e7\u00e3o dos agrupamentos de sujeitos <\/span><span dir=\"ltr\" role=\"presentation\">envolvidos em atividades criminosas. <\/span><span dir=\"ltr\" role=\"presentation\">Esta projeto<\/span> <span dir=\"ltr\" role=\"presentation\">busca abordar as distintas associa\u00e7\u00f5es e proximidades entre o mundo do crime e o mundo dos movimentos, a partir de suas <\/span><span dir=\"ltr\" role=\"presentation\">converg\u00eancias. Por movimentos, entendemos desde as conceitua\u00e7\u00f5es da g\u00eanese das a\u00e7\u00f5es coletivas e ativismos at\u00e9 movimenta\u00e7\u00f5es outras que <\/span><span dir=\"ltr\" role=\"presentation\">fazem &#8211; e influenciam &#8211; o crime. As diverg\u00eancias tamb\u00e9m ser\u00e3o objeto de maior escrut\u00ednio, das pandillas na Am\u00e9rica Central \u00e0s fac\u00e7\u00f5es criminosas <\/span><span dir=\"ltr\" role=\"presentation\">no Brasil, dos cart\u00e9is no M\u00e9xico \u00e0s m\u00e1fias italianas, incluindo suas diferen\u00e7as internas e nuances. A pesquisa sociol\u00f3gica tradicional realizada <\/span><span dir=\"ltr\" role=\"presentation\">desde \u00e0s margens negligenciou aspectos relevantes e transnacionais sobre as associa\u00e7\u00f5es criminosas entre sujeitos, e um dos objetivos da linha \u00e9 <\/span><span dir=\"ltr\" role=\"presentation\">abordar tais tem\u00e1ticas em uma escala comparativa e internacional. Assim, as din\u00e2micas de distintas associa\u00e7\u00f5es criminosas e seus movimentos <\/span><span dir=\"ltr\" role=\"presentation\">s\u00e3o objeto de reflex\u00e3o, das circula\u00e7\u00f5es de conhecimento entre ativistas e criminosos \u00e0s aprendizagens cotidianas dos sujeitos vivendo em territ\u00f3rios <\/span><span dir=\"ltr\" role=\"presentation\">de ostensiva presen\u00e7a de fac\u00e7\u00f5es criminosas.<\/span><\/p>\n","protected":false},"excerpt":{"rendered":"<p>Configura\u00e7\u00f5es e tensionamentos das din\u00e2micas do crime e das a\u00e7\u00f5es coletivas no Brasil contempor\u00e2neo (2018-2023) Coordenadora: Simone da Silva Ribeiro Gomes Bolsista de Inicia\u00e7\u00e3o Cient\u00edfica: Mariana dos Santos Escobar Resumo: A influ\u00eancia das din\u00e2micas da narcopol\u00edtica nas formas contempor\u00e2neas de &hellip; <a href=\"https:\/\/wp.ufpel.edu.br\/crimeacoescoletivas\/projetos\/\">Continue lendo <span class=\"meta-nav\">&rarr;<\/span><\/a><\/p>\n","protected":false},"author":970,"featured_media":0,"parent":0,"menu_order":0,"comment_status":"closed","ping_status":"closed","template":"","meta":{"footnotes":""},"class_list":["post-105","page","type-page","status-publish","hentry"],"_links":{"self":[{"href":"https:\/\/wp.ufpel.edu.br\/crimeacoescoletivas\/wp-json\/wp\/v2\/pages\/105","targetHints":{"allow":["GET"]}}],"collection":[{"href":"https:\/\/wp.ufpel.edu.br\/crimeacoescoletivas\/wp-json\/wp\/v2\/pages"}],"about":[{"href":"https:\/\/wp.ufpel.edu.br\/crimeacoescoletivas\/wp-json\/wp\/v2\/types\/page"}],"author":[{"embeddable":true,"href":"https:\/\/wp.ufpel.edu.br\/crimeacoescoletivas\/wp-json\/wp\/v2\/users\/970"}],"replies":[{"embeddable":true,"href":"https:\/\/wp.ufpel.edu.br\/crimeacoescoletivas\/wp-json\/wp\/v2\/comments?post=105"}],"version-history":[{"count":6,"href":"https:\/\/wp.ufpel.edu.br\/crimeacoescoletivas\/wp-json\/wp\/v2\/pages\/105\/revisions"}],"predecessor-version":[{"id":251,"href":"https:\/\/wp.ufpel.edu.br\/crimeacoescoletivas\/wp-json\/wp\/v2\/pages\/105\/revisions\/251"}],"wp:attachment":[{"href":"https:\/\/wp.ufpel.edu.br\/crimeacoescoletivas\/wp-json\/wp\/v2\/media?parent=105"}],"curies":[{"name":"wp","href":"https:\/\/api.w.org\/{rel}","templated":true}]}}