{"id":102,"date":"2020-06-18T14:23:44","date_gmt":"2020-06-18T17:23:44","guid":{"rendered":"https:\/\/wp.ufpel.edu.br\/crimeacoescoletivas\/?page_id=102"},"modified":"2020-11-13T15:17:25","modified_gmt":"2020-11-13T18:17:25","slug":"apresentacao","status":"publish","type":"page","link":"https:\/\/wp.ufpel.edu.br\/crimeacoescoletivas\/apresentacao\/","title":{"rendered":"Apresenta\u00e7\u00e3o"},"content":{"rendered":"<p>O LAMOV &#8211; Laborat\u00f3rio de estudos sobre a\u00e7\u00e3o coletiva, movimentos e viol\u00eancia foi criado no Diret\u00f3rio de Grupos de Pesquisa no CNPq em abril de 2020, vinculado ao Instituto de Filosofia, Sociologia e Pol\u00edtica da Universidade Federal de Pelotas (UFPel). No segundo semestre de 2019 o LAMOV j\u00e1 iniciou as suas reuni\u00f5es, com a coordenadora, estudantes de gradua\u00e7\u00e3o em Ci\u00eancias Sociais da UFPel, mestrado e doutorado do Programa de P\u00f3s Gradua\u00e7\u00e3o. Ademais, pesquisadores e pesquisadoras de outras IES do pa\u00eds j\u00e1 colaboraram com as discuss\u00f5es.<\/p>\n<p>O objetivo principal do LAMOV \u00e9 promover pesquisas e projetos promovendo o debate e a reflex\u00e3o sobre as a interface entre a\u00e7\u00f5es coletivas, movimentos sociais e viol\u00eancia. O n\u00facleo se articula em torno das seguintes linhas de pesquisa:<\/p>\n<ul>\n<li>Criminalidade, viol\u00eancia urbana e efeitos da Guerra \u00e0s Drogas<\/li>\n<li>Fac\u00e7\u00f5es prisionais, sistema penitenci\u00e1rio e pol\u00edtica de drogas<\/li>\n<li>Movimentos sociais, ativismos e milit\u00e2ncias<\/li>\n<\/ul>\n<p>Link para o Diret\u00f3rio de Grupos de Pesquisa no CNPq:<\/p>\n<p>http:\/\/dgp.cnpq.br\/dgp\/espelhogrupo\/581645<\/p>\n<p><img loading=\"lazy\" decoding=\"async\" class=\"alignnone size-medium wp-image-151\" src=\"https:\/\/wp.ufpel.edu.br\/crimeacoescoletivas\/files\/2020\/11\/LAMOV-para-i\u0301cone-400x400.png\" alt=\"\" width=\"400\" height=\"400\" srcset=\"https:\/\/wp.ufpel.edu.br\/crimeacoescoletivas\/files\/2020\/11\/LAMOV-para-i\u0301cone-400x400.png 400w, https:\/\/wp.ufpel.edu.br\/crimeacoescoletivas\/files\/2020\/11\/LAMOV-para-i\u0301cone-200x200.png 200w, https:\/\/wp.ufpel.edu.br\/crimeacoescoletivas\/files\/2020\/11\/LAMOV-para-i\u0301cone-32x32.png 32w, https:\/\/wp.ufpel.edu.br\/crimeacoescoletivas\/files\/2020\/11\/LAMOV-para-i\u0301cone-300x300.png 300w, https:\/\/wp.ufpel.edu.br\/crimeacoescoletivas\/files\/2020\/11\/LAMOV-para-i\u0301cone.png 500w\" sizes=\"auto, (max-width: 400px) 100vw, 400px\" \/><\/p>\n","protected":false},"excerpt":{"rendered":"<p>O LAMOV &#8211; Laborat\u00f3rio de estudos sobre a\u00e7\u00e3o coletiva, movimentos e viol\u00eancia foi criado no Diret\u00f3rio de Grupos de Pesquisa no CNPq em abril de 2020, vinculado ao Instituto de Filosofia, Sociologia e Pol\u00edtica da Universidade Federal de Pelotas (UFPel). &hellip; <a href=\"https:\/\/wp.ufpel.edu.br\/crimeacoescoletivas\/apresentacao\/\">Continue lendo <span class=\"meta-nav\">&rarr;<\/span><\/a><\/p>\n","protected":false},"author":970,"featured_media":0,"parent":0,"menu_order":0,"comment_status":"closed","ping_status":"closed","template":"","meta":{"footnotes":""},"class_list":["post-102","page","type-page","status-publish","hentry"],"_links":{"self":[{"href":"https:\/\/wp.ufpel.edu.br\/crimeacoescoletivas\/wp-json\/wp\/v2\/pages\/102","targetHints":{"allow":["GET"]}}],"collection":[{"href":"https:\/\/wp.ufpel.edu.br\/crimeacoescoletivas\/wp-json\/wp\/v2\/pages"}],"about":[{"href":"https:\/\/wp.ufpel.edu.br\/crimeacoescoletivas\/wp-json\/wp\/v2\/types\/page"}],"author":[{"embeddable":true,"href":"https:\/\/wp.ufpel.edu.br\/crimeacoescoletivas\/wp-json\/wp\/v2\/users\/970"}],"replies":[{"embeddable":true,"href":"https:\/\/wp.ufpel.edu.br\/crimeacoescoletivas\/wp-json\/wp\/v2\/comments?post=102"}],"version-history":[{"count":7,"href":"https:\/\/wp.ufpel.edu.br\/crimeacoescoletivas\/wp-json\/wp\/v2\/pages\/102\/revisions"}],"predecessor-version":[{"id":165,"href":"https:\/\/wp.ufpel.edu.br\/crimeacoescoletivas\/wp-json\/wp\/v2\/pages\/102\/revisions\/165"}],"wp:attachment":[{"href":"https:\/\/wp.ufpel.edu.br\/crimeacoescoletivas\/wp-json\/wp\/v2\/media?parent=102"}],"curies":[{"name":"wp","href":"https:\/\/api.w.org\/{rel}","templated":true}]}}