{"id":495,"date":"2018-08-14T12:21:16","date_gmt":"2018-08-14T15:21:16","guid":{"rendered":"https:\/\/wp.ufpel.edu.br\/crej\/?page_id=495"},"modified":"2018-08-16T21:34:46","modified_gmt":"2018-08-17T00:34:46","slug":"pagina-inicial","status":"publish","type":"page","link":"https:\/\/wp.ufpel.edu.br\/crej\/","title":{"rendered":"P\u00e1gina Inicial"},"content":{"rendered":"<div id=\"pl-495\"  class=\"panel-layout\" ><div id=\"pg-495-0\"  class=\"panel-grid panel-no-style\" ><div id=\"pgc-495-0-0\"  class=\"panel-grid-cell\" ><div id=\"panel-495-0-0-0\" class=\"so-panel widget widget_circleicon-widget panel-first-child panel-last-child\" data-index=\"0\" >\t\t<div class=\"circle-icon-box circle-icon-position-top circle-icon-hide-box circle-icon-size-small \">\n\t\t\t\t\t\t\t<div class=\"circle-icon-wrapper\">\n\t\t\t\t\t\t\t\t\t\t<a href=\"http:\/\/wp.ufpel.edu.br\/scs\/files\/2010\/08\/Resolu%C3%A7%C3%A3o-222016.pdf\" class=\"link-icon\" target=\"_blank\">\t\t\t\t\t<div class=\"circle-icon\" >\n\t\t\t\t\t\t\t\t\t\t\t\t\t<div\n\t\t\t\t\t\t\t\tclass=\"fa fa-pencil-square-o\"\n\t\t\t\t\t\t\t\t\t\t\t\t\t\t\t><\/div>\n\t\t\t\t\t\t\t\t\t\t\t<\/div>\n\t\t\t\t\t<\/a>\t\t\t\t<\/div>\n\t\t\t\n\t\t\t\t\t\t\t<a\n\t\t\t\t\thref=\"http:\/\/wp.ufpel.edu.br\/scs\/files\/2010\/08\/Resolu%C3%A7%C3%A3o-222016.pdf\"\n\t\t\t\t\tclass=\"link-title\" target=&quot;_blank&quot;\t\t\t\t>\n\t\t\t\t\t\t\t\t\t\t<h4 style=\"color: #8224e3\">\n\t\t\t\t\tRESOLU\u00c7\u00c3O\t\t\t\t<\/h4>\n\t\t\t\t\t\t\t\t\t\t<\/a>\n\t\t\t\n\t\t\t\t\t\t\t<p class=\"text\" style=\"color: #898989\">\n\t\t\t\tUma resolu\u00e7\u00e3o pode ser um decreto, uma decis\u00e3o ou uma falha que emite uma determinada autoridade. Dependendo da fonte e do alcance, as resolu\u00e7\u00f5es podem qualificar-se de diferentes formas.\t\t\t<\/p>\n\t\t\t\t\t\t\t\t\t\t<a\n\t\t\t\t\thref=\"http:\/\/wp.ufpel.edu.br\/scs\/files\/2010\/08\/Resolu%C3%A7%C3%A3o-222016.pdf\"\n\t\t\t\t\tclass=\"more-button\"\n\t\t\t\t\ttarget=&quot;_blank&quot;style=\"color: #898989\"\t\t\t\t>\n\t\t\t\t\tResolu\u00e7\u00e3o que normativa o funcionamento e reconhecimento das Empresas J\u00faniores na UFPel \t\t\t\t\t<i><\/i>\n\t\t\t\t<\/a>\n\t\t\t\t\t<\/div>\n\t\t<\/div><\/div><div id=\"pgc-495-0-1\"  class=\"panel-grid-cell\" ><div id=\"panel-495-0-1-0\" class=\"so-panel widget widget_circleicon-widget panel-first-child panel-last-child\" data-index=\"1\" >\t\t<div class=\"circle-icon-box circle-icon-position-top circle-icon-hide-box circle-icon-size-medium \">\n\t\t\t\t\t\t\t<div class=\"circle-icon-wrapper\">\n\t\t\t\t\t\t\t\t\t\t<a href=\"http:\/\/wp.ufpel.edu.br\/crej\/composicao\/\" class=\"link-icon\" >\t\t\t\t\t<div class=\"circle-icon\" >\n\t\t\t\t\t\t\t\t\t\t\t\t\t<div\n\t\t\t\t\t\t\t\tclass=\"fa fa-eye\"\n\t\t\t\t\t\t\t\t\t\t\t\t\t\t\t><\/div>\n\t\t\t\t\t\t\t\t\t\t\t<\/div>\n\t\t\t\t\t<\/a>\t\t\t\t<\/div>\n\t\t\t\n\t\t\t\t\t\t\t<a\n\t\t\t\t\thref=\"http:\/\/wp.ufpel.edu.br\/crej\/composicao\/\"\n\t\t\t\t\tclass=\"link-title\" \t\t\t\t>\n\t\t\t\t\t\t\t\t\t\t<h4 style=\"color: #8224e3\">\n\t\t\t\t\tREPRESENTANTES\t\t\t\t<\/h4>\n\t\t\t\t\t\t\t\t\t\t<\/a>\n\t\t\t\n\t\t\t\t\t\t\t<p class=\"text\" style=\"color: #898989\">\n\t\t\t\tO CREJ tem como prop\u00f3sito a busca por uma UFPel Empreendedora. Trabalhamos todos os dias para formar pessoas\/ profissionais comprometidas e capazes de transformar o Brasil por meio da realiza\u00e7\u00e3o de mais e melhores projetos. Somos uma parte do Movimento Empres\u00e1rio J\u00fanior!\t\t\t<\/p>\n\t\t\t\t\t\t\t\t\t\t<a\n\t\t\t\t\thref=\"http:\/\/wp.ufpel.edu.br\/crej\/composicao\/\"\n\t\t\t\t\tclass=\"more-button\"\n\t\t\t\t\tstyle=\"color: #898989\"\t\t\t\t>\n\t\t\t\t\tConhe\u00e7a quem est\u00e1 por tr\u00e1s das atividades atuais do movimento empresa junior na UFPel\t\t\t\t\t<i><\/i>\n\t\t\t\t<\/a>\n\t\t\t\t\t<\/div>\n\t\t<\/div><\/div><div id=\"pgc-495-0-2\"  class=\"panel-grid-cell\" ><div id=\"panel-495-0-2-0\" class=\"so-panel widget widget_circleicon-widget panel-first-child panel-last-child\" data-index=\"2\" >\t\t<div class=\"circle-icon-box circle-icon-position-top circle-icon-hide-box circle-icon-size-small \">\n\t\t\t\t\t\t\t<div class=\"circle-icon-wrapper\">\n\t\t\t\t\t\t\t\t\t\t<a href=\"http:\/\/wp.ufpel.edu.br\/scs\/files\/2017\/04\/Resolu%C3%A7%C3%A3o-06-2017-COCEPE.pdf\" class=\"link-icon\" target=\"_blank\">\t\t\t\t\t<div class=\"circle-icon\" >\n\t\t\t\t\t\t\t\t\t\t\t\t\t<div\n\t\t\t\t\t\t\t\tclass=\"fa fa-desktop\"\n\t\t\t\t\t\t\t\t\t\t\t\t\t\t\t><\/div>\n\t\t\t\t\t\t\t\t\t\t\t<\/div>\n\t\t\t\t\t<\/a>\t\t\t\t<\/div>\n\t\t\t\n\t\t\t\t\t\t\t<a\n\t\t\t\t\thref=\"http:\/\/wp.ufpel.edu.br\/scs\/files\/2017\/04\/Resolu%C3%A7%C3%A3o-06-2017-COCEPE.pdf\"\n\t\t\t\t\tclass=\"link-title\" target=&quot;_blank&quot;\t\t\t\t>\n\t\t\t\t\t\t\t\t\t\t<h4 style=\"color: #8224e3\">\n\t\t\t\t\tREGULAMENTO INTERNO\t\t\t\t<\/h4>\n\t\t\t\t\t\t\t\t\t\t<\/a>\n\t\t\t\n\t\t\t\t\t\t\t<p class=\"text\" style=\"color: #898989\">\n\t\t\t\tA no\u00e7\u00e3o de regulamento interno faz refer\u00eancia \u00e0s regras que regulam o funcionamento de uma organiza\u00e7\u00e3o. O regulamento \u00e9 \u201cinterno\u201d uma vez que os seus postulados s\u00e3o v\u00e1lidos no interior da entidade, mas n\u00e3o s\u00e3o necessariamente v\u00e1lidos portas fora.\t\t\t<\/p>\n\t\t\t\t\t\t\t\t\t\t<a\n\t\t\t\t\thref=\"http:\/\/wp.ufpel.edu.br\/scs\/files\/2017\/04\/Resolu%C3%A7%C3%A3o-06-2017-COCEPE.pdf\"\n\t\t\t\t\tclass=\"more-button\"\n\t\t\t\t\ttarget=&quot;_blank&quot;style=\"color: #898989\"\t\t\t\t>\n\t\t\t\t\tRegulamento Interno do CREJ\t\t\t\t\t<i><\/i>\n\t\t\t\t<\/a>\n\t\t\t\t\t<\/div>\n\t\t<\/div><\/div><\/div><div id=\"pg-495-1\"  class=\"panel-grid panel-has-style\" ><div class=\"wide-grey panel-row-style panel-row-style-for-495-1\" ><div id=\"pgc-495-1-0\"  class=\"panel-grid-cell\" ><div id=\"panel-495-1-0-0\" class=\"so-panel widget widget_headline-widget panel-first-child panel-last-child\" data-index=\"3\" ><div class=\"panel-widget-style panel-widget-style-for-495-1-0-0\" >\t\t<h1>A 25\u00aa edi\u00e7\u00e3o do Encontro Nacional de Empresas Juniores (ENEJ) ser\u00e1 em Ouro Preto<\/h1>\n\t\t<div class=\"decoration\"><div class=\"decoration-inside\"><\/div><\/div>\n\t\t<h3>Maior evento de empreendedorismo jovem ocorre entre os dias 29 de agosto e 1\u00ba de setembro<\/h3>\n\t\t<\/div><\/div><\/div><\/div><\/div><div id=\"pg-495-2\"  class=\"panel-grid panel-no-style\" ><div id=\"pgc-495-2-0\"  class=\"panel-grid-cell\" ><div id=\"panel-495-2-0-0\" class=\"so-panel widget widget_siteorigin-panels-postloop panel-first-child panel-last-child\" data-index=\"4\" ><h3 class=\"widget-title\"><span class=\"vantage-carousel-title\"><span class=\"vantage-carousel-title-text\">\u00daltimos posts<\/span><a href=\"#\" class=\"next\" title=\"Pr\u00f3ximo\"><span class=\"vantage-icon-arrow-right\"><\/span><\/a><a href=\"#\" class=\"previous\" title=\"Anterior\"><span class=\"vantage-icon-arrow-left\"><\/span><\/a><\/span><\/h3><div class=\"vantage-carousel-wrapper\">\n\t\n\t<ul\n\t\tclass=\"vantage-carousel\"\n\t\tdata-query=\"{&quot;post_status&quot;:&quot;publish&quot;,&quot;posts_per_page&quot;:4,&quot;post_type&quot;:&quot;post&quot;,&quot;date_type&quot;:&quot;specific&quot;,&quot;date_query&quot;:{&quot;after&quot;:&quot;&quot;,&quot;before&quot;:&quot;&quot;,&quot;inclusive&quot;:true},&quot;date_query_relative&quot;:&quot;{\\&quot;from\\&quot;:[],\\&quot;to\\&quot;:[]}&quot;,&quot;orderby&quot;:&quot;date&quot;,&quot;order&quot;:&quot;DESC&quot;,&quot;post__not_in&quot;:[495,495],&quot;paged&quot;:1,&quot;fields&quot;:&quot;all&quot;,&quot;lazy_load_term_meta&quot;:true}\"\n\t\tdata-ajax-url=\"https:\/\/wp.ufpel.edu.br\/crej\/wp-admin\/admin-ajax.php?vantage_carousel_nonce=50e0443d76\"\n\t>\n\t\t\t\t\t<li class=\"carousel-entry\">\n\t\t\t\t<div class=\"thumbnail\">\n\t\t\t\t\t\t\t\t\t\t\t<a href=\"https:\/\/wp.ufpel.edu.br\/crej\/edital-de-nucleacao-programa-primeiros-passos\/\" class=\"default-thumbnail\"><span class=\"vantage-overlay\"><\/span><\/a>\n\t\t\t\t\t\t\t\t\t<\/div>\n\t\t\t\t\t\t\t\t<h3><a href=\"https:\/\/wp.ufpel.edu.br\/crej\/edital-de-nucleacao-programa-primeiros-passos\/\">Edital de Nuclea\u00e7\u00e3o (Programa Primeiros Passos)<\/a><\/h3>\n\t\t\t<\/li>\n\t\t\t\t\t<li class=\"carousel-entry\">\n\t\t\t\t<div class=\"thumbnail\">\n\t\t\t\t\t\t\t\t\t\t\t<a href=\"https:\/\/wp.ufpel.edu.br\/crej\/premio-ej-da-ufpel\/\" style=\"background-image: url(https:\/\/wp.ufpel.edu.br\/crej\/files\/2018\/11\/rawpixel-651326-unsplash-272x182.jpg)\">\n\t\t\t\t\t\t<\/a>\n\t\t\t\t\t\t\t\t\t<\/div>\n\t\t\t\t\t\t\t\t<h3><a href=\"https:\/\/wp.ufpel.edu.br\/crej\/premio-ej-da-ufpel\/\">Pr\u00eamio EJ da UFPel<\/a><\/h3>\n\t\t\t<\/li>\n\t\t\t\t\t<li class=\"carousel-entry\">\n\t\t\t\t<div class=\"thumbnail\">\n\t\t\t\t\t\t\t\t\t\t\t<a href=\"https:\/\/wp.ufpel.edu.br\/crej\/enej-2018\/\" style=\"background-image: url(https:\/\/wp.ufpel.edu.br\/crej\/files\/2018\/08\/18740384_1594251133919877_6978002410177200298_n-272x182.png)\">\n\t\t\t\t\t\t<\/a>\n\t\t\t\t\t\t\t\t\t<\/div>\n\t\t\t\t\t\t\t\t<h3><a href=\"https:\/\/wp.ufpel.edu.br\/crej\/enej-2018\/\">ENEJ 2018<\/a><\/h3>\n\t\t\t<\/li>\n\t\t\t\t\t<li class=\"carousel-entry\">\n\t\t\t\t<div class=\"thumbnail\">\n\t\t\t\t\t\t\t\t\t\t\t<a href=\"https:\/\/wp.ufpel.edu.br\/crej\/convocacao-de-reuniao\/\" style=\"background-image: url(https:\/\/wp.ufpel.edu.br\/crej\/files\/2018\/07\/rawpixel-580218-unsplash-272x182.jpg)\">\n\t\t\t\t\t\t<\/a>\n\t\t\t\t\t\t\t\t\t<\/div>\n\t\t\t\t\t\t\t\t<h3><a href=\"https:\/\/wp.ufpel.edu.br\/crej\/convocacao-de-reuniao\/\">Convoca\u00e7\u00e3o de Reuni\u00e3o<\/a><\/h3>\n\t\t\t<\/li>\n\t\t\t<\/ul>\n<\/div>\n<\/div><\/div><div id=\"pgc-495-2-1\"  class=\"panel-grid-cell\" ><div id=\"panel-495-2-1-0\" class=\"so-panel widget widget_text panel-first-child panel-last-child\" data-index=\"5\" >\t\t\t<div class=\"textwidget\"><p><a href=\"https:\/\/wp.ufpel.edu.br\/crej\/files\/2018\/08\/logo-brasil-junior-61a591b91017f56fa16403a6ffcfe77a2ead75cbe31d2d37fea212770f39af93.png\"><img loading=\"lazy\" decoding=\"async\" class=\"size-full wp-image-516 aligncenter\" src=\"https:\/\/wp.ufpel.edu.br\/crej\/files\/2018\/08\/logo-brasil-junior-61a591b91017f56fa16403a6ffcfe77a2ead75cbe31d2d37fea212770f39af93.png\" alt=\"\" width=\"216\" height=\"154\" \/><\/a>Venha fazer parte deste movimento! Venha dar inicio na sua carreira de sucesso.<\/p>\n<\/div>\n\t\t<\/div><\/div><\/div><\/div>","protected":false},"excerpt":{"rendered":"","protected":false},"author":213,"featured_media":0,"parent":0,"menu_order":0,"comment_status":"closed","ping_status":"closed","template":"home-panels.php","meta":{"footnotes":""},"class_list":["post-495","page","type-page","status-publish","hentry","post","post-with-thumbnail","post-with-thumbnail-icon"],"jetpack_sharing_enabled":true,"_links":{"self":[{"href":"https:\/\/wp.ufpel.edu.br\/crej\/wp-json\/wp\/v2\/pages\/495","targetHints":{"allow":["GET"]}}],"collection":[{"href":"https:\/\/wp.ufpel.edu.br\/crej\/wp-json\/wp\/v2\/pages"}],"about":[{"href":"https:\/\/wp.ufpel.edu.br\/crej\/wp-json\/wp\/v2\/types\/page"}],"author":[{"embeddable":true,"href":"https:\/\/wp.ufpel.edu.br\/crej\/wp-json\/wp\/v2\/users\/213"}],"replies":[{"embeddable":true,"href":"https:\/\/wp.ufpel.edu.br\/crej\/wp-json\/wp\/v2\/comments?post=495"}],"version-history":[{"count":20,"href":"https:\/\/wp.ufpel.edu.br\/crej\/wp-json\/wp\/v2\/pages\/495\/revisions"}],"predecessor-version":[{"id":520,"href":"https:\/\/wp.ufpel.edu.br\/crej\/wp-json\/wp\/v2\/pages\/495\/revisions\/520"}],"wp:attachment":[{"href":"https:\/\/wp.ufpel.edu.br\/crej\/wp-json\/wp\/v2\/media?parent=495"}],"curies":[{"name":"wp","href":"https:\/\/api.w.org\/{rel}","templated":true}]}}