{"id":168,"date":"2014-09-25T14:03:02","date_gmt":"2014-09-25T17:03:02","guid":{"rendered":"https:\/\/wp.ufpel.edu.br\/crej\/?page_id=168"},"modified":"2018-11-26T22:46:51","modified_gmt":"2018-11-27T00:46:51","slug":"empresas","status":"publish","type":"page","link":"https:\/\/wp.ufpel.edu.br\/crej\/empresas\/","title":{"rendered":"Empresas Juniores"},"content":{"rendered":"<p><span style=\"color: #003366\"><strong>EMPRESAS FEDERADAS<\/strong><\/span><\/p>\n<p>&nbsp;<\/p>\n<p><span style=\"color: #003366\"><strong>EMPRESAS CONSTITU\u00cdDAS<\/strong><\/span><\/p>\n<p><span style=\"color: #333333\"><span style=\"font-weight: bold\">Designeria Empresa J\u00fanior<br \/>\n<\/span>Cursos de Design Gr\u00e1fico e Digital<\/span><br \/>\n<span style=\"color: #333333\"> Sala 309 &#8211; Centro de Artes<\/span><br \/>\n<span style=\"color: #333333\"> designeriaufpel@gmail.com<\/span><\/p>\n<p><span style=\"color: #333333\"><span style=\"font-weight: bold\">Emad Jr. &#8211; Empresa J\u00fanior do Curso de Administra\u00e7\u00e3o<br \/>\n<\/span>Cursos de Administra\u00e7\u00e3o, Gest\u00e3o P\u00fablica, Processos Gerenciais e Turismo<\/span><br \/>\n<span style=\"color: #333333\"> Sala 447 &#8211; Campus Anglo<\/span><br \/>\n<span style=\"color: #333333\"> (53) 3284-3853<\/span><br \/>\n<span style=\"color: #333333\"> contato@emadjr.com.br<\/span><\/p>\n<p><span style=\"color: #333333\"><span style=\"font-weight: bold\">Hut8<br \/>\n<\/span>Cursos de Ci\u00eancias e Engenharia da Computa\u00e7\u00e3o<\/span><br \/>\n<span style=\"color: #333333\"> contatohut8@gmail.com<\/span><\/p>\n<p><span style=\"color: #333333\"><strong>EngeoSul<\/strong><\/span><br \/>\n<span style=\"color: #333333\"> Cursos de\u00a0Engenharia de Petr\u00f3leo, Geol\u00f3gica e Geoprocessamento<\/span><br \/>\n<span style=\"color: #333333\"> davidconceicao65@gmail.com<\/span><\/p>\n<p><span style=\"color: #333333\"><strong>Materiali Engenharia<\/strong><\/span><br \/>\n<span style=\"color: #333333\"> Curso de Engenharia de Materiais<\/span><br \/>\n<span style=\"color: #333333\"> materialiengenharia@gmail.com<\/span><\/p>\n<p><span style=\"color: #333333\"><strong>SEA Engenharia Jr.<\/strong><\/span><br \/>\n<span style=\"color: #333333\"> Curso de Engenharia H\u00eddrica<\/span><br \/>\n<span style=\"color: #333333\"> sea.engenhariajr@gmail.com<\/span><\/p>\n<p><span style=\"color: #333333\"><strong>ECAPE Consultoria Agron\u00f4mica Jr.<\/strong><\/span><br \/>\n<span style=\"color: #333333\"> Curso de Agronomia<\/span><br \/>\n<span style=\"color: #333333\"> Campus Cap\u00e3o do Le\u00e3o<\/span><br \/>\n<span style=\"color: #333333\"> ecape.faem@gmail.com<\/span><\/p>\n<p><strong>V\u00e9rtice Engenharia Jr<br \/>\n<\/strong>Curso de Engenharia Civil<br \/>\nCampus Cotada<br \/>\nvertice.ufpel@gmail.com<\/p>\n<p><span style=\"color: #003366\"><strong>EM FASE DE CONSTITUI\u00c7\u00c3O<\/strong><\/span><\/p>\n<p><strong>Psicon Jr<br \/>\n<\/strong>Curso de Psicologia<br \/>\nCampus Anglo<\/p>\n<p><strong>Arc\u00e1dia Jr<\/strong><br \/>\nCurso de Rela\u00e7\u00f5es Internacionais<\/p>\n<p>&nbsp;<\/p>\n","protected":false},"excerpt":{"rendered":"<p>EMPRESAS FEDERADAS &nbsp; EMPRESAS CONSTITU\u00cdDAS Designeria Empresa J\u00fanior Cursos de [&hellip;]<\/p>\n","protected":false},"author":213,"featured_media":0,"parent":0,"menu_order":0,"comment_status":"closed","ping_status":"closed","template":"","meta":{"footnotes":""},"class_list":["post-168","page","type-page","status-publish","hentry","post"],"jetpack_sharing_enabled":true,"_links":{"self":[{"href":"https:\/\/wp.ufpel.edu.br\/crej\/wp-json\/wp\/v2\/pages\/168","targetHints":{"allow":["GET"]}}],"collection":[{"href":"https:\/\/wp.ufpel.edu.br\/crej\/wp-json\/wp\/v2\/pages"}],"about":[{"href":"https:\/\/wp.ufpel.edu.br\/crej\/wp-json\/wp\/v2\/types\/page"}],"author":[{"embeddable":true,"href":"https:\/\/wp.ufpel.edu.br\/crej\/wp-json\/wp\/v2\/users\/213"}],"replies":[{"embeddable":true,"href":"https:\/\/wp.ufpel.edu.br\/crej\/wp-json\/wp\/v2\/comments?post=168"}],"version-history":[{"count":23,"href":"https:\/\/wp.ufpel.edu.br\/crej\/wp-json\/wp\/v2\/pages\/168\/revisions"}],"predecessor-version":[{"id":591,"href":"https:\/\/wp.ufpel.edu.br\/crej\/wp-json\/wp\/v2\/pages\/168\/revisions\/591"}],"wp:attachment":[{"href":"https:\/\/wp.ufpel.edu.br\/crej\/wp-json\/wp\/v2\/media?parent=168"}],"curies":[{"name":"wp","href":"https:\/\/api.w.org\/{rel}","templated":true}]}}