{"id":127,"date":"2014-02-01T12:20:45","date_gmt":"2014-02-01T14:20:45","guid":{"rendered":"https:\/\/wp.ufpel.edu.br\/crej\/?page_id=127"},"modified":"2017-05-15T09:31:32","modified_gmt":"2017-05-15T12:31:32","slug":"movimento-empresa-junior","status":"publish","type":"page","link":"https:\/\/wp.ufpel.edu.br\/crej\/movimento-empresa-junior\/","title":{"rendered":"MEJ"},"content":{"rendered":"<p>&nbsp;<\/p>\n<p><strong>Movimento Empresa J\u00fanior (MEJ)<\/strong><\/p>\n<p>Empresas J\u00faniores (EJ) s\u00e3o empresas compostas e geridas por acad\u00eamicos que realizam projetos em suas \u00e1reas de gradua\u00e7\u00e3o, principalmente para micro e pequenas empresas. Caracterizam-se pela presta\u00e7\u00e3o de servi\u00e7os com custos diferenciados e de alta qualidade; t\u00eam a finalidade de proporcionar viv\u00eancias pr\u00e1ticas organizacionais aos empres\u00e1rios juniores. Tal atitude coloca a exist\u00eancia de uma EJ como sendo uma importante ferramenta que atua no desenvolvimento de uma regi\u00e3o, seja fomentando o crescimento da economia ou agindo como redutora de desigualdades sociais.<\/p>\n<p>&nbsp;<\/p>\n<p><strong>HIST\u00d3RICO<\/strong><\/p>\n<p><strong>Internacional<\/strong><\/p>\n<p>A primeira Empresa J\u00fanior surgiu na ESSEC (<em>L\u2019Ecole Sup\u00e9rieure des Sciences Economiques et Commerciales de Paris<\/em>) no ano de 1967, em Paris na Fran\u00e7a. Os alunos criaram a <em>Junior<\/em>\u00a0<em>Entrerprise<\/em>, uma associa\u00e7\u00e3o que proporcionasse uma realidade empresarial e prestasse servi\u00e7os de consultoria para empresas de mercado. O conceito depois se espalhou entre as escolas de engenharia e administra\u00e7\u00e3o da Fran\u00e7a, em seguida pelas escolas de comunica\u00e7\u00e3o, agronomia e outras.<\/p>\n<p>&nbsp;<\/p>\n<p><strong>Nacional<\/strong><\/p>\n<p>No Brasil, o conceito de Empresa J\u00fanior chega em 1988, atrav\u00e9s da C\u00e2mara e Com\u00e9rcio Franco-Brasileira. As duas primeiras Empresas Juniores foram criadas: Empresa J\u00fanior \u2013 FGV e J\u00fanior FAAP, respectivamente na Funda\u00e7\u00e3o Get\u00falio Vargas e na Funda\u00e7\u00e3o Armando \u00c1lvares Penteado. Em 1990, j\u00e1 existiam sete Empresas Juniores, que se uniram para fundar, no m\u00eas de junho, a FEJESP (Federa\u00e7\u00e3o das Empresas Juniores do Estado de S\u00e3o Paulo). Os seus principais objetivos eram: representar as Empresas Juniores Federadas, manter as Empresas fi\u00e9is e coerentes ao conceito inicial e garantir a unidade do Movimento. Em 1993, foi realizado o 1\u00ba Encontro Nacional de Empresas Juniores (ENEJ), na cidade de S\u00e3o Paulo. A partir de ent\u00e3o, diversas Federa\u00e7\u00f5es foram gradativamente criadas. Dentre elas a FEJERS (Federa\u00e7\u00e3o das Empresas Juniores do Estado do Rio Grande do Sul).<\/p>\n<p>&nbsp;<\/p>\n<p><strong>FEJERS<\/strong><\/p>\n<p>O crescimento do Movimento J\u00fanior no Estado do Rio Grande do Sul, levou a cria\u00e7\u00e3o de uma entidade que representasse as Empresas Juniores; cabendo a fun\u00e7\u00e3o de coordenar e regulamentar as atividades das v\u00e1rias empresas existentes. Sendo assim, em 11 de novembro de 2000, foi fundada a FEJERS, Federa\u00e7\u00e3o das Empresas Juniores do Estado do Rio Grande do Sul, que representa uma vit\u00f3ria ao MEJ. A federa\u00e7\u00e3o vem a atuar junto a \u00f3rg\u00e3os p\u00fablicos e privados, sociedade em geral e autoridades governamentais para divulgar a ascens\u00e3o e o trabalho realizado pelas nossas Empresas Juniores em suas diferentes \u00e1reas de atua\u00e7\u00e3o.<\/p>\n<p>&nbsp;<\/p>\n<p><strong>Brasil J\u00fanior<\/strong><\/p>\n<p>A Confedera\u00e7\u00e3o Brasileira de Empresas Juniores, tamb\u00e9m designada por Brasil J\u00fanior, \u00e9 a inst\u00e2ncia representativa do Movimento Empresa J\u00fanior do Brasil e foi fundada no dia 01 de agosto de 2003. \u00c9 uma pessoa jur\u00eddica de direito privado, associa\u00e7\u00e3o civil, sem fins econ\u00f4micos, com sede e foro na cidade de Bras\u00edlia, Distrito Federal.<\/p>\n","protected":false},"excerpt":{"rendered":"<p>&nbsp; Movimento Empresa J\u00fanior (MEJ) Empresas J\u00faniores (EJ) s\u00e3o empresas [&hellip;]<\/p>\n","protected":false},"author":213,"featured_media":0,"parent":0,"menu_order":0,"comment_status":"closed","ping_status":"closed","template":"","meta":{"footnotes":""},"class_list":["post-127","page","type-page","status-publish","hentry","post"],"jetpack_sharing_enabled":true,"_links":{"self":[{"href":"https:\/\/wp.ufpel.edu.br\/crej\/wp-json\/wp\/v2\/pages\/127","targetHints":{"allow":["GET"]}}],"collection":[{"href":"https:\/\/wp.ufpel.edu.br\/crej\/wp-json\/wp\/v2\/pages"}],"about":[{"href":"https:\/\/wp.ufpel.edu.br\/crej\/wp-json\/wp\/v2\/types\/page"}],"author":[{"embeddable":true,"href":"https:\/\/wp.ufpel.edu.br\/crej\/wp-json\/wp\/v2\/users\/213"}],"replies":[{"embeddable":true,"href":"https:\/\/wp.ufpel.edu.br\/crej\/wp-json\/wp\/v2\/comments?post=127"}],"version-history":[{"count":9,"href":"https:\/\/wp.ufpel.edu.br\/crej\/wp-json\/wp\/v2\/pages\/127\/revisions"}],"predecessor-version":[{"id":445,"href":"https:\/\/wp.ufpel.edu.br\/crej\/wp-json\/wp\/v2\/pages\/127\/revisions\/445"}],"wp:attachment":[{"href":"https:\/\/wp.ufpel.edu.br\/crej\/wp-json\/wp\/v2\/media?parent=127"}],"curies":[{"name":"wp","href":"https:\/\/api.w.org\/{rel}","templated":true}]}}