{"id":11,"date":"2012-09-17T10:03:28","date_gmt":"2012-09-17T13:03:28","guid":{"rendered":"https:\/\/wp.ufpel.edu.br\/crej\/?page_id=11"},"modified":"2018-08-14T12:59:47","modified_gmt":"2018-08-14T15:59:47","slug":"composicao","status":"publish","type":"page","link":"https:\/\/wp.ufpel.edu.br\/crej\/composicao\/","title":{"rendered":"Representantes"},"content":{"rendered":"<p style=\"text-align: center\"><span style=\"color: #333333\"><strong>Presidente<\/strong> &#8211; Mateus Wacholz Thiel<\/span><br \/>\n<span style=\"color: #333333\"> mateuswwthiel@outlook.com<\/span><\/p>\n<p style=\"text-align: center\"><span style=\"color: #333333\"><strong>Secret\u00e1rio<\/strong> &#8211; Lucas Roberto Di Salvo Mello<\/span><br \/>\nlrsmello.lucas@gmail.com<\/p>\n<hr \/>\n<p><span style=\"color: #333333\"><strong>Designeria<br \/>\n<\/strong>Pedro Matheus (titular)<br \/>\nLucas da Cruz Bas\u00edlio (suplente)<\/span><\/p>\n<p><span style=\"color: #333333\"><strong>Emad Jr.<\/strong><\/span><br \/>\n<span style=\"color: #333333\"> Henrique Mantovani Baldasso\u00a0(titular)<\/span><br \/>\n<span style=\"color: #333333\"> Martina Hartwig Strelow (suplente)<\/span><br \/>\n<span style=\"color: #333333\"> <strong><br \/>\nHut8<br \/>\n<\/strong>Vitor Resing Plentz (titular)<\/span><br \/>\n<span style=\"color: #333333\"> Matheus Ropke Neiverth (suplente)<\/span><\/p>\n<p><strong>Materiali Engenharia<\/strong><br \/>\nLucas Roberto Di Salvo Mello (Presidente)<br \/>\nThayssa Hepert Cabral (Vice Presidente)<\/p>\n<p><strong>Ecap Jr<\/strong><\/p>\n<p>V\u00e9rtice Jr<\/p>\n<p>EnGeoSul Jr<\/p>\n<p>Psicon Jr<\/p>\n<p>SEA &#8211; Solu\u00e7\u00f5es H\u00eddricas<\/p>\n<p>Beta 1<\/p>\n<p>&nbsp;<\/p>\n<p>&nbsp;<\/p>\n<p><span style=\"color: #196aff\"><a style=\"color: #196aff\" href=\"http:\/\/reitoria.ufpel.edu.br\/portarias\/arquivos\/0487_2017.pdf\" target=\"_blank\" rel=\"noopener noreferrer\">Acesse aqui a Portaria que comp\u00f5e o CREJ<\/a><\/span><\/p>\n<p>&nbsp;<\/p>\n","protected":false},"excerpt":{"rendered":"<p>Presidente &#8211; Mateus Wacholz Thiel mateuswwthiel@outlook.com Secret\u00e1rio &#8211; Lucas Roberto [&hellip;]<\/p>\n","protected":false},"author":213,"featured_media":0,"parent":0,"menu_order":0,"comment_status":"closed","ping_status":"closed","template":"","meta":{"footnotes":""},"class_list":["post-11","page","type-page","status-publish","hentry","post"],"jetpack_sharing_enabled":true,"_links":{"self":[{"href":"https:\/\/wp.ufpel.edu.br\/crej\/wp-json\/wp\/v2\/pages\/11","targetHints":{"allow":["GET"]}}],"collection":[{"href":"https:\/\/wp.ufpel.edu.br\/crej\/wp-json\/wp\/v2\/pages"}],"about":[{"href":"https:\/\/wp.ufpel.edu.br\/crej\/wp-json\/wp\/v2\/types\/page"}],"author":[{"embeddable":true,"href":"https:\/\/wp.ufpel.edu.br\/crej\/wp-json\/wp\/v2\/users\/213"}],"replies":[{"embeddable":true,"href":"https:\/\/wp.ufpel.edu.br\/crej\/wp-json\/wp\/v2\/comments?post=11"}],"version-history":[{"count":29,"href":"https:\/\/wp.ufpel.edu.br\/crej\/wp-json\/wp\/v2\/pages\/11\/revisions"}],"predecessor-version":[{"id":522,"href":"https:\/\/wp.ufpel.edu.br\/crej\/wp-json\/wp\/v2\/pages\/11\/revisions\/522"}],"wp:attachment":[{"href":"https:\/\/wp.ufpel.edu.br\/crej\/wp-json\/wp\/v2\/media?parent=11"}],"curies":[{"name":"wp","href":"https:\/\/api.w.org\/{rel}","templated":true}]}}