{"id":57,"date":"2009-06-30T15:10:30","date_gmt":"2009-06-30T18:10:30","guid":{"rendered":"http:\/\/conservacaoerestauro.wordpress.com\/?page_id=57"},"modified":"2025-08-19T22:39:56","modified_gmt":"2025-08-20T01:39:56","slug":"centro-academico","status":"publish","type":"page","link":"https:\/\/wp.ufpel.edu.br\/crbensmoveis\/centro-academico\/","title":{"rendered":"CENTRO ACAD\u00caMICO"},"content":{"rendered":"<p style=\"text-align: left;\">Centro Acad\u00eamico de Conserva\u00e7\u00e3o e Restauro<\/p>\n<p>Tendo como representante a acad\u00eamica Antonia Jeronimo Rocha da Silva, o Centro Acad\u00eamico de Conserva\u00e7\u00e3o e Restauro \u00e9 uma entidade civil, sem fins lucrativos, sem filia\u00e7\u00e3o pol\u00edtico-partid\u00e1ria, de dura\u00e7\u00e3o ilimitada, independente das estruturas administrativas da Universidade, \u00f3rg\u00e3o m\u00e1ximo de representa\u00e7\u00e3o e coordena\u00e7\u00e3o dos estudantes do Curso de Conserva\u00e7\u00e3o e Restaura\u00e7\u00e3o de Bens Culturais M\u00f3veis.<\/p>\n<p>Contato pelo e-mail: caccrbens.moveis.ufpel@gmail.com<\/p>\n<p>Instagram: <a href=\"https:\/\/www.instagram.com\/cacr_ufpel\/\">https:\/\/www.instagram.com\/cacr_ufpel\/<\/a><\/p>\n<p>&nbsp;<\/p>\n<p style=\"text-align: left;\">\n","protected":false},"excerpt":{"rendered":"<p>Centro Acad\u00eamico de Conserva\u00e7\u00e3o e Restauro Tendo como representante a acad\u00eamica Antonia Jeronimo Rocha da Silva, o Centro Acad\u00eamico de Conserva\u00e7\u00e3o e Restauro \u00e9 uma entidade civil, sem fins lucrativos, sem filia\u00e7\u00e3o pol\u00edtico-partid\u00e1ria, de dura\u00e7\u00e3o ilimitada, independente das estruturas administrativas da Universidade, \u00f3rg\u00e3o m\u00e1ximo de representa\u00e7\u00e3o e coordena\u00e7\u00e3o dos estudantes do Curso de Conserva\u00e7\u00e3o e [&hellip;]<\/p>\n","protected":false},"author":81,"featured_media":0,"parent":0,"menu_order":7,"comment_status":"closed","ping_status":"closed","template":"","meta":{"jetpack_post_was_ever_published":false,"footnotes":""},"class_list":["post-57","page","type-page","status-publish","hentry"],"jetpack_sharing_enabled":true,"jetpack_shortlink":"https:\/\/wp.me\/P8AfLG-V","jetpack_likes_enabled":true,"jetpack-related-posts":[],"_links":{"self":[{"href":"https:\/\/wp.ufpel.edu.br\/crbensmoveis\/wp-json\/wp\/v2\/pages\/57","targetHints":{"allow":["GET"]}}],"collection":[{"href":"https:\/\/wp.ufpel.edu.br\/crbensmoveis\/wp-json\/wp\/v2\/pages"}],"about":[{"href":"https:\/\/wp.ufpel.edu.br\/crbensmoveis\/wp-json\/wp\/v2\/types\/page"}],"author":[{"embeddable":true,"href":"https:\/\/wp.ufpel.edu.br\/crbensmoveis\/wp-json\/wp\/v2\/users\/81"}],"replies":[{"embeddable":true,"href":"https:\/\/wp.ufpel.edu.br\/crbensmoveis\/wp-json\/wp\/v2\/comments?post=57"}],"version-history":[{"count":3,"href":"https:\/\/wp.ufpel.edu.br\/crbensmoveis\/wp-json\/wp\/v2\/pages\/57\/revisions"}],"predecessor-version":[{"id":3339,"href":"https:\/\/wp.ufpel.edu.br\/crbensmoveis\/wp-json\/wp\/v2\/pages\/57\/revisions\/3339"}],"wp:attachment":[{"href":"https:\/\/wp.ufpel.edu.br\/crbensmoveis\/wp-json\/wp\/v2\/media?parent=57"}],"curies":[{"name":"wp","href":"https:\/\/api.w.org\/{rel}","templated":true}]}}