{"id":53,"date":"2009-06-30T15:06:33","date_gmt":"2009-06-30T18:06:33","guid":{"rendered":"http:\/\/conservacaoerestauro.wordpress.com\/?page_id=53"},"modified":"2017-04-13T08:59:57","modified_gmt":"2017-04-13T11:59:57","slug":"localizacao","status":"publish","type":"page","link":"https:\/\/wp.ufpel.edu.br\/crbensmoveis\/localizacao\/","title":{"rendered":"LOCALIZA\u00c7\u00c3O"},"content":{"rendered":"<p style=\"text-align: center\"><img data-recalc-dims=\"1\" data-attachment-id=\"1686\" data-permalink=\"https:\/\/wp.ufpel.edu.br\/crbensmoveis\/localizacao\/campus2\/\" data-orig-file=\"https:\/\/i0.wp.com\/wp.ufpel.edu.br\/crbensmoveis\/files\/2009\/06\/campus2.png?fit=939%2C739&amp;ssl=1\" data-orig-size=\"939,739\" data-comments-opened=\"0\" data-image-meta=\"{&quot;aperture&quot;:&quot;0&quot;,&quot;credit&quot;:&quot;&quot;,&quot;camera&quot;:&quot;&quot;,&quot;caption&quot;:&quot;&quot;,&quot;created_timestamp&quot;:&quot;0&quot;,&quot;copyright&quot;:&quot;&quot;,&quot;focal_length&quot;:&quot;0&quot;,&quot;iso&quot;:&quot;0&quot;,&quot;shutter_speed&quot;:&quot;0&quot;,&quot;title&quot;:&quot;&quot;,&quot;orientation&quot;:&quot;0&quot;}\" data-image-title=\"campus2\" data-image-description=\"\" data-image-caption=\"\" data-medium-file=\"https:\/\/i0.wp.com\/wp.ufpel.edu.br\/crbensmoveis\/files\/2009\/06\/campus2.png?fit=400%2C315&amp;ssl=1\" data-large-file=\"https:\/\/i0.wp.com\/wp.ufpel.edu.br\/crbensmoveis\/files\/2009\/06\/campus2.png?fit=984%2C220&amp;ssl=1\" class=\"alignnone size-medium wp-image-1686\" src=\"https:\/\/i0.wp.com\/wp.ufpel.edu.br\/crbensmoveis\/files\/2009\/06\/campus2.png?resize=404%2C318&#038;ssl=1\" alt=\"\" width=\"404\" height=\"318\" srcset=\"https:\/\/i0.wp.com\/wp.ufpel.edu.br\/crbensmoveis\/files\/2009\/06\/campus2.png?resize=404%2C318&amp;ssl=1 404w, https:\/\/i0.wp.com\/wp.ufpel.edu.br\/crbensmoveis\/files\/2009\/06\/campus2.png?resize=202%2C159&amp;ssl=1 202w, https:\/\/i0.wp.com\/wp.ufpel.edu.br\/crbensmoveis\/files\/2009\/06\/campus2.png?resize=768%2C604&amp;ssl=1 768w, https:\/\/i0.wp.com\/wp.ufpel.edu.br\/crbensmoveis\/files\/2009\/06\/campus2.png?w=939&amp;ssl=1 939w\" sizes=\"(max-width: 404px) 100vw, 404px\" \/><\/p>\n<p style=\"text-align: center\"><span style=\"color: #333333\">O Curso de Conserva\u00e7\u00e3o e Restaura\u00e7\u00e3o de Bens Culturais M\u00f3veis faz parte do Instituto de Ci\u00eancias Humanas(ICH), e est\u00e1 localizado na Rua Almirante Barroso, n\u00b0 1202 &#8211; Centro, Pelotas &#8211; RS, CEP: 96010-280.<br \/>\n<\/span><\/p>\n<p style=\"text-align: center\"><span style=\"color: #333333\">Abaixo o mapa com a localiza\u00e7\u00e3o do pr\u00e9dio:<\/span><\/p>\n<p style=\"text-align: center\">\n<!-- iframe plugin v.6.0 wordpress.org\/plugins\/iframe\/ -->\n<iframe src=\"https:\/\/www.google.com\/maps\/embed?pb=!1m18!1m12!1m3!1d13566.821031836134!2d-52.336722001821!3d-31.77852395683229!2m3!1f0!2f0!3f0!3m2!1i1024!2i768!4f13.1!3m3!1m2!1s0x9511b5c01ac41ff7%3A0x812d82de9bf38175!2sR.+Alm.+Barroso%2C+1202+-+Centro%2C+Pelotas+-+RS%2C+96010-280!5e0!3m2!1spt-BR!2sbr!4v1492084648052\" width=\"600\" height=\"450\" frameborder=\"0\" style=\"border:0\" 0=\"allowfullscreen&gt;&lt;\/iframe\" scrolling=\"yes\" class=\"iframe-class\"><\/iframe>\n<\/p>\n","protected":false},"excerpt":{"rendered":"<p>O Curso de Conserva\u00e7\u00e3o e Restaura\u00e7\u00e3o de Bens Culturais M\u00f3veis faz parte do Instituto de Ci\u00eancias Humanas(ICH), e est\u00e1 localizado na Rua Almirante Barroso, n\u00b0 1202 &#8211; Centro, Pelotas &#8211; RS, CEP: 96010-280. Abaixo o mapa com a localiza\u00e7\u00e3o do pr\u00e9dio:<\/p>\n","protected":false},"author":81,"featured_media":0,"parent":0,"menu_order":4,"comment_status":"closed","ping_status":"closed","template":"","meta":{"jetpack_post_was_ever_published":false,"footnotes":""},"class_list":["post-53","page","type-page","status-publish","hentry"],"jetpack_sharing_enabled":true,"jetpack_shortlink":"https:\/\/wp.me\/P8AfLG-R","jetpack_likes_enabled":true,"jetpack-related-posts":[],"_links":{"self":[{"href":"https:\/\/wp.ufpel.edu.br\/crbensmoveis\/wp-json\/wp\/v2\/pages\/53","targetHints":{"allow":["GET"]}}],"collection":[{"href":"https:\/\/wp.ufpel.edu.br\/crbensmoveis\/wp-json\/wp\/v2\/pages"}],"about":[{"href":"https:\/\/wp.ufpel.edu.br\/crbensmoveis\/wp-json\/wp\/v2\/types\/page"}],"author":[{"embeddable":true,"href":"https:\/\/wp.ufpel.edu.br\/crbensmoveis\/wp-json\/wp\/v2\/users\/81"}],"replies":[{"embeddable":true,"href":"https:\/\/wp.ufpel.edu.br\/crbensmoveis\/wp-json\/wp\/v2\/comments?post=53"}],"version-history":[{"count":4,"href":"https:\/\/wp.ufpel.edu.br\/crbensmoveis\/wp-json\/wp\/v2\/pages\/53\/revisions"}],"predecessor-version":[{"id":1687,"href":"https:\/\/wp.ufpel.edu.br\/crbensmoveis\/wp-json\/wp\/v2\/pages\/53\/revisions\/1687"}],"wp:attachment":[{"href":"https:\/\/wp.ufpel.edu.br\/crbensmoveis\/wp-json\/wp\/v2\/media?parent=53"}],"curies":[{"name":"wp","href":"https:\/\/api.w.org\/{rel}","templated":true}]}}