{"id":40,"date":"2009-06-30T14:39:33","date_gmt":"2009-06-30T17:39:33","guid":{"rendered":"http:\/\/conservacaoerestauro.wordpress.com\/?page_id=40"},"modified":"2017-02-26T09:49:59","modified_gmt":"2017-02-26T12:49:59","slug":"papel-do-conservador-restaurador","status":"publish","type":"page","link":"https:\/\/wp.ufpel.edu.br\/crbensmoveis\/informacoes-sobre-o-curso\/papel-do-conservador-restaurador\/","title":{"rendered":"COMPET\u00caNCIAS E HABILIDADES"},"content":{"rendered":"<p style=\"text-align: justify\">O Conservador-Restaurador deve ter compet\u00eancias e habilidades relacionadas aos seguintes aspectos:<\/p>\n<p style=\"text-align: justify\">&#8211; Identificar, analisar e solucionar problemas de conserva\u00e7\u00e3o e de restaura\u00e7\u00e3o de bens culturais m\u00f3veis e integrados, respeitando e discutindo as peculiaridades de cada situa\u00e7\u00e3o.<\/p>\n<p style=\"text-align: justify\">&#8211; Ser capaz de aplicar uma metodologia criteriosa e rigorosa para a tomada de decis\u00e3o e execu\u00e7\u00e3o de procedimentos de conserva\u00e7\u00e3o e restaura\u00e7\u00e3o, baseando-se na necess\u00e1ria integra\u00e7\u00e3o de conhecimentos te\u00f3ricos, cient\u00edficos e \u00e9ticos.<\/p>\n<p>&#8211; Ter capacidade cr\u00edtica para interpretar resultados de an\u00e1lises cient\u00edficas e laboratoriais, que possam auxiliar na tomada de decis\u00e3o adequada para cada tratamento e situa\u00e7\u00e3o.<\/p>\n<p style=\"text-align: justify\">&#8211; Ter discernimento e sensibilidade em rela\u00e7\u00e3o aos sentidos e valores atribu\u00eddos pelos agentes sociais aos bens culturais.<\/p>\n<p style=\"text-align: justify\">&#8211; Possuir destreza manual e dom\u00ednio de t\u00e9cnicas para fazer interven\u00e7\u00f5es minuciosas em bens culturais de valores inestim\u00e1veis.<\/p>\n<p style=\"text-align: justify\">&#8211; Trabalhar de forma cooperativa em equipes multidisciplinares, mantendo o necess\u00e1rio di\u00e1logo e troca de conhecimentos com as demais \u00e1reas que atuam em benef\u00edcio da preserva\u00e7\u00e3o dos bens culturais.<\/p>\n<p style=\"margin-bottom: 0;line-height: 150%;text-align: justify\" align=\"center\">&#8211; Manter-se atualizado sobre as inova\u00e7\u00f5es das pesquisas sobre materiais, t\u00e9cnicas e procedimentos em conserva\u00e7\u00e3o e restaura\u00e7\u00e3o<\/p>\n","protected":false},"excerpt":{"rendered":"<p>O Conservador-Restaurador deve ter compet\u00eancias e habilidades relacionadas aos seguintes aspectos: &#8211; Identificar, analisar e solucionar problemas de conserva\u00e7\u00e3o e de restaura\u00e7\u00e3o de bens culturais m\u00f3veis e integrados, respeitando e discutindo as peculiaridades de cada situa\u00e7\u00e3o. &#8211; Ser capaz de aplicar uma metodologia criteriosa e rigorosa para a tomada de decis\u00e3o e execu\u00e7\u00e3o de procedimentos [&hellip;]<\/p>\n","protected":false},"author":81,"featured_media":0,"parent":1401,"menu_order":4,"comment_status":"closed","ping_status":"closed","template":"","meta":{"jetpack_post_was_ever_published":false,"footnotes":""},"class_list":["post-40","page","type-page","status-publish","hentry"],"jetpack_sharing_enabled":true,"jetpack_shortlink":"https:\/\/wp.me\/P8AfLG-E","jetpack_likes_enabled":true,"jetpack-related-posts":[],"_links":{"self":[{"href":"https:\/\/wp.ufpel.edu.br\/crbensmoveis\/wp-json\/wp\/v2\/pages\/40","targetHints":{"allow":["GET"]}}],"collection":[{"href":"https:\/\/wp.ufpel.edu.br\/crbensmoveis\/wp-json\/wp\/v2\/pages"}],"about":[{"href":"https:\/\/wp.ufpel.edu.br\/crbensmoveis\/wp-json\/wp\/v2\/types\/page"}],"author":[{"embeddable":true,"href":"https:\/\/wp.ufpel.edu.br\/crbensmoveis\/wp-json\/wp\/v2\/users\/81"}],"replies":[{"embeddable":true,"href":"https:\/\/wp.ufpel.edu.br\/crbensmoveis\/wp-json\/wp\/v2\/comments?post=40"}],"version-history":[{"count":2,"href":"https:\/\/wp.ufpel.edu.br\/crbensmoveis\/wp-json\/wp\/v2\/pages\/40\/revisions"}],"predecessor-version":[{"id":1568,"href":"https:\/\/wp.ufpel.edu.br\/crbensmoveis\/wp-json\/wp\/v2\/pages\/40\/revisions\/1568"}],"up":[{"embeddable":true,"href":"https:\/\/wp.ufpel.edu.br\/crbensmoveis\/wp-json\/wp\/v2\/pages\/1401"}],"wp:attachment":[{"href":"https:\/\/wp.ufpel.edu.br\/crbensmoveis\/wp-json\/wp\/v2\/media?parent=40"}],"curies":[{"name":"wp","href":"https:\/\/api.w.org\/{rel}","templated":true}]}}