{"id":38,"date":"2009-06-30T14:37:29","date_gmt":"2009-06-30T17:37:29","guid":{"rendered":"http:\/\/conservacaoerestauro.wordpress.com\/?page_id=38"},"modified":"2017-02-26T09:49:21","modified_gmt":"2017-02-26T12:49:21","slug":"areas-de-atuacao","status":"publish","type":"page","link":"https:\/\/wp.ufpel.edu.br\/crbensmoveis\/informacoes-sobre-o-curso\/areas-de-atuacao\/","title":{"rendered":"\u00c1REAS DE ATUA\u00c7\u00c3O"},"content":{"rendered":"<p style=\"text-align: justify\">O Conservador-Restaurador \u00e9 o profissional capacitado para atuar de forma aut\u00f4noma ou junto a institui\u00e7\u00f5es p\u00fablicas e privadas, como museus, arquivos e bibliotecas, voltadas a preserva\u00e7\u00e3o e salvaguarda do patrim\u00f4nio constitu\u00eddo de bens culturais m\u00f3veis e integrados, atuando na elabora\u00e7\u00e3o e na execu\u00e7\u00e3o de propostas de preserva\u00e7\u00e3o, conserva\u00e7\u00e3o e restaura\u00e7\u00e3o.<\/p>\n<p style=\"text-align: justify\">O Conservador-Restaurador tem as seguintes atua\u00e7\u00f5es:<\/p>\n<p style=\"text-align: justify\">&#8211; Planejar, organizar, administrar, dirigir, supervisionar e realizar atividades de conserva\u00e7\u00e3o e restaura\u00e7\u00e3o e de conserva\u00e7\u00e3o preventiva de bens culturais m\u00f3veis e integrados.<\/p>\n<p style=\"text-align: justify\">&#8211; Atuar em institui\u00e7\u00f5es de car\u00e1ter p\u00fablico ou privado, cuja fun\u00e7\u00e3o seja a de manuten\u00e7\u00e3o e gerenciamento de acervos e do patrim\u00f4nio, buscando implementar medidas de conserva\u00e7\u00e3o preventiva e, sendo necess\u00e1rio, intervir para impedir a degrada\u00e7\u00e3o ou desaparecimento de um bem cultural.<\/p>\n<p style=\"text-align: justify\">&#8211; Atuar como profissional aut\u00f4nomo na \u00e1rea da conserva\u00e7\u00e3o, restaura\u00e7\u00e3o e conserva\u00e7\u00e3o preventiva podendo, a seu crit\u00e9rio, por\u00e9m em observ\u00e2ncia aos princ\u00edpios t\u00e9cnicos e \u00e9ticos da profiss\u00e3o, possuir espa\u00e7o pr\u00f3prio onde desenvolva t\u00e9cnicas de conserva\u00e7\u00e3o e restaura\u00e7\u00e3o de bens culturais m\u00f3veis.<\/p>\n<p style=\"text-align: justify\">&#8211; Compreender o aspecto material dos objetos que possuem significa\u00e7\u00e3o hist\u00f3rica, art\u00edstica e cultural e os seus processos de deteriora\u00e7\u00e3o, a fim de prevenir sua degrada\u00e7\u00e3o.<\/p>\n<p style=\"text-align: justify\">&#8211; Elaborar e fornecer laudos sobre estado de conserva\u00e7\u00e3o de acervos para institui\u00e7\u00f5es de salvaguarda e empresas seguradoras.<\/p>\n<p style=\"text-align: justify\">&#8211; Prestar assessorias ou consultorias, para institui\u00e7\u00f5es p\u00fablicas ou privadas, sobre a conserva\u00e7\u00e3o, a restaura\u00e7\u00e3o e a conserva\u00e7\u00e3o preventiva de bens culturais.<\/p>\n<p style=\"text-align: justify\">&#8211; Acompanhar montagem de exposi\u00e7\u00f5es, de transporte e de guarda de bens culturais m\u00f3veis, propondo a\u00e7\u00f5es para garantir a seguran\u00e7a dos acervos.<\/p>\n<p style=\"text-align: justify\">&#8211; Atuar em institui\u00e7\u00f5es de salvaguarda de acervos (museus, arquivos, bibliotecas, centros de documenta\u00e7\u00e3o, dentre outras), estabelecendo o di\u00e1logo e a coopera\u00e7\u00e3o com os demais profissionais das \u00e1reas afins.<\/p>\n<p style=\"text-align: justify\">&#8211; Implementar estudos, pesquisas e a\u00e7\u00f5es, voltadas \u00e0 valoriza\u00e7\u00e3o do patrim\u00f4nio.<\/p>\n<p style=\"text-align: justify\">&#8211; Estimular e promover a interdisciplinaridade da conserva\u00e7\u00e3o, da restaura\u00e7\u00e3o e da conserva\u00e7\u00e3o preventiva com os outros campos do conhecimento.<\/p>\n<p style=\"text-align: justify\">&#8211; Orientar, supervisionar e executar programas de treinamento, aperfei\u00e7oamento e especializa\u00e7\u00e3o de pessoas nas \u00e1reas de Conserva\u00e7\u00e3o-Restaura\u00e7\u00e3o.<\/p>\n","protected":false},"excerpt":{"rendered":"<p>O Conservador-Restaurador \u00e9 o profissional capacitado para atuar de forma aut\u00f4noma ou junto a institui\u00e7\u00f5es p\u00fablicas e privadas, como museus, arquivos e bibliotecas, voltadas a preserva\u00e7\u00e3o e salvaguarda do patrim\u00f4nio constitu\u00eddo de bens culturais m\u00f3veis e integrados, atuando na elabora\u00e7\u00e3o e na execu\u00e7\u00e3o de propostas de preserva\u00e7\u00e3o, conserva\u00e7\u00e3o e restaura\u00e7\u00e3o. O Conservador-Restaurador tem as seguintes [&hellip;]<\/p>\n","protected":false},"author":81,"featured_media":0,"parent":1401,"menu_order":3,"comment_status":"closed","ping_status":"closed","template":"","meta":{"jetpack_post_was_ever_published":false,"footnotes":""},"class_list":["post-38","page","type-page","status-publish","hentry"],"jetpack_sharing_enabled":true,"jetpack_shortlink":"https:\/\/wp.me\/P8AfLG-C","jetpack_likes_enabled":true,"jetpack-related-posts":[],"_links":{"self":[{"href":"https:\/\/wp.ufpel.edu.br\/crbensmoveis\/wp-json\/wp\/v2\/pages\/38","targetHints":{"allow":["GET"]}}],"collection":[{"href":"https:\/\/wp.ufpel.edu.br\/crbensmoveis\/wp-json\/wp\/v2\/pages"}],"about":[{"href":"https:\/\/wp.ufpel.edu.br\/crbensmoveis\/wp-json\/wp\/v2\/types\/page"}],"author":[{"embeddable":true,"href":"https:\/\/wp.ufpel.edu.br\/crbensmoveis\/wp-json\/wp\/v2\/users\/81"}],"replies":[{"embeddable":true,"href":"https:\/\/wp.ufpel.edu.br\/crbensmoveis\/wp-json\/wp\/v2\/comments?post=38"}],"version-history":[{"count":3,"href":"https:\/\/wp.ufpel.edu.br\/crbensmoveis\/wp-json\/wp\/v2\/pages\/38\/revisions"}],"predecessor-version":[{"id":1567,"href":"https:\/\/wp.ufpel.edu.br\/crbensmoveis\/wp-json\/wp\/v2\/pages\/38\/revisions\/1567"}],"up":[{"embeddable":true,"href":"https:\/\/wp.ufpel.edu.br\/crbensmoveis\/wp-json\/wp\/v2\/pages\/1401"}],"wp:attachment":[{"href":"https:\/\/wp.ufpel.edu.br\/crbensmoveis\/wp-json\/wp\/v2\/media?parent=38"}],"curies":[{"name":"wp","href":"https:\/\/api.w.org\/{rel}","templated":true}]}}