{"id":1736,"date":"2017-05-20T20:58:40","date_gmt":"2017-05-20T23:58:40","guid":{"rendered":"https:\/\/wp.ufpel.edu.br\/crbensmoveis\/?page_id=1736"},"modified":"2021-03-01T03:03:14","modified_gmt":"2021-03-01T06:03:14","slug":"edital-de-selecao-de-bolsistas-para-o-projeto-documentacao-restauracao-e-exposicao-da-obra-senhoras-tomando-cha-da-pinacoteca-matteo-tonietti-rio-grande-rs","status":"publish","type":"page","link":"https:\/\/wp.ufpel.edu.br\/crbensmoveis\/edital-de-selecao-de-bolsistas-para-o-projeto-documentacao-restauracao-e-exposicao-da-obra-senhoras-tomando-cha-da-pinacoteca-matteo-tonietti-rio-grande-rs\/","title":{"rendered":"Edital de Sele\u00e7\u00e3o de Bolsista(s) para o Projeto Documenta\u00e7\u00e3o, Restaura\u00e7\u00e3o e Exposi\u00e7\u00e3o da Obra Senhoras Tomando Ch\u00e1 da Pinacoteca Matteo Tonietti, Rio Grande, RS."},"content":{"rendered":"<p>A Coordena\u00e7\u00e3o do Projeto Documenta\u00e7\u00e3o, Restaura\u00e7\u00e3o e Exposi\u00e7\u00e3o da Obra Senhoras Tomando Ch\u00e1 da Pinacoteca Matteo Tonietti, Rio Grande, RS, torna p\u00fablico que est\u00e3o abertas inscri\u00e7\u00f5es para sele\u00e7\u00e3o de <strong>01 (UM) bolsista<\/strong> no \u00e2mbito do Programa de Bolsas Acad\u00eamicas\/2017, na modalidade Inicia\u00e7\u00e3o \u00e0 Extens\u00e3o e Cultura<br \/>\nO projeto tem por objetivo geral estudar e restaurar a obra Senhoras Tomando ch\u00e1 pertencente a Pinacoteca Matteo Tonietti da Secretaria Municipal de Cultura da Cidade do Rio Grande, RS.<\/p>\n<p>O per\u00edodo para inscri\u00e7\u00e3o ser\u00e1 de <strong>22\/05 a 26\/05\/2017.<\/strong><\/p>\n<p>Para mais informa\u00e7\u00f5es acesse o edital:<\/p>\n<p><strong><span style=\"font-size: 14pt\"><a href=\"https:\/\/drive.google.com\/file\/d\/0B8TntGwuj1oCbE1TdHJaUlpIcTA\/view?usp=sharing\" target=\"_blank\" rel=\"noopener noreferrer\">EDITAL<\/a><\/span><\/strong><\/p>\n<p>&nbsp;<\/p>\n<hr \/>\n<p><span style=\"font-size: 8pt\"><strong>*Figura 1:Senhoras Tomando Ch\u00e1. Autor desconhecido. \u00d3leo s\/ Tela. S\u00e9culo XIX Fonte: Laborat\u00f3rio de Conserva\u00e7\u00e3o e Restaura\u00e7\u00e3o de Pinturas, 2013<br \/>\n<b>BACHETTINI, A. L.<\/b>; MACALOSSI, A. M. ; SCOLARI, K. C. . O estudo sobre a obra Senhoras tomando Ch\u00e1? da Pinacoteca Matteo Tonietti, Rio Grande, RS.. Semin\u00e1rio de Hist\u00f3ria da Arte, v. XII, p. 1-19, 2014.<\/strong><\/span><\/p>\n","protected":false},"excerpt":{"rendered":"<p>A Coordena\u00e7\u00e3o do Projeto Documenta\u00e7\u00e3o, Restaura\u00e7\u00e3o e Exposi\u00e7\u00e3o da Obra Senhoras Tomando Ch\u00e1 da Pinacoteca Matteo Tonietti, Rio Grande, RS, torna p\u00fablico que est\u00e3o abertas inscri\u00e7\u00f5es para sele\u00e7\u00e3o de 01 (UM) bolsista no \u00e2mbito do Programa de Bolsas Acad\u00eamicas\/2017, na modalidade Inicia\u00e7\u00e3o \u00e0 Extens\u00e3o e Cultura O projeto tem por objetivo geral estudar e restaurar [&hellip;]<\/p>\n","protected":false},"author":81,"featured_media":1738,"parent":0,"menu_order":0,"comment_status":"closed","ping_status":"closed","template":"","meta":{"jetpack_post_was_ever_published":false,"footnotes":""},"class_list":["post-1736","page","type-page","status-publish","has-post-thumbnail","hentry"],"jetpack_sharing_enabled":true,"jetpack_shortlink":"https:\/\/wp.me\/P8AfLG-s0","jetpack_likes_enabled":true,"jetpack-related-posts":[],"_links":{"self":[{"href":"https:\/\/wp.ufpel.edu.br\/crbensmoveis\/wp-json\/wp\/v2\/pages\/1736","targetHints":{"allow":["GET"]}}],"collection":[{"href":"https:\/\/wp.ufpel.edu.br\/crbensmoveis\/wp-json\/wp\/v2\/pages"}],"about":[{"href":"https:\/\/wp.ufpel.edu.br\/crbensmoveis\/wp-json\/wp\/v2\/types\/page"}],"author":[{"embeddable":true,"href":"https:\/\/wp.ufpel.edu.br\/crbensmoveis\/wp-json\/wp\/v2\/users\/81"}],"replies":[{"embeddable":true,"href":"https:\/\/wp.ufpel.edu.br\/crbensmoveis\/wp-json\/wp\/v2\/comments?post=1736"}],"version-history":[{"count":4,"href":"https:\/\/wp.ufpel.edu.br\/crbensmoveis\/wp-json\/wp\/v2\/pages\/1736\/revisions"}],"predecessor-version":[{"id":2769,"href":"https:\/\/wp.ufpel.edu.br\/crbensmoveis\/wp-json\/wp\/v2\/pages\/1736\/revisions\/2769"}],"wp:featuredmedia":[{"embeddable":true,"href":"https:\/\/wp.ufpel.edu.br\/crbensmoveis\/wp-json\/wp\/v2\/media\/1738"}],"wp:attachment":[{"href":"https:\/\/wp.ufpel.edu.br\/crbensmoveis\/wp-json\/wp\/v2\/media?parent=1736"}],"curies":[{"name":"wp","href":"https:\/\/api.w.org\/{rel}","templated":true}]}}