{"id":1504,"date":"2016-06-21T12:45:23","date_gmt":"2016-06-21T15:45:23","guid":{"rendered":"https:\/\/conservacaoerestauro.wordpress.com\/?page_id=1504"},"modified":"2023-10-17T20:19:33","modified_gmt":"2023-10-17T23:19:33","slug":"pet-c-r","status":"publish","type":"page","link":"https:\/\/wp.ufpel.edu.br\/crbensmoveis\/pet-c-r\/","title":{"rendered":"PET-CR"},"content":{"rendered":"<p><img data-recalc-dims=\"1\" data-attachment-id=\"1667\" data-permalink=\"https:\/\/wp.ufpel.edu.br\/crbensmoveis\/pet-c-r\/logo-pet-1\/\" data-orig-file=\"https:\/\/i0.wp.com\/wp.ufpel.edu.br\/crbensmoveis\/files\/2016\/06\/logo-pet-1.png?fit=600%2C108&amp;ssl=1\" data-orig-size=\"600,108\" data-comments-opened=\"0\" data-image-meta=\"{&quot;aperture&quot;:&quot;0&quot;,&quot;credit&quot;:&quot;&quot;,&quot;camera&quot;:&quot;&quot;,&quot;caption&quot;:&quot;&quot;,&quot;created_timestamp&quot;:&quot;0&quot;,&quot;copyright&quot;:&quot;&quot;,&quot;focal_length&quot;:&quot;0&quot;,&quot;iso&quot;:&quot;0&quot;,&quot;shutter_speed&quot;:&quot;0&quot;,&quot;title&quot;:&quot;&quot;,&quot;orientation&quot;:&quot;0&quot;}\" data-image-title=\"logo pet (1)\" data-image-description=\"\" data-image-caption=\"\" data-medium-file=\"https:\/\/i0.wp.com\/wp.ufpel.edu.br\/crbensmoveis\/files\/2016\/06\/logo-pet-1.png?fit=400%2C72&amp;ssl=1\" data-large-file=\"https:\/\/i0.wp.com\/wp.ufpel.edu.br\/crbensmoveis\/files\/2016\/06\/logo-pet-1.png?fit=984%2C220&amp;ssl=1\" class=\"size-medium wp-image-1667 aligncenter\" src=\"https:\/\/i0.wp.com\/wp.ufpel.edu.br\/crbensmoveis\/files\/2016\/06\/logo-pet-1.png?resize=424%2C76&#038;ssl=1\" alt=\"\" width=\"424\" height=\"76\" srcset=\"https:\/\/i0.wp.com\/wp.ufpel.edu.br\/crbensmoveis\/files\/2016\/06\/logo-pet-1.png?resize=424%2C76&amp;ssl=1 424w, https:\/\/i0.wp.com\/wp.ufpel.edu.br\/crbensmoveis\/files\/2016\/06\/logo-pet-1.png?resize=212%2C38&amp;ssl=1 212w, https:\/\/i0.wp.com\/wp.ufpel.edu.br\/crbensmoveis\/files\/2016\/06\/logo-pet-1.png?w=600&amp;ssl=1 600w\" sizes=\"(max-width: 424px) 100vw, 424px\" \/><\/p>\n<p>O Grupo PET Conserva\u00e7\u00e3o e Restauro foi implantado em dezembro de 2010 e \u00e9 composto por 1 tutora, 12 bolsistas e volunt\u00e1rios. Este grupo foi iniciado pela professora Francisca Ferreira Michelon, que permaneceu como tutora deste PET at\u00e9 o ano de 2016. Os integrantes deste grupo atuam em conjunto com a doc\u00eancia do Curso de Bacharelado em Conserva\u00e7\u00e3o e Restauro de Bens Culturais M\u00f3veis no desenvolvimento de novas pr\u00e1ticas e experi\u00eancias pedag\u00f3gicas que integrem Ensino, Pesquisa e Extens\u00e3o.<\/p>\n<p style=\"text-align: left;\"><span style=\"font-size: 18pt; color: #003366;\"><strong>ACESSE O SITE DO PET-CR PARA SABER MAIS:\u00a0<a href=\"https:\/\/wp.ufpel.edu.br\/petconservacaoerestauro\/\">https:\/\/wp.ufpel.edu.br\/petconservacaoerestauro\/<\/a><\/strong><\/span><\/p>\n","protected":false},"excerpt":{"rendered":"<p>O Grupo PET Conserva\u00e7\u00e3o e Restauro foi implantado em dezembro de 2010 e \u00e9 composto por 1 tutora, 12 bolsistas e volunt\u00e1rios. Este grupo foi iniciado pela professora Francisca Ferreira Michelon, que permaneceu como tutora deste PET at\u00e9 o ano de 2016. Os integrantes deste grupo atuam em conjunto com a doc\u00eancia do Curso de [&hellip;]<\/p>\n","protected":false},"author":81,"featured_media":0,"parent":0,"menu_order":0,"comment_status":"closed","ping_status":"closed","template":"","meta":{"jetpack_post_was_ever_published":false,"footnotes":""},"class_list":["post-1504","page","type-page","status-publish","hentry"],"jetpack_sharing_enabled":false,"jetpack_shortlink":"https:\/\/wp.me\/P8AfLG-og","jetpack_likes_enabled":true,"jetpack-related-posts":[],"_links":{"self":[{"href":"https:\/\/wp.ufpel.edu.br\/crbensmoveis\/wp-json\/wp\/v2\/pages\/1504","targetHints":{"allow":["GET"]}}],"collection":[{"href":"https:\/\/wp.ufpel.edu.br\/crbensmoveis\/wp-json\/wp\/v2\/pages"}],"about":[{"href":"https:\/\/wp.ufpel.edu.br\/crbensmoveis\/wp-json\/wp\/v2\/types\/page"}],"author":[{"embeddable":true,"href":"https:\/\/wp.ufpel.edu.br\/crbensmoveis\/wp-json\/wp\/v2\/users\/81"}],"replies":[{"embeddable":true,"href":"https:\/\/wp.ufpel.edu.br\/crbensmoveis\/wp-json\/wp\/v2\/comments?post=1504"}],"version-history":[{"count":11,"href":"https:\/\/wp.ufpel.edu.br\/crbensmoveis\/wp-json\/wp\/v2\/pages\/1504\/revisions"}],"predecessor-version":[{"id":3172,"href":"https:\/\/wp.ufpel.edu.br\/crbensmoveis\/wp-json\/wp\/v2\/pages\/1504\/revisions\/3172"}],"wp:attachment":[{"href":"https:\/\/wp.ufpel.edu.br\/crbensmoveis\/wp-json\/wp\/v2\/media?parent=1504"}],"curies":[{"name":"wp","href":"https:\/\/api.w.org\/{rel}","templated":true}]}}