{"id":1426,"date":"2016-01-10T15:17:31","date_gmt":"2016-01-10T17:17:31","guid":{"rendered":"https:\/\/conservacaoerestauro.wordpress.com\/?page_id=1426"},"modified":"2020-04-01T19:46:08","modified_gmt":"2020-04-01T22:46:08","slug":"grade-curricular-6","status":"publish","type":"page","link":"https:\/\/wp.ufpel.edu.br\/crbensmoveis\/informacoes-sobre-o-curso\/grade-curricular-6\/","title":{"rendered":"GRADE CURRICULAR"},"content":{"rendered":"<p>Informa\u00e7\u00f5es sobre grade curricular, professores, oferta de disciplinas, e outras informa\u00e7\u00f5es sobre o curso de Conserva\u00e7\u00e3o e Restaura\u00e7\u00e3o, podem ser verificadas diretamente no Portal Institucional da UFPel atrav\u00e9s do endere\u00e7o:\u00a0<a href=\"https:\/\/institucional.ufpel.edu.br\/cursos\/cod\/5900\">https:\/\/institucional.ufpel.edu.br\/cursos\/cod\/5900<\/a>.<\/p>\n\n<!-- iframe plugin v.6.0 wordpress.org\/plugins\/iframe\/ -->\n<iframe src=\"https:\/\/docs.google.com\/document\/d\/1tmIrmc6VqXiFPPZbtkOQwDYutEED92XgKmubyZUyO8Q\/pub?embedded=true\" width=\"760\" height=\"3500\" frameborder=\"0\" marginheight=\"0\" marginwidth=\"0\" scrolling=\"auto\" class=\"iframe-class\"><\/iframe>\n\n","protected":false},"excerpt":{"rendered":"<p>Informa\u00e7\u00f5es sobre grade curricular, professores, oferta de disciplinas, e outras informa\u00e7\u00f5es sobre o curso de Conserva\u00e7\u00e3o e Restaura\u00e7\u00e3o, podem ser verificadas diretamente no Portal Institucional da UFPel atrav\u00e9s do endere\u00e7o:\u00a0https:\/\/institucional.ufpel.edu.br\/cursos\/cod\/5900.<\/p>\n","protected":false},"author":81,"featured_media":0,"parent":1401,"menu_order":0,"comment_status":"closed","ping_status":"closed","template":"","meta":{"jetpack_post_was_ever_published":false,"footnotes":""},"class_list":["post-1426","page","type-page","status-publish","hentry"],"jetpack_sharing_enabled":true,"jetpack_shortlink":"https:\/\/wp.me\/P8AfLG-n0","jetpack_likes_enabled":true,"jetpack-related-posts":[],"_links":{"self":[{"href":"https:\/\/wp.ufpel.edu.br\/crbensmoveis\/wp-json\/wp\/v2\/pages\/1426","targetHints":{"allow":["GET"]}}],"collection":[{"href":"https:\/\/wp.ufpel.edu.br\/crbensmoveis\/wp-json\/wp\/v2\/pages"}],"about":[{"href":"https:\/\/wp.ufpel.edu.br\/crbensmoveis\/wp-json\/wp\/v2\/types\/page"}],"author":[{"embeddable":true,"href":"https:\/\/wp.ufpel.edu.br\/crbensmoveis\/wp-json\/wp\/v2\/users\/81"}],"replies":[{"embeddable":true,"href":"https:\/\/wp.ufpel.edu.br\/crbensmoveis\/wp-json\/wp\/v2\/comments?post=1426"}],"version-history":[{"count":4,"href":"https:\/\/wp.ufpel.edu.br\/crbensmoveis\/wp-json\/wp\/v2\/pages\/1426\/revisions"}],"predecessor-version":[{"id":2287,"href":"https:\/\/wp.ufpel.edu.br\/crbensmoveis\/wp-json\/wp\/v2\/pages\/1426\/revisions\/2287"}],"up":[{"embeddable":true,"href":"https:\/\/wp.ufpel.edu.br\/crbensmoveis\/wp-json\/wp\/v2\/pages\/1401"}],"wp:attachment":[{"href":"https:\/\/wp.ufpel.edu.br\/crbensmoveis\/wp-json\/wp\/v2\/media?parent=1426"}],"curies":[{"name":"wp","href":"https:\/\/api.w.org\/{rel}","templated":true}]}}