{"id":9398,"date":"2023-10-03T17:13:12","date_gmt":"2023-10-03T20:13:12","guid":{"rendered":"https:\/\/wp.ufpel.edu.br\/cra\/?page_id=9398"},"modified":"2025-06-02T10:51:25","modified_gmt":"2025-06-02T13:51:25","slug":"painel-de-dados-perfil-ingressante","status":"publish","type":"page","link":"https:\/\/wp.ufpel.edu.br\/cra\/informacoes-academicas\/relatorio\/painel-de-dados-perfil-ingressante\/","title":{"rendered":"Painel de dados &#8211; perfil ingressante"},"content":{"rendered":"\n<!-- iframe plugin v.6.0 wordpress.org\/plugins\/iframe\/ -->\n<iframe src=\"https:\/\/app.powerbi.com\/view?r=eyJrIjoiZmM5ODBkN2YtMjFlOS00Yzc0LWJlZDMtZjY5NzE3NTJkNDgxIiwidCI6IjQzNzE1MDNjLTcxYjUtNGNmYi1iOGE5LTU5YTMxOTM0OGY5ZiJ9\" height=\"550\" 0=\"frame\" border=\"20\" allowfullscreen=\"true\" width=\"100%\" scrolling=\"yes\" class=\"iframe-class\" frameborder=\"0\"><\/iframe>\n\n\n\n\n<p>Dados obtidos do <a href=\"https:\/\/www.dados.ufpel.edu.br\/dataset\/detalhamento-alunos-ingressantes-2010-a-2018-1\">Portal de Dados Abertos da UFPel<\/a> &#8211; \u00faltima atualiza\u00e7\u00e3o em 4 de julho de 2023.<\/p>\n\n\n\n<p><\/p>\n","protected":false},"excerpt":{"rendered":"<p>Dados obtidos do Portal de Dados Abertos da UFPel &#8211; \u00faltima atualiza\u00e7\u00e3o em 4 de julho de 2023.<\/p>\n","protected":false},"author":341,"featured_media":0,"parent":5008,"menu_order":0,"comment_status":"closed","ping_status":"closed","template":"page-sem-sidebar.php","meta":{"advanced_seo_description":"","jetpack_seo_html_title":"","jetpack_seo_noindex":false,"jetpack_post_was_ever_published":false,"footnotes":""},"class_list":["post-9398","page","type-page","status-publish","hentry"],"jetpack_sharing_enabled":true,"jetpack_shortlink":"https:\/\/wp.me\/P70cyI-2rA","jetpack-related-posts":[],"_links":{"self":[{"href":"https:\/\/wp.ufpel.edu.br\/cra\/wp-json\/wp\/v2\/pages\/9398","targetHints":{"allow":["GET"]}}],"collection":[{"href":"https:\/\/wp.ufpel.edu.br\/cra\/wp-json\/wp\/v2\/pages"}],"about":[{"href":"https:\/\/wp.ufpel.edu.br\/cra\/wp-json\/wp\/v2\/types\/page"}],"author":[{"embeddable":true,"href":"https:\/\/wp.ufpel.edu.br\/cra\/wp-json\/wp\/v2\/users\/341"}],"replies":[{"embeddable":true,"href":"https:\/\/wp.ufpel.edu.br\/cra\/wp-json\/wp\/v2\/comments?post=9398"}],"version-history":[{"count":7,"href":"https:\/\/wp.ufpel.edu.br\/cra\/wp-json\/wp\/v2\/pages\/9398\/revisions"}],"predecessor-version":[{"id":12190,"href":"https:\/\/wp.ufpel.edu.br\/cra\/wp-json\/wp\/v2\/pages\/9398\/revisions\/12190"}],"up":[{"embeddable":true,"href":"https:\/\/wp.ufpel.edu.br\/cra\/wp-json\/wp\/v2\/pages\/5008"}],"wp:attachment":[{"href":"https:\/\/wp.ufpel.edu.br\/cra\/wp-json\/wp\/v2\/media?parent=9398"}],"curies":[{"name":"wp","href":"https:\/\/api.w.org\/{rel}","templated":true}]}}