{"id":5994,"date":"2022-09-16T15:55:19","date_gmt":"2022-09-16T18:55:19","guid":{"rendered":"https:\/\/wp.ufpel.edu.br\/cra\/?page_id=5994"},"modified":"2025-08-22T14:13:40","modified_gmt":"2025-08-22T17:13:40","slug":"retomada-de-estudos","status":"publish","type":"page","link":"https:\/\/wp.ufpel.edu.br\/cra\/formas-de-ingresso\/retomada-de-estudos\/","title":{"rendered":"Retomada de estudos"},"content":{"rendered":"\n<p class=\"has-text-align-left\">Se voc\u00ea interrompeu uma gradua\u00e7\u00e3o, pode voltar a estudar na UFPel. A retomada de estudos permite que voc\u00ea retorne ao seu curso ou comece uma nova gradua\u00e7\u00e3o.<\/p>\n\n\n\n<h2 class=\"wp-block-heading has-16-undefined-undefined-font-size\" style=\"font-size:16px\"><strong>Quem pode solicitar a Retomada de estudos?<\/strong><\/h2>\n\n\n\n<ul class=\"wp-block-list\">\n<li>Quem cancelou ou abandonou um curso da UFPEL ou de outra institui\u00e7\u00e3o de ensino superior brasileira.<\/li>\n\n\n\n<li>Quem terminou, pelo menos, um semestre no curso.<\/li>\n\n\n\n<li>Esta modalidade&nbsp;<strong>n\u00e3o se aplica<\/strong>&nbsp;a estudantes que v\u00eam de universidades estrangeiras.<\/li>\n<\/ul>\n\n\n\n<h2 class=\"wp-block-heading has-text-align-left\" style=\"font-size:16px\"><strong><strong><strong>Como funciona o processo seletivo?<\/strong><\/strong><\/strong><\/h2>\n\n\n\n<p class=\"has-text-align-left has--font-size\">A sele\u00e7\u00e3o \u00e9 feita por meio de um edital espec\u00edfico,\u00a0publicado semestralmente. Fique atento a este documento para conferir:<\/p>\n\n\n\n<ul class=\"wp-block-list\">\n<li>Os cursos com vagas dispon\u00edveis;<\/li>\n\n\n\n<li>Os crit\u00e9rios de sele\u00e7\u00e3o e classifica\u00e7\u00e3o;<\/li>\n\n\n\n<li>Os documentos necess\u00e1rios para a inscri\u00e7\u00e3o;<\/li>\n\n\n\n<li>Os prazos e as datas mais importantes do processo.<\/li>\n<\/ul>\n\n\n\n<h2 class=\"wp-block-heading has-text-align-left\" style=\"font-size:16px\"><strong><strong>Onde encontrar os editais?<\/strong><\/strong><\/h2>\n\n\n\n<p class=\"has-text-align-left has--font-size\">Os editais s\u00e3o publicados na p\u00e1gina do\u00a0<strong>Processo Seletivo Complementar<\/strong>. Clique no link abaixo para consultar as regras e se inscrever.<\/p>\n\n\n\n<h3 class=\"wp-block-heading\" style=\"font-size:16px\"><a href=\"https:\/\/wp.ufpel.edu.br\/cra\/editais-processo-seletivo-complementar\/\" data-type=\"link\" data-id=\"https:\/\/wp.ufpel.edu.br\/cra\/editais-processo-seletivo-complementar\/\" target=\"_blank\" rel=\"noreferrer noopener\"><strong>Acesse a p\u00e1gina do Processo Seletivo Complementar<\/strong><\/a><\/h3>\n\n\n\n<h2 class=\"wp-block-heading has-text-align-left\" style=\"font-size:16px\"><strong>Base legal<\/strong><\/h2>\n\n\n\n<ul class=\"wp-block-list\">\n<li><a href=\"https:\/\/wp.ufpel.edu.br\/scs\/files\/2022\/09\/SEI_UFPel-1868492-Resolucao-45.2022.pdf\">Resolu\u00e7\u00e3o COCEPE N\u00ba 45\/2022<\/a>.&nbsp;<\/li>\n<\/ul>\n","protected":false},"excerpt":{"rendered":"<p>Se voc\u00ea interrompeu uma gradua\u00e7\u00e3o, pode voltar a estudar na UFPel. A retomada de estudos permite que voc\u00ea retorne ao seu curso ou comece uma nova gradua\u00e7\u00e3o. Quem pode solicitar a Retomada de estudos?<\/p>\n","protected":false},"author":743,"featured_media":0,"parent":6202,"menu_order":0,"comment_status":"closed","ping_status":"closed","template":"","meta":{"advanced_seo_description":"Interrompeu sua gradua\u00e7\u00e3o na UFPel ou em outra faculdade? Com a Retomada de Estudos, voc\u00ea pode voltar ao seu curso ou come\u00e7ar um novo. Veja os requisitos!","jetpack_seo_html_title":"Retomada de Estudos UFPel | Volte a Estudar na Universidade\n","jetpack_seo_noindex":false,"jetpack_post_was_ever_published":false,"footnotes":""},"class_list":["post-5994","page","type-page","status-publish","hentry"],"jetpack_sharing_enabled":true,"jetpack_shortlink":"https:\/\/wp.me\/P70cyI-1yG","jetpack-related-posts":[],"_links":{"self":[{"href":"https:\/\/wp.ufpel.edu.br\/cra\/wp-json\/wp\/v2\/pages\/5994","targetHints":{"allow":["GET"]}}],"collection":[{"href":"https:\/\/wp.ufpel.edu.br\/cra\/wp-json\/wp\/v2\/pages"}],"about":[{"href":"https:\/\/wp.ufpel.edu.br\/cra\/wp-json\/wp\/v2\/types\/page"}],"author":[{"embeddable":true,"href":"https:\/\/wp.ufpel.edu.br\/cra\/wp-json\/wp\/v2\/users\/743"}],"replies":[{"embeddable":true,"href":"https:\/\/wp.ufpel.edu.br\/cra\/wp-json\/wp\/v2\/comments?post=5994"}],"version-history":[{"count":3,"href":"https:\/\/wp.ufpel.edu.br\/cra\/wp-json\/wp\/v2\/pages\/5994\/revisions"}],"predecessor-version":[{"id":11870,"href":"https:\/\/wp.ufpel.edu.br\/cra\/wp-json\/wp\/v2\/pages\/5994\/revisions\/11870"}],"up":[{"embeddable":true,"href":"https:\/\/wp.ufpel.edu.br\/cra\/wp-json\/wp\/v2\/pages\/6202"}],"wp:attachment":[{"href":"https:\/\/wp.ufpel.edu.br\/cra\/wp-json\/wp\/v2\/media?parent=5994"}],"curies":[{"name":"wp","href":"https:\/\/api.w.org\/{rel}","templated":true}]}}