{"id":5935,"date":"2022-09-13T14:41:09","date_gmt":"2022-09-13T17:41:09","guid":{"rendered":"https:\/\/wp.ufpel.edu.br\/cra\/?page_id=5935"},"modified":"2022-11-11T15:52:06","modified_gmt":"2022-11-11T18:52:06","slug":"2022-1","status":"publish","type":"page","link":"https:\/\/wp.ufpel.edu.br\/cra\/editais\/editais-processo-seletivo-simplificado\/2022-1\/","title":{"rendered":"Processo Seletivo Simplificado  2022\/1"},"content":{"rendered":"<p style=\"text-align: center;\"><strong>PROCESSO SELETIVO SIMPLIFICADO <\/strong><strong>2022\/1<\/strong><\/p>\n<ul>\n<li>Edital de abertura:\u00a0<a href=\"https:\/\/wp.ufpel.edu.br\/cra\/files\/2022\/05\/SEI_UFPel-1691416-Edital.pdf\">Edital CRA N\u00ba 12\/2022<\/a>\n<ul>\n<li>Inscri\u00e7\u00f5es: de 12\/05\/2022 a 23\/05\/2022<\/li>\n<li>Link para inscri\u00e7\u00e3o:\u00a0<a href=\"http:\/\/ces.ufpel.edu.br\/vestibular\/vested0012_2022\">http:\/\/ces.ufpel.edu.br\/vestibular\/vested0012_2022<\/a><\/li>\n<li>Resultado dos pedidos de isen\u00e7\u00e3o:\n<ul>\n<li><a href=\"https:\/\/wp.ufpel.edu.br\/cra\/files\/2021\/05\/Pedido-de-Isencao-PSS-DEFERIDOS.pdf\">Pedidos de isen\u00e7\u00e3o da taxa de inscri\u00e7\u00e3o aprovados<\/a><\/li>\n<li><a href=\"https:\/\/wp.ufpel.edu.br\/cra\/files\/2021\/05\/Pedido-de-Isencao-PSS-INDEFERIDOS.pdf\">Pedidos de isen\u00e7\u00e3o da taxa n\u00e3o aprovados<\/a><\/li>\n<\/ul>\n<\/li>\n<li><a href=\"https:\/\/wp.ufpel.edu.br\/cra\/files\/2021\/05\/PSS-Edital0122022.pdf\">Resultado final das inscri\u00e7\u00f5es homologadas Edital CRA N\u00ba12\/2022<\/a><\/li>\n<li><a href=\"https:\/\/wp.ufpel.edu.br\/cra\/files\/2021\/05\/PSS-local-de-prova.pdf\">Local de provas Edital CRA N\u00ba12\/2022<\/a><\/li>\n<li><a href=\"https:\/\/wp.ufpel.edu.br\/cra\/files\/2021\/05\/Resultado-da-solicitacao-de-Atendimento-Especial.pdf\">Resultado da solicita\u00e7\u00e3o de Atendimento Especial<\/a><\/li>\n<li><a href=\"https:\/\/wp.ufpel.edu.br\/cra\/files\/2021\/05\/protocolo_sanitario_PSS.pdf\">Protocolo Sanit\u00e1rio<\/a><\/li>\n<li><a href=\"https:\/\/wp.ufpel.edu.br\/cra\/files\/2021\/05\/PSS-ensalamento.pdf\">Local de prova por candidato<\/a><\/li>\n<li><a href=\"https:\/\/wp.ufpel.edu.br\/cra\/files\/2022\/07\/Resultado-PSS-2022.pdf\">Resultado do Processo Seletivo<\/a><\/li>\n<li><a href=\"https:\/\/wp.ufpel.edu.br\/cra\/files\/2021\/05\/Desempenho.pdf\">Desempenho dos candidatos<\/a><\/li>\n<\/ul>\n<\/li>\n<li>Edital de matr\u00edculas:\u00a0<a href=\"https:\/\/wp.ufpel.edu.br\/cra\/files\/2021\/05\/SEI_23110.024148_2022_10-1.pdf\">Edital CRA N\u00ba 23\/2022<\/a>\n<ul>\n<li>Listas de espera:\n<ul>\n<li><a href=\"https:\/\/wp.ufpel.edu.br\/cra\/files\/2021\/05\/Processo-Seletivo-Simplificado-20221-Lista-de-espera-Geral.pdf\">Processo Seletivo Simplificado 2022\/1 \u2013 Lista de espera \u2013 Geral<\/a><\/li>\n<li><a href=\"https:\/\/wp.ufpel.edu.br\/cra\/files\/2021\/05\/Processo-Seletivo-Simplificado-20221-Lista-de-espera-Cotas.pdf\">Processo Seletivo Simplificado 2022\/1 \u2013 Lista de espera \u2013 Cotas<\/a><\/li>\n<\/ul>\n<\/li>\n<\/ul>\n<\/li>\n<li>Resultado An\u00e1lise de Defici\u00eancia\n<ul>\n<li><a href=\"https:\/\/wp.ufpel.edu.br\/cra\/files\/2021\/05\/relatorio_parecer_cotas_Definitivo-PS-Simplificado.pdf\">Resultado Final An\u00e1lise de Defici\u00eancia \u2013 Processo Seletivo Simplificado<\/a><\/li>\n<\/ul>\n<\/li>\n<li>Resultado An\u00e1lise \u00c9tnico-racial\n<ul>\n<li><a href=\"https:\/\/wp.ufpel.edu.br\/cra\/files\/2022\/11\/PSS.pdf\">Resultado Parcial An\u00e1lise \u00c9tnico-racial &#8211; Processo Seletivo Simplificado (Retificado)<\/a><\/li>\n<\/ul>\n<\/li>\n<li>Resultado An\u00e1lise Socioecon\u00f4mica\n<ul>\n<li><a href=\"https:\/\/wp.ufpel.edu.br\/prae\/files\/2022\/11\/SEI_23110.031671_2022_94_Edital_PRAE_27_22_Diversos_ingressos_v4.pdf\">Resultado Final &#8211; An\u00e1lise Socioecon\u00f4mica &#8211; Processo Seletivo Simplificado<\/a><\/li>\n<\/ul>\n<\/li>\n<li>Convoca\u00e7\u00f5es da Lista de Espera:\n<ul>\n<li><a href=\"https:\/\/wp.ufpel.edu.br\/cra\/files\/2021\/05\/Convocacao_Processo-Seletivo-Simplificado-2022_1-1a-ConvocacaoA.pdf\">1\u00aa Convoca\u00e7\u00e3o<\/a><\/li>\n<\/ul>\n<\/li>\n<\/ul>\n","protected":false},"excerpt":{"rendered":"<p>PROCESSO SELETIVO SIMPLIFICADO 2022\/1 Edital de abertura:\u00a0Edital CRA N\u00ba 12\/2022 Inscri\u00e7\u00f5es: de 12\/05\/2022 a 23\/05\/2022 Link para inscri\u00e7\u00e3o:\u00a0http:\/\/ces.ufpel.edu.br\/vestibular\/vested0012_2022 Resultado dos pedidos de isen\u00e7\u00e3o: Pedidos de isen\u00e7\u00e3o da taxa de inscri\u00e7\u00e3o aprovados Pedidos de isen\u00e7\u00e3o da taxa n\u00e3o aprovados Resultado final das inscri\u00e7\u00f5es homologadas Edital CRA N\u00ba12\/2022 Local de provas Edital CRA N\u00ba12\/2022 Resultado da solicita\u00e7\u00e3o [&hellip;]<\/p>\n","protected":false},"author":341,"featured_media":0,"parent":4522,"menu_order":0,"comment_status":"closed","ping_status":"closed","template":"","meta":{"advanced_seo_description":"","jetpack_seo_html_title":"","jetpack_seo_noindex":false,"jetpack_post_was_ever_published":false,"footnotes":""},"class_list":["post-5935","page","type-page","status-publish","hentry"],"jetpack_sharing_enabled":true,"jetpack_shortlink":"https:\/\/wp.me\/P70cyI-1xJ","jetpack-related-posts":[],"_links":{"self":[{"href":"https:\/\/wp.ufpel.edu.br\/cra\/wp-json\/wp\/v2\/pages\/5935","targetHints":{"allow":["GET"]}}],"collection":[{"href":"https:\/\/wp.ufpel.edu.br\/cra\/wp-json\/wp\/v2\/pages"}],"about":[{"href":"https:\/\/wp.ufpel.edu.br\/cra\/wp-json\/wp\/v2\/types\/page"}],"author":[{"embeddable":true,"href":"https:\/\/wp.ufpel.edu.br\/cra\/wp-json\/wp\/v2\/users\/341"}],"replies":[{"embeddable":true,"href":"https:\/\/wp.ufpel.edu.br\/cra\/wp-json\/wp\/v2\/comments?post=5935"}],"version-history":[{"count":8,"href":"https:\/\/wp.ufpel.edu.br\/cra\/wp-json\/wp\/v2\/pages\/5935\/revisions"}],"predecessor-version":[{"id":6361,"href":"https:\/\/wp.ufpel.edu.br\/cra\/wp-json\/wp\/v2\/pages\/5935\/revisions\/6361"}],"up":[{"embeddable":true,"href":"https:\/\/wp.ufpel.edu.br\/cra\/wp-json\/wp\/v2\/pages\/4522"}],"wp:attachment":[{"href":"https:\/\/wp.ufpel.edu.br\/cra\/wp-json\/wp\/v2\/media?parent=5935"}],"curies":[{"name":"wp","href":"https:\/\/api.w.org\/{rel}","templated":true}]}}