{"id":5273,"date":"2022-05-05T16:12:22","date_gmt":"2022-05-05T19:12:22","guid":{"rendered":"https:\/\/wp.ufpel.edu.br\/cra\/?page_id=5273"},"modified":"2023-03-17T10:22:27","modified_gmt":"2023-03-17T13:22:27","slug":"vestibular-uab-2022-2","status":"publish","type":"page","link":"https:\/\/wp.ufpel.edu.br\/cra\/editais\/editais-uab\/vestibular-uab-2022-2\/","title":{"rendered":"Vestibular UAB 2022\/2"},"content":{"rendered":"<p style=\"text-align: center;\"><strong>VESTIBULAR UAB 2022\/2<\/strong><\/p>\n<ul>\n<li>Edital de abertura: <a href=\"https:\/\/wp.ufpel.edu.br\/cra\/files\/2021\/05\/SEI_UFPel-1680790-Edital.pdf\">Edital CRA N\u00ba 10\/2022<\/a>\n<ul>\n<li><strong>Retifica\u00e7\u00e3o do cronograma<\/strong>: <a href=\"https:\/\/wp.ufpel.edu.br\/cra\/files\/2021\/05\/Retificacao-Edital-CRA-10-2022-Vestibular-UAB.pdf\">Edital CRA N\u00ba 10\/2022 &#8211; Retifica\u00e7\u00e3o<\/a><\/li>\n<li>Endere\u00e7o e contato dos Polos UAB: <a href=\"https:\/\/wp.ufpel.edu.br\/cra\/files\/2021\/05\/Anexo_1___Endereco_e_contato_do_Polos_UAB_UFPel.pdf\">Anexo I<\/a><\/li>\n<li>Inscri\u00e7\u00f5es: de 06\/05\/2022 a 06\/06\/2022<\/li>\n<li>Link para inscri\u00e7\u00e3o:\u00a0<a href=\"http:\/\/ces.ufpel.edu.br\/vestibular\/vested0010_2022\/\">http:\/\/ces.ufpel.edu.br\/vestibular\/vested0010_2022\/<\/a><\/li>\n<li>Resultado das Isen\u00e7\u00f5es:\n<ul>\n<li><a href=\"https:\/\/wp.ufpel.edu.br\/cra\/files\/2021\/05\/Pedido-de-Isencao-UAB-DEFERIDOS-1.pdf\">Pedidos Deferidos<\/a><\/li>\n<li><a href=\"https:\/\/wp.ufpel.edu.br\/cra\/files\/2021\/05\/Pedido-de-Isencao-UAB-INDEFERIDOS-1.pdf\">Pedidos Indeferidos<\/a><\/li>\n<\/ul>\n<\/li>\n<li>Resultado preliminar das inscri\u00e7\u00f5es:\n<ul>\n<li><a href=\"https:\/\/wp.ufpel.edu.br\/cra\/files\/2021\/05\/UAB-inscritos-HOMOLOGADOS.pdf\">Homologadas e confirma\u00e7\u00e3o do curso no polo<\/a><\/li>\n<li><a href=\"https:\/\/wp.ufpel.edu.br\/cra\/files\/2021\/05\/UAB-inscritos-NAO-HOMOLOGADOS-1.pdf\">N\u00c3O homologadas pela n\u00e3o oferta do curso no polo<\/a>\n<ul>\n<li>Ao candidato inscrito em um polo, cujo curso n\u00e3o ser\u00e1 ofertado (por ter menos de 20 inscritos), ser\u00e1 facultado optar por outro<br \/>\ncurso\/polo, pelo <a href=\"https:\/\/forms.gle\/uwWbZ6cqTDyTcTpG7\">Formul\u00e1rio de nova op\u00e7\u00e3o de curso\/polo<\/a> (at\u00e9 16\/06) <strong>OU<\/strong> ter a devolu\u00e7\u00e3o da taxa de inscri\u00e7\u00e3o (prazo encerrado)\u00a0.<\/li>\n<\/ul>\n<\/li>\n<\/ul>\n<\/li>\n<li><a href=\"https:\/\/wp.ufpel.edu.br\/cra\/files\/2021\/05\/Lista-de-candidatos-homologados.pdf\">Resultado final das inscri\u00e7\u00f5es homologadas<\/a><\/li>\n<li><a href=\"https:\/\/wp.ufpel.edu.br\/cra\/files\/2022\/06\/ENSALAMENTO-UAB.pdf\">Locais de prova<\/a><\/li>\n<li><a href=\"https:\/\/wp.ufpel.edu.br\/cra\/files\/2021\/05\/Protocolo-Sanitario-Vestibular-UAB.pdf\">Protocolo Sanit\u00e1rio<\/a><\/li>\n<li><a href=\"https:\/\/wp.ufpel.edu.br\/cra\/files\/2022\/07\/edital-10-AE.pdf\">Resultado do Atendimento Especial solicitado<\/a><\/li>\n<\/ul>\n<\/li>\n<li>Resultado Final: <a href=\"https:\/\/wp.ufpel.edu.br\/cra\/files\/2021\/05\/Lista-candidatos-aprovados.pdf\">Resultado Final do Processo Seletivo<\/a>\n<ul>\n<li>Desempenho do candidato: <a href=\"https:\/\/wp.ufpel.edu.br\/cra\/files\/2021\/05\/edital-10-Notas.pdf\">Notas da Prova de Reda\u00e7\u00e3o<\/a><\/li>\n<\/ul>\n<\/li>\n<li><a href=\"https:\/\/wp.ufpel.edu.br\/cra\/files\/2022\/08\/SEI_23110.030655_2022_84.pdf\">Edital de Matr\u00edculas &#8211; Chamada regular<\/a>\n<ul>\n<li>Retifica\u00e7\u00e3o do Edital de Matr\u00edculas: <a href=\"https:\/\/wp.ufpel.edu.br\/cra\/files\/2021\/05\/SEI_23110.030655_2022_84.pdf\">Edital CRA N\u00ba 26\/2022 \u2013 Retifica\u00e7\u00e3o<\/a><\/li>\n<li>Lista de espera \u2013 geral:\u00a0<a href=\"https:\/\/wp.ufpel.edu.br\/cra\/files\/2021\/05\/lista_espera_ordenado_por_colocacao-6.pdf\">Edital CRA n\u00ba 26\/2022 \u2013 Lista de espera \u2013 Geral<\/a><\/li>\n<li>Lista de espera \u2013 cotas:\u00a0<a href=\"https:\/\/wp.ufpel.edu.br\/cra\/files\/2021\/05\/lista_espera_ordenado_por_colocacao.pdf\">Edital CRA n\u00ba 26\/2022 \u2013 Lista de espera \u2013 Cotas<\/a><\/li>\n<\/ul>\n<\/li>\n<li>Resultado An\u00e1lise de Defici\u00eancia\n<ul>\n<li><a href=\"https:\/\/wp.ufpel.edu.br\/cra\/files\/2021\/05\/relatorio_parecer_cotas_Preliminar-UAB-2022-02.pdf\">Resultado Preliminar \u2013 An\u00e1lise de Defici\u00eancia \u2013 Edital 26\/2022<\/a><\/li>\n<li><a href=\"https:\/\/wp.ufpel.edu.br\/cra\/files\/2021\/05\/relatorio_parecer_cotas_Definitivo-3.pdf\">Resultado Final \u2013 An\u00e1lise de Defici\u00eancia \u2013 Edital 26\/2022<\/a><\/li>\n<\/ul>\n<\/li>\n<li>Resultado An\u00e1lise Socioecon\u00f4mica\n<ul>\n<li><a href=\"https:\/\/wp.ufpel.edu.br\/cra\/files\/2021\/05\/SEI_23110.039790_2022_95_Resultado_Preliminar_UAB_2022.pdf\">Resultado Preliminar \u2013 An\u00e1lise Socioecon\u00f4mica \u2013 Chamada Regular<\/a><\/li>\n<li><a href=\"https:\/\/wp.ufpel.edu.br\/cra\/files\/2021\/05\/SEI_23110.039790_2022_95_final.pdf\">Resultado Final &#8211; An\u00e1lise Socioecon\u00f4mica &#8211; Chamada Regular<\/a><\/li>\n<li><a href=\"https:\/\/wp.ufpel.edu.br\/cra\/files\/2021\/05\/ResultadoPreliminar.pdf\">Resultado Preliminar \u2013 An\u00e1lise Socioecon\u00f4mica \u2013 Lista de espera<\/a><\/li>\n<li><a href=\"https:\/\/wp.ufpel.edu.br\/cra\/files\/2022\/11\/Uab_1A_2A_FINAL.pdf\" target=\"_blank\" rel=\"noopener\">Resultado Final &#8211; An\u00e1lise Socioecon\u00f4mica &#8211; Lista de espera<\/a><\/li>\n<\/ul>\n<\/li>\n<li><a href=\"https:\/\/wp.ufpel.edu.br\/cra\/files\/2021\/05\/Convocacao_Vestibular-UAB-2022-2-Lista-de-espera-1a-Convocacao.pdf\">1\u00aa Convoca\u00e7\u00e3o da Lista de Espera<\/a><\/li>\n<li><a href=\"https:\/\/wp.ufpel.edu.br\/cra\/files\/2021\/05\/Convocacao_Vestibular-UAB-2022-2-Lista-de-espera-2a-Convocacao.pdf\">2\u00aa Convoca\u00e7\u00e3o da Lista de Espera<\/a><\/li>\n<\/ul>\n<p><strong>\u00a0DO INGRESSO NAS COTAS SOCIAIS<\/strong><\/p>\n<ul>\n<li><a href=\"https:\/\/wp.ufpel.edu.br\/cra\/files\/2023\/02\/SEI_UFPel-2049314-Comunicado-EaD-1.pdf\">Comunicado &#8211; Reabertura do prazo para comprova\u00e7\u00e3o socioecon\u00f4mica<\/a><\/li>\n<li><a href=\"https:\/\/wp.ufpel.edu.br\/cra\/files\/2023\/03\/SEI_23110.007867_2023_49_preliminar.pdf\">Resultado preliminar &#8211; Rean\u00e1lise Socioecon\u00f4mica<\/a><\/li>\n<\/ul>\n","protected":false},"excerpt":{"rendered":"<p>VESTIBULAR UAB 2022\/2 Edital de abertura: Edital CRA N\u00ba 10\/2022 Retifica\u00e7\u00e3o do cronograma: Edital CRA N\u00ba 10\/2022 &#8211; Retifica\u00e7\u00e3o Endere\u00e7o e contato dos Polos UAB: Anexo I Inscri\u00e7\u00f5es: de 06\/05\/2022 a 06\/06\/2022 Link para inscri\u00e7\u00e3o:\u00a0http:\/\/ces.ufpel.edu.br\/vestibular\/vested0010_2022\/ Resultado das Isen\u00e7\u00f5es: Pedidos Deferidos Pedidos Indeferidos Resultado preliminar das inscri\u00e7\u00f5es: Homologadas e confirma\u00e7\u00e3o do curso no polo N\u00c3O homologadas [&hellip;]<\/p>\n","protected":false},"author":341,"featured_media":0,"parent":4094,"menu_order":0,"comment_status":"closed","ping_status":"closed","template":"","meta":{"advanced_seo_description":"","jetpack_seo_html_title":"","jetpack_seo_noindex":false,"jetpack_post_was_ever_published":false,"footnotes":""},"class_list":["post-5273","page","type-page","status-publish","hentry"],"jetpack_sharing_enabled":true,"jetpack_shortlink":"https:\/\/wp.me\/P70cyI-1n3","jetpack-related-posts":[],"_links":{"self":[{"href":"https:\/\/wp.ufpel.edu.br\/cra\/wp-json\/wp\/v2\/pages\/5273","targetHints":{"allow":["GET"]}}],"collection":[{"href":"https:\/\/wp.ufpel.edu.br\/cra\/wp-json\/wp\/v2\/pages"}],"about":[{"href":"https:\/\/wp.ufpel.edu.br\/cra\/wp-json\/wp\/v2\/types\/page"}],"author":[{"embeddable":true,"href":"https:\/\/wp.ufpel.edu.br\/cra\/wp-json\/wp\/v2\/users\/341"}],"replies":[{"embeddable":true,"href":"https:\/\/wp.ufpel.edu.br\/cra\/wp-json\/wp\/v2\/comments?post=5273"}],"version-history":[{"count":39,"href":"https:\/\/wp.ufpel.edu.br\/cra\/wp-json\/wp\/v2\/pages\/5273\/revisions"}],"predecessor-version":[{"id":8371,"href":"https:\/\/wp.ufpel.edu.br\/cra\/wp-json\/wp\/v2\/pages\/5273\/revisions\/8371"}],"up":[{"embeddable":true,"href":"https:\/\/wp.ufpel.edu.br\/cra\/wp-json\/wp\/v2\/pages\/4094"}],"wp:attachment":[{"href":"https:\/\/wp.ufpel.edu.br\/cra\/wp-json\/wp\/v2\/media?parent=5273"}],"curies":[{"name":"wp","href":"https:\/\/api.w.org\/{rel}","templated":true}]}}