{"id":5164,"date":"2022-04-01T08:16:06","date_gmt":"2022-04-01T11:16:06","guid":{"rendered":"https:\/\/wp.ufpel.edu.br\/cra\/?page_id=5164"},"modified":"2023-02-08T08:28:57","modified_gmt":"2023-02-08T11:28:57","slug":"quilombolas-e-indigenas-2022","status":"publish","type":"page","link":"https:\/\/wp.ufpel.edu.br\/cra\/editais\/editais-processo-seletivo-especial\/quilombolas-e-indigenas-2022\/","title":{"rendered":"Quilombolas e Ind\u00edgenas 2022"},"content":{"rendered":"<p style=\"text-align: center;\"><strong>PROCESSO SELETIVO ESPECIAL 2022<\/strong><br \/>\n<strong>Comunidades Quilombolas e\u00a0 Povos Ind\u00edgenas<\/strong><\/p>\n<ul>\n<li>Edital de abertura: <a href=\"https:\/\/wp.ufpel.edu.br\/cra\/files\/2022\/04\/Edital-PSE-Quilombolas-2022.pdf\">Edital CRA N\u00ba 08\/2022<\/a>\u00a0\u2013 Comunidades Quilombolas.\n<ul>\n<li><a href=\"https:\/\/wp.ufpel.edu.br\/cra\/files\/2022\/04\/Retificacao-Edital-CRA-N\u00b0-8-de-2022.pdf\">Retifica\u00e7\u00e3o Edital CRA N\u00b0 8 de 2022- Comunidades Quilombolas<\/a><\/li>\n<li><a href=\"https:\/\/wp.ufpel.edu.br\/cra\/files\/2022\/04\/Lista-preliminar-candidatos-homologados-quilombolas.pdf\">Lista Preliminar candidatos homologados &#8211; Comunidades Quilombolas<\/a><\/li>\n<li><a href=\"https:\/\/wp.ufpel.edu.br\/cra\/files\/2021\/05\/Horarios-das-bancas-PSE-2022-QUILOMBOLAS.pdf\">Hor\u00e1rios das bancas &#8211; PSE 2022 &#8211; QUILOMBOLAS<\/a><\/li>\n<li><a href=\"https:\/\/wp.ufpel.edu.br\/cra\/files\/2021\/05\/NOTAS-PSE-QI-Notas-PSE-QUILOMBOLAS-RETIFICADO.pdf\">NOTAS PSE Quilombolas<\/a> atualizado em 22\/06\/2022<\/li>\n<li><a href=\"https:\/\/wp.ufpel.edu.br\/cra\/files\/2021\/05\/Classificacao-provisoria-quilombolas.pdf\">Classifica\u00e7\u00e3o Provis\u00f3ria &#8211; PSE-Quilombolas<\/a><\/li>\n<li><a href=\"https:\/\/wp.ufpel.edu.br\/cra\/files\/2021\/05\/NOTAS-PSE-QI-Classificacao-PSE-Quilombolas.pdf\">Classifica\u00e7\u00e3o Geral- PSE Quilombolas<\/a><\/li>\n<\/ul>\n<\/li>\n<\/ul>\n<ul>\n<li>Edital de abertura: <a href=\"https:\/\/wp.ufpel.edu.br\/cra\/files\/2022\/04\/Edital-PSE-Indigenas-2022.pdf\">Edital CRA N\u00ba 07\/2022<\/a> \u2013 Comunidades Ind\u00edgenas.\n<ul>\n<li><a href=\"https:\/\/wp.ufpel.edu.br\/cra\/files\/2022\/04\/Retificacao-Edital-CRA-No-7-de-2022.pdf\">Retifica\u00e7\u00e3o Edital CRA N\u00ba 7 de 2022 \u2013 Comunidades Ind\u00edgenas.<\/a><\/li>\n<li><a href=\"https:\/\/wp.ufpel.edu.br\/cra\/files\/2021\/05\/Respostas-formulario-de-inscricao-PSE-Indigenas-Lista-preliminar-candidatos-homologados.pdf\">Lista Final candidatos homologados &#8211; Comunidades Ind\u00edgenas<\/a><\/li>\n<li><a href=\"https:\/\/wp.ufpel.edu.br\/cra\/files\/2021\/05\/Horarios-das-bancas-PSE-2022-INDIGENAS.pdf\">Hor\u00e1rios das bancas &#8211; PSE 2022 &#8211; IND\u00cdGENAS<\/a><\/li>\n<li><a href=\"https:\/\/wp.ufpel.edu.br\/cra\/files\/2021\/05\/NOTAS-PSE-QI-indigenas-publicacao.pdf\">NOTAS PSE Ind\u00edgenas<\/a><\/li>\n<li><a href=\"https:\/\/wp.ufpel.edu.br\/cra\/files\/2021\/05\/Classificacao-PSE-Indigenas.pdf\">Classifica\u00e7\u00e3o Geral- PSE Ind\u00edgenas<\/a><\/li>\n<\/ul>\n<\/li>\n<\/ul>\n<ul>\n<li>Orienta\u00e7\u00f5es: <a href=\"https:\/\/wp.ufpel.edu.br\/cra\/files\/2022\/04\/Protocolo_Sanitario-PSE-Quilombolas-e-Indigenas.pdf\">Provas do Processo Seletivo Especial para Comunidades Quilombolas e Ind\u00edgenas<\/a><\/li>\n<\/ul>\n<hr \/>\n<ul>\n<li>Edital de Matr\u00edculas 2022\/1: <a href=\"https:\/\/wp.ufpel.edu.br\/cra\/files\/2021\/05\/SEI_23110.015899_2022_37-1.pdf\">Edital CRA N\u00ba 13\/2022<\/a><\/li>\n<li>Convoca\u00e7\u00f5es:\n<ul>\n<li><a href=\"https:\/\/wp.ufpel.edu.br\/cra\/files\/2021\/05\/SEI_23110.015899_2022_37.pdf\">1\u00aa Convoca\u00e7\u00e3o<\/a><\/li>\n<li><a href=\"https:\/\/wp.ufpel.edu.br\/cra\/files\/2021\/05\/SEI_23110.015899_2022_37-2.pdf\">2\u00aa Convoca\u00e7\u00e3o<\/a><\/li>\n<\/ul>\n<\/li>\n<\/ul>\n<hr \/>\n<ul>\n<li>Edital de Matr\u00edculas 2022\/2: <a href=\"https:\/\/wp.ufpel.edu.br\/cra\/files\/2021\/05\/SEI_23110.041049_2022_94-1.pdf\">Edital CRA N\u00ba 32\/2022<\/a><\/li>\n<li>Convoca\u00e7\u00f5es:\n<ul>\n<li><a href=\"https:\/\/wp.ufpel.edu.br\/cra\/files\/2023\/01\/SEI_23110.041049_2022_94.pdf\">1\u00aa Convoca\u00e7\u00e3o<\/a><\/li>\n<li><a href=\"https:\/\/wp.ufpel.edu.br\/cra\/files\/2023\/02\/SEI_23110.041049_2022_94.pdf\">2\u00aa Convoca\u00e7\u00e3o<\/a><\/li>\n<\/ul>\n<\/li>\n<\/ul>\n","protected":false},"excerpt":{"rendered":"<p>PROCESSO SELETIVO ESPECIAL 2022 Comunidades Quilombolas e\u00a0 Povos Ind\u00edgenas Edital de abertura: Edital CRA N\u00ba 08\/2022\u00a0\u2013 Comunidades Quilombolas. Retifica\u00e7\u00e3o Edital CRA N\u00b0 8 de 2022- Comunidades Quilombolas Lista Preliminar candidatos homologados &#8211; Comunidades Quilombolas Hor\u00e1rios das bancas &#8211; PSE 2022 &#8211; QUILOMBOLAS NOTAS PSE Quilombolas atualizado em 22\/06\/2022 Classifica\u00e7\u00e3o Provis\u00f3ria &#8211; PSE-Quilombolas Classifica\u00e7\u00e3o Geral- PSE [&hellip;]<\/p>\n","protected":false},"author":341,"featured_media":0,"parent":4037,"menu_order":0,"comment_status":"closed","ping_status":"closed","template":"","meta":{"advanced_seo_description":"","jetpack_seo_html_title":"","jetpack_seo_noindex":false,"jetpack_post_was_ever_published":false,"footnotes":""},"class_list":["post-5164","page","type-page","status-publish","hentry"],"jetpack_sharing_enabled":true,"jetpack_shortlink":"https:\/\/wp.me\/P70cyI-1li","jetpack-related-posts":[],"_links":{"self":[{"href":"https:\/\/wp.ufpel.edu.br\/cra\/wp-json\/wp\/v2\/pages\/5164","targetHints":{"allow":["GET"]}}],"collection":[{"href":"https:\/\/wp.ufpel.edu.br\/cra\/wp-json\/wp\/v2\/pages"}],"about":[{"href":"https:\/\/wp.ufpel.edu.br\/cra\/wp-json\/wp\/v2\/types\/page"}],"author":[{"embeddable":true,"href":"https:\/\/wp.ufpel.edu.br\/cra\/wp-json\/wp\/v2\/users\/341"}],"replies":[{"embeddable":true,"href":"https:\/\/wp.ufpel.edu.br\/cra\/wp-json\/wp\/v2\/comments?post=5164"}],"version-history":[{"count":18,"href":"https:\/\/wp.ufpel.edu.br\/cra\/wp-json\/wp\/v2\/pages\/5164\/revisions"}],"predecessor-version":[{"id":8011,"href":"https:\/\/wp.ufpel.edu.br\/cra\/wp-json\/wp\/v2\/pages\/5164\/revisions\/8011"}],"up":[{"embeddable":true,"href":"https:\/\/wp.ufpel.edu.br\/cra\/wp-json\/wp\/v2\/pages\/4037"}],"wp:attachment":[{"href":"https:\/\/wp.ufpel.edu.br\/cra\/wp-json\/wp\/v2\/media?parent=5164"}],"curies":[{"name":"wp","href":"https:\/\/api.w.org\/{rel}","templated":true}]}}