{"id":5130,"date":"2022-03-23T08:54:46","date_gmt":"2022-03-23T11:54:46","guid":{"rendered":"https:\/\/wp.ufpel.edu.br\/cra\/?page_id=5130"},"modified":"2022-03-31T09:56:32","modified_gmt":"2022-03-31T12:56:32","slug":"2021-2","status":"publish","type":"page","link":"https:\/\/wp.ufpel.edu.br\/cra\/editais\/editais-processo-seletivo-complementar\/2021-2\/","title":{"rendered":"Processo seletivo complementar 2021\/2"},"content":{"rendered":"<h4 style=\"text-align: center\">PROCESSO SELETIVO COMPLEMENTAR 2021\/2<br \/>\nReingresso, Reop\u00e7\u00e3o, Transfer\u00eancia volunt\u00e1ria, Portador de diploma<\/h4>\n<ul>\n<li>Edital de Abertura:\u00a0<a href=\"https:\/\/wp.ufpel.edu.br\/cra\/files\/2021\/09\/SEI_23110.029744_2021_05.pdf\">Edital CRA N\u00ba 20\/2021<\/a>\n<ul>\n<li>Retifica\u00e7\u00e3o:\u00a0<a href=\"https:\/\/wp.ufpel.edu.br\/cra\/files\/2021\/05\/SEI_23110.029744_2021_05.pdf\">Edital CRA N\u00ba 20\/2021 \u2013 Retifica\u00e7\u00e3o<\/a><\/li>\n<\/ul>\n<\/li>\n<li>Inscri\u00e7\u00f5es: de 11\/10\/2021 a 18\/10\/2021<\/li>\n<li>Homologa\u00e7\u00e3o:\u00a0<a href=\"https:\/\/wp.ufpel.edu.br\/cra\/files\/2021\/05\/Edital-CRA-No-20-2021-Homologados-1.pdf\">Edital CRA N\u00ba 20\/2021 \u2013 Homologados<\/a><\/li>\n<li>Homologa\u00e7\u00e3o (Resultado ap\u00f3s recursos):\u00a0<a href=\"https:\/\/wp.ufpel.edu.br\/cra\/files\/2021\/10\/SEI_23110.029744_2021_05.pdf\">Edital CRA N\u00ba 20\/2021 \u2013 Homologados Final<\/a>\n<ul>\n<li>Retifica\u00e7\u00e3o:\u00a0<a href=\"https:\/\/wp.ufpel.edu.br\/cra\/files\/2021\/05\/Edital-CRA-No-20.2021-%E2%80%93-Homologados-Final-%E2%80%93-Retificacao.pdf\">Edital CRA N\u00ba 20\/2021 \u2013 Homologados Final \u2013 Retifica\u00e7\u00e3o<\/a><\/li>\n<\/ul>\n<\/li>\n<li>Resultado Preliminar:\u00a0<a href=\"https:\/\/wp.ufpel.edu.br\/cra\/files\/2021\/05\/SEI_23110.029744_2021_05-1.pdf\">Edital CRA N\u00ba 20\/2021 \u2013 Resultado Preliminar<\/a><\/li>\n<li>Resultado Final:\u00a0<a href=\"https:\/\/wp.ufpel.edu.br\/cra\/files\/2021\/05\/Edital-CRA-No-202021-Resultado-Final.pdf\">Edital CRA N\u00ba 20\/2021 \u2013 Resultado Final<\/a><\/li>\n<li>\u00a0Convoca\u00e7\u00e3o:\n<ul>\n<li><a href=\"https:\/\/wp.ufpel.edu.br\/cra\/files\/2021\/05\/SEI_23110.029744_2021_05-2.pdf\">Edital CRA N\u00ba 20\/2021 \u2013 1\u00aa Convoca\u00e7\u00e3o<\/a><\/li>\n<li><a href=\"https:\/\/wp.ufpel.edu.br\/cra\/files\/2021\/05\/SEI_23110.029744_2021_05-3.pdf\">Edital CRA N\u00ba 20\/2021 \u2013 2\u00aa Convoca\u00e7\u00e3o<\/a><\/li>\n<\/ul>\n<\/li>\n<li>Resultado An\u00e1lise de Defici\u00eancia:\n<ul>\n<li><a href=\"https:\/\/wp.ufpel.edu.br\/cra\/files\/2022\/03\/Analise-de-Deficiencia-Portador-de-diploma.pdf\">Resultado An\u00e1lise de Defici\u00eancia &#8211; Portador de diploma<\/a><\/li>\n<li><a href=\"https:\/\/wp.ufpel.edu.br\/cra\/files\/2022\/03\/Analise-de-Deficiencia-Reingresso.pdf\">Resultado An\u00e1lise de Defici\u00eancia &#8211; Reingresso<\/a><\/li>\n<\/ul>\n<\/li>\n<li>Resultado An\u00e1lise Socioecon\u00f4mica:\n<ul>\n<li><a href=\"https:\/\/wp.ufpel.edu.br\/prae\/files\/2022\/01\/SEI_23110.040078_2021_58_Edital_47_21.pdf\" target=\"_blank\" rel=\"noopener\">Resultado An\u00e1lise Socioecon\u00f4mica<\/a><\/li>\n<\/ul>\n<\/li>\n<li>Resultado An\u00e1lise \u00e9tnico-racial:\n<ul>\n<li>Aguardando avalia\u00e7\u00e3o<\/li>\n<\/ul>\n<\/li>\n<\/ul>\n","protected":false},"excerpt":{"rendered":"<p>PROCESSO SELETIVO COMPLEMENTAR 2021\/2 Reingresso, Reop\u00e7\u00e3o, Transfer\u00eancia volunt\u00e1ria, Portador de diploma Edital de Abertura:\u00a0Edital CRA N\u00ba 20\/2021 Retifica\u00e7\u00e3o:\u00a0Edital CRA N\u00ba 20\/2021 \u2013 Retifica\u00e7\u00e3o Inscri\u00e7\u00f5es: de 11\/10\/2021 a 18\/10\/2021 Homologa\u00e7\u00e3o:\u00a0Edital CRA N\u00ba 20\/2021 \u2013 Homologados Homologa\u00e7\u00e3o (Resultado ap\u00f3s recursos):\u00a0Edital CRA N\u00ba 20\/2021 \u2013 Homologados Final Retifica\u00e7\u00e3o:\u00a0Edital CRA N\u00ba 20\/2021 \u2013 Homologados Final \u2013 Retifica\u00e7\u00e3o Resultado Preliminar:\u00a0Edital [&hellip;]<\/p>\n","protected":false},"author":743,"featured_media":0,"parent":3962,"menu_order":0,"comment_status":"closed","ping_status":"closed","template":"","meta":{"advanced_seo_description":"","jetpack_seo_html_title":"","jetpack_seo_noindex":false,"jetpack_post_was_ever_published":false,"footnotes":""},"class_list":["post-5130","page","type-page","status-publish","hentry"],"jetpack_sharing_enabled":true,"jetpack_shortlink":"https:\/\/wp.me\/P70cyI-1kK","jetpack-related-posts":[],"_links":{"self":[{"href":"https:\/\/wp.ufpel.edu.br\/cra\/wp-json\/wp\/v2\/pages\/5130","targetHints":{"allow":["GET"]}}],"collection":[{"href":"https:\/\/wp.ufpel.edu.br\/cra\/wp-json\/wp\/v2\/pages"}],"about":[{"href":"https:\/\/wp.ufpel.edu.br\/cra\/wp-json\/wp\/v2\/types\/page"}],"author":[{"embeddable":true,"href":"https:\/\/wp.ufpel.edu.br\/cra\/wp-json\/wp\/v2\/users\/743"}],"replies":[{"embeddable":true,"href":"https:\/\/wp.ufpel.edu.br\/cra\/wp-json\/wp\/v2\/comments?post=5130"}],"version-history":[{"count":3,"href":"https:\/\/wp.ufpel.edu.br\/cra\/wp-json\/wp\/v2\/pages\/5130\/revisions"}],"predecessor-version":[{"id":5152,"href":"https:\/\/wp.ufpel.edu.br\/cra\/wp-json\/wp\/v2\/pages\/5130\/revisions\/5152"}],"up":[{"embeddable":true,"href":"https:\/\/wp.ufpel.edu.br\/cra\/wp-json\/wp\/v2\/pages\/3962"}],"wp:attachment":[{"href":"https:\/\/wp.ufpel.edu.br\/cra\/wp-json\/wp\/v2\/media?parent=5130"}],"curies":[{"name":"wp","href":"https:\/\/api.w.org\/{rel}","templated":true}]}}