{"id":4807,"date":"2021-10-04T17:26:16","date_gmt":"2021-10-04T20:26:16","guid":{"rendered":"https:\/\/wp.ufpel.edu.br\/cra\/?page_id=4807"},"modified":"2026-02-11T09:13:49","modified_gmt":"2026-02-11T12:13:49","slug":"recurso-matriculas","status":"publish","type":"page","link":"https:\/\/wp.ufpel.edu.br\/cra\/editais\/recurso-matriculas\/","title":{"rendered":"Recurso &#8211; Matr\u00edculas"},"content":{"rendered":"\n<p>Voc\u00ea pode enviar o recurso pela plataforma de atendimento:<\/p>\n\n\n\n<ul class=\"wp-block-list\">\n<li>Acesse o site <a href=\"https:\/\/atendimento.ufpel.edu.br\/osticket\/open.php\">Atendimento UFPel<\/a>;<\/li>\n\n\n\n<li>Selecione em T\u00f3pico de ajuda <strong>&#8220;Gradua\u00e7\u00e3o \/ Recursos (CRA)&#8221;<\/strong>;<\/li>\n\n\n\n<li>Informe os seus dados e o motivo do recurso.<br><\/li>\n<\/ul>\n\n\n\n<p><\/p>\n","protected":false},"excerpt":{"rendered":"<p>Voc\u00ea pode enviar o recurso pela plataforma de atendimento:<\/p>\n","protected":false},"author":743,"featured_media":0,"parent":11872,"menu_order":0,"comment_status":"closed","ping_status":"closed","template":"","meta":{"advanced_seo_description":"","jetpack_seo_html_title":"","jetpack_seo_noindex":false,"jetpack_post_was_ever_published":false,"footnotes":""},"class_list":["post-4807","page","type-page","status-publish","hentry"],"jetpack_sharing_enabled":true,"jetpack_shortlink":"https:\/\/wp.me\/P70cyI-1fx","jetpack-related-posts":[],"_links":{"self":[{"href":"https:\/\/wp.ufpel.edu.br\/cra\/wp-json\/wp\/v2\/pages\/4807","targetHints":{"allow":["GET"]}}],"collection":[{"href":"https:\/\/wp.ufpel.edu.br\/cra\/wp-json\/wp\/v2\/pages"}],"about":[{"href":"https:\/\/wp.ufpel.edu.br\/cra\/wp-json\/wp\/v2\/types\/page"}],"author":[{"embeddable":true,"href":"https:\/\/wp.ufpel.edu.br\/cra\/wp-json\/wp\/v2\/users\/743"}],"replies":[{"embeddable":true,"href":"https:\/\/wp.ufpel.edu.br\/cra\/wp-json\/wp\/v2\/comments?post=4807"}],"version-history":[{"count":3,"href":"https:\/\/wp.ufpel.edu.br\/cra\/wp-json\/wp\/v2\/pages\/4807\/revisions"}],"predecessor-version":[{"id":12478,"href":"https:\/\/wp.ufpel.edu.br\/cra\/wp-json\/wp\/v2\/pages\/4807\/revisions\/12478"}],"up":[{"embeddable":true,"href":"https:\/\/wp.ufpel.edu.br\/cra\/wp-json\/wp\/v2\/pages\/11872"}],"wp:attachment":[{"href":"https:\/\/wp.ufpel.edu.br\/cra\/wp-json\/wp\/v2\/media?parent=4807"}],"curies":[{"name":"wp","href":"https:\/\/api.w.org\/{rel}","templated":true}]}}