{"id":4759,"date":"2021-09-10T10:33:27","date_gmt":"2021-09-10T13:33:27","guid":{"rendered":"https:\/\/wp.ufpel.edu.br\/cra\/?page_id=4759"},"modified":"2023-09-25T09:51:59","modified_gmt":"2023-09-25T12:51:59","slug":"2021-1","status":"publish","type":"page","link":"https:\/\/wp.ufpel.edu.br\/cra\/editais\/editais-processo-seletivo-simplificado\/2021-1\/","title":{"rendered":"Processo Seletivo Simplificado 2021\/1"},"content":{"rendered":"<p style=\"text-align: center\"><strong>PROCESSO SELETIVO POR NOTA DO ENEM 2021\/1<\/strong><\/p>\n<ul>\n<li>Edital de abertura: <a href=\"https:\/\/wp.ufpel.edu.br\/cra\/files\/2021\/07\/SEI_23110.020752_2021_88.pdf\">Edital CRA N\u00ba 12\/2021<\/a>\n<ul>\n<li>Retifica\u00e7\u00e3o do quadro de vagas: <a href=\"https:\/\/wp.ufpel.edu.br\/cra\/files\/2021\/05\/SEI_23110.020752_2021_88.pdf\">Edital CRA N\u00ba 12\/2021 \u2013 Retifica\u00e7\u00e3o<\/a><\/li>\n<\/ul>\n<\/li>\n<li>Inscri\u00e7\u00f5es: \u00a0<span class=\"marcador\">de 21 de julho a 26 de julho de 2021<\/span><\/li>\n<li>Divulga\u00e7\u00e3o dos resultados (notas): <a href=\"https:\/\/wp.ufpel.edu.br\/cra\/files\/2021\/07\/Processo-seletivo-Nota-do-ENEM.pdf\">Processo seletivo &#8211; Nota do ENEM<\/a><\/li>\n<li>Edital de matr\u00edcula: <a href=\"https:\/\/wp.ufpel.edu.br\/cra\/files\/2021\/08\/SEI_23110.023601_2021_81.pdf\">Edital CRA N\u00ba 15\/2021<\/a><\/li>\n<li>Lista dos aprovados: <a href=\"https:\/\/wp.ufpel.edu.br\/cra\/files\/2021\/05\/ListaNOVA0122021.pdf\">Edital CRA N\u00ba 12\/2021 \u2013 Lista dos aprovados (Retificada)<\/a><\/li>\n<li>Listas de Espera:\n<ul>\n<li><a href=\"https:\/\/wp.ufpel.edu.br\/cra\/files\/2021\/05\/lista_espera_nota_enem_geral.pdf\">Lista de espera \u2013 Geral<\/a><\/li>\n<li><a href=\"https:\/\/wp.ufpel.edu.br\/cra\/files\/2021\/05\/lista_espera_nota_enem_cotas.pdf\">Lista de espera \u2013 Cotas<\/a><\/li>\n<\/ul>\n<\/li>\n<li>Convoca\u00e7\u00f5es:\n<ul>\n<li><a href=\"https:\/\/wp.ufpel.edu.br\/cra\/files\/2021\/05\/Edital-CRA-No-15-2021-1a-Convocacao.pdf\">Edital CRA N\u00ba 15\/2021 \u2013 1\u00aa Convoca\u00e7\u00e3o<\/a><\/li>\n<li><a href=\"https:\/\/wp.ufpel.edu.br\/cra\/files\/2021\/05\/Edital-CRA-No-152021-2a-Convocacao.pdf\">Edital CRA N\u00ba 15\/2021 \u2013 2\u00aa Convoca\u00e7\u00e3o<\/a><\/li>\n<\/ul>\n<\/li>\n<li>Resultado An\u00e1lise de Defici\u00eancia:\n<ul>\n<li><a href=\"https:\/\/wp.ufpel.edu.br\/cra\/files\/2021\/05\/relatorio_parecer_cotas_Definitivo-11.pdf\">Relat\u00f3rio Definitivo &#8211; An\u00e1lise de Defici\u00eancia<\/a><\/li>\n<\/ul>\n<\/li>\n<li>Resultado An\u00e1lise Socioecon\u00f4mica:\n<ul>\n<li><a href=\"https:\/\/wp.ufpel.edu.br\/prae\/coordenacao_de_ingresso_e_beneficios\/editais\/editais-2021\/editais-2021-1\/outros-editais\/\" target=\"_blank\" rel=\"noopener\">Resultado An\u00e1lise Socioecon\u00f4mica<\/a><\/li>\n<\/ul>\n<\/li>\n<li>Resultado An\u00e1lise \u00e9tnico-racial:\n<ul>\n<li>Aguardando avalia\u00e7\u00e3o \u00e9tnico-racial<\/li>\n<\/ul>\n<\/li>\n<\/ul>\n","protected":false},"excerpt":{"rendered":"<p>PROCESSO SELETIVO POR NOTA DO ENEM 2021\/1 Edital de abertura: Edital CRA N\u00ba 12\/2021 Retifica\u00e7\u00e3o do quadro de vagas: Edital CRA N\u00ba 12\/2021 \u2013 Retifica\u00e7\u00e3o Inscri\u00e7\u00f5es: \u00a0de 21 de julho a 26 de julho de 2021 Divulga\u00e7\u00e3o dos resultados (notas): Processo seletivo &#8211; Nota do ENEM Edital de matr\u00edcula: Edital CRA N\u00ba 15\/2021 Lista dos [&hellip;]<\/p>\n","protected":false},"author":341,"featured_media":0,"parent":4522,"menu_order":0,"comment_status":"closed","ping_status":"closed","template":"","meta":{"advanced_seo_description":"","jetpack_seo_html_title":"","jetpack_seo_noindex":false,"jetpack_post_was_ever_published":false,"footnotes":""},"class_list":["post-4759","page","type-page","status-publish","hentry"],"jetpack_sharing_enabled":true,"jetpack_shortlink":"https:\/\/wp.me\/P70cyI-1eL","jetpack-related-posts":[],"_links":{"self":[{"href":"https:\/\/wp.ufpel.edu.br\/cra\/wp-json\/wp\/v2\/pages\/4759","targetHints":{"allow":["GET"]}}],"collection":[{"href":"https:\/\/wp.ufpel.edu.br\/cra\/wp-json\/wp\/v2\/pages"}],"about":[{"href":"https:\/\/wp.ufpel.edu.br\/cra\/wp-json\/wp\/v2\/types\/page"}],"author":[{"embeddable":true,"href":"https:\/\/wp.ufpel.edu.br\/cra\/wp-json\/wp\/v2\/users\/341"}],"replies":[{"embeddable":true,"href":"https:\/\/wp.ufpel.edu.br\/cra\/wp-json\/wp\/v2\/comments?post=4759"}],"version-history":[{"count":3,"href":"https:\/\/wp.ufpel.edu.br\/cra\/wp-json\/wp\/v2\/pages\/4759\/revisions"}],"predecessor-version":[{"id":9356,"href":"https:\/\/wp.ufpel.edu.br\/cra\/wp-json\/wp\/v2\/pages\/4759\/revisions\/9356"}],"up":[{"embeddable":true,"href":"https:\/\/wp.ufpel.edu.br\/cra\/wp-json\/wp\/v2\/pages\/4522"}],"wp:attachment":[{"href":"https:\/\/wp.ufpel.edu.br\/cra\/wp-json\/wp\/v2\/media?parent=4759"}],"curies":[{"name":"wp","href":"https:\/\/api.w.org\/{rel}","templated":true}]}}