{"id":4751,"date":"2021-09-10T10:29:30","date_gmt":"2021-09-10T13:29:30","guid":{"rendered":"https:\/\/wp.ufpel.edu.br\/cra\/?page_id=4751"},"modified":"2021-09-10T10:30:22","modified_gmt":"2021-09-10T13:30:22","slug":"psicologia-2021-1","status":"publish","type":"page","link":"https:\/\/wp.ufpel.edu.br\/cra\/editais\/editais-processo-seletivo-especial\/psicologia-2021-1\/","title":{"rendered":"Processo seletivo especial &#8211; Psicologia 2021\/1"},"content":{"rendered":"<p style=\"text-align: center\"><strong>PROCESSO SELETIVO ESPECIAL &#8211; PSICOLOGIA 2021\/1<\/strong><\/p>\n<ul>\n<li>Edital de abertura: <a href=\"https:\/\/wp.ufpel.edu.br\/cra\/files\/2021\/05\/Edital-CRA-No-082021.pdf\">Edital CRA N\u00ba 08\/2021<\/a><\/li>\n<li>Inscri\u00e7\u00f5es: de 31 de maio a 24 de junho de 2021<strong><span style=\"color: #569abc\"><br \/>\n<\/span><\/strong><\/li>\n<li>Homologa\u00e7\u00e3o: <a href=\"https:\/\/wp.ufpel.edu.br\/cra\/files\/2021\/05\/Lista-preliminar-de-candidatos-inscritos-Psicologia.pdf\">Edital CRA N\u00ba 08\/2021 &#8211; Lista Preliminar de Homologados<\/a><\/li>\n<li>Resultado Preliminar: <a href=\"https:\/\/wp.ufpel.edu.br\/cra\/files\/2021\/05\/Resultado-Preliminar.pdf\">Edital CRA N\u00ba 08\/2021 &#8211; Resultado Preliminar<\/a><\/li>\n<li>Lista dos aprovados: <a href=\"https:\/\/wp.ufpel.edu.br\/cra\/files\/2021\/05\/Lista1.pdf\">Edital CRA N\u00ba 08\/2021 &#8211; Lista dos aprovados<\/a><\/li>\n<li>Edital de matr\u00edcula: <a href=\"https:\/\/wp.ufpel.edu.br\/cra\/files\/2021\/05\/SEI_23110.020093_2021_80.pdf\">Edital CRA N\u00ba 12\/2021<\/a><\/li>\n<li>Listas de espera:\n<ul>\n<li><a href=\"https:\/\/wp.ufpel.edu.br\/cra\/files\/2021\/07\/lista_espera_ordenado_por_colocacao-8.pdf\">Lista_de espera &#8211; Ampla concorr\u00eancia<\/a><\/li>\n<li><a href=\"https:\/\/wp.ufpel.edu.br\/cra\/files\/2021\/07\/lista_espera_ordenado_por_colocacao-9.pdf\">Lista_de espera_- Cotas<\/a><\/li>\n<\/ul>\n<\/li>\n<li>Convoca\u00e7\u00f5es:\n<ul>\n<li><a href=\"https:\/\/wp.ufpel.edu.br\/cra\/files\/2021\/05\/SEI_23110.020093_2021_80-1.pdf\">1\u00aa Convoca\u00e7\u00e3o<\/a><\/li>\n<li><a href=\"https:\/\/wp.ufpel.edu.br\/cra\/files\/2021\/08\/SEI_23110.020093_2021_80.pdf\">2\u00aa Convoca\u00e7\u00e3o<\/a><span style=\"color: #569abc\"><strong><br \/>\n<\/strong><\/span><\/li>\n<li><a href=\"https:\/\/wp.ufpel.edu.br\/cra\/files\/2021\/08\/SEI_23110.020093_2021_80-1.pdf\">3\u00aa Convoca\u00e7\u00e3o<\/a><\/li>\n<\/ul>\n<\/li>\n<li>Resultado An\u00e1lise de Defici\u00eancia:\n<ul>\n<li>Sem ingressantes<\/li>\n<\/ul>\n<\/li>\n<li>Resultado An\u00e1lise Socioecon\u00f4mica:\n<ul>\n<li><a href=\"https:\/\/wp.ufpel.edu.br\/prae\/coordenacao_de_ingresso_e_beneficios\/editais\/editais-2021\/editais-2021-1\/outros-editais\/\" target=\"_blank\" rel=\"noopener\">Resultado An\u00e1lise Socioecon\u00f4mica<\/a><\/li>\n<\/ul>\n<\/li>\n<li>Resultado An\u00e1lise \u00e9tnico-racial:\n<ul>\n<li>Aguardando avalia\u00e7\u00e3o \u00e9tnico-racial<\/li>\n<\/ul>\n<\/li>\n<\/ul>\n","protected":false},"excerpt":{"rendered":"<p>PROCESSO SELETIVO ESPECIAL &#8211; PSICOLOGIA 2021\/1 Edital de abertura: Edital CRA N\u00ba 08\/2021 Inscri\u00e7\u00f5es: de 31 de maio a 24 de junho de 2021 Homologa\u00e7\u00e3o: Edital CRA N\u00ba 08\/2021 &#8211; Lista Preliminar de Homologados Resultado Preliminar: Edital CRA N\u00ba 08\/2021 &#8211; Resultado Preliminar Lista dos aprovados: Edital CRA N\u00ba 08\/2021 &#8211; Lista dos aprovados Edital [&hellip;]<\/p>\n","protected":false},"author":341,"featured_media":0,"parent":4037,"menu_order":0,"comment_status":"closed","ping_status":"closed","template":"","meta":{"advanced_seo_description":"","jetpack_seo_html_title":"","jetpack_seo_noindex":false,"jetpack_post_was_ever_published":false,"footnotes":""},"class_list":["post-4751","page","type-page","status-publish","hentry"],"jetpack_sharing_enabled":true,"jetpack_shortlink":"https:\/\/wp.me\/P70cyI-1eD","jetpack-related-posts":[],"_links":{"self":[{"href":"https:\/\/wp.ufpel.edu.br\/cra\/wp-json\/wp\/v2\/pages\/4751","targetHints":{"allow":["GET"]}}],"collection":[{"href":"https:\/\/wp.ufpel.edu.br\/cra\/wp-json\/wp\/v2\/pages"}],"about":[{"href":"https:\/\/wp.ufpel.edu.br\/cra\/wp-json\/wp\/v2\/types\/page"}],"author":[{"embeddable":true,"href":"https:\/\/wp.ufpel.edu.br\/cra\/wp-json\/wp\/v2\/users\/341"}],"replies":[{"embeddable":true,"href":"https:\/\/wp.ufpel.edu.br\/cra\/wp-json\/wp\/v2\/comments?post=4751"}],"version-history":[{"count":2,"href":"https:\/\/wp.ufpel.edu.br\/cra\/wp-json\/wp\/v2\/pages\/4751\/revisions"}],"predecessor-version":[{"id":4756,"href":"https:\/\/wp.ufpel.edu.br\/cra\/wp-json\/wp\/v2\/pages\/4751\/revisions\/4756"}],"up":[{"embeddable":true,"href":"https:\/\/wp.ufpel.edu.br\/cra\/wp-json\/wp\/v2\/pages\/4037"}],"wp:attachment":[{"href":"https:\/\/wp.ufpel.edu.br\/cra\/wp-json\/wp\/v2\/media?parent=4751"}],"curies":[{"name":"wp","href":"https:\/\/api.w.org\/{rel}","templated":true}]}}