{"id":4747,"date":"2021-09-10T10:23:55","date_gmt":"2021-09-10T13:23:55","guid":{"rendered":"https:\/\/wp.ufpel.edu.br\/cra\/?page_id=4747"},"modified":"2023-09-25T14:50:55","modified_gmt":"2023-09-25T17:50:55","slug":"2021-1","status":"publish","type":"page","link":"https:\/\/wp.ufpel.edu.br\/cra\/editais\/editais-processo-seletivo-complementar\/2021-1\/","title":{"rendered":"Processo seletivo complementar 2021\/1"},"content":{"rendered":"<h4 style=\"text-align: center\">PROCESSO SELETIVO COMPLEMENTAR 2021\/1<br \/>\nReingresso, Reop\u00e7\u00e3o, Transfer\u00eancia volunt\u00e1ria, Portador de diploma<\/h4>\n<ul>\n<li>Edital de abertura: <a href=\"https:\/\/wp.ufpel.edu.br\/cra\/files\/2021\/04\/SEI_23110.010758_2021_47.pdf\">Edital CRA N\u00ba 07\/2021<\/a>\n<ul>\n<li>Retifica\u00e7\u00e3o: <a href=\"https:\/\/wp.ufpel.edu.br\/cra\/files\/2021\/04\/Edital-CRA-No-07-2021-Retificacao.pdf\">Edital CRA N\u00ba 07\/2021 \u2013 Retifica\u00e7\u00e3o<\/a><\/li>\n<\/ul>\n<\/li>\n<li>Homologa\u00e7\u00e3o: <a href=\"https:\/\/wp.ufpel.edu.br\/cra\/files\/2021\/05\/Edital-CRA-No-072021-Homologados.pdf\">Edital CRA N\u00ba 07\/2021 &#8211; Homologados<\/a><\/li>\n<li>Homologa\u00e7\u00e3o (Resultado ap\u00f3s recursos): <a href=\"https:\/\/wp.ufpel.edu.br\/cra\/files\/2021\/05\/SEI_23110.010758_2021_47.pdf\">Edital CRA N\u00ba 07\/2021 &#8211; Homologados Final<\/a>\n<ul>\n<li>Retifica\u00e7\u00e3o: <a href=\"https:\/\/wp.ufpel.edu.br\/cra\/files\/2021\/05\/SEI_23110.010758_2021_47-1.pdf\">Edital CRA N\u00ba 07\/2021 \u2013 Homologados Final &#8211; Retifica\u00e7\u00e3o<\/a><\/li>\n<\/ul>\n<\/li>\n<li>Resultado Preliminar: <a href=\"https:\/\/wp.ufpel.edu.br\/cra\/files\/2021\/05\/SEI_23110.010758_2021_47-2.pdf\">Edital CRA N\u00ba 07\/2021 &#8211; Resultado Preliminar<\/a><\/li>\n<li>Resultado Final:\u00a0<a href=\"https:\/\/wp.ufpel.edu.br\/cra\/files\/2021\/05\/SEI_23110.010758_2021_47-3.pdf\">Edital CRA N\u00ba 07\/2021 \u2013 Resultado Final<\/a>\n<ul>\n<li>Retifica\u00e7\u00e3o:\u00a0<a href=\"https:\/\/wp.ufpel.edu.br\/cra\/files\/2021\/05\/SEI_23110.010758_2021_47-4.pdf\">Edital CRA N\u00ba 07\/2021 \u2013 Resultado Final \u2013 Retifica\u00e7\u00e3o<\/a><\/li>\n<li>Retifica\u00e7\u00e3o: <a href=\"https:\/\/wp.ufpel.edu.br\/cra\/files\/2021\/05\/SEI_23110.010758_2021_47-5.pdf\">Edital CRA N\u00ba 07\/2021 &#8211; Resultado Final &#8211; Retifica\u00e7\u00e3o II<\/a><\/li>\n<li>Retifica\u00e7\u00e3o: <a href=\"https:\/\/wp.ufpel.edu.br\/cra\/files\/2021\/07\/SEI_23110.010758_2021_47.pdf\">Edital CRA N\u00ba 07\/2021 &#8211; Resultado Final &#8211; Retifica\u00e7\u00e3o III<\/a><\/li>\n<\/ul>\n<\/li>\n<li>Solicita\u00e7\u00e3o de matr\u00edcula em disciplinas: 02\/08 a 06\/08\/2021<\/li>\n<li>Convoca\u00e7\u00f5es:\n<ul>\n<li><a href=\"https:\/\/wp.ufpel.edu.br\/cra\/files\/2021\/05\/SEI_23110.010758_2021_47-7.pdf\">Edital CRA N\u00ba 07\/2021 \u2013 1\u00aa Convoca\u00e7\u00e3o<\/a><\/li>\n<li><a href=\"https:\/\/wp.ufpel.edu.br\/cra\/files\/2021\/05\/Edital-CRA-No-072021-2a-Convocacao.pdf\">Edital CRA N\u00ba 07\/2021 \u2013 2\u00aa Convoca\u00e7\u00e3o<\/a><\/li>\n<\/ul>\n<\/li>\n<li>Resultado An\u00e1lise de Defici\u00eancia:\n<ul>\n<li>Sem ingressantes<\/li>\n<\/ul>\n<\/li>\n<li>Resultado An\u00e1lise Socioecon\u00f4mica:\n<ul>\n<li><a href=\"https:\/\/wp.ufpel.edu.br\/prae\/coordenacao_de_ingresso_e_beneficios\/editais\/editais-2021\/editais-2021-1\/outros-editais\/\" target=\"_blank\" rel=\"noopener\">Resultado An\u00e1lise Socioecon\u00f4mica<\/a><\/li>\n<\/ul>\n<\/li>\n<li>Resultado An\u00e1lise \u00e9tnico-racial:\n<ul>\n<li>Aguardando avalia\u00e7\u00e3o \u00e9tnico-racial<\/li>\n<\/ul>\n<\/li>\n<\/ul>\n","protected":false},"excerpt":{"rendered":"<p>PROCESSO SELETIVO COMPLEMENTAR 2021\/1 Reingresso, Reop\u00e7\u00e3o, Transfer\u00eancia volunt\u00e1ria, Portador de diploma Edital de abertura: Edital CRA N\u00ba 07\/2021 Retifica\u00e7\u00e3o: Edital CRA N\u00ba 07\/2021 \u2013 Retifica\u00e7\u00e3o Homologa\u00e7\u00e3o: Edital CRA N\u00ba 07\/2021 &#8211; Homologados Homologa\u00e7\u00e3o (Resultado ap\u00f3s recursos): Edital CRA N\u00ba 07\/2021 &#8211; Homologados Final Retifica\u00e7\u00e3o: Edital CRA N\u00ba 07\/2021 \u2013 Homologados Final &#8211; Retifica\u00e7\u00e3o Resultado Preliminar: [&hellip;]<\/p>\n","protected":false},"author":341,"featured_media":0,"parent":3962,"menu_order":0,"comment_status":"closed","ping_status":"closed","template":"","meta":{"advanced_seo_description":"","jetpack_seo_html_title":"","jetpack_seo_noindex":false,"jetpack_post_was_ever_published":false,"footnotes":""},"class_list":["post-4747","page","type-page","status-publish","hentry"],"jetpack_sharing_enabled":true,"jetpack_shortlink":"https:\/\/wp.me\/P70cyI-1ez","jetpack-related-posts":[],"_links":{"self":[{"href":"https:\/\/wp.ufpel.edu.br\/cra\/wp-json\/wp\/v2\/pages\/4747","targetHints":{"allow":["GET"]}}],"collection":[{"href":"https:\/\/wp.ufpel.edu.br\/cra\/wp-json\/wp\/v2\/pages"}],"about":[{"href":"https:\/\/wp.ufpel.edu.br\/cra\/wp-json\/wp\/v2\/types\/page"}],"author":[{"embeddable":true,"href":"https:\/\/wp.ufpel.edu.br\/cra\/wp-json\/wp\/v2\/users\/341"}],"replies":[{"embeddable":true,"href":"https:\/\/wp.ufpel.edu.br\/cra\/wp-json\/wp\/v2\/comments?post=4747"}],"version-history":[{"count":1,"href":"https:\/\/wp.ufpel.edu.br\/cra\/wp-json\/wp\/v2\/pages\/4747\/revisions"}],"predecessor-version":[{"id":4749,"href":"https:\/\/wp.ufpel.edu.br\/cra\/wp-json\/wp\/v2\/pages\/4747\/revisions\/4749"}],"up":[{"embeddable":true,"href":"https:\/\/wp.ufpel.edu.br\/cra\/wp-json\/wp\/v2\/pages\/3962"}],"wp:attachment":[{"href":"https:\/\/wp.ufpel.edu.br\/cra\/wp-json\/wp\/v2\/media?parent=4747"}],"curies":[{"name":"wp","href":"https:\/\/api.w.org\/{rel}","templated":true}]}}