{"id":460,"date":"2016-01-08T09:35:36","date_gmt":"2016-01-08T11:35:36","guid":{"rendered":"https:\/\/wp.ufpel.edu.br\/cra\/?page_id=460"},"modified":"2025-09-22T08:55:06","modified_gmt":"2025-09-22T11:55:06","slug":"frequencia","status":"publish","type":"page","link":"https:\/\/wp.ufpel.edu.br\/cra\/informacoes-academicas\/frequencia\/","title":{"rendered":"Frequ\u00eancia"},"content":{"rendered":"\n<p class=\"has-16-undefined-undefined-font-size\"><strong>O que \u00e9?<\/strong><\/p>\n\n\n\n<p class=\"has-16-undefined-undefined-font-size\">\u00c9 a regra que estabelece a presen\u00e7a m\u00ednima obrigat\u00f3ria do estudante em todas as atividades de uma disciplina.<\/p>\n\n\n\n<p class=\"has-16-undefined-undefined-font-size\"><strong>Frequ\u00eancia m\u00ednima para aprova\u00e7\u00e3o<\/strong>:<\/p>\n\n\n\n<ul class=\"wp-block-list\">\n<li>O estudante precisa ter, no m\u00ednimo,\u00a0<strong>75% de frequ\u00eancia<\/strong>\u00a0para ser aprovado.<\/li>\n\n\n\n<li>Para atividades de Est\u00e1gio Curricular Obrigat\u00f3rio e Internato, o estudante precisa atingir <strong>100% de frequ\u00eancia<\/strong>.<\/li>\n<\/ul>\n\n\n\n<p><strong>Importante<\/strong>!<br>Para ser aprovado em uma disciplina, o estudante precisa atingir a <strong>m\u00e9dia <\/strong>e a <strong>frequ\u00eancia <\/strong>m\u00ednima.<\/p>\n\n\n\n<p><\/p>\n","protected":false},"excerpt":{"rendered":"<p>O que \u00e9? \u00c9 a regra que estabelece a presen\u00e7a m\u00ednima obrigat\u00f3ria do estudante em todas as atividades de uma disciplina. Frequ\u00eancia m\u00ednima para aprova\u00e7\u00e3o: Importante!Para ser aprovado em uma disciplina, o estudante precisa atingir a m\u00e9dia e a frequ\u00eancia m\u00ednima.<\/p>\n","protected":false},"author":341,"featured_media":0,"parent":6277,"menu_order":0,"comment_status":"closed","ping_status":"closed","template":"","meta":{"advanced_seo_description":"","jetpack_seo_html_title":"","jetpack_seo_noindex":false,"jetpack_post_was_ever_published":false,"footnotes":""},"class_list":["post-460","page","type-page","status-publish","hentry"],"jetpack_sharing_enabled":true,"jetpack_shortlink":"https:\/\/wp.me\/P70cyI-7q","jetpack-related-posts":[],"_links":{"self":[{"href":"https:\/\/wp.ufpel.edu.br\/cra\/wp-json\/wp\/v2\/pages\/460","targetHints":{"allow":["GET"]}}],"collection":[{"href":"https:\/\/wp.ufpel.edu.br\/cra\/wp-json\/wp\/v2\/pages"}],"about":[{"href":"https:\/\/wp.ufpel.edu.br\/cra\/wp-json\/wp\/v2\/types\/page"}],"author":[{"embeddable":true,"href":"https:\/\/wp.ufpel.edu.br\/cra\/wp-json\/wp\/v2\/users\/341"}],"replies":[{"embeddable":true,"href":"https:\/\/wp.ufpel.edu.br\/cra\/wp-json\/wp\/v2\/comments?post=460"}],"version-history":[{"count":3,"href":"https:\/\/wp.ufpel.edu.br\/cra\/wp-json\/wp\/v2\/pages\/460\/revisions"}],"predecessor-version":[{"id":12094,"href":"https:\/\/wp.ufpel.edu.br\/cra\/wp-json\/wp\/v2\/pages\/460\/revisions\/12094"}],"up":[{"embeddable":true,"href":"https:\/\/wp.ufpel.edu.br\/cra\/wp-json\/wp\/v2\/pages\/6277"}],"wp:attachment":[{"href":"https:\/\/wp.ufpel.edu.br\/cra\/wp-json\/wp\/v2\/media?parent=460"}],"curies":[{"name":"wp","href":"https:\/\/api.w.org\/{rel}","templated":true}]}}