{"id":4423,"date":"2021-06-11T11:24:58","date_gmt":"2021-06-11T14:24:58","guid":{"rendered":"https:\/\/wp.ufpel.edu.br\/cra\/?page_id=4423"},"modified":"2021-12-03T14:30:10","modified_gmt":"2021-12-03T17:30:10","slug":"quilombolas-e-indigenas-2021","status":"publish","type":"page","link":"https:\/\/wp.ufpel.edu.br\/cra\/editais\/editais-processo-seletivo-especial\/quilombolas-e-indigenas-2021\/","title":{"rendered":"Quilombolas e Ind\u00edgenas 2021"},"content":{"rendered":"<p style=\"text-align: center\"><strong>PROCESSO SELETIVO ESPECIAL 2021<\/strong><br \/>\n<strong>Comunidades Quilombolas e\u00a0 Povos Ind\u00edgenas<\/strong><\/p>\n<ul>\n<li>Edital de abertura: <a href=\"https:\/\/wp.ufpel.edu.br\/cra\/files\/2021\/06\/SEI_UFPel-1330368-Edital_09_2021.pdf\">Edital CRA N\u00ba 09\/2021<\/a>\u00a0\u2013 Comunidades Quilombolas.\n<ul>\n<li>Homologa\u00e7\u00e3o: <a href=\"https:\/\/wp.ufpel.edu.br\/cra\/files\/2021\/05\/Edital-CRA-No-092021-Lista-Preliminar-de-Homologados.pdf\">Edital CRA N\u00ba 09\/2021 \u2013 Lista Preliminar de Homologados<\/a><\/li>\n<\/ul>\n<\/li>\n<li>Edital de abertura: <a href=\"https:\/\/wp.ufpel.edu.br\/cra\/files\/2021\/06\/SEI_UFPel-1330396-Edital_10_2021.pdf\">Edital CRA N\u00ba 10\/2021<\/a> \u2013 Comunidades Ind\u00edgenas.\n<ul>\n<li>Homologa\u00e7\u00e3o:\u00a0<a href=\"https:\/\/wp.ufpel.edu.br\/cra\/files\/2021\/05\/Edital-CRA-No-102021-Lista-Preliminar-de-Homologados.pdf\">Edital CRA N\u00ba 10\/2021 \u2013 Lista Preliminar de Homologados<\/a><\/li>\n<\/ul>\n<\/li>\n<li>Orienta\u00e7\u00f5es: <a href=\"https:\/\/wp.ufpel.edu.br\/cra\/files\/2021\/07\/orientacoes.pdf\" target=\"_blank\" rel=\"noopener\">Processo Seletivo Especial para ingresso de Quilombolas e Ind\u00edgenas<\/a><\/li>\n<li>Hor\u00e1rio das bancas:\n<ul>\n<li>Comunidades Quilombolas: <a href=\"https:\/\/wp.ufpel.edu.br\/cra\/files\/2021\/07\/Banca-Quilombolas-1.pdf\">Banca Quilombolas<\/a><\/li>\n<li>Comunidades Ind\u00edgenas: <a href=\"https:\/\/wp.ufpel.edu.br\/cra\/files\/2021\/07\/Banca-Indigenas-2.pdf\">Banca Ind\u00edgenas<\/a>\n<ul>\n<li>Comunidades Ind\u00edgenas &#8211; Retifica\u00e7\u00e3o: <a href=\"https:\/\/wp.ufpel.edu.br\/cra\/files\/2021\/07\/Banca-Indigenas-RETIFICADO.pdf\">Banca Ind\u00edgenas (retificado)<\/a><\/li>\n<\/ul>\n<\/li>\n<\/ul>\n<\/li>\n<li>Notas:\n<ul>\n<li>Comunidades Quilombolas: <a href=\"https:\/\/wp.ufpel.edu.br\/cra\/files\/2021\/07\/Quilombolas-notas.pdf\">Quilombolas &#8211; notas<\/a><\/li>\n<li>Comunidades Ind\u00edgenas:\u00a0<a href=\"https:\/\/wp.ufpel.edu.br\/cra\/files\/2021\/05\/PSE-indigenas-nota.pdf\">Ind\u00edgenas &#8211; notas (retificado)<\/a><\/li>\n<\/ul>\n<\/li>\n<li>Resultado Final:\n<ul>\n<li>Comunidades Quilombolas: <a href=\"https:\/\/wp.ufpel.edu.br\/cra\/files\/2021\/05\/SEI_23110.016733_2021_57.pdf\">Edital CRA N\u00ba 09\/2021 \u2013 Resultado Final<\/a><\/li>\n<li>Comunidades Ind\u00edgenas: <a href=\"https:\/\/wp.ufpel.edu.br\/cra\/files\/2021\/05\/SEI_23110.017275_2021_73.pdf\">Edital CRA N\u00ba 10\/2021 \u2013 Resultado Final<\/a><\/li>\n<\/ul>\n<\/li>\n<\/ul>\n<hr \/>\n<ul>\n<li>Edital de Matr\u00edculas 2021\/1: <a href=\"https:\/\/wp.ufpel.edu.br\/cra\/files\/2021\/05\/SEI_23110.025101_2021_84.pdf\">Edital CRA N\u00ba 19\/2021<\/a><\/li>\n<li>Convoca\u00e7\u00f5es:\n<ul>\n<li><a href=\"https:\/\/wp.ufpel.edu.br\/cra\/files\/2021\/05\/Edital-CRA-No-192021-1a-Convocacao.pdf\">Edital CRA N\u00ba 19\/2021 \u2013 1\u00aa Convoca\u00e7\u00e3o<\/a><\/li>\n<li><a href=\"https:\/\/wp.ufpel.edu.br\/cra\/files\/2021\/05\/SEI_23110.025101_2021_84-1.pdf\">Edital CRA N\u00ba 19\/2021 \u2013 2\u00aa Convoca\u00e7\u00e3o<\/a><\/li>\n<\/ul>\n<\/li>\n<\/ul>\n<hr \/>\n<ul>\n<li>Edital de Matr\u00edculas 2021\/2: <a href=\"https:\/\/wp.ufpel.edu.br\/cra\/files\/2021\/05\/Edital-CRA-No-21-2021.pdf\">Edital CRA N\u00ba 21\/2021<\/a><\/li>\n<li>Convoca\u00e7\u00f5es:\n<ul>\n<li><a href=\"https:\/\/wp.ufpel.edu.br\/cra\/files\/2021\/11\/SEI_23110.030812_2021_71.pdf\">Edital CRA N\u00ba 21\/2021 \u2013 1\u00aa Convoca\u00e7\u00e3o<\/a><\/li>\n<li><a href=\"https:\/\/wp.ufpel.edu.br\/cra\/files\/2021\/05\/SEI_23110.030812_2021_71.pdf\">Edital CRA N\u00ba 21\/2021 \u2013 2\u00aa Convoca\u00e7\u00e3o<\/a><\/li>\n<\/ul>\n<\/li>\n<\/ul>\n","protected":false},"excerpt":{"rendered":"<p>PROCESSO SELETIVO ESPECIAL 2021 Comunidades Quilombolas e\u00a0 Povos Ind\u00edgenas Edital de abertura: Edital CRA N\u00ba 09\/2021\u00a0\u2013 Comunidades Quilombolas. Homologa\u00e7\u00e3o: Edital CRA N\u00ba 09\/2021 \u2013 Lista Preliminar de Homologados Edital de abertura: Edital CRA N\u00ba 10\/2021 \u2013 Comunidades Ind\u00edgenas. Homologa\u00e7\u00e3o:\u00a0Edital CRA N\u00ba 10\/2021 \u2013 Lista Preliminar de Homologados Orienta\u00e7\u00f5es: Processo Seletivo Especial para ingresso de Quilombolas [&hellip;]<\/p>\n","protected":false},"author":341,"featured_media":0,"parent":4037,"menu_order":0,"comment_status":"closed","ping_status":"closed","template":"","meta":{"advanced_seo_description":"","jetpack_seo_html_title":"","jetpack_seo_noindex":false,"jetpack_post_was_ever_published":false,"footnotes":""},"class_list":["post-4423","page","type-page","status-publish","hentry"],"jetpack_sharing_enabled":true,"jetpack_shortlink":"https:\/\/wp.me\/P70cyI-19l","jetpack-related-posts":[],"_links":{"self":[{"href":"https:\/\/wp.ufpel.edu.br\/cra\/wp-json\/wp\/v2\/pages\/4423","targetHints":{"allow":["GET"]}}],"collection":[{"href":"https:\/\/wp.ufpel.edu.br\/cra\/wp-json\/wp\/v2\/pages"}],"about":[{"href":"https:\/\/wp.ufpel.edu.br\/cra\/wp-json\/wp\/v2\/types\/page"}],"author":[{"embeddable":true,"href":"https:\/\/wp.ufpel.edu.br\/cra\/wp-json\/wp\/v2\/users\/341"}],"replies":[{"embeddable":true,"href":"https:\/\/wp.ufpel.edu.br\/cra\/wp-json\/wp\/v2\/comments?post=4423"}],"version-history":[{"count":25,"href":"https:\/\/wp.ufpel.edu.br\/cra\/wp-json\/wp\/v2\/pages\/4423\/revisions"}],"predecessor-version":[{"id":4913,"href":"https:\/\/wp.ufpel.edu.br\/cra\/wp-json\/wp\/v2\/pages\/4423\/revisions\/4913"}],"up":[{"embeddable":true,"href":"https:\/\/wp.ufpel.edu.br\/cra\/wp-json\/wp\/v2\/pages\/4037"}],"wp:attachment":[{"href":"https:\/\/wp.ufpel.edu.br\/cra\/wp-json\/wp\/v2\/media?parent=4423"}],"curies":[{"name":"wp","href":"https:\/\/api.w.org\/{rel}","templated":true}]}}