{"id":4399,"date":"2021-06-01T10:51:16","date_gmt":"2021-06-01T13:51:16","guid":{"rendered":"https:\/\/wp.ufpel.edu.br\/cra\/?page_id=4399"},"modified":"2025-08-22T14:11:17","modified_gmt":"2025-08-22T17:11:17","slug":"nota-do-enem","status":"publish","type":"page","link":"https:\/\/wp.ufpel.edu.br\/cra\/formas-de-ingresso\/nota-do-enem\/","title":{"rendered":"Nota do ENEM"},"content":{"rendered":"\n<p class=\"has-text-align-left has--font-size\">Voc\u00ea pode usar a sua nota do Exame Nacional do Ensino M\u00e9dio (ENEM) para ingressar na UFPel. Para isso,\u00a0s\u00e3o aceitas as<strong> <\/strong>notas dos<strong> \u00faltimos cinco anos <\/strong>do exame.<\/p>\n\n\n\n<h2 class=\"wp-block-heading\" style=\"font-size:16px\"><strong>Quando esta forma de ingresso \u00e9 utilizada?<\/strong><\/h2>\n\n\n\n<ul class=\"wp-block-list\">\n<li>Para preencher vagas que n\u00e3o foram ocupadas em outros processos seletivos, como o SISU ou PAVE.<\/li>\n\n\n\n<li>Para atender a situa\u00e7\u00f5es excepcionais, conforme defini\u00e7\u00e3o do Conselho Coordenador do Ensino, da Pesquisa e da Extens\u00e3o (COCEPE).<\/li>\n\n\n\n<li>Como uma alternativa de ingresso para os cursos da Universidade Aberta do Brasil (UAB).<\/li>\n<\/ul>\n\n\n\n<h2 class=\"wp-block-heading\" style=\"font-size:16px\"><strong>Reserva de Vagas (Cotas)<\/strong><\/h2>\n\n\n\n<p class=\"has-text-align-left has--font-size\">Este processo seletivo tamb\u00e9m segue a Lei de Cotas, garantindo a reserva de vagas para estudantes de escolas p\u00fablicas.<\/p>\n\n\n\n<h2 class=\"wp-block-heading\" style=\"font-size:16px\"><strong>Fique atento!<\/strong><\/h2>\n\n\n\n<p class=\"has-text-align-left has--font-size\">Todas as informa\u00e7\u00f5es, como datas, cursos dispon\u00edveis e documentos necess\u00e1rios, s\u00e3o publicadas no\u00a0edital de sele\u00e7\u00e3o. <\/p>\n\n\n\n<h3 class=\"wp-block-heading\" style=\"font-size:16px\"><a href=\"https:\/\/wp.ufpel.edu.br\/cra\/editais-processo-seletivo-simplificado\/\" data-type=\"link\" data-id=\"https:\/\/wp.ufpel.edu.br\/cra\/editais-processo-seletivo-simplificado\/\" target=\"_blank\" rel=\"noreferrer noopener\"><strong>Acesse a p\u00e1gina do Processo Seletivo pela Nota do ENEM<\/strong><\/a><\/h3>\n\n\n\n<h2 class=\"wp-block-heading has--font-size\" style=\"font-size:16px\"><strong>Base Legal<\/strong><\/h2>\n\n\n\n<ul class=\"wp-block-list\">\n<li><a href=\"http:\/\/www.planalto.gov.br\/ccivil_03\/_ato2011-2014\/2012\/lei\/l12711.htm\">Lei 12.711\/2012<\/a> <\/li>\n\n\n\n<li><a href=\"https:\/\/wp.ufpel.edu.br\/scs\/files\/2021\/06\/Resolucao-09.2021-COCEPE.pdf\">Resolu\u00e7\u00e3o COCEPE N\u00ba 09\/2021<\/a><\/li>\n<\/ul>\n\n\n\n<p><\/p>\n","protected":false},"excerpt":{"rendered":"<p>Voc\u00ea pode usar a sua nota do Exame Nacional do Ensino M\u00e9dio (ENEM) para ingressar na UFPel. Para isso,\u00a0s\u00e3o aceitas as notas dos \u00faltimos cinco anos do exame. Quando esta forma de ingresso \u00e9 utilizada? Reserva de Vagas (Cotas) Este processo seletivo tamb\u00e9m segue a Lei de Cotas, garantindo a reserva de vagas para estudantes [&hellip;]<\/p>\n","protected":false},"author":341,"featured_media":0,"parent":6202,"menu_order":0,"comment_status":"closed","ping_status":"closed","template":"","meta":{"advanced_seo_description":"A UFPel aceita notas do ENEM dos \u00faltimos 5 anos para ingresso em cursos de gradua\u00e7\u00e3o. Confira as regras e veja como funciona a sele\u00e7\u00e3o.","jetpack_seo_html_title":"Ingresso com a Nota do ENEM na UFPel","jetpack_seo_noindex":false,"jetpack_post_was_ever_published":false,"footnotes":""},"class_list":["post-4399","page","type-page","status-publish","hentry"],"jetpack_sharing_enabled":true,"jetpack_shortlink":"https:\/\/wp.me\/P70cyI-18X","jetpack-related-posts":[],"_links":{"self":[{"href":"https:\/\/wp.ufpel.edu.br\/cra\/wp-json\/wp\/v2\/pages\/4399","targetHints":{"allow":["GET"]}}],"collection":[{"href":"https:\/\/wp.ufpel.edu.br\/cra\/wp-json\/wp\/v2\/pages"}],"about":[{"href":"https:\/\/wp.ufpel.edu.br\/cra\/wp-json\/wp\/v2\/types\/page"}],"author":[{"embeddable":true,"href":"https:\/\/wp.ufpel.edu.br\/cra\/wp-json\/wp\/v2\/users\/341"}],"replies":[{"embeddable":true,"href":"https:\/\/wp.ufpel.edu.br\/cra\/wp-json\/wp\/v2\/comments?post=4399"}],"version-history":[{"count":3,"href":"https:\/\/wp.ufpel.edu.br\/cra\/wp-json\/wp\/v2\/pages\/4399\/revisions"}],"predecessor-version":[{"id":11865,"href":"https:\/\/wp.ufpel.edu.br\/cra\/wp-json\/wp\/v2\/pages\/4399\/revisions\/11865"}],"up":[{"embeddable":true,"href":"https:\/\/wp.ufpel.edu.br\/cra\/wp-json\/wp\/v2\/pages\/6202"}],"wp:attachment":[{"href":"https:\/\/wp.ufpel.edu.br\/cra\/wp-json\/wp\/v2\/media?parent=4399"}],"curies":[{"name":"wp","href":"https:\/\/api.w.org\/{rel}","templated":true}]}}