{"id":434,"date":"2016-01-05T11:27:11","date_gmt":"2016-01-05T13:27:11","guid":{"rendered":"https:\/\/wp.ufpel.edu.br\/cra\/?page_id=434"},"modified":"2025-09-22T08:46:40","modified_gmt":"2025-09-22T11:46:40","slug":"tempo-de-permanencia-no-curso-jubilamento","status":"publish","type":"page","link":"https:\/\/wp.ufpel.edu.br\/cra\/informacoes-academicas\/tempo-de-permanencia-no-curso-jubilamento\/","title":{"rendered":"Jubilamento"},"content":{"rendered":"\n<h2 class=\"wp-block-heading has-16-undefined-undefined-font-size\" style=\"font-size:16px\"><strong>O que \u00e9?<\/strong><\/h2>\n\n\n\n<p>Jubilamento \u00e9 o desligamento do estudante que atingiu o tempo m\u00e1ximo permitido para concluir seu curso de gradua\u00e7\u00e3o na UFPel.<\/p>\n\n\n\n<p>Todo curso possui um prazo m\u00e1ximo para ser finalizado. O tempo padr\u00e3o de cada curso est\u00e1 definido no Projeto Pedag\u00f3gico do Curso (PPC).<\/p>\n\n\n\n<h3 class=\"wp-block-heading\" style=\"font-size:16px\"><strong>Como \u00e9 calculado o tempo m\u00e1ximo de perman\u00eancia?<\/strong><\/h3>\n\n\n\n<p>O c\u00e1lculo \u00e9 baseado no tempo padr\u00e3o de dura\u00e7\u00e3o do curso, acrescido de dois ter\u00e7os (2\/3) desse tempo.<\/p>\n\n\n\n<h4 class=\"wp-block-heading\"><strong>Importante: Suspens\u00e3o da contagem durante a pandemia de COVID-19<\/strong><\/h4>\n\n\n\n<p>Devido \u00e0 situa\u00e7\u00e3o da pandemia, os seguintes semestres letivos\u00a0<strong>n\u00e3o s\u00e3o contados<\/strong>\u00a0para o jubilamento: <strong>2020\/1<\/strong>, <strong>2020\/2<\/strong>, <strong>2021\/1<\/strong>, <strong>2021\/2<\/strong>.<\/p>\n\n\n\n<h2 class=\"wp-block-heading has-16-undefined-undefined-font-size\" style=\"font-size:16px\"><strong>Base legal:<\/strong><\/h2>\n\n\n\n<ul class=\"wp-block-list\">\n<li><a title=\"Document (103 KB)\" href=\"http:\/\/ccs2.ufpel.edu.br\/wp\/wp-content\/uploads\/2020\/09\/Parecer-Normativo-no-20.2020-SEI_23110.023032_2020_93-1.pdf\">Parecer Normativo n\u00ba 20\/2020<\/a><\/li>\n\n\n\n<li><a title=\"Document (103 KB)\" href=\"https:\/\/wp.ufpel.edu.br\/pre\/files\/2020\/12\/Parecer-Normativo-26.pdf\">Parecer Normativo n\u00ba 26\/2020<\/a><\/li>\n\n\n\n<li><a href=\"https:\/\/wp.ufpel.edu.br\/scs\/files\/2021\/05\/Parecer-Normativo-no-49.pdf\">Parecer Normativo n\u00ba 49\/2021<\/a> <\/li>\n\n\n\n<li><a href=\"https:\/\/wp.ufpel.edu.br\/scs\/files\/2021\/12\/Parecer-Normativo-no-62.pdf\">Parecer Normativo n\u00ba 62\/2021<\/a> <\/li>\n<\/ul>\n","protected":false},"excerpt":{"rendered":"<p>O que \u00e9? Jubilamento \u00e9 o desligamento do estudante que atingiu o tempo m\u00e1ximo permitido para concluir seu curso de gradua\u00e7\u00e3o na UFPel. Todo curso possui um prazo m\u00e1ximo para ser finalizado. O tempo padr\u00e3o de cada curso est\u00e1 definido no Projeto Pedag\u00f3gico do Curso (PPC). Como \u00e9 calculado o tempo m\u00e1ximo de perman\u00eancia? O [&hellip;]<\/p>\n","protected":false},"author":341,"featured_media":0,"parent":6277,"menu_order":0,"comment_status":"closed","ping_status":"closed","template":"","meta":{"advanced_seo_description":"","jetpack_seo_html_title":"","jetpack_seo_noindex":false,"jetpack_post_was_ever_published":false,"footnotes":""},"class_list":["post-434","page","type-page","status-publish","hentry"],"jetpack_sharing_enabled":true,"jetpack_shortlink":"https:\/\/wp.me\/P70cyI-70","jetpack-related-posts":[],"_links":{"self":[{"href":"https:\/\/wp.ufpel.edu.br\/cra\/wp-json\/wp\/v2\/pages\/434","targetHints":{"allow":["GET"]}}],"collection":[{"href":"https:\/\/wp.ufpel.edu.br\/cra\/wp-json\/wp\/v2\/pages"}],"about":[{"href":"https:\/\/wp.ufpel.edu.br\/cra\/wp-json\/wp\/v2\/types\/page"}],"author":[{"embeddable":true,"href":"https:\/\/wp.ufpel.edu.br\/cra\/wp-json\/wp\/v2\/users\/341"}],"replies":[{"embeddable":true,"href":"https:\/\/wp.ufpel.edu.br\/cra\/wp-json\/wp\/v2\/comments?post=434"}],"version-history":[{"count":3,"href":"https:\/\/wp.ufpel.edu.br\/cra\/wp-json\/wp\/v2\/pages\/434\/revisions"}],"predecessor-version":[{"id":12092,"href":"https:\/\/wp.ufpel.edu.br\/cra\/wp-json\/wp\/v2\/pages\/434\/revisions\/12092"}],"up":[{"embeddable":true,"href":"https:\/\/wp.ufpel.edu.br\/cra\/wp-json\/wp\/v2\/pages\/6277"}],"wp:attachment":[{"href":"https:\/\/wp.ufpel.edu.br\/cra\/wp-json\/wp\/v2\/media?parent=434"}],"curies":[{"name":"wp","href":"https:\/\/api.w.org\/{rel}","templated":true}]}}