{"id":4130,"date":"2021-05-13T14:27:28","date_gmt":"2021-05-13T17:27:28","guid":{"rendered":"https:\/\/wp.ufpel.edu.br\/cra\/?page_id=4130"},"modified":"2021-05-13T14:36:37","modified_gmt":"2021-05-13T17:36:37","slug":"portador-uab-2020-2","status":"publish","type":"page","link":"https:\/\/wp.ufpel.edu.br\/cra\/editais\/editais-uab\/portador-uab-2020-2\/","title":{"rendered":"Portador UAB 2020\/2"},"content":{"rendered":"<p style=\"text-align: center\"><strong>PROCESSO SELETIVO COMPLEMENTAR UAB 2020\/2<\/strong><br \/>\n<strong>Portador de diploma &#8211; Simplificado<\/strong><\/p>\n<ul>\n<li>Edital de abertura: <a href=\"https:\/\/wp.ufpel.edu.br\/cra\/files\/2021\/04\/Edital-CRA-No-05-2021.pdf\">Edital CRA N\u00ba 05\/2021<\/a><\/li>\n<li>Resultado Preliminar: <a href=\"https:\/\/wp.ufpel.edu.br\/cra\/files\/2021\/04\/SEI_23110.010601_2021_11.pdf\">Edital CRA N\u00ba 05\/2021 &#8211; Resultado Preliminar<\/a><\/li>\n<li>Resultado Final: <a href=\"https:\/\/wp.ufpel.edu.br\/cra\/files\/2021\/05\/Edital-no-052021-Resultado-Final.pdf\">Edital CRA N\u00ba 05\/2021 &#8211; Resultado Final<\/a><\/li>\n<li>Resultado An\u00e1lise Socioecon\u00f4mica:\n<ul>\n<li><a href=\"https:\/\/wp.ufpel.edu.br\/prae\/coordenacao_de_ingresso_e_beneficios\/editais\/editais-2021\/editais-2021-1\/\">Resultados &#8211; An\u00e1lise Socioecon\u00f4mica<\/a><\/li>\n<\/ul>\n<\/li>\n<li>Resultado An\u00e1lise \u00e9tnico-racial:\n<ul>\n<li>Aguardando An\u00e1lise \u00e9tnico-racial<\/li>\n<\/ul>\n<\/li>\n<li>Resultado An\u00e1lise de Defici\u00eancia:\n<ul>\n<li>Sem ingressantes nas vagas reservadas a candidatos com defici\u00eancia.<\/li>\n<\/ul>\n<\/li>\n<\/ul>\n<hr \/>\n<p style=\"text-align: center\"><strong>PROCESSO SELETIVO COMPLEMENTAR UAB 2020\/2<\/strong><br \/>\n<strong>Portador de diploma &#8211; Simplificado<\/strong><\/p>\n<ul>\n<li>Edital de abertura: <a href=\"https:\/\/wp.ufpel.edu.br\/cra\/files\/2021\/02\/SEI_23110.002846_2021_75-1.pdf\">Edital CRA N\u00b0 01\/2021<\/a><\/li>\n<li>Resultado Preliminar: <a href=\"https:\/\/wp.ufpel.edu.br\/cra\/files\/2021\/03\/SEI_23110.002846_2021_75.pdf\">Edital CRA N\u00ba 01\/2021 &#8211; Resultado Preliminar<\/a><\/li>\n<li>Resultado Final: <a href=\"https:\/\/wp.ufpel.edu.br\/cra\/files\/2021\/03\/SEI_23110.002846_2021_75-1.pdf\">Edital CRA N\u00ba 01\/2021 &#8211; Resultado Final<\/a><\/li>\n<li>Convoca\u00e7\u00e3o de excedentes\n<ul>\n<li><a href=\"https:\/\/wp.ufpel.edu.br\/cra\/files\/2021\/03\/CONVOCACAO-No-001-2021-CRA.pdf\">Convoca\u00e7\u00e3o N\u00ba 001\/2021\/CRA<\/a><\/li>\n<li><a href=\"https:\/\/wp.ufpel.edu.br\/cra\/files\/2021\/03\/CONVOCACAO-No-002-2021-CRA.pdf\">Convoca\u00e7\u00e3o N\u00ba 002\/2021\/CRA<\/a><\/li>\n<li><a href=\"https:\/\/wp.ufpel.edu.br\/cra\/files\/2021\/03\/CONVOCACAO-No-003-2021-CRA-Retificado.pdf\">Convoca\u00e7\u00e3o N\u00ba 003\/2021\/CRA<\/a><\/li>\n<\/ul>\n<\/li>\n<li>Resultado An\u00e1lise Socioecon\u00f4mica:\n<ul>\n<li><a href=\"https:\/\/wp.ufpel.edu.br\/prae\/coordenacao_de_ingresso_e_beneficios\/editais\/editais-2020-2\/editais-2020-2\/\">Resultados &#8211; An\u00e1lise Socioecon\u00f4mica<\/a><\/li>\n<\/ul>\n<\/li>\n<li>Resultado An\u00e1lise \u00e9tnico-racial:\n<ul>\n<li>Aguardando An\u00e1lise \u00e9tnico-racial<\/li>\n<\/ul>\n<\/li>\n<li>Resultado An\u00e1lise de Defici\u00eancia:\n<ul>\n<li>Sem ingressantes nas vagas reservadas a candidatos com defici\u00eancia.<\/li>\n<\/ul>\n<\/li>\n<\/ul>\n<hr \/>\n<p style=\"text-align: center\"><strong>PROCESSO SELETIVO COMPLEMENTAR UAB 2020\/2<\/strong><br \/>\n<strong>Portador de diploma &#8211; Simplificado<\/strong><\/p>\n<ul>\n<li>Edital de abertura: <a href=\"https:\/\/wp.ufpel.edu.br\/cra\/files\/2020\/11\/SEI_23110.031493_2020_30.pdf\">Edital CRA N\u00b0 12\/2020<\/a><\/li>\n<li>Resultado Preliminar: <a href=\"https:\/\/wp.ufpel.edu.br\/cra\/files\/2020\/12\/SEI_23110.031493_2020_30a.pdf\">Edital CRA N\u00ba 12\/2020 &#8211; Resultado Preliminar<\/a><\/li>\n<li>Resultado Final: <a href=\"https:\/\/wp.ufpel.edu.br\/cra\/files\/2020\/12\/SEI_23110.031493_2020_30-1.pdf\">Edital CRA N\u00ba 12\/2020 &#8211; Resultado Final<\/a><\/li>\n<li>Convoca\u00e7\u00e3o de excedentes\n<ul>\n<li><a href=\"https:\/\/wp.ufpel.edu.br\/cra\/files\/2021\/01\/CONVOCACAO-No-001-2021-CRA.pdf\">Convoca\u00e7\u00e3o N\u00ba 001\/2021\/CRA<\/a><\/li>\n<li><a href=\"https:\/\/wp.ufpel.edu.br\/cra\/files\/2021\/02\/Convocacao-no-002-2021CRA.pdf\">Convoca\u00e7\u00e3o N\u00ba 002\/2021\/CRA<\/a><\/li>\n<li><a href=\"https:\/\/wp.ufpel.edu.br\/cra\/files\/2021\/03\/CONVOCACAO-No-003-2021-CRA.pdf\">Convoca\u00e7\u00e3o N\u00ba 003\/2021\/CRA<\/a><\/li>\n<li><a href=\"https:\/\/wp.ufpel.edu.br\/cra\/files\/2021\/03\/CONVOCACAO-No-004-2021-CRA.pdf\">Convoca\u00e7\u00e3o N\u00ba 004\/2021\/CRA<\/a><\/li>\n<\/ul>\n<\/li>\n<li>Resultado An\u00e1lise Socioecon\u00f4mica:\n<ul>\n<li><a href=\"https:\/\/wp.ufpel.edu.br\/prae\/coordenacao_de_ingresso_e_beneficios\/editais\/editais-2020-2\/editais-2020-2\/\">Resultados &#8211; An\u00e1lise Socioecon\u00f4mica<\/a><\/li>\n<\/ul>\n<\/li>\n<li>Resultado An\u00e1lise \u00e9tnico-racial:\n<ul>\n<li>Aguardando An\u00e1lise \u00e9tnico-racial<\/li>\n<\/ul>\n<\/li>\n<li>Resultado An\u00e1lise de Defici\u00eancia:\n<ul>\n<li>Sem ingressantes nas vagas reservadas a candidatos com defici\u00eancia.<\/li>\n<\/ul>\n<\/li>\n<\/ul>\n","protected":false},"excerpt":{"rendered":"<p>PROCESSO SELETIVO COMPLEMENTAR UAB 2020\/2 Portador de diploma &#8211; Simplificado Edital de abertura: Edital CRA N\u00ba 05\/2021 Resultado Preliminar: Edital CRA N\u00ba 05\/2021 &#8211; Resultado Preliminar Resultado Final: Edital CRA N\u00ba 05\/2021 &#8211; Resultado Final Resultado An\u00e1lise Socioecon\u00f4mica: Resultados &#8211; An\u00e1lise Socioecon\u00f4mica Resultado An\u00e1lise \u00e9tnico-racial: Aguardando An\u00e1lise \u00e9tnico-racial Resultado An\u00e1lise de Defici\u00eancia: Sem ingressantes nas [&hellip;]<\/p>\n","protected":false},"author":743,"featured_media":0,"parent":4094,"menu_order":0,"comment_status":"closed","ping_status":"closed","template":"","meta":{"advanced_seo_description":"","jetpack_seo_html_title":"","jetpack_seo_noindex":false,"jetpack_post_was_ever_published":false,"footnotes":""},"class_list":["post-4130","page","type-page","status-publish","hentry"],"jetpack_sharing_enabled":true,"jetpack_shortlink":"https:\/\/wp.me\/P70cyI-14C","jetpack-related-posts":[],"_links":{"self":[{"href":"https:\/\/wp.ufpel.edu.br\/cra\/wp-json\/wp\/v2\/pages\/4130","targetHints":{"allow":["GET"]}}],"collection":[{"href":"https:\/\/wp.ufpel.edu.br\/cra\/wp-json\/wp\/v2\/pages"}],"about":[{"href":"https:\/\/wp.ufpel.edu.br\/cra\/wp-json\/wp\/v2\/types\/page"}],"author":[{"embeddable":true,"href":"https:\/\/wp.ufpel.edu.br\/cra\/wp-json\/wp\/v2\/users\/743"}],"replies":[{"embeddable":true,"href":"https:\/\/wp.ufpel.edu.br\/cra\/wp-json\/wp\/v2\/comments?post=4130"}],"version-history":[{"count":4,"href":"https:\/\/wp.ufpel.edu.br\/cra\/wp-json\/wp\/v2\/pages\/4130\/revisions"}],"predecessor-version":[{"id":4135,"href":"https:\/\/wp.ufpel.edu.br\/cra\/wp-json\/wp\/v2\/pages\/4130\/revisions\/4135"}],"up":[{"embeddable":true,"href":"https:\/\/wp.ufpel.edu.br\/cra\/wp-json\/wp\/v2\/pages\/4094"}],"wp:attachment":[{"href":"https:\/\/wp.ufpel.edu.br\/cra\/wp-json\/wp\/v2\/media?parent=4130"}],"curies":[{"name":"wp","href":"https:\/\/api.w.org\/{rel}","templated":true}]}}