{"id":4098,"date":"2021-05-13T12:11:37","date_gmt":"2021-05-13T15:11:37","guid":{"rendered":"https:\/\/wp.ufpel.edu.br\/cra\/?page_id=4098"},"modified":"2021-05-13T12:11:37","modified_gmt":"2021-05-13T15:11:37","slug":"vestibular-uab-2020-2","status":"publish","type":"page","link":"https:\/\/wp.ufpel.edu.br\/cra\/editais\/editais-uab\/vestibular-uab-2020-2\/","title":{"rendered":"Vestibular UAB 2020\/2"},"content":{"rendered":"<p style=\"text-align: center\"><strong>VESTIBULAR UAB 2020\/2<\/strong><\/p>\n<ul>\n<li>Edital de abertura: <a href=\"http:\/\/ces.ufpel.edu.br\/vestibular\/vested0014_2020\/\">Edital COODEC N\u00ba 14\/2020<\/a><\/li>\n<li>Edital de matr\u00edcula: <a href=\"https:\/\/wp.ufpel.edu.br\/cra\/files\/2020\/12\/SEI_23110.023283_2020_78b.pdf\">Edital CRA n\u00ba 13\/2020<\/a>\n<ul>\n<li>Lista dos aprovados:\u00a0<a href=\"http:\/\/ces.ufpel.edu.br\/vestibular\/vested0014_2020\/download\/2020\/resultadouab2020.pdf\">Edital CRA N\u00ba 13\/2020 &#8211; Lista dos aprovados<\/a><\/li>\n<li>Lista de espera &#8211; geral: <a href=\"https:\/\/wp.ufpel.edu.br\/cra\/files\/2021\/01\/lista_espera_ac_uab.pdf\">Edital CRA n\u00ba 13\/2020 &#8211; Lista de espera &#8211; Geral<\/a><\/li>\n<li>Lista de espera &#8211; cotas: <a href=\"https:\/\/wp.ufpel.edu.br\/cra\/files\/2021\/01\/lista_espera_cotas_uab.pdf\">Edital CRA n\u00ba 13\/2020 &#8211; Lista de espera &#8211; Cotas<\/a><\/li>\n<\/ul>\n<\/li>\n<li>Convoca\u00e7\u00e3o de excedentes\n<ul>\n<li><a href=\"https:\/\/wp.ufpel.edu.br\/cra\/files\/2021\/01\/Convocacao_VESTIBULAR-UAB-2020_2-Primeira-convocacao.pdf\">1\u00aa convoca\u00e7\u00e3o<\/a><\/li>\n<li><a href=\"https:\/\/wp.ufpel.edu.br\/cra\/files\/2021\/01\/Convocacao_VESTIBULAR-UAB-2020_2-Segunda-convocacao.pdf\">2\u00aa convoca\u00e7\u00e3o<\/a><\/li>\n<li><a href=\"https:\/\/wp.ufpel.edu.br\/cra\/files\/2021\/02\/Convocacao_VESTIBULAR-UAB-2020_2-Terceira-convocacao.pdf\">3\u00aa convoca\u00e7\u00e3o<\/a><\/li>\n<li><a href=\"https:\/\/wp.ufpel.edu.br\/cra\/files\/2021\/03\/Convocacao_VESTIBULAR-UAB-2020_2-Quarta-convocacao.pdf\">4\u00aa convoca\u00e7\u00e3o<\/a><\/li>\n<li><a href=\"https:\/\/wp.ufpel.edu.br\/cra\/files\/2021\/03\/Convocacao_VESTIBULAR-UAB-2020_2-5a-convocacao.pdf\">5\u00aa convoca\u00e7\u00e3o<\/a><\/li>\n<li><a href=\"https:\/\/wp.ufpel.edu.br\/cra\/files\/2021\/03\/Convocacao_VESTIBULAR-UAB-2020_2-6a-convocacao.pdf\">6\u00aa convoca\u00e7\u00e3o<\/a><\/li>\n<\/ul>\n<\/li>\n<li>Resultado An\u00e1lise Socioecon\u00f4mica:\n<ul>\n<li><a href=\"https:\/\/wp.ufpel.edu.br\/prae\/coordenacao_de_ingresso_e_beneficios\/editais\/editais-2020-2\/editais-2020-2\/\">Resultados \u2013 An\u00e1lise Socioecon\u00f4mica<\/a><\/li>\n<\/ul>\n<\/li>\n<li>Resultado An\u00e1lise \u00e9tnico-racial:\n<ul>\n<li>Aguardando avalia\u00e7\u00e3o \u00e9tnico-racial<\/li>\n<\/ul>\n<\/li>\n<li>Resultado An\u00e1lise de Defici\u00eancia:\n<ul>\n<li>Chamada regular:<\/li>\n<li><a href=\"https:\/\/wp.ufpel.edu.br\/cra\/files\/2021\/01\/relatorio_parecer_cotas_Definitivo-3.pdf\">Relat\u00f3rio Definitivo &#8211; An\u00e1lise de Defici\u00eancia (Retificado)<\/a><\/li>\n<li>1\u00aa convoca\u00e7\u00e3o:<\/li>\n<li><a href=\"https:\/\/wp.ufpel.edu.br\/cra\/files\/2021\/02\/relatorio_parecer_cotas_Preliminar-7.pdf\">Relat\u00f3rio_Preliminar &#8211; An\u00e1lise de Defici\u00eancia<\/a><\/li>\n<li><a href=\"https:\/\/wp.ufpel.edu.br\/cra\/files\/2021\/02\/relatorio_parecer_cotas_Definitivo-5.pdf\">Relat\u00f3rio Definitivo &#8211; An\u00e1lise de Defici\u00eancia<\/a><\/li>\n<\/ul>\n<\/li>\n<\/ul>\n","protected":false},"excerpt":{"rendered":"<p>VESTIBULAR UAB 2020\/2 Edital de abertura: Edital COODEC N\u00ba 14\/2020 Edital de matr\u00edcula: Edital CRA n\u00ba 13\/2020 Lista dos aprovados:\u00a0Edital CRA N\u00ba 13\/2020 &#8211; Lista dos aprovados Lista de espera &#8211; geral: Edital CRA n\u00ba 13\/2020 &#8211; Lista de espera &#8211; Geral Lista de espera &#8211; cotas: Edital CRA n\u00ba 13\/2020 &#8211; Lista de espera [&hellip;]<\/p>\n","protected":false},"author":743,"featured_media":0,"parent":4094,"menu_order":0,"comment_status":"closed","ping_status":"closed","template":"","meta":{"advanced_seo_description":"","jetpack_seo_html_title":"","jetpack_seo_noindex":false,"jetpack_post_was_ever_published":false,"footnotes":""},"class_list":["post-4098","page","type-page","status-publish","hentry"],"jetpack_sharing_enabled":true,"jetpack_shortlink":"https:\/\/wp.me\/P70cyI-146","jetpack-related-posts":[],"_links":{"self":[{"href":"https:\/\/wp.ufpel.edu.br\/cra\/wp-json\/wp\/v2\/pages\/4098","targetHints":{"allow":["GET"]}}],"collection":[{"href":"https:\/\/wp.ufpel.edu.br\/cra\/wp-json\/wp\/v2\/pages"}],"about":[{"href":"https:\/\/wp.ufpel.edu.br\/cra\/wp-json\/wp\/v2\/types\/page"}],"author":[{"embeddable":true,"href":"https:\/\/wp.ufpel.edu.br\/cra\/wp-json\/wp\/v2\/users\/743"}],"replies":[{"embeddable":true,"href":"https:\/\/wp.ufpel.edu.br\/cra\/wp-json\/wp\/v2\/comments?post=4098"}],"version-history":[{"count":1,"href":"https:\/\/wp.ufpel.edu.br\/cra\/wp-json\/wp\/v2\/pages\/4098\/revisions"}],"predecessor-version":[{"id":4100,"href":"https:\/\/wp.ufpel.edu.br\/cra\/wp-json\/wp\/v2\/pages\/4098\/revisions\/4100"}],"up":[{"embeddable":true,"href":"https:\/\/wp.ufpel.edu.br\/cra\/wp-json\/wp\/v2\/pages\/4094"}],"wp:attachment":[{"href":"https:\/\/wp.ufpel.edu.br\/cra\/wp-json\/wp\/v2\/media?parent=4098"}],"curies":[{"name":"wp","href":"https:\/\/api.w.org\/{rel}","templated":true}]}}