{"id":4085,"date":"2021-05-12T10:07:50","date_gmt":"2021-05-12T13:07:50","guid":{"rendered":"https:\/\/wp.ufpel.edu.br\/cra\/?page_id=4085"},"modified":"2022-11-16T07:55:24","modified_gmt":"2022-11-16T10:55:24","slug":"medicina-veterinaria-pefrhec-2018-2","status":"publish","type":"page","link":"https:\/\/wp.ufpel.edu.br\/cra\/editais\/editais-processo-seletivo-especial\/medicina-veterinaria-pefrhec-2018-2\/","title":{"rendered":"Medicina Veterin\u00e1ria &#8211; PRONERA &#8211; 2018\/2"},"content":{"rendered":"<p style=\"text-align: center\"><strong>PROCESSO SELETIVO ESPECIAL 2018\/2<\/strong><br \/>\n<strong>Programa Especial de Forma\u00e7\u00e3o de Recursos Humanos e Educa\u00e7\u00e3o do Campo (PEFRHEC)<\/strong><br \/>\n<strong>Turma Especial de Medicina Veterin\u00e1ria<\/strong><\/p>\n<ul>\n<li>Edital de abertura: \u00a0<a href=\"http:\/\/ces.ufpel.edu.br\/vestibular\/vested0011_2018\/\">Edital COODEC N\u00ba 11\/2018<\/a><\/li>\n<li>Edital de matr\u00edcula:\u00a0<a href=\"https:\/\/wp.ufpel.edu.br\/cra\/files\/2018\/08\/SEI_23110.034768_2018_72.pdf\">Edital CRA N\u00b0 17\/2018<\/a>\n<ul>\n<li>Retifica\u00e7\u00e3o: <a href=\"https:\/\/wp.ufpel.edu.br\/cra\/files\/2018\/08\/SEI_23110.034768_2018_72_Retifica\u00e7\u00e3o.pdf\">Edital_CRA N\u00ba 17\/2018 &#8211; Retifica\u00e7\u00e3o<\/a><\/li>\n<\/ul>\n<\/li>\n<li>Convoca\u00e7\u00e3o de excedentes:\n<ul>\n<li><a href=\"https:\/\/wp.ufpel.edu.br\/cra\/files\/2018\/08\/SEI_23110.034768_2018_72-1.pdf\">Convoca\u00e7\u00e3o CRA N\u00ba 01\/2018<\/a><\/li>\n<\/ul>\n<\/li>\n<\/ul>\n","protected":false},"excerpt":{"rendered":"<p>PROCESSO SELETIVO ESPECIAL 2018\/2 Programa Especial de Forma\u00e7\u00e3o de Recursos Humanos e Educa\u00e7\u00e3o do Campo (PEFRHEC) Turma Especial de Medicina Veterin\u00e1ria Edital de abertura: \u00a0Edital COODEC N\u00ba 11\/2018 Edital de matr\u00edcula:\u00a0Edital CRA N\u00b0 17\/2018 Retifica\u00e7\u00e3o: Edital_CRA N\u00ba 17\/2018 &#8211; Retifica\u00e7\u00e3o Convoca\u00e7\u00e3o de excedentes: Convoca\u00e7\u00e3o CRA N\u00ba 01\/2018<\/p>\n","protected":false},"author":743,"featured_media":0,"parent":4037,"menu_order":0,"comment_status":"closed","ping_status":"closed","template":"","meta":{"advanced_seo_description":"","jetpack_seo_html_title":"","jetpack_seo_noindex":false,"jetpack_post_was_ever_published":false,"footnotes":""},"class_list":["post-4085","page","type-page","status-publish","hentry"],"jetpack_sharing_enabled":true,"jetpack_shortlink":"https:\/\/wp.me\/P70cyI-13T","jetpack-related-posts":[],"_links":{"self":[{"href":"https:\/\/wp.ufpel.edu.br\/cra\/wp-json\/wp\/v2\/pages\/4085","targetHints":{"allow":["GET"]}}],"collection":[{"href":"https:\/\/wp.ufpel.edu.br\/cra\/wp-json\/wp\/v2\/pages"}],"about":[{"href":"https:\/\/wp.ufpel.edu.br\/cra\/wp-json\/wp\/v2\/types\/page"}],"author":[{"embeddable":true,"href":"https:\/\/wp.ufpel.edu.br\/cra\/wp-json\/wp\/v2\/users\/743"}],"replies":[{"embeddable":true,"href":"https:\/\/wp.ufpel.edu.br\/cra\/wp-json\/wp\/v2\/comments?post=4085"}],"version-history":[{"count":2,"href":"https:\/\/wp.ufpel.edu.br\/cra\/wp-json\/wp\/v2\/pages\/4085\/revisions"}],"predecessor-version":[{"id":6406,"href":"https:\/\/wp.ufpel.edu.br\/cra\/wp-json\/wp\/v2\/pages\/4085\/revisions\/6406"}],"up":[{"embeddable":true,"href":"https:\/\/wp.ufpel.edu.br\/cra\/wp-json\/wp\/v2\/pages\/4037"}],"wp:attachment":[{"href":"https:\/\/wp.ufpel.edu.br\/cra\/wp-json\/wp\/v2\/media?parent=4085"}],"curies":[{"name":"wp","href":"https:\/\/api.w.org\/{rel}","templated":true}]}}